{"id":11199,"date":"2018-09-27T10:32:58","date_gmt":"2018-09-27T08:32:58","guid":{"rendered":"http:\/\/culturesconnection.com\/?page_id=11199"},"modified":"2022-06-19T00:21:04","modified_gmt":"2022-06-18T22:21:04","slug":"traduccion-medica-de-neerlandes","status":"publish","type":"page","link":"https:\/\/culturesconnection.com\/es\/servicios-de-traduccion-de-neerlandes\/traduccion-medica-de-neerlandes\/","title":{"rendered":"Traducci\u00f3n m\u00e9dica de neerland\u00e9s"},"content":{"rendered":"\n<h2 class=\"wp-block-heading\">Especialistas en traducci\u00f3n m\u00e9dica espa\u00f1ol-neerland\u00e9s a su servicio<\/h2>\n\n\n\n<p>La internacionalizaci\u00f3n de los conocimientos m\u00e9dicos se encuentra en auge. Es necesario traducir recursos, t\u00e9cnicas y procedimientos para que el mundo entero tenga acceso a los mismos. La traducci\u00f3n m\u00e9dica es un \u00e1mbito especializado en el que no hay cabida para el error. La traducci\u00f3n debe ser todo lo precisa y rigurosa posible. Un error puede acarrear dram\u00e1ticas consecuencias y, por ello, es esencial que la traducci\u00f3n de documentos t\u00e9cnicos sea realizada por profesionales expertos en el \u00e1rea relacionada con el texto.<\/p>\n\n\n\n<h2 class=\"wp-block-heading\">\u00bfBusca una agencia de traducci\u00f3n m\u00e9dica?<\/h2>\n\n\n\n<p>La medicina cuenta con muchas \u00e1reas de especializaci\u00f3n. <a href=\"https:\/\/culturesconnection.com\/es\/\">Cultures Connection<\/a> trabaja con traductores profesionales especializados en medicina general, neurolog\u00eda, psiquiatr\u00eda, reumatolog\u00eda, urolog\u00eda, y muchos m\u00e1s. Adem\u00e1s de conocimientos t\u00e9cnicos, tambi\u00e9n ofrecen conocimientos ling\u00fc\u00edsticos de gran calidad. Controlan a la perfecci\u00f3n la terminolog\u00eda del \u00e1rea pertinente en espa\u00f1ol y en neerland\u00e9s y cuentan con muchos a\u00f1os de experiencia. Nuestra agencia de traducci\u00f3n puede traducir sus documentos m\u00e9dicos al neerland\u00e9s con exactitud y fidelidad. No busque m\u00e1s <a href=\"https:\/\/culturesconnection.com\/es\/servicios-de-traduccion\/\">servicios de traducci\u00f3n<\/a>, escoja Cultures Connection.<\/p>\n\n\n\n<h2 class=\"wp-block-heading\">Traducci\u00f3n de documentos m\u00e9dicos de neerland\u00e9s<\/h2>\n\n\n\n<p>A continuaci\u00f3n, encontrar\u00e1 varios ejemplos de <a href=\"https:\/\/culturesconnection.com\/es\/traduccion-medica\/\">documentos m\u00e9dicos<\/a> que nos han confiado con anterioridad:<\/p>\n\n\n\n<ul class=\"wp-block-list\"><li>Revistas<\/li><li>Informes de conferencia<\/li><li>Publicaciones<\/li><li>Proyectos e informes de investigaci\u00f3n<\/li><li>Resultados de estudios y estado de nuevas investigaciones<\/li><li>Obras de divulgaci\u00f3n<\/li><li>Informes de ensayos<\/li><li>Cuestionarios<\/li><li>Folletos<\/li><li>Posolog\u00eda de nuevos productos<\/li><li>Resultados de ensayos cl\u00ednicos<\/li><li>Reglamentaci\u00f3n farmac\u00e9utica<\/li><li>Informes de evaluaci\u00f3n m\u00e9dica<\/li><\/ul>\n","protected":false},"excerpt":{"rendered":"<p>Especialistas en traducci\u00f3n m\u00e9dica espa\u00f1ol-neerland\u00e9s a su servicio La internacionalizaci\u00f3n de los conocimientos m\u00e9dicos se encuentra en auge. Es necesario traducir recursos, t\u00e9cnicas y procedimientos [&#8230;]<\/p>\n<p><a class=\"btn btn-secondary understrap-read-more-link\" href=\"https:\/\/culturesconnection.com\/es\/servicios-de-traduccion-de-neerlandes\/traduccion-medica-de-neerlandes\/\">Leer m\u00e1s&#8230;<span class=\"screen-reader-text\"> from Traducci\u00f3n m\u00e9dica de neerland\u00e9s<\/span><\/a><\/p>\n","protected":false},"author":22,"featured_media":24337,"parent":11203,"menu_order":0,"comment_status":"closed","ping_status":"closed","template":"","meta":{"_acf_changed":false,"_editorskit_title_hidden":false,"_editorskit_reading_time":0,"_editorskit_is_block_options_detached":false,"_editorskit_block_options_position":"{}","footnotes":""},"class_list":["post-11199","page","type-page","status-publish","has-post-thumbnail","hentry"],"acf":[],"_links":{"self":[{"href":"https:\/\/culturesconnection.com\/es\/wp-json\/wp\/v2\/pages\/11199","targetHints":{"allow":["GET"]}}],"collection":[{"href":"https:\/\/culturesconnection.com\/es\/wp-json\/wp\/v2\/pages"}],"about":[{"href":"https:\/\/culturesconnection.com\/es\/wp-json\/wp\/v2\/types\/page"}],"author":[{"embeddable":true,"href":"https:\/\/culturesconnection.com\/es\/wp-json\/wp\/v2\/users\/22"}],"replies":[{"embeddable":true,"href":"https:\/\/culturesconnection.com\/es\/wp-json\/wp\/v2\/comments?post=11199"}],"version-history":[{"count":0,"href":"https:\/\/culturesconnection.com\/es\/wp-json\/wp\/v2\/pages\/11199\/revisions"}],"up":[{"embeddable":true,"href":"https:\/\/culturesconnection.com\/es\/wp-json\/wp\/v2\/pages\/11203"}],"wp:featuredmedia":[{"embeddable":true,"href":"https:\/\/culturesconnection.com\/es\/wp-json\/wp\/v2\/media\/24337"}],"wp:attachment":[{"href":"https:\/\/culturesconnection.com\/es\/wp-json\/wp\/v2\/media?parent=11199"}],"curies":[{"name":"wp","href":"https:\/\/api.w.org\/{rel}","templated":true}]}}