{"id":11197,"date":"2018-09-27T10:50:10","date_gmt":"2018-09-27T08:50:10","guid":{"rendered":"http:\/\/culturesconnection.com\/?page_id=11197"},"modified":"2022-06-19T04:05:47","modified_gmt":"2022-06-19T02:05:47","slug":"traduccion-juridica-de-neerlandes","status":"publish","type":"page","link":"https:\/\/culturesconnection.com\/es\/servicios-de-traduccion-de-neerlandes\/traduccion-juridica-de-neerlandes\/","title":{"rendered":"Traducci\u00f3n jur\u00eddica de neerland\u00e9s"},"content":{"rendered":"\n<h2 class=\"wp-block-heading\">Un trabajo realizado por especialistas de la traducci\u00f3n jur\u00eddica espa\u00f1ol-neerland\u00e9s<\/h2>\n\n\n\n<p>La traducci\u00f3n jur\u00eddica dista mucho de ser un trabajo simple, ya que requiere muchas habilidades. Los conceptos var\u00edan seg\u00fan los pa\u00edses y jurisdicciones. Y los t\u00e9rminos tambi\u00e9n var\u00edan de una lengua a otra y, en algunos casos, no existen ni siquiera equivalentes. Los errores de traducci\u00f3n en este campo pueden resultar muy problem\u00e1ticos para una empresa, especialmente en el \u00e1mbito legal empresarial. Esta es la raz\u00f3n por la cual es necesario ser preciso ling\u00fc\u00edsticamente. Nuestros traductores jur\u00eddicos son plenamente conscientes de los problemas legales existentes en el texto de origen y en el texto meta.<\/p>\n\n\n\n<h2 class=\"wp-block-heading\">Nuestra agencia de traducci\u00f3n jur\u00eddica<\/h2>\n\n\n\n<p><a href=\"https:\/\/culturesconnection.com\/es\/\">Cultures Connection<\/a> combina fidelidad, exactitud y entrega dentro del plazo establecido. Si escoge nuestra agencia de traducci\u00f3n para sus traducciones jur\u00eddicas, estar\u00e1 haciendo la elecci\u00f3n correcta. Contamos con una amplia experiencia en este campo y traducimos un gran abanico de documentos legales hacia el neerland\u00e9s. Mantenemos unos altos niveles de calidad. Nuestro equipo de traductores profesionales y revisores especializados en la traducci\u00f3n jur\u00eddica se ocupar\u00e1 de todos los proyectos que nos conf\u00ede. La lengua espa\u00f1ola y la neerlandesa no tienen ning\u00fan secreto para ellos, puesto que conocen todas sus sutilezas. Adem\u00e1s, est\u00e1n especializados en este \u00e1rea porque han sido abogados, asesores legales, etc. o porque tienen diplomas relacionados con la misma. El precio de este tipo de servicio es diferente al de un <a href=\"https:\/\/culturesconnection.com\/es\/servicios-de-traduccion\/\">servicio de traducci\u00f3n<\/a> regular; no todos los traductores pueden ser traductores jur\u00eddicos, por ello son servicios que cuestan un poco m\u00e1s que los de traducci\u00f3n general.<\/p>\n\n\n\n<h2 class=\"wp-block-heading\">Traducci\u00f3n de documentos jur\u00eddicos de neerland\u00e9s<\/h2>\n\n\n\n<p>A continuaci\u00f3n, encontrar\u00e1 varios ejemplos de <a href=\"https:\/\/culturesconnection.com\/es\/traduccion-juridica\/\">traducciones jur\u00eddicas<\/a> en las que nuestra ha agencia ha trabajado anteriormente:<\/p>\n\n\n\n<ul class=\"wp-block-list\"><li>Contratos de distribuci\u00f3n, de venta y de trabajo<\/li><li>Presentaci\u00f3n de denuncias<\/li><li>Procedimientos judiciales<\/li><li>T\u00e9rminos y condiciones<\/li><li>Informes periciales<\/li><li>Normativas<\/li><li>Documentos de tramitaci\u00f3n hereditaria<\/li><li>Demandas de divorcio<\/li><li>Cl\u00e1usulas de no competencia y acuerdos de confidencialidad<\/li><li>Cartas de intenci\u00f3n<\/li><li>Poderes<\/li><li>Levantamientos judiciales<\/li><li>Estatutos de sociedad<\/li><\/ul>\n","protected":false},"excerpt":{"rendered":"<p>Un trabajo realizado por especialistas de la traducci\u00f3n jur\u00eddica espa\u00f1ol-neerland\u00e9s La traducci\u00f3n jur\u00eddica dista mucho de ser un trabajo simple, ya que requiere muchas habilidades. [&#8230;]<\/p>\n<p><a class=\"btn btn-secondary understrap-read-more-link\" href=\"https:\/\/culturesconnection.com\/es\/servicios-de-traduccion-de-neerlandes\/traduccion-juridica-de-neerlandes\/\">Leer m\u00e1s&#8230;<span class=\"screen-reader-text\"> from Traducci\u00f3n jur\u00eddica de neerland\u00e9s<\/span><\/a><\/p>\n","protected":false},"author":22,"featured_media":24337,"parent":11203,"menu_order":0,"comment_status":"closed","ping_status":"closed","template":"","meta":{"_acf_changed":false,"_editorskit_title_hidden":false,"_editorskit_reading_time":0,"_editorskit_is_block_options_detached":false,"_editorskit_block_options_position":"{}","footnotes":""},"class_list":["post-11197","page","type-page","status-publish","has-post-thumbnail","hentry"],"acf":[],"_links":{"self":[{"href":"https:\/\/culturesconnection.com\/es\/wp-json\/wp\/v2\/pages\/11197","targetHints":{"allow":["GET"]}}],"collection":[{"href":"https:\/\/culturesconnection.com\/es\/wp-json\/wp\/v2\/pages"}],"about":[{"href":"https:\/\/culturesconnection.com\/es\/wp-json\/wp\/v2\/types\/page"}],"author":[{"embeddable":true,"href":"https:\/\/culturesconnection.com\/es\/wp-json\/wp\/v2\/users\/22"}],"replies":[{"embeddable":true,"href":"https:\/\/culturesconnection.com\/es\/wp-json\/wp\/v2\/comments?post=11197"}],"version-history":[{"count":0,"href":"https:\/\/culturesconnection.com\/es\/wp-json\/wp\/v2\/pages\/11197\/revisions"}],"up":[{"embeddable":true,"href":"https:\/\/culturesconnection.com\/es\/wp-json\/wp\/v2\/pages\/11203"}],"wp:featuredmedia":[{"embeddable":true,"href":"https:\/\/culturesconnection.com\/es\/wp-json\/wp\/v2\/media\/24337"}],"wp:attachment":[{"href":"https:\/\/culturesconnection.com\/es\/wp-json\/wp\/v2\/media?parent=11197"}],"curies":[{"name":"wp","href":"https:\/\/api.w.org\/{rel}","templated":true}]}}