{"id":11195,"date":"2018-09-27T11:04:54","date_gmt":"2018-09-27T09:04:54","guid":{"rendered":"http:\/\/culturesconnection.com\/?page_id=11195"},"modified":"2022-06-21T21:59:00","modified_gmt":"2022-06-21T19:59:00","slug":"traduccion-comercial-de-neerlandes","status":"publish","type":"page","link":"https:\/\/culturesconnection.com\/es\/servicios-de-traduccion-de-neerlandes\/traduccion-comercial-de-neerlandes\/","title":{"rendered":"Traducci\u00f3n comercial de neerland\u00e9s"},"content":{"rendered":"\n<h2 class=\"wp-block-heading\">Ponemos a especialistas de la traducci\u00f3n comercial espa\u00f1ol-neerland\u00e9s a su servicio<\/h2>\n\n\n\n<p>La globalizaci\u00f3n ha convertido a la traducci\u00f3n comercial y de marketing en una herramienta indispensable para empresas que desean expandirse a otros pa\u00edses, especialmente a los Pa\u00edses Bajos. Sus clientes neerlandeses siempre apreciar\u00e1n el hecho de recibir documentos escritos en su lengua materna. No reaccionar\u00e1n de la misma manera si se les proporciona el mismo documento escrito en otra lengua, aunque la conozcan bien. Es obvio que los documentos comerciales tienen m\u00e1s impacto si son traducidos a la lengua del cliente. Sin embargo, la simple traducci\u00f3n del texto de origen no es suficiente. Los traductores de documentos comerciales y de marketing hacia el neerland\u00e9s deben estar familiarizados con las pr\u00e1cticas habituales, con los diferentes estilos de escritura y con las costumbres del pa\u00eds meta. El hecho de conocer la cultura de los pa\u00edses con los que trabajamos es esencial para evitar acabar en una situaci\u00f3n dif\u00edcil o vergonzosa.<\/p>\n\n\n\n<h2 class=\"wp-block-heading\">Nuestra agencia de traducci\u00f3n comercial<\/h2>\n\n\n\n<p><a href=\"https:\/\/culturesconnection.com\/es\/\">Cultures Connection<\/a> pone a su servicio a traductores especializados en la traducci\u00f3n comercial y de marketing para ocuparse de sus proyectos hacia y desde el neerland\u00e9s. Estos traductores ha sido seleccionados cuidadosamente para garantizar a nuestros clientes un <a href=\"https:\/\/culturesconnection.com\/es\/servicios-de-traduccion\/\">servicio de traducci\u00f3n<\/a> de calidad. Una experiencia profesional previa en este campo o una s\u00f3lida trayectoria acad\u00e9mica en el mismo les han permitido adquirir los conocimientos para traducir documentos comerciales y de marketing hacia el neerland\u00e9s. Todos nuestros traductores y correctores est\u00e1n cualificados y tienen un profundo conocimiento del neerland\u00e9s y del espa\u00f1ol. Adem\u00e1s, solamente traducen a su lengua materna, y adaptan el contenido a una cultura que conocen a la perfecci\u00f3n.<\/p>\n\n\n\n<h2 class=\"wp-block-heading\">Traducci\u00f3n de documentos comerciales de neerland\u00e9s<\/h2>\n\n\n\n<p>Los servicios de traducci\u00f3n comercial o de marketing que proporcionamos abarcan un gran abanico de <a href=\"https:\/\/culturesconnection.com\/es\/traduccion-comercial\/\">documentos<\/a>. A continuaci\u00f3n, encontrar\u00e1 una lista de ejemplos de los documentos que nuestra agencia de traducci\u00f3n ya ha traducido:<\/p>\n\n\n\n<ul class=\"wp-block-list\"><li>Folletos<\/li><li>Panfletos<\/li><li>Tarjetas de presentaci\u00f3n<\/li><li>Comunicados<\/li><li>Campa\u00f1as<\/li><li>P\u00e1ginas web<\/li><li>Cat\u00e1logos<\/li><li>Presentaciones<\/li><li>Material publicitario<\/li><li>Estudios de mercado<\/li><li>Cartas comerciales<\/li><li>Libros blancos<\/li><li>Publicidad<\/li><\/ul>\n","protected":false},"excerpt":{"rendered":"<p>Ponemos a especialistas de la traducci\u00f3n comercial espa\u00f1ol-neerland\u00e9s a su servicio La globalizaci\u00f3n ha convertido a la traducci\u00f3n comercial y de marketing en una herramienta [&#8230;]<\/p>\n<p><a class=\"btn btn-secondary understrap-read-more-link\" href=\"https:\/\/culturesconnection.com\/es\/servicios-de-traduccion-de-neerlandes\/traduccion-comercial-de-neerlandes\/\">Leer m\u00e1s&#8230;<span class=\"screen-reader-text\"> from Traducci\u00f3n comercial de neerland\u00e9s<\/span><\/a><\/p>\n","protected":false},"author":22,"featured_media":24337,"parent":11203,"menu_order":0,"comment_status":"closed","ping_status":"closed","template":"","meta":{"_acf_changed":false,"_editorskit_title_hidden":false,"_editorskit_reading_time":0,"_editorskit_is_block_options_detached":false,"_editorskit_block_options_position":"{}","footnotes":""},"class_list":["post-11195","page","type-page","status-publish","has-post-thumbnail","hentry"],"acf":[],"yoast_head":"<!-- This site is optimized with the Yoast SEO Premium plugin v23.4 (Yoast SEO v27.3) - https:\/\/yoast.com\/product\/yoast-seo-premium-wordpress\/ -->\n<title>Servicios de traducci\u00f3n comercial de neerland\u00e9s<\/title>\n<meta name=\"description\" content=\"Cultures Connection ofrece servicios de traducci\u00f3n comercial de neerland\u00e9s y de muchas otras lenguas. Tenemos traductores especializados y con experiencia.\" \/>\n<meta name=\"robots\" content=\"index, follow, max-snippet:-1, max-image-preview:large, max-video-preview:-1\" \/>\n<link rel=\"canonical\" href=\"https:\/\/culturesconnection.com\/es\/servicios-de-traduccion-de-neerlandes\/traduccion-comercial-de-neerlandes\/\" \/>\n<meta property=\"og:locale\" content=\"es_ES\" \/>\n<meta property=\"og:type\" content=\"article\" \/>\n<meta property=\"og:title\" content=\"Traducci\u00f3n comercial de neerland\u00e9s\" \/>\n<meta property=\"og:description\" content=\"Cultures Connection ofrece servicios de traducci\u00f3n comercial de neerland\u00e9s y de muchas otras lenguas. Tenemos traductores especializados y con experiencia.\" \/>\n<meta property=\"og:url\" content=\"https:\/\/culturesconnection.com\/es\/servicios-de-traduccion-de-neerlandes\/traduccion-comercial-de-neerlandes\/\" \/>\n<meta property=\"og:site_name\" content=\"Cultures Connection\" \/>\n<meta property=\"article:publisher\" content=\"https:\/\/www.facebook.com\/CulturesConnection\" \/>\n<meta property=\"article:modified_time\" content=\"2022-06-21T19:59:00+00:00\" \/>\n<meta property=\"og:image\" content=\"https:\/\/culturesconnection.com\/wp-content\/uploads\/2020\/09\/P\u00e1gina_Subservicios_de_traducci\u00f3n_por_idioma.png\" \/>\n\t<meta property=\"og:image:width\" content=\"1417\" \/>\n\t<meta property=\"og:image:height\" content=\"561\" \/>\n\t<meta property=\"og:image:type\" content=\"image\/png\" \/>\n<meta name=\"twitter:card\" content=\"summary_large_image\" \/>\n<meta name=\"twitter:site\" content=\"@CulturesCo_\" \/>\n<meta name=\"twitter:label1\" content=\"Tiempo de lectura\" \/>\n\t<meta name=\"twitter:data1\" content=\"2 minutos\" \/>\n<script type=\"application\/ld+json\" class=\"yoast-schema-graph\">{\"@context\":\"https:\\\/\\\/schema.org\",\"@graph\":[{\"@type\":\"WebPage\",\"@id\":\"https:\\\/\\\/culturesconnection.com\\\/es\\\/servicios-de-traduccion-de-neerlandes\\\/traduccion-comercial-de-neerlandes\\\/\",\"url\":\"https:\\\/\\\/culturesconnection.com\\\/es\\\/servicios-de-traduccion-de-neerlandes\\\/traduccion-comercial-de-neerlandes\\\/\",\"name\":\"Servicios de traducci\u00f3n comercial de neerland\u00e9s\",\"isPartOf\":{\"@id\":\"https:\\\/\\\/culturesconnection.com\\\/fr\\\/#website\"},\"primaryImageOfPage\":{\"@id\":\"https:\\\/\\\/culturesconnection.com\\\/es\\\/servicios-de-traduccion-de-neerlandes\\\/traduccion-comercial-de-neerlandes\\\/#primaryimage\"},\"image\":{\"@id\":\"https:\\\/\\\/culturesconnection.com\\\/es\\\/servicios-de-traduccion-de-neerlandes\\\/traduccion-comercial-de-neerlandes\\\/#primaryimage\"},\"thumbnailUrl\":\"https:\\\/\\\/culturesconnection.com\\\/wp-content\\\/uploads\\\/2020\\\/09\\\/P\u00e1gina_Subservicios_de_traducci\u00f3n_por_idioma.png\",\"datePublished\":\"2018-09-27T09:04:54+00:00\",\"dateModified\":\"2022-06-21T19:59:00+00:00\",\"description\":\"Cultures Connection ofrece servicios de traducci\u00f3n comercial de neerland\u00e9s y de muchas otras lenguas. Tenemos traductores especializados y con experiencia.\",\"breadcrumb\":{\"@id\":\"https:\\\/\\\/culturesconnection.com\\\/es\\\/servicios-de-traduccion-de-neerlandes\\\/traduccion-comercial-de-neerlandes\\\/#breadcrumb\"},\"inLanguage\":\"es\",\"potentialAction\":[{\"@type\":\"ReadAction\",\"target\":[\"https:\\\/\\\/culturesconnection.com\\\/es\\\/servicios-de-traduccion-de-neerlandes\\\/traduccion-comercial-de-neerlandes\\\/\"]}]},{\"@type\":\"ImageObject\",\"inLanguage\":\"es\",\"@id\":\"https:\\\/\\\/culturesconnection.com\\\/es\\\/servicios-de-traduccion-de-neerlandes\\\/traduccion-comercial-de-neerlandes\\\/#primaryimage\",\"url\":\"https:\\\/\\\/culturesconnection.com\\\/wp-content\\\/uploads\\\/2020\\\/09\\\/P\u00e1gina_Subservicios_de_traducci\u00f3n_por_idioma.png\",\"contentUrl\":\"https:\\\/\\\/culturesconnection.com\\\/wp-content\\\/uploads\\\/2020\\\/09\\\/P\u00e1gina_Subservicios_de_traducci\u00f3n_por_idioma.png\",\"width\":1417,\"height\":561},{\"@type\":\"BreadcrumbList\",\"@id\":\"https:\\\/\\\/culturesconnection.com\\\/es\\\/servicios-de-traduccion-de-neerlandes\\\/traduccion-comercial-de-neerlandes\\\/#breadcrumb\",\"itemListElement\":[{\"@type\":\"ListItem\",\"position\":1,\"name\":\"Home\",\"item\":\"https:\\\/\\\/culturesconnection.com\\\/es\\\/\"},{\"@type\":\"ListItem\",\"position\":2,\"name\":\"Traducci\u00f3n de neerland\u00e9s\",\"item\":\"https:\\\/\\\/culturesconnection.com\\\/es\\\/servicios-de-traduccion-de-neerlandes\\\/\"},{\"@type\":\"ListItem\",\"position\":3,\"name\":\"Traducci\u00f3n comercial de neerland\u00e9s\"}]},{\"@type\":\"WebSite\",\"@id\":\"https:\\\/\\\/culturesconnection.com\\\/fr\\\/#website\",\"url\":\"https:\\\/\\\/culturesconnection.com\\\/fr\\\/\",\"name\":\"Cultures Connection\",\"description\":\"Cultures Connection is a translation agency dedicated to the success of its international clients.\",\"publisher\":{\"@id\":\"https:\\\/\\\/culturesconnection.com\\\/fr\\\/#organization\"},\"potentialAction\":[{\"@type\":\"SearchAction\",\"target\":{\"@type\":\"EntryPoint\",\"urlTemplate\":\"https:\\\/\\\/culturesconnection.com\\\/fr\\\/?s={search_term_string}\"},\"query-input\":{\"@type\":\"PropertyValueSpecification\",\"valueRequired\":true,\"valueName\":\"search_term_string\"}}],\"inLanguage\":\"es\"},{\"@type\":\"Organization\",\"@id\":\"https:\\\/\\\/culturesconnection.com\\\/fr\\\/#organization\",\"name\":\"Cultures Connection\",\"url\":\"https:\\\/\\\/culturesconnection.com\\\/fr\\\/\",\"logo\":{\"@type\":\"ImageObject\",\"inLanguage\":\"es\",\"@id\":\"https:\\\/\\\/culturesconnection.com\\\/fr\\\/#\\\/schema\\\/logo\\\/image\\\/\",\"url\":\"https:\\\/\\\/culturesconnection.com\\\/wp-content\\\/uploads\\\/2022\\\/06\\\/cropped-favicon512x512.png\",\"contentUrl\":\"https:\\\/\\\/culturesconnection.com\\\/wp-content\\\/uploads\\\/2022\\\/06\\\/cropped-favicon512x512.png\",\"width\":512,\"height\":512,\"caption\":\"Cultures Connection\"},\"image\":{\"@id\":\"https:\\\/\\\/culturesconnection.com\\\/fr\\\/#\\\/schema\\\/logo\\\/image\\\/\"},\"sameAs\":[\"https:\\\/\\\/www.facebook.com\\\/CulturesConnection\",\"https:\\\/\\\/x.com\\\/CulturesCo_\"]}]}<\/script>\n<!-- \/ Yoast SEO Premium plugin. -->","yoast_head_json":{"title":"Servicios de traducci\u00f3n comercial de neerland\u00e9s","description":"Cultures Connection ofrece servicios de traducci\u00f3n comercial de neerland\u00e9s y de muchas otras lenguas. Tenemos traductores especializados y con experiencia.","robots":{"index":"index","follow":"follow","max-snippet":"max-snippet:-1","max-image-preview":"max-image-preview:large","max-video-preview":"max-video-preview:-1"},"canonical":"https:\/\/culturesconnection.com\/es\/servicios-de-traduccion-de-neerlandes\/traduccion-comercial-de-neerlandes\/","og_locale":"es_ES","og_type":"article","og_title":"Traducci\u00f3n comercial de neerland\u00e9s","og_description":"Cultures Connection ofrece servicios de traducci\u00f3n comercial de neerland\u00e9s y de muchas otras lenguas. Tenemos traductores especializados y con experiencia.","og_url":"https:\/\/culturesconnection.com\/es\/servicios-de-traduccion-de-neerlandes\/traduccion-comercial-de-neerlandes\/","og_site_name":"Cultures Connection","article_publisher":"https:\/\/www.facebook.com\/CulturesConnection","article_modified_time":"2022-06-21T19:59:00+00:00","og_image":[{"width":1417,"height":561,"url":"https:\/\/culturesconnection.com\/wp-content\/uploads\/2020\/09\/P\u00e1gina_Subservicios_de_traducci\u00f3n_por_idioma.png","type":"image\/png"}],"twitter_card":"summary_large_image","twitter_site":"@CulturesCo_","twitter_misc":{"Tiempo de lectura":"2 minutos"},"schema":{"@context":"https:\/\/schema.org","@graph":[{"@type":"WebPage","@id":"https:\/\/culturesconnection.com\/es\/servicios-de-traduccion-de-neerlandes\/traduccion-comercial-de-neerlandes\/","url":"https:\/\/culturesconnection.com\/es\/servicios-de-traduccion-de-neerlandes\/traduccion-comercial-de-neerlandes\/","name":"Servicios de traducci\u00f3n comercial de neerland\u00e9s","isPartOf":{"@id":"https:\/\/culturesconnection.com\/fr\/#website"},"primaryImageOfPage":{"@id":"https:\/\/culturesconnection.com\/es\/servicios-de-traduccion-de-neerlandes\/traduccion-comercial-de-neerlandes\/#primaryimage"},"image":{"@id":"https:\/\/culturesconnection.com\/es\/servicios-de-traduccion-de-neerlandes\/traduccion-comercial-de-neerlandes\/#primaryimage"},"thumbnailUrl":"https:\/\/culturesconnection.com\/wp-content\/uploads\/2020\/09\/P\u00e1gina_Subservicios_de_traducci\u00f3n_por_idioma.png","datePublished":"2018-09-27T09:04:54+00:00","dateModified":"2022-06-21T19:59:00+00:00","description":"Cultures Connection ofrece servicios de traducci\u00f3n comercial de neerland\u00e9s y de muchas otras lenguas. Tenemos traductores especializados y con experiencia.","breadcrumb":{"@id":"https:\/\/culturesconnection.com\/es\/servicios-de-traduccion-de-neerlandes\/traduccion-comercial-de-neerlandes\/#breadcrumb"},"inLanguage":"es","potentialAction":[{"@type":"ReadAction","target":["https:\/\/culturesconnection.com\/es\/servicios-de-traduccion-de-neerlandes\/traduccion-comercial-de-neerlandes\/"]}]},{"@type":"ImageObject","inLanguage":"es","@id":"https:\/\/culturesconnection.com\/es\/servicios-de-traduccion-de-neerlandes\/traduccion-comercial-de-neerlandes\/#primaryimage","url":"https:\/\/culturesconnection.com\/wp-content\/uploads\/2020\/09\/P\u00e1gina_Subservicios_de_traducci\u00f3n_por_idioma.png","contentUrl":"https:\/\/culturesconnection.com\/wp-content\/uploads\/2020\/09\/P\u00e1gina_Subservicios_de_traducci\u00f3n_por_idioma.png","width":1417,"height":561},{"@type":"BreadcrumbList","@id":"https:\/\/culturesconnection.com\/es\/servicios-de-traduccion-de-neerlandes\/traduccion-comercial-de-neerlandes\/#breadcrumb","itemListElement":[{"@type":"ListItem","position":1,"name":"Home","item":"https:\/\/culturesconnection.com\/es\/"},{"@type":"ListItem","position":2,"name":"Traducci\u00f3n de neerland\u00e9s","item":"https:\/\/culturesconnection.com\/es\/servicios-de-traduccion-de-neerlandes\/"},{"@type":"ListItem","position":3,"name":"Traducci\u00f3n comercial de neerland\u00e9s"}]},{"@type":"WebSite","@id":"https:\/\/culturesconnection.com\/fr\/#website","url":"https:\/\/culturesconnection.com\/fr\/","name":"Cultures Connection","description":"Cultures Connection is a translation agency dedicated to the success of its international clients.","publisher":{"@id":"https:\/\/culturesconnection.com\/fr\/#organization"},"potentialAction":[{"@type":"SearchAction","target":{"@type":"EntryPoint","urlTemplate":"https:\/\/culturesconnection.com\/fr\/?s={search_term_string}"},"query-input":{"@type":"PropertyValueSpecification","valueRequired":true,"valueName":"search_term_string"}}],"inLanguage":"es"},{"@type":"Organization","@id":"https:\/\/culturesconnection.com\/fr\/#organization","name":"Cultures Connection","url":"https:\/\/culturesconnection.com\/fr\/","logo":{"@type":"ImageObject","inLanguage":"es","@id":"https:\/\/culturesconnection.com\/fr\/#\/schema\/logo\/image\/","url":"https:\/\/culturesconnection.com\/wp-content\/uploads\/2022\/06\/cropped-favicon512x512.png","contentUrl":"https:\/\/culturesconnection.com\/wp-content\/uploads\/2022\/06\/cropped-favicon512x512.png","width":512,"height":512,"caption":"Cultures Connection"},"image":{"@id":"https:\/\/culturesconnection.com\/fr\/#\/schema\/logo\/image\/"},"sameAs":["https:\/\/www.facebook.com\/CulturesConnection","https:\/\/x.com\/CulturesCo_"]}]}},"_links":{"self":[{"href":"https:\/\/culturesconnection.com\/es\/wp-json\/wp\/v2\/pages\/11195","targetHints":{"allow":["GET"]}}],"collection":[{"href":"https:\/\/culturesconnection.com\/es\/wp-json\/wp\/v2\/pages"}],"about":[{"href":"https:\/\/culturesconnection.com\/es\/wp-json\/wp\/v2\/types\/page"}],"author":[{"embeddable":true,"href":"https:\/\/culturesconnection.com\/es\/wp-json\/wp\/v2\/users\/22"}],"replies":[{"embeddable":true,"href":"https:\/\/culturesconnection.com\/es\/wp-json\/wp\/v2\/comments?post=11195"}],"version-history":[{"count":0,"href":"https:\/\/culturesconnection.com\/es\/wp-json\/wp\/v2\/pages\/11195\/revisions"}],"up":[{"embeddable":true,"href":"https:\/\/culturesconnection.com\/es\/wp-json\/wp\/v2\/pages\/11203"}],"wp:featuredmedia":[{"embeddable":true,"href":"https:\/\/culturesconnection.com\/es\/wp-json\/wp\/v2\/media\/24337"}],"wp:attachment":[{"href":"https:\/\/culturesconnection.com\/es\/wp-json\/wp\/v2\/media?parent=11195"}],"curies":[{"name":"wp","href":"https:\/\/api.w.org\/{rel}","templated":true}]}}