{"id":11110,"date":"2018-09-21T10:32:43","date_gmt":"2018-09-21T08:32:43","guid":{"rendered":"http:\/\/culturesconnection.com\/?page_id=11110"},"modified":"2022-06-18T20:34:20","modified_gmt":"2022-06-18T18:34:20","slug":"servicios-de-traduccion-tecnica-de-chino","status":"publish","type":"page","link":"https:\/\/culturesconnection.com\/es\/nuestros-servicios-de-traduccion-de-chino\/servicios-de-traduccion-tecnica-de-chino\/","title":{"rendered":"Traducci\u00f3n T\u00e9cnica de Chino"},"content":{"rendered":"\n<h2 class=\"wp-block-heading\">Traducci\u00f3n t\u00e9cnica espa\u00f1ol-chino: la importancia de la terminolog\u00eda<\/h2>\n\n\n\n<p>Dada la omnipresencia de la ciencia y la tecnolog\u00eda en nuestras vidas, la traducci\u00f3n de documentos t\u00e9cnicos desde y hacia el chino es un servicio que cualquier <a href=\"https:\/\/culturesconnection.com\/es\/\">agencia de traducci\u00f3n<\/a> con miras a la internacionalizaci\u00f3n tendr\u00e1 que utilizar. Para esto, deber\u00eda confiar siempre sus proyectos a un traductor espa\u00f1ol-chino o chino-espa\u00f1ol que est\u00e9 especializado en la traducci\u00f3n t\u00e9cnica. La tecnicidad de los t\u00e9rminos empleados implica que solo un traductor t\u00e9cnico sea capaz de proveer resultados convincentes e impecables. \u00a1La reputaci\u00f3n y la credibilidad de su empresa est\u00e1n en juego!<\/p>\n\n\n\n<h2 class=\"wp-block-heading\">\u00bfEst\u00e1 buscando una agencia de traducci\u00f3n m\u00e9dica?<\/h2>\n\n\n\n<p>En Cultures Connection, la calidad y la fidelidad al texto de origen son palabras clave para cualquier <a href=\"https:\/\/culturesconnection.com\/es\/servicios-de-traduccion\/\">servicio de traducci\u00f3n<\/a> que proporcionamos. A lo largo de los a\u00f1os, hemos creado una red de traductores especializados en <a href=\"https:\/\/culturesconnection.com\/es\/traduccion-tecnica\/\">traducci\u00f3n t\u00e9cnica<\/a> de chino. Est\u00e1n especializados en muchas \u00e1reas: ingenier\u00eda mec\u00e1nica, sector aeroespacial, electr\u00f3nica, tecnolog\u00eda de la informaci\u00f3n, energ\u00eda renovable&#8230; y muchas m\u00e1s. Tienen una amplia experiencia en dichas \u00e1reas y cuentan con habilidades ling\u00fc\u00edsticas y t\u00e9cnicas. M\u00e1s all\u00e1 de los t\u00e9rminos y conceptos t\u00e9cnicos relacionados con el \u00e1rea de su proyecto, nuestros traductores conocen a la perfecci\u00f3n el espa\u00f1ol y el chino y siempre traducen a su lengua materna.<\/p>\n\n\n\n<h2 class=\"wp-block-heading\">Traducci\u00f3n de documentos t\u00e9cnicos de chino<\/h2>\n\n\n\n<p>A continuaci\u00f3n, encontrar\u00e1 algunos ejemplos de documentos t\u00e9cnicos que nuestra agencia de traducci\u00f3n traduce a diario desde y hacia el chino: <\/p>\n\n\n\n<ul class=\"wp-block-list\"><li>Presupuestos<\/li><li>Textos sobre ingenier\u00eda<\/li><li>Manuales de instrucciones de herramientas mec\u00e1nicas (o de cualquier otro tipo de herramienta)<\/li><li>Descripciones de productos y fichas t\u00e9cnicas<\/li><li>Normas<\/li><li>Pliegos de condiciones<\/li><li>Patentes t\u00e9cnicas<\/li><li>Manuales t\u00e9cnicos<\/li><li>Manuales de instrucciones<\/li><li>Gu\u00edas de usuario<\/li><\/ul>\n","protected":false},"excerpt":{"rendered":"<p>Traducci\u00f3n t\u00e9cnica espa\u00f1ol-chino: la importancia de la terminolog\u00eda Dada la omnipresencia de la ciencia y la tecnolog\u00eda en nuestras vidas, la traducci\u00f3n de documentos t\u00e9cnicos [&#8230;]<\/p>\n<p><a class=\"btn btn-secondary understrap-read-more-link\" href=\"https:\/\/culturesconnection.com\/es\/nuestros-servicios-de-traduccion-de-chino\/servicios-de-traduccion-tecnica-de-chino\/\">Leer m\u00e1s&#8230;<span class=\"screen-reader-text\"> from Traducci\u00f3n T\u00e9cnica de Chino<\/span><\/a><\/p>\n","protected":false},"author":22,"featured_media":24337,"parent":11111,"menu_order":0,"comment_status":"closed","ping_status":"closed","template":"","meta":{"_acf_changed":false,"_editorskit_title_hidden":false,"_editorskit_reading_time":0,"_editorskit_is_block_options_detached":false,"_editorskit_block_options_position":"{}","footnotes":""},"class_list":["post-11110","page","type-page","status-publish","has-post-thumbnail","hentry"],"acf":[],"_links":{"self":[{"href":"https:\/\/culturesconnection.com\/es\/wp-json\/wp\/v2\/pages\/11110","targetHints":{"allow":["GET"]}}],"collection":[{"href":"https:\/\/culturesconnection.com\/es\/wp-json\/wp\/v2\/pages"}],"about":[{"href":"https:\/\/culturesconnection.com\/es\/wp-json\/wp\/v2\/types\/page"}],"author":[{"embeddable":true,"href":"https:\/\/culturesconnection.com\/es\/wp-json\/wp\/v2\/users\/22"}],"replies":[{"embeddable":true,"href":"https:\/\/culturesconnection.com\/es\/wp-json\/wp\/v2\/comments?post=11110"}],"version-history":[{"count":0,"href":"https:\/\/culturesconnection.com\/es\/wp-json\/wp\/v2\/pages\/11110\/revisions"}],"up":[{"embeddable":true,"href":"https:\/\/culturesconnection.com\/es\/wp-json\/wp\/v2\/pages\/11111"}],"wp:featuredmedia":[{"embeddable":true,"href":"https:\/\/culturesconnection.com\/es\/wp-json\/wp\/v2\/media\/24337"}],"wp:attachment":[{"href":"https:\/\/culturesconnection.com\/es\/wp-json\/wp\/v2\/media?parent=11110"}],"curies":[{"name":"wp","href":"https:\/\/api.w.org\/{rel}","templated":true}]}}