{"id":11109,"date":"2018-09-21T10:39:22","date_gmt":"2018-09-21T08:39:22","guid":{"rendered":"http:\/\/culturesconnection.com\/?page_id=11109"},"modified":"2022-06-21T23:09:27","modified_gmt":"2022-06-21T21:09:27","slug":"traduccion-audiovisual-de-chino","status":"publish","type":"page","link":"https:\/\/culturesconnection.com\/es\/nuestros-servicios-de-traduccion-de-chino\/traduccion-audiovisual-de-chino\/","title":{"rendered":"Traducci\u00f3n audiovisual de chino"},"content":{"rendered":"\n<h2 class=\"wp-block-heading\">Traducci\u00f3n audiovisual espa\u00f1ol-chino: \u00a1su material audiovisual puede llegar a China!<\/h2>\n\n\n\n<p>Actualmente, los medios de comunicaci\u00f3n juegan un papel importante en nuestra sociedad. Pasamos mucho tiempo delante de pantallas: de cine, ordenador, televisi\u00f3n&#8230; Y, como para todos los medios de comunicaci\u00f3n dirigidos a p\u00fablico de diferentes lenguas y culturas, nuestros amigos los traductores entran en juego para ayudarnos a mantenernos conectados. \u00bfSu empresa necesita distribuir material audiovisual en China? Conf\u00edenos su contenido y nuestra agencia de traducci\u00f3n se ocupar\u00e1 de hacerlo accesible y comprensible para el p\u00fablico chino.<\/p>\n\n\n\n<h2 class=\"wp-block-heading\">\u00bfBusca una agencia de traducci\u00f3n audiovisual?<\/h2>\n\n\n\n<p>El trasvase ling\u00fc\u00edstico en el \u00e1mbito audiovisual no es una tarea f\u00e1cil. Por esta raz\u00f3n, nuestros <a href=\"https:\/\/culturesconnection.com\/es\/servicios-de-traduccion\/\">servicios de traducci\u00f3n<\/a> cuentan con los traductores audiovisuales de chino m\u00e1s cualificados. Tienen un perfecto dominio del espa\u00f1ol y el chino y siempre traducen hacia su lengua materna. Estos traductores especializados y nuestros t\u00e9cnicos audiovisuales trabajan codo con codo para proporcionarle los mejores resultados. \u00bfQu\u00e9 tipo de <a href=\"https:\/\/culturesconnection.com\/es\/traduccion-audiovisual\/\">servicios audiovisuales<\/a> est\u00e1 buscando? \u00bfTranscripci\u00f3n, subtitulaci\u00f3n, voice-over&#8230;? Sea cual sea, nos aseguraremos de proporcionarle excelentes resultados.<\/p>\n\n\n\n<h2 class=\"wp-block-heading\">Su material audiovisual de chino<\/h2>\n\n\n\n<p>\u00bfQu\u00e9 tipo de material desea traducir? Nuestros clientes nos conf\u00edan muchos tipos de contenido. He aqu\u00ed algunos ejemplos:<\/p>\n\n\n\n<ul class=\"wp-block-list\"><li>V\u00eddeos comerciales y publicitarios<\/li><li>V\u00eddeos corporativos<\/li><li>V\u00eddeos institucionales<\/li><li>Audiolibros<\/li><li>Documentales<\/li><li>Videojuegos<\/li><\/ul>\n","protected":false},"excerpt":{"rendered":"<p>Traducci\u00f3n audiovisual espa\u00f1ol-chino: \u00a1su material audiovisual puede llegar a China! Actualmente, los medios de comunicaci\u00f3n juegan un papel importante en nuestra sociedad. Pasamos mucho tiempo [&#8230;]<\/p>\n<p><a class=\"btn btn-secondary understrap-read-more-link\" href=\"https:\/\/culturesconnection.com\/es\/nuestros-servicios-de-traduccion-de-chino\/traduccion-audiovisual-de-chino\/\">Leer m\u00e1s&#8230;<span class=\"screen-reader-text\"> from Traducci\u00f3n audiovisual de chino<\/span><\/a><\/p>\n","protected":false},"author":22,"featured_media":24337,"parent":11111,"menu_order":0,"comment_status":"closed","ping_status":"closed","template":"","meta":{"_acf_changed":false,"_editorskit_title_hidden":false,"_editorskit_reading_time":0,"_editorskit_is_block_options_detached":false,"_editorskit_block_options_position":"{}","footnotes":""},"class_list":["post-11109","page","type-page","status-publish","has-post-thumbnail","hentry"],"acf":[],"_links":{"self":[{"href":"https:\/\/culturesconnection.com\/es\/wp-json\/wp\/v2\/pages\/11109","targetHints":{"allow":["GET"]}}],"collection":[{"href":"https:\/\/culturesconnection.com\/es\/wp-json\/wp\/v2\/pages"}],"about":[{"href":"https:\/\/culturesconnection.com\/es\/wp-json\/wp\/v2\/types\/page"}],"author":[{"embeddable":true,"href":"https:\/\/culturesconnection.com\/es\/wp-json\/wp\/v2\/users\/22"}],"replies":[{"embeddable":true,"href":"https:\/\/culturesconnection.com\/es\/wp-json\/wp\/v2\/comments?post=11109"}],"version-history":[{"count":0,"href":"https:\/\/culturesconnection.com\/es\/wp-json\/wp\/v2\/pages\/11109\/revisions"}],"up":[{"embeddable":true,"href":"https:\/\/culturesconnection.com\/es\/wp-json\/wp\/v2\/pages\/11111"}],"wp:featuredmedia":[{"embeddable":true,"href":"https:\/\/culturesconnection.com\/es\/wp-json\/wp\/v2\/media\/24337"}],"wp:attachment":[{"href":"https:\/\/culturesconnection.com\/es\/wp-json\/wp\/v2\/media?parent=11109"}],"curies":[{"name":"wp","href":"https:\/\/api.w.org\/{rel}","templated":true}]}}