{"id":11108,"date":"2018-09-21T09:53:55","date_gmt":"2018-09-21T07:53:55","guid":{"rendered":"http:\/\/culturesconnection.com\/?page_id=11108"},"modified":"2022-07-29T15:00:49","modified_gmt":"2022-07-29T13:00:49","slug":"servicios-de-traduccion-cientifica-de-chino","status":"publish","type":"page","link":"https:\/\/culturesconnection.com\/es\/nuestros-servicios-de-traduccion-de-chino\/servicios-de-traduccion-cientifica-de-chino\/","title":{"rendered":"Traducci\u00f3n cient\u00edfica de chino"},"content":{"rendered":"\n<h2 class=\"wp-block-heading\">Traducci\u00f3n cient\u00edfica espa\u00f1ol-chino: una cuesti\u00f3n de precisi\u00f3n<\/h2>\n\n\n\n<p>Un texto cient\u00edfico est\u00e1 repleto de terminolog\u00eda compleja y precisa que requiere un trabajo riguroso por parte de un especialista en la materia. Ya sea sobre zoolog\u00eda, biotecnolog\u00eda, energ\u00edas renovables, bot\u00e1nica o geolog\u00eda, solo un profesional con conocimientos especializados puede ocuparse de esta tarea. <a href=\"https:\/\/culturesconnection.com\/es\/\">Cultures Connection<\/a> asignar\u00e1 sus proyectos de chino (mandar\u00edn y canton\u00e9s) a sus traductores de chino especializados, seleccionados seg\u00fan su trayectoria acad\u00e9mica y profesional.<\/p>\n\n\n\n<h2 class=\"wp-block-heading\">Nuestra agencia de traducci\u00f3n<\/h2>\n\n\n\n<p>Nuestra agencia de traducci\u00f3n se compromete a proporcionarle resultados de gran calidad, porque nos ocupamos de confiar sus proyectos a traductores de chino especialistas en la traducci\u00f3n cient\u00edfica que se preocupan por el detalle, por la precisi\u00f3n y por la fidelidad al texto de origen. Siempre comprobamos la terminolog\u00eda que empleamos en nuestras traducciones. Somos conscientes de la importancia de la terminolog\u00eda y no queremos arriesgar la credibilidad de sus documentos o art\u00edculos de ning\u00fan modo. Para ello, nos ponemos en contacto con el cliente y consultamos documentos de referencia del \u00e1mbito pertinente.<\/p>\n\n\n\n<h2 class=\"wp-block-heading\">Traducci\u00f3n de documentos cient\u00edficos de chino<\/h2>\n\n\n\n<p>Ofrecemos <a href=\"https:\/\/culturesconnection.com\/es\/servicios-de-traduccion\/\">servicios de traducci\u00f3n<\/a> de la mayor calidad y traducimos muchos <a href=\"https:\/\/culturesconnection.com\/es\/traduccion-cientifica\/\">documentos<\/a> desde y hacia el chino (mandar\u00edn o canton\u00e9s). Le presentamos una lista de ejemplos de documentos cient\u00edficos que nos conf\u00edan a diario:<\/p>\n\n\n\n<ul class=\"wp-block-list\"><li>L\u00e9xicos, enciclopedias cient\u00edficas y glosarios<\/li><li>Documentos t\u00e9cnicos y art\u00edculos de investigaci\u00f3n<\/li><li>Manuales del operario y de usuario<\/li><li>Ensayos de laboratorio, procedimientos de ensayos<\/li><li>Documentos jur\u00eddicos, patentes y directivas<\/li><li>Pliegos de condiciones<\/li><li>Proyectos y estudios de mercado multipa\u00eds<\/li><li>Programas de simulaci\u00f3n (biotecnolog\u00eda, medio ambiente, rehabilitaci\u00f3n de \u00e1reas industriales)<\/li><li>Presentaciones multimedia y v\u00eddeos<\/li><li>Traducci\u00f3n y localizaci\u00f3n de p\u00e1ginas web<\/li><li>Traducci\u00f3n de instrucciones t\u00e9cnicas, presentaciones de congreso<\/li><\/ul>\n","protected":false},"excerpt":{"rendered":"<p>Traducci\u00f3n cient\u00edfica espa\u00f1ol-chino: una cuesti\u00f3n de precisi\u00f3n Un texto cient\u00edfico est\u00e1 repleto de terminolog\u00eda compleja y precisa que requiere un trabajo riguroso por parte de [&#8230;]<\/p>\n<p><a class=\"btn btn-secondary understrap-read-more-link\" href=\"https:\/\/culturesconnection.com\/es\/nuestros-servicios-de-traduccion-de-chino\/servicios-de-traduccion-cientifica-de-chino\/\">Leer m\u00e1s&#8230;<span class=\"screen-reader-text\"> from Traducci\u00f3n cient\u00edfica de chino<\/span><\/a><\/p>\n","protected":false},"author":22,"featured_media":24337,"parent":11111,"menu_order":0,"comment_status":"closed","ping_status":"closed","template":"","meta":{"_acf_changed":false,"_editorskit_title_hidden":false,"_editorskit_reading_time":1,"_editorskit_is_block_options_detached":false,"_editorskit_block_options_position":"{}","footnotes":""},"class_list":["post-11108","page","type-page","status-publish","has-post-thumbnail","hentry"],"acf":[],"_links":{"self":[{"href":"https:\/\/culturesconnection.com\/es\/wp-json\/wp\/v2\/pages\/11108","targetHints":{"allow":["GET"]}}],"collection":[{"href":"https:\/\/culturesconnection.com\/es\/wp-json\/wp\/v2\/pages"}],"about":[{"href":"https:\/\/culturesconnection.com\/es\/wp-json\/wp\/v2\/types\/page"}],"author":[{"embeddable":true,"href":"https:\/\/culturesconnection.com\/es\/wp-json\/wp\/v2\/users\/22"}],"replies":[{"embeddable":true,"href":"https:\/\/culturesconnection.com\/es\/wp-json\/wp\/v2\/comments?post=11108"}],"version-history":[{"count":0,"href":"https:\/\/culturesconnection.com\/es\/wp-json\/wp\/v2\/pages\/11108\/revisions"}],"up":[{"embeddable":true,"href":"https:\/\/culturesconnection.com\/es\/wp-json\/wp\/v2\/pages\/11111"}],"wp:featuredmedia":[{"embeddable":true,"href":"https:\/\/culturesconnection.com\/es\/wp-json\/wp\/v2\/media\/24337"}],"wp:attachment":[{"href":"https:\/\/culturesconnection.com\/es\/wp-json\/wp\/v2\/media?parent=11108"}],"curies":[{"name":"wp","href":"https:\/\/api.w.org\/{rel}","templated":true}]}}