{"id":11107,"date":"2018-09-21T10:46:50","date_gmt":"2018-09-21T08:46:50","guid":{"rendered":"http:\/\/culturesconnection.com\/?page_id=11107"},"modified":"2022-06-25T03:25:09","modified_gmt":"2022-06-25T01:25:09","slug":"servicios-de-traduccion-medica-de-chino","status":"publish","type":"page","link":"https:\/\/culturesconnection.com\/es\/nuestros-servicios-de-traduccion-de-chino\/servicios-de-traduccion-medica-de-chino\/","title":{"rendered":"Traducci\u00f3n m\u00e9dica de chino"},"content":{"rendered":"\n<h2 class=\"wp-block-heading\">Traducci\u00f3n m\u00e9dica espa\u00f1ol-chino: exactitud ante todo<\/h2>\n\n\n\n<p>En el campo de la traducci\u00f3n m\u00e9dica de chino, la terminolog\u00eda y el contenido t\u00e9cnico hacen el trabajo extremadamente dif\u00edcil para un traductor. Debe poseer varias habilidades especiales: no solo en el \u00e1mbito ling\u00fc\u00edstico (debe controlar a la perfecci\u00f3n el chino y el ingl\u00e9s), sino en el \u00e1mbito t\u00e9cnico y en el m\u00e9dico. La experiencia en este campo y una s\u00f3lida formaci\u00f3n son principales. Las traducciones m\u00e9dicas de mala calidad pueden acarrear numerosas consecuencias en t\u00e9rminos de gastos, de salud y credibilidad. \u00a1Escoja una <a href=\"https:\/\/culturesconnection.com\/es\/\">agencia de traducci\u00f3n<\/a> que ofrece a sus clientes <a href=\"https:\/\/culturesconnection.com\/es\/servicios-de-traduccion\/\">servicios de traducci\u00f3n<\/a> fiables!<\/p>\n\n\n\n<h2 class=\"wp-block-heading\">\u00bfNecesita una agencia de traducci\u00f3n m\u00e9dica?<\/h2>\n\n\n\n<p>Cultures Connection siempre encontrar\u00e1 al profesional m\u00e1s adecuado para su proyecto, ya necesite un traductor m\u00e9dico espa\u00f1ol-chino o un traductor m\u00e9dico chino-espa\u00f1ol. Contamos con una amplia red de traductores experimentados gracias a los cuales somos actualmente una agencia de traducci\u00f3n fiable, reactiva y competitiva. Estamos especializados en el \u00e1mbito m\u00e9dico y confiamos sus proyectos a traductores m\u00e9dicos de chino, que son verdaderos ling\u00fcistas con una ingeniosa mente cient\u00edfica. Nos comprometemos a traducir lo m\u00e1s fielmente posible su documento respetando siempre unas rigurosas normas de calidad.<\/p>\n\n\n\n<h2 class=\"wp-block-heading\">Traducci\u00f3n de documentos m\u00e9dicos de chino<\/h2>\n\n\n\n<p>A continuaci\u00f3n, encontrar\u00e1 algunos ejemplos de <a href=\"https:\/\/culturesconnection.com\/es\/traduccion-medica\/\">documentos<\/a> y material que traducimos a diario: Esta lista no es exhaustiva, pero le dar\u00e1 una idea sobre los proyectos que nos puede confiar:<\/p>\n\n\n\n<ul class=\"wp-block-list\"><li>Revistas<\/li><li>Informes de conferencia<\/li><li>Publicaciones<\/li><li>Proyectos e informes de investigaci\u00f3n<\/li><li>Resultados de estudios y estado de nuevas investigaciones<\/li><li>Obras de divulgaci\u00f3n<\/li><li>Informes de ensayos<\/li><li>Cuestionarios<\/li><li>Prospectos<\/li><li>Posolog\u00eda de nuevos productos<\/li><li>Resultados de ensayos cl\u00ednicos<\/li><li>Reglamentaci\u00f3n farmac\u00e9utica<\/li><li>Informes de evaluaci\u00f3n m\u00e9dica<\/li><\/ul>\n","protected":false},"excerpt":{"rendered":"<p>Traducci\u00f3n m\u00e9dica espa\u00f1ol-chino: exactitud ante todo En el campo de la traducci\u00f3n m\u00e9dica de chino, la terminolog\u00eda y el contenido t\u00e9cnico hacen el trabajo extremadamente [&#8230;]<\/p>\n<p><a class=\"btn btn-secondary understrap-read-more-link\" href=\"https:\/\/culturesconnection.com\/es\/nuestros-servicios-de-traduccion-de-chino\/servicios-de-traduccion-medica-de-chino\/\">Leer m\u00e1s&#8230;<span class=\"screen-reader-text\"> from Traducci\u00f3n m\u00e9dica de chino<\/span><\/a><\/p>\n","protected":false},"author":22,"featured_media":24337,"parent":11111,"menu_order":0,"comment_status":"closed","ping_status":"closed","template":"","meta":{"_acf_changed":false,"_editorskit_title_hidden":false,"_editorskit_reading_time":0,"_editorskit_is_block_options_detached":false,"_editorskit_block_options_position":"{}","footnotes":""},"class_list":["post-11107","page","type-page","status-publish","has-post-thumbnail","hentry"],"acf":[],"_links":{"self":[{"href":"https:\/\/culturesconnection.com\/es\/wp-json\/wp\/v2\/pages\/11107","targetHints":{"allow":["GET"]}}],"collection":[{"href":"https:\/\/culturesconnection.com\/es\/wp-json\/wp\/v2\/pages"}],"about":[{"href":"https:\/\/culturesconnection.com\/es\/wp-json\/wp\/v2\/types\/page"}],"author":[{"embeddable":true,"href":"https:\/\/culturesconnection.com\/es\/wp-json\/wp\/v2\/users\/22"}],"replies":[{"embeddable":true,"href":"https:\/\/culturesconnection.com\/es\/wp-json\/wp\/v2\/comments?post=11107"}],"version-history":[{"count":0,"href":"https:\/\/culturesconnection.com\/es\/wp-json\/wp\/v2\/pages\/11107\/revisions"}],"up":[{"embeddable":true,"href":"https:\/\/culturesconnection.com\/es\/wp-json\/wp\/v2\/pages\/11111"}],"wp:featuredmedia":[{"embeddable":true,"href":"https:\/\/culturesconnection.com\/es\/wp-json\/wp\/v2\/media\/24337"}],"wp:attachment":[{"href":"https:\/\/culturesconnection.com\/es\/wp-json\/wp\/v2\/media?parent=11107"}],"curies":[{"name":"wp","href":"https:\/\/api.w.org\/{rel}","templated":true}]}}