{"id":11106,"date":"2018-09-21T10:55:33","date_gmt":"2018-09-21T08:55:33","guid":{"rendered":"http:\/\/culturesconnection.com\/?page_id=11106"},"modified":"2022-06-22T02:12:50","modified_gmt":"2022-06-22T00:12:50","slug":"traduccion-de-marketing-al-chino","status":"publish","type":"page","link":"https:\/\/culturesconnection.com\/es\/nuestros-servicios-de-traduccion-de-chino\/traduccion-de-marketing-al-chino\/","title":{"rendered":"Traducci\u00f3n de marketing de chino"},"content":{"rendered":"\n<h2 class=\"wp-block-heading\">Traducci\u00f3n de marketing de chino<\/h2>\n\n\n\n<p>La traducci\u00f3n de marketing desde y hacia el chino (mandar\u00edn o canton\u00e9s) es una tarea extremadamente dif\u00edcil. Es necesario combinar un perfecto dominio de los idiomas en cuesti\u00f3n con un conocimiento irreprochable en el campo del marketing. \u00bfEst\u00e1 buscando un profesional que pueda traducir sus documentos y adaptarlos a la cultura china? \u00a1Tenemos todo lo que necesita! A lo largo de todos nuestros a\u00f1os de experiencia, <a href=\"https:\/\/culturesconnection.com\/es\/\">Cultures Connection<\/a> ha construido una amplia red de traductores seleccionados seg\u00fan sus t\u00edtulos, cualificaciones y experiencia en este \u00e1mbito. Le aseguramos que encontraremos al traductor espa\u00f1ol-chino m\u00e1s competente y apropiado para su proyecto.<\/p>\n\n\n\n<h2 class=\"wp-block-heading\">Servicios de traducci\u00f3n de marketing y servicios de localizaci\u00f3n<\/h2>\n\n\n\n<p>\u00bfEst\u00e1 tratando de vender un producto en China pero su anuncio est\u00e1 adaptado a clientela hispanohablante? Solo existe una soluci\u00f3n: confiar su proyecto a nuestra agencia de traducci\u00f3n, que est\u00e1 especializada en el chino (mandar\u00edn y canton\u00e9s), para que podamos asign\u00e1rselo al profesional m\u00e1s adecuado. Necesitar\u00e1 encontrar a alguien que, m\u00e1s all\u00e1 de los aspectos ling\u00fc\u00edsticos, sea capaz de adaptar su material de marketing para hacerlo comprensible y adecuado a la cultura meta. \u00a1Es un paso que no se puede saltar! La simple traducci\u00f3n literal de un anuncio puede causar muchos problemas, malentendidos o incluso el rechazo del p\u00fablico meta. Escoja seguridad y calidad, escoja nuestros <a href=\"https:\/\/culturesconnection.com\/es\/servicios-de-traduccion\/\">servicios de traducci\u00f3n<\/a>.<\/p>\n\n\n\n<h2 class=\"wp-block-heading\">Traducci\u00f3n de documentos de marketing de chino<\/h2>\n\n\n\n<p>Sea cual sea el tipo de <a href=\"https:\/\/culturesconnection.com\/es\/traduccion-marketing\/\">documento de marketing<\/a> que quiera traducir, seremos capaces de gestionarlo y de proporcionarle los mejores resultados posibles. Traducimos material de marketing a diario:<\/p>\n\n\n\n<ul class=\"wp-block-list\"><li>Folletos<\/li><li>Material publicitario<\/li><li>Boletines informativos<\/li><li>P\u00e1ginas web de comercio electr\u00f3nico<\/li><li>Panfletos<\/li><li>Campa\u00f1as de marketing<\/li><li>Anuncios<\/li><li>P\u00e1ginas web<\/li><li>Esl\u00f3ganes<\/li><li>Logotipos<\/li><li>Presentaciones<\/li><li>Lanzamientos de productos<\/li><li>Comunicados de prensa<\/li><li>Libros electr\u00f3nicos<\/li><\/ul>\n","protected":false},"excerpt":{"rendered":"<p>Traducci\u00f3n de marketing de chino La traducci\u00f3n de marketing desde y hacia el chino (mandar\u00edn o canton\u00e9s) es una tarea extremadamente dif\u00edcil. Es necesario combinar [&#8230;]<\/p>\n<p><a class=\"btn btn-secondary understrap-read-more-link\" href=\"https:\/\/culturesconnection.com\/es\/nuestros-servicios-de-traduccion-de-chino\/traduccion-de-marketing-al-chino\/\">Leer m\u00e1s&#8230;<span class=\"screen-reader-text\"> from Traducci\u00f3n de marketing de chino<\/span><\/a><\/p>\n","protected":false},"author":22,"featured_media":24337,"parent":11111,"menu_order":0,"comment_status":"closed","ping_status":"closed","template":"","meta":{"_acf_changed":false,"_editorskit_title_hidden":false,"_editorskit_reading_time":0,"_editorskit_is_block_options_detached":false,"_editorskit_block_options_position":"{}","footnotes":""},"class_list":["post-11106","page","type-page","status-publish","has-post-thumbnail","hentry"],"acf":[],"_links":{"self":[{"href":"https:\/\/culturesconnection.com\/es\/wp-json\/wp\/v2\/pages\/11106","targetHints":{"allow":["GET"]}}],"collection":[{"href":"https:\/\/culturesconnection.com\/es\/wp-json\/wp\/v2\/pages"}],"about":[{"href":"https:\/\/culturesconnection.com\/es\/wp-json\/wp\/v2\/types\/page"}],"author":[{"embeddable":true,"href":"https:\/\/culturesconnection.com\/es\/wp-json\/wp\/v2\/users\/22"}],"replies":[{"embeddable":true,"href":"https:\/\/culturesconnection.com\/es\/wp-json\/wp\/v2\/comments?post=11106"}],"version-history":[{"count":0,"href":"https:\/\/culturesconnection.com\/es\/wp-json\/wp\/v2\/pages\/11106\/revisions"}],"up":[{"embeddable":true,"href":"https:\/\/culturesconnection.com\/es\/wp-json\/wp\/v2\/pages\/11111"}],"wp:featuredmedia":[{"embeddable":true,"href":"https:\/\/culturesconnection.com\/es\/wp-json\/wp\/v2\/media\/24337"}],"wp:attachment":[{"href":"https:\/\/culturesconnection.com\/es\/wp-json\/wp\/v2\/media?parent=11106"}],"curies":[{"name":"wp","href":"https:\/\/api.w.org\/{rel}","templated":true}]}}