{"id":11062,"date":"2018-09-19T13:50:09","date_gmt":"2018-09-19T11:50:09","guid":{"rendered":"http:\/\/culturesconnection.com\/?page_id=11062"},"modified":"2022-07-29T15:08:15","modified_gmt":"2022-07-29T13:08:15","slug":"traduccion-de-paginas-web-al-arabe","status":"publish","type":"page","link":"https:\/\/culturesconnection.com\/es\/servicios-de-traduccion-al-arabe\/traduccion-de-paginas-web-al-arabe\/","title":{"rendered":"Traducci\u00f3n de p\u00e1ginas web de \u00e1rabe"},"content":{"rendered":"\n<h2 class=\"wp-block-heading\">Traducci\u00f3n profesional de \u00e1rabe<\/h2>\n\n\n\n<p>\u00bfDesea encontrar clientes en pa\u00edses arab\u00f3fonos? \u00bfEn Argelia, los Emiratos \u00c1rabes Unidos o en Egipto? No permita que su p\u00e1gina web est\u00e9 solo en ingl\u00e9s; adapte el contenido de su web a la lengua materna de sus clientes potenciales. La traducci\u00f3n de p\u00e1ginas web al \u00e1rabe es el primer paso para aumentar sus ventas y para internacionalizar su empresa. \u00a1Es un importante proceso que no deber\u00eda pasar por alto! Para ello, puede confiar en <a href=\"https:\/\/culturesconnection.com\/es\/\">Cultures Connection<\/a>, le apoyaremos a lo largo de todo su proyecto de expansi\u00f3n.<\/p>\n\n\n\n<h2 class=\"wp-block-heading\">Nuestros servicios de traducci\u00f3n<\/h2>\n\n\n\n<p>Si su mayor objetivo consiste en conseguir que internautas arab\u00f3fonos conf\u00eden en su empresa y compren sus servicios o productos, debe encontrar un traductor \u00e1rabe-espa\u00f1ol o espa\u00f1ol-\u00e1rabe que sea capaz de adaptar su mensaje a la cultura meta. Por ejemplo, la cultura argentina y la cultura egipcia distan mucho de ser similares. Como consecuencia, su traductor de \u00e1rabe tendr\u00e1 que adaptar el contenido de su p\u00e1gina web para que su p\u00fablico pueda comprender e interpretar sus intenciones correctamente. Las diferencias culturales son fuente de numerosos malentendidos que deber\u00eda tratar de evitar a toda costa. Puede confiar en nuestros <a href=\"https:\/\/culturesconnection.com\/es\/servicios-de-traduccion\/\">servicios de traducci\u00f3n<\/a> para todos sus proyectos. Nuestro equipo de profesionales de \u00e1rabe especializados en la&nbsp;<a href=\"https:\/\/culturesconnection.com\/es\/traduccion-sitios-web\/\">traducci\u00f3n de p\u00e1ginas web<\/a> se encargar\u00e1 de todo.<\/p>\n\n\n\n<h2 class=\"wp-block-heading\">Nuestros servicios de traducci\u00f3n de contenidos web de \u00e1rabe<\/h2>\n\n\n\n<p>Nuestra agencia de traducci\u00f3n se ocupa de la traducci\u00f3n de todo tipo de material audiovisual, como, por ejemplo:<\/p>\n\n\n\n<ul class=\"wp-block-list\"><li>Contenido web<\/li><li>P\u00e1ginas web de comercio electr\u00f3nico<\/li><li>Aplicaciones para m\u00f3viles<\/li><li>Plataformas de comercio<\/li><li>Fichas de informaci\u00f3n de productos<\/li><\/ul>\n","protected":false},"excerpt":{"rendered":"<p>Traducci\u00f3n profesional de \u00e1rabe \u00bfDesea encontrar clientes en pa\u00edses arab\u00f3fonos? \u00bfEn Argelia, los Emiratos \u00c1rabes Unidos o en Egipto? No permita que su p\u00e1gina web [&#8230;]<\/p>\n<p><a class=\"btn btn-secondary understrap-read-more-link\" href=\"https:\/\/culturesconnection.com\/es\/servicios-de-traduccion-al-arabe\/traduccion-de-paginas-web-al-arabe\/\">Leer m\u00e1s&#8230;<span class=\"screen-reader-text\"> from Traducci\u00f3n de p\u00e1ginas web de \u00e1rabe<\/span><\/a><\/p>\n","protected":false},"author":22,"featured_media":24337,"parent":11061,"menu_order":0,"comment_status":"closed","ping_status":"closed","template":"","meta":{"_acf_changed":false,"_editorskit_title_hidden":false,"_editorskit_reading_time":1,"_editorskit_is_block_options_detached":false,"_editorskit_block_options_position":"{}","footnotes":""},"class_list":["post-11062","page","type-page","status-publish","has-post-thumbnail","hentry"],"acf":[],"_links":{"self":[{"href":"https:\/\/culturesconnection.com\/es\/wp-json\/wp\/v2\/pages\/11062","targetHints":{"allow":["GET"]}}],"collection":[{"href":"https:\/\/culturesconnection.com\/es\/wp-json\/wp\/v2\/pages"}],"about":[{"href":"https:\/\/culturesconnection.com\/es\/wp-json\/wp\/v2\/types\/page"}],"author":[{"embeddable":true,"href":"https:\/\/culturesconnection.com\/es\/wp-json\/wp\/v2\/users\/22"}],"replies":[{"embeddable":true,"href":"https:\/\/culturesconnection.com\/es\/wp-json\/wp\/v2\/comments?post=11062"}],"version-history":[{"count":0,"href":"https:\/\/culturesconnection.com\/es\/wp-json\/wp\/v2\/pages\/11062\/revisions"}],"up":[{"embeddable":true,"href":"https:\/\/culturesconnection.com\/es\/wp-json\/wp\/v2\/pages\/11061"}],"wp:featuredmedia":[{"embeddable":true,"href":"https:\/\/culturesconnection.com\/es\/wp-json\/wp\/v2\/media\/24337"}],"wp:attachment":[{"href":"https:\/\/culturesconnection.com\/es\/wp-json\/wp\/v2\/media?parent=11062"}],"curies":[{"name":"wp","href":"https:\/\/api.w.org\/{rel}","templated":true}]}}