{"id":11061,"date":"2018-09-19T17:26:12","date_gmt":"2018-09-19T16:26:12","guid":{"rendered":"http:\/\/culturesconnection.com\/?page_id=11061"},"modified":"2022-06-15T00:16:40","modified_gmt":"2022-06-14T22:16:40","slug":"servicios-de-traduccion-al-arabe","status":"publish","type":"page","link":"https:\/\/culturesconnection.com\/es\/servicios-de-traduccion-al-arabe\/","title":{"rendered":"Traducci\u00f3n de \u00c1rabe"},"content":{"rendered":"\n<h2 class=\"wp-block-heading\">Servicios de traducci\u00f3n profesional de \u00e1rabe<\/h2>\n\n\n\n<p>Con m\u00e1s de 270 millones de hablantes en el mundo, la mayor\u00eda de ellos nativos, el \u00e1rabe es un lenguaje extremadamente pr\u00e1ctico y estrat\u00e9gico en el contexto del comercio actual. La traducci\u00f3n de sus documentos hacia el \u00e1rabe es clave para la expansi\u00f3n de su negocio en Oriente Medio, donde existen muchos socios econ\u00f3micos potenciales. Si tenemos esto en cuenta, la traducci\u00f3n de \u00e1rabe es una estrategia esencial para compa\u00f1\u00edas que deseen conquistar el mercado \u00e1rabe. La traducci\u00f3n espa\u00f1ol &#8211; \u00e1rabe y \u00e1rabe &#8211; espa\u00f1ol es uno de los servicios m\u00e1s solicitados en este negocio.<\/p>\n\n\n\n<h2 class=\"wp-block-heading\">\u00bfNecesita un traductor de \u00e1rabe?<\/h2>\n\n\n\n<p>El hecho de encontrar a un traductor con un perfecto dominio de una lengua tan complicada como el \u00e1rabe que est\u00e9 especializado en un \u00e1mbito en particular, puede resultar un verdadero dolor de cabeza. \u00bfEst\u00e1 buscando un <a href=\"https:\/\/culturesconnection.com\/es\/traductor-profesional\/\">traductor profesional<\/a> de \u00e1rabe? Puede contar con el equipo de <a href=\"https:\/\/culturesconnection.com\/es\/\">Cultures Connection<\/a>.<\/p>\n\n\n\n<p>Gracias a nuestra experiencia en el <a href=\"https:\/\/culturesconnection.com\/es\/servicios-de-traduccion\/\">\u00e1mbito de la traducci\u00f3n<\/a>, nuestra agencia ha creado una red de traductores \u00e1rabe &#8211; espa\u00f1ol y viceversa fiables, rigurosos y competentes. Todos ellos han superado una serie de pruebas para ser aceptados en nuestra agencia. Desde la recepci\u00f3n de sus documentos hasta su entrega, su proyecto de traducci\u00f3n se encuentra en buenas manos. Adem\u00e1s de la traducci\u00f3n, proponemos servicios de correcci\u00f3n, edici\u00f3n y revisi\u00f3n.<\/p>\n","protected":false},"excerpt":{"rendered":"<p>Servicios de traducci\u00f3n profesional de \u00e1rabe Con m\u00e1s de 270 millones de hablantes en el mundo, la mayor\u00eda de ellos nativos, el \u00e1rabe es un [&#8230;]<\/p>\n<p><a class=\"btn btn-secondary understrap-read-more-link\" href=\"https:\/\/culturesconnection.com\/es\/servicios-de-traduccion-al-arabe\/\">Leer m\u00e1s&#8230;<span class=\"screen-reader-text\"> from Traducci\u00f3n de \u00c1rabe<\/span><\/a><\/p>\n","protected":false},"author":22,"featured_media":23259,"parent":0,"menu_order":0,"comment_status":"closed","ping_status":"closed","template":"","meta":{"_acf_changed":false,"_editorskit_title_hidden":false,"_editorskit_reading_time":0,"_editorskit_is_block_options_detached":false,"_editorskit_block_options_position":"{}","footnotes":""},"class_list":["post-11061","page","type-page","status-publish","has-post-thumbnail","hentry"],"acf":[],"_links":{"self":[{"href":"https:\/\/culturesconnection.com\/es\/wp-json\/wp\/v2\/pages\/11061","targetHints":{"allow":["GET"]}}],"collection":[{"href":"https:\/\/culturesconnection.com\/es\/wp-json\/wp\/v2\/pages"}],"about":[{"href":"https:\/\/culturesconnection.com\/es\/wp-json\/wp\/v2\/types\/page"}],"author":[{"embeddable":true,"href":"https:\/\/culturesconnection.com\/es\/wp-json\/wp\/v2\/users\/22"}],"replies":[{"embeddable":true,"href":"https:\/\/culturesconnection.com\/es\/wp-json\/wp\/v2\/comments?post=11061"}],"version-history":[{"count":0,"href":"https:\/\/culturesconnection.com\/es\/wp-json\/wp\/v2\/pages\/11061\/revisions"}],"wp:featuredmedia":[{"embeddable":true,"href":"https:\/\/culturesconnection.com\/es\/wp-json\/wp\/v2\/media\/23259"}],"wp:attachment":[{"href":"https:\/\/culturesconnection.com\/es\/wp-json\/wp\/v2\/media?parent=11061"}],"curies":[{"name":"wp","href":"https:\/\/api.w.org\/{rel}","templated":true}]}}