{"id":11060,"date":"2018-09-19T14:04:16","date_gmt":"2018-09-19T12:04:16","guid":{"rendered":"http:\/\/culturesconnection.com\/?page_id=11060"},"modified":"2022-06-18T20:54:37","modified_gmt":"2022-06-18T18:54:37","slug":"servicios-de-traduccion-tecnica-de-arabe","status":"publish","type":"page","link":"https:\/\/culturesconnection.com\/es\/servicios-de-traduccion-al-arabe\/servicios-de-traduccion-tecnica-de-arabe\/","title":{"rendered":"Traducci\u00f3n t\u00e9cnica de \u00e1rabe"},"content":{"rendered":"\n<h2 class=\"wp-block-heading\">Traducci\u00f3n t\u00e9cnica espa\u00f1ol-\u00e1rabe: la importancia de la terminolog\u00eda<\/h2>\n\n\n\n<p>Debido a la actual omnipresencia de la ciencia y la tecnolog\u00eda, es impensable que una empresa se establezca en otros pa\u00edses sin traducir sus documentos t\u00e9cnicos hacia el \u00e1rabe. Este \u00e1rea est\u00e1 en constante cambio y requiere unas habilidades y unos conocimientos concretos, tanto en el \u00e1mbito ling\u00fc\u00edstico como en el t\u00e9cnico. En Cultures Connection somos conscientes de los desaf\u00edos que suponen las traducciones t\u00e9cnicas, por ello confiamos esta tarea a los mejores especialistas del mercado. Nuestros traductores de \u00e1rabe combinan experiencia, conocimientos y cualificaciones en las \u00e1reas t\u00e9cnicas pertinentes. Si desea que su empresa siga teniendo credibilidad, apueste por la calidad: \u00a1escoja nuestra <a href=\"https:\/\/culturesconnection.com\/es\/\">agencia de traducci\u00f3n<\/a> t\u00e9cnica!<\/p>\n\n\n\n<h2 class=\"wp-block-heading\">Nuestros servicios de traducci\u00f3n t\u00e9cnica<\/h2>\n\n\n\n<p>Entre todos los&nbsp;<a href=\"https:\/\/culturesconnection.com\/es\/servicios-de-traduccion\/\">servicios de traducci\u00f3n<\/a> que provee, Cultures Connection puede enorgullecerse de ofrecer a sus clientes traducciones t\u00e9cnicas de una calidad inigualable. Sabemos que los t\u00e9rminos empleados en este tipo de textos son cruciales y que solamente un experto puede cumplir con sus expectativas. Gracias a nuestra amplia red de traductores profesionales de documentos t\u00e9cnicos hacia el \u00e1rabe, podemos garantizarle resultados fiables y r\u00e1pidos. Su proyecto puede estar relacionado con la electr\u00f3nica, con la tecnolog\u00eda de la informaci\u00f3n, con la industria aeroespacial o con la tecnolog\u00eda solar, \u00a1no hay ning\u00fan problema! Nos encargamos de sus documentos t\u00e9cnicos y nos preocupamos de traducirlos respetando siempre las normas de la <a href=\"https:\/\/culturesconnection.com\/es\/traduccion-tecnica\/\">traducci\u00f3n t\u00e9cnica<\/a>. Recuerde que sus principales lectores son especialistas en la materia; \u00a1tendr\u00e1n que encontrar en el texto t\u00e9rminos con los cuales est\u00e9n familiarizados! La credibilidad y la claridad de sus documentos t\u00e9cnicos est\u00e1 en juego.<\/p>\n\n\n\n<h2 class=\"wp-block-heading\">Traducci\u00f3n de documentos t\u00e9cnicos de \u00e1rabe<\/h2>\n\n\n\n<p>A continuaci\u00f3n, le presentamos una lista no exhaustiva de textos t\u00e9cnicos que nuestra agencia de traducci\u00f3n traduce con regularidad hacia el \u00e1rabe:<\/p>\n\n\n\n<ul class=\"wp-block-list\"><li>Presupuestos<\/li><li>Textos sobre ingenier\u00eda<\/li><li>Manuales de instrucciones de herramientas mec\u00e1nicas (o de cualquier otro tipo de herramienta)<\/li><li>Descripciones de productos y fichas t\u00e9cnicas<\/li><li>Normas<\/li><li>Pliegos de condiciones<\/li><li>Patentes t\u00e9cnicas<\/li><li>Manuales t\u00e9cnicos<\/li><li>Manuales de instrucciones<\/li><li>Gu\u00edas de usuario<\/li><\/ul>\n","protected":false},"excerpt":{"rendered":"<p>Traducci\u00f3n t\u00e9cnica espa\u00f1ol-\u00e1rabe: la importancia de la terminolog\u00eda Debido a la actual omnipresencia de la ciencia y la tecnolog\u00eda, es impensable que una empresa se [&#8230;]<\/p>\n<p><a class=\"btn btn-secondary understrap-read-more-link\" href=\"https:\/\/culturesconnection.com\/es\/servicios-de-traduccion-al-arabe\/servicios-de-traduccion-tecnica-de-arabe\/\">Leer m\u00e1s&#8230;<span class=\"screen-reader-text\"> from Traducci\u00f3n t\u00e9cnica de \u00e1rabe<\/span><\/a><\/p>\n","protected":false},"author":22,"featured_media":24337,"parent":11061,"menu_order":0,"comment_status":"closed","ping_status":"closed","template":"","meta":{"_acf_changed":false,"_editorskit_title_hidden":false,"_editorskit_reading_time":0,"_editorskit_is_block_options_detached":false,"_editorskit_block_options_position":"{}","footnotes":""},"class_list":["post-11060","page","type-page","status-publish","has-post-thumbnail","hentry"],"acf":[],"_links":{"self":[{"href":"https:\/\/culturesconnection.com\/es\/wp-json\/wp\/v2\/pages\/11060","targetHints":{"allow":["GET"]}}],"collection":[{"href":"https:\/\/culturesconnection.com\/es\/wp-json\/wp\/v2\/pages"}],"about":[{"href":"https:\/\/culturesconnection.com\/es\/wp-json\/wp\/v2\/types\/page"}],"author":[{"embeddable":true,"href":"https:\/\/culturesconnection.com\/es\/wp-json\/wp\/v2\/users\/22"}],"replies":[{"embeddable":true,"href":"https:\/\/culturesconnection.com\/es\/wp-json\/wp\/v2\/comments?post=11060"}],"version-history":[{"count":0,"href":"https:\/\/culturesconnection.com\/es\/wp-json\/wp\/v2\/pages\/11060\/revisions"}],"up":[{"embeddable":true,"href":"https:\/\/culturesconnection.com\/es\/wp-json\/wp\/v2\/pages\/11061"}],"wp:featuredmedia":[{"embeddable":true,"href":"https:\/\/culturesconnection.com\/es\/wp-json\/wp\/v2\/media\/24337"}],"wp:attachment":[{"href":"https:\/\/culturesconnection.com\/es\/wp-json\/wp\/v2\/media?parent=11060"}],"curies":[{"name":"wp","href":"https:\/\/api.w.org\/{rel}","templated":true}]}}