{"id":11059,"date":"2018-09-19T14:18:29","date_gmt":"2018-09-19T12:18:29","guid":{"rendered":"http:\/\/culturesconnection.com\/?page_id=11059"},"modified":"2022-06-21T23:11:02","modified_gmt":"2022-06-21T21:11:02","slug":"traduccion-audiovisual-en-arabe","status":"publish","type":"page","link":"https:\/\/culturesconnection.com\/es\/servicios-de-traduccion-al-arabe\/traduccion-audiovisual-en-arabe\/","title":{"rendered":"Traducci\u00f3n audiovisual de \u00e1rabe"},"content":{"rendered":"\n<h2 class=\"wp-block-heading\">Servicios de traducci\u00f3n audiovisual espa\u00f1ol-\u00e1rabe<\/h2>\n\n\n\n<p>\u00bfPara qu\u00e9 necesito servicios de traducci\u00f3n audiovisual de \u00e1rabe? Para la televisi\u00f3n, el cine, internet, o incluso para empresas; el hecho de traducir su material multimedia hacia otras lenguas es una manera de conseguir que su empresa sea visible en otros pa\u00edses. \u00bfEst\u00e1 planeando publicar un v\u00eddeo en Argelia, Egipto o Chad? Si es as\u00ed, tendr\u00e1 que pasar por un importante proceso: su traducci\u00f3n hacia el \u00e1rabe. Existen m\u00faltiples soluciones: subtitulaci\u00f3n, doblaje&#8230; En cualquier caso, este tipo de tarea no puede ser llevada a cabo por cualquiera. Necesitar\u00e1 un traductor de \u00e1rabe-espa\u00f1ol o de espa\u00f1ol-\u00e1rabe experimentado y, lo m\u00e1s importante, especializado en la traducci\u00f3n de contenido multimedia.<\/p>\n\n\n\n<h2 class=\"wp-block-heading\">\u00bfEst\u00e1 buscando una agencia de traducci\u00f3n audiovisual?<\/h2>\n\n\n\n<p>Gracias a nuestra experiencia en el mundo de la traducci\u00f3n audiovisual y de la subtitulaci\u00f3n, nuestra <a href=\"https:\/\/culturesconnection.com\/es\/\">agencia de traducci\u00f3n<\/a> cuenta con una verdadera y extensa red de especialistas. Para cualquier tipo de <a href=\"https:\/\/culturesconnection.com\/es\/servicios-de-traduccion\/\">servicio de traducci\u00f3n<\/a>, Cultures Connection trabaja solamente con los mejores traductores y revisores de cada especializaci\u00f3n. Son competentes, experimentados y pueden transcribir fielmente su contenido multimedia para que sea accesible a un p\u00fablico m\u00e1s amplio. Nuestros servicios son muy variados: temporizaci\u00f3n, transcripci\u00f3n, subtitulaci\u00f3n, voice-over&#8230; Todo lo que necesita para establecerse en pa\u00edses de lengua \u00e1rabe.<\/p>\n\n\n\n<h2 class=\"wp-block-heading\">Traducci\u00f3n de material audiovisual de \u00e1rabe<\/h2>\n\n\n\n<p>\u00bfQu\u00e9 tipo de material desea traducir? Tenemos experiencia en la traducci\u00f3n de muchos tipos de <a href=\"https:\/\/culturesconnection.com\/es\/traduccion-audiovisual\/\">material audiovisual<\/a>. He aqu\u00ed algunos ejemplos:<\/p>\n\n\n\n<ul class=\"wp-block-list\"><li>V\u00eddeos comerciales y publicitarios<\/li><li>V\u00eddeos corporativos<\/li><li>V\u00eddeos institucionales<\/li><li>Audiolibros<\/li><li>Documentales<\/li><li>Videojuegos<\/li><\/ul>\n","protected":false},"excerpt":{"rendered":"<p>Servicios de traducci\u00f3n audiovisual espa\u00f1ol-\u00e1rabe \u00bfPara qu\u00e9 necesito servicios de traducci\u00f3n audiovisual de \u00e1rabe? Para la televisi\u00f3n, el cine, internet, o incluso para empresas; el [&#8230;]<\/p>\n<p><a class=\"btn btn-secondary understrap-read-more-link\" href=\"https:\/\/culturesconnection.com\/es\/servicios-de-traduccion-al-arabe\/traduccion-audiovisual-en-arabe\/\">Leer m\u00e1s&#8230;<span class=\"screen-reader-text\"> from Traducci\u00f3n audiovisual de \u00e1rabe<\/span><\/a><\/p>\n","protected":false},"author":22,"featured_media":24337,"parent":11061,"menu_order":0,"comment_status":"closed","ping_status":"closed","template":"","meta":{"_acf_changed":false,"_editorskit_title_hidden":false,"_editorskit_reading_time":0,"_editorskit_is_block_options_detached":false,"_editorskit_block_options_position":"{}","footnotes":""},"class_list":["post-11059","page","type-page","status-publish","has-post-thumbnail","hentry"],"acf":[],"_links":{"self":[{"href":"https:\/\/culturesconnection.com\/es\/wp-json\/wp\/v2\/pages\/11059","targetHints":{"allow":["GET"]}}],"collection":[{"href":"https:\/\/culturesconnection.com\/es\/wp-json\/wp\/v2\/pages"}],"about":[{"href":"https:\/\/culturesconnection.com\/es\/wp-json\/wp\/v2\/types\/page"}],"author":[{"embeddable":true,"href":"https:\/\/culturesconnection.com\/es\/wp-json\/wp\/v2\/users\/22"}],"replies":[{"embeddable":true,"href":"https:\/\/culturesconnection.com\/es\/wp-json\/wp\/v2\/comments?post=11059"}],"version-history":[{"count":0,"href":"https:\/\/culturesconnection.com\/es\/wp-json\/wp\/v2\/pages\/11059\/revisions"}],"up":[{"embeddable":true,"href":"https:\/\/culturesconnection.com\/es\/wp-json\/wp\/v2\/pages\/11061"}],"wp:featuredmedia":[{"embeddable":true,"href":"https:\/\/culturesconnection.com\/es\/wp-json\/wp\/v2\/media\/24337"}],"wp:attachment":[{"href":"https:\/\/culturesconnection.com\/es\/wp-json\/wp\/v2\/media?parent=11059"}],"curies":[{"name":"wp","href":"https:\/\/api.w.org\/{rel}","templated":true}]}}