{"id":11057,"date":"2018-09-19T14:54:14","date_gmt":"2018-09-19T12:54:14","guid":{"rendered":"http:\/\/culturesconnection.com\/?page_id=11057"},"modified":"2022-06-18T23:50:51","modified_gmt":"2022-06-18T21:50:51","slug":"traduccion-medica-de-arabe","status":"publish","type":"page","link":"https:\/\/culturesconnection.com\/es\/servicios-de-traduccion-al-arabe\/traduccion-medica-de-arabe\/","title":{"rendered":"Traducci\u00f3n m\u00e9dica de \u00e1rabe"},"content":{"rendered":"\n<h2 class=\"wp-block-heading\">Traducci\u00f3n m\u00e9dica espa\u00f1ol-\u00e1rabe<\/h2>\n\n\n\n<p>El lenguaje empleado en los textos m\u00e9dicos es muy espec\u00edfico, preciso y t\u00e9cnico. Solamente un profesional con la lengua y los conocimientos m\u00e9dicos y cient\u00edficos necesarios puede abordar la traducci\u00f3n de un documento de esta especializaci\u00f3n. En este tipo de trabajos, el traductor no solo transcribe el contenido del texto de origen, sino que tambi\u00e9n debe adaptar el contenido meta a las legislaciones oportunas. \u00a1Los traductores de este \u00e1mbito no pueden cometer ning\u00fan error! Ya que est\u00e1n en juego tanto la sanidad p\u00fablica como la credibilidad de nuestros clientes.<\/p>\n\n\n\n<h2 class=\"wp-block-heading\">\u00bfEst\u00e1 buscando una agencia de traducci\u00f3n m\u00e9dica?<\/h2>\n\n\n\n<p>\u00bfNecesita los servicios de un traductor m\u00e9dico espa\u00f1ol-\u00e1rabe? \u00bfO los de un traductor m\u00e9dico \u00e1rabe-espa\u00f1ol? En <a href=\"https:\/\/culturesconnection.com\/es\/\">Cultures Connection<\/a>, el trabajo lo realiza exclusivamente un traductor perteneciente a nuestra red de traductores m\u00e9dicos profesionales de lengua materna \u00e1rabe o espa\u00f1ola. Estos profesionales trabajar\u00e1n duro para superar sus expectativas y cumplir con sus requisitos. Conocen la terminolog\u00eda y los conceptos m\u00e9dicos relacionados con su proyecto como la palma de su mano. Gracias a nuestra amplia agenda de contactos, nuestra agencia de traducci\u00f3n pone a su servicio conocimientos espec\u00edficos en este \u00e1mbito de la traducci\u00f3n y siempre le proporciona traducciones de gran calidad. \u00a1Nuestra palabra clave es calidad! Con nosotros, encontrar\u00e1 uno de los <a href=\"https:\/\/culturesconnection.com\/es\/servicios-de-traduccion\/\">servicios de traducci\u00f3n<\/a> m\u00e1s fiables del mercado.<\/p>\n\n\n\n<h2 class=\"wp-block-heading\">Traducci\u00f3n de documentos m\u00e9dicos de \u00e1rabe<\/h2>\n\n\n\n<p>A continuaci\u00f3n, le presentamos varios ejemplos de <a href=\"https:\/\/culturesconnection.com\/es\/traduccion-medica\/\">textos m\u00e9dicos<\/a> que traducimos con regularidad:<\/p>\n\n\n\n<ul class=\"wp-block-list\"><li>Revistas<\/li><li>Informes de conferencia<\/li><li>Publicaciones<\/li><li>Proyectos e informes de investigaci\u00f3n<\/li><li>Resultados de estudios y estado de nuevas investigaciones<\/li><li>Obras de divulgaci\u00f3n<\/li><li>Informes de ensayos<\/li><li>Cuestionarios<\/li><li>Prospectos<\/li><li>Posolog\u00eda de nuevos productos<\/li><li>Resultados de ensayos cl\u00ednicos<\/li><li>Reglamentaci\u00f3n farmac\u00e9utica<\/li><li>Informes de evaluaci\u00f3n m\u00e9dica<\/li><\/ul>\n","protected":false},"excerpt":{"rendered":"<p>Traducci\u00f3n m\u00e9dica espa\u00f1ol-\u00e1rabe El lenguaje empleado en los textos m\u00e9dicos es muy espec\u00edfico, preciso y t\u00e9cnico. Solamente un profesional con la lengua y los conocimientos [&#8230;]<\/p>\n<p><a class=\"btn btn-secondary understrap-read-more-link\" href=\"https:\/\/culturesconnection.com\/es\/servicios-de-traduccion-al-arabe\/traduccion-medica-de-arabe\/\">Leer m\u00e1s&#8230;<span class=\"screen-reader-text\"> from Traducci\u00f3n m\u00e9dica de \u00e1rabe<\/span><\/a><\/p>\n","protected":false},"author":22,"featured_media":24337,"parent":11061,"menu_order":0,"comment_status":"closed","ping_status":"closed","template":"","meta":{"_acf_changed":false,"_editorskit_title_hidden":false,"_editorskit_reading_time":0,"_editorskit_is_block_options_detached":false,"_editorskit_block_options_position":"{}","footnotes":""},"class_list":["post-11057","page","type-page","status-publish","has-post-thumbnail","hentry"],"acf":[],"_links":{"self":[{"href":"https:\/\/culturesconnection.com\/es\/wp-json\/wp\/v2\/pages\/11057","targetHints":{"allow":["GET"]}}],"collection":[{"href":"https:\/\/culturesconnection.com\/es\/wp-json\/wp\/v2\/pages"}],"about":[{"href":"https:\/\/culturesconnection.com\/es\/wp-json\/wp\/v2\/types\/page"}],"author":[{"embeddable":true,"href":"https:\/\/culturesconnection.com\/es\/wp-json\/wp\/v2\/users\/22"}],"replies":[{"embeddable":true,"href":"https:\/\/culturesconnection.com\/es\/wp-json\/wp\/v2\/comments?post=11057"}],"version-history":[{"count":0,"href":"https:\/\/culturesconnection.com\/es\/wp-json\/wp\/v2\/pages\/11057\/revisions"}],"up":[{"embeddable":true,"href":"https:\/\/culturesconnection.com\/es\/wp-json\/wp\/v2\/pages\/11061"}],"wp:featuredmedia":[{"embeddable":true,"href":"https:\/\/culturesconnection.com\/es\/wp-json\/wp\/v2\/media\/24337"}],"wp:attachment":[{"href":"https:\/\/culturesconnection.com\/es\/wp-json\/wp\/v2\/media?parent=11057"}],"curies":[{"name":"wp","href":"https:\/\/api.w.org\/{rel}","templated":true}]}}