{"id":11056,"date":"2018-09-19T15:05:57","date_gmt":"2018-09-19T13:05:57","guid":{"rendered":"http:\/\/culturesconnection.com\/?page_id=11056"},"modified":"2022-06-22T02:21:51","modified_gmt":"2022-06-22T00:21:51","slug":"traduccion-de-marketing-de-arabe","status":"publish","type":"page","link":"https:\/\/culturesconnection.com\/es\/servicios-de-traduccion-al-arabe\/traduccion-de-marketing-de-arabe\/","title":{"rendered":"Traducci\u00f3n de marketing de \u00e1rabe"},"content":{"rendered":"\n<h2 class=\"wp-block-heading\">Especialistas en traducci\u00f3n de marketing espa\u00f1ol-\u00e1rabe<\/h2>\n\n\n\n<p>Los tecnicismos y las dificultades de la traducci\u00f3n de marketing de \u00e1rabe requieren los conocimientos de un profesional experimentado. Es esencial contar con habilidades ling\u00fc\u00edsticas avanzadas y con una capacidad \u00fanica para controlar los conceptos y las teor\u00edas del marketing. Nuestra <a href=\"https:\/\/culturesconnection.com\/es\/\">agencia de traducci\u00f3n<\/a> es consciente de ello y ha construido una amplia red de especialistas en la traducci\u00f3n espa\u00f1ol-\u00e1rabe (y viceversa) con el fin de ofrecer a nuestros clientes material de marketing traducido a la perfecci\u00f3n. Hemos seleccionado a los traductores para usted, teniendo en cuenta sus t\u00edtulos, cualificaciones y experiencia en el campo del marketing.<\/p>\n\n\n\n<h2 class=\"wp-block-heading\">Nuestros servicios de traducci\u00f3n de marketing<\/h2>\n\n\n\n<p>Con muchos a\u00f1os de experiencia en el sector, nuestra agencia de traducci\u00f3n siempre ha respetado sus compromisos. Nos sentimos orgullosos de realizar siempre traducciones de calidad, independientemente del tipo de <a href=\"https:\/\/culturesconnection.com\/es\/servicios-de-traduccion\/\">servicio de traducci\u00f3n<\/a> que ofrezcamos. Tambi\u00e9n nos ocupamos de localizar todo el material de marketing que nos proporcione. En otras palabras, si su documento de marketing est\u00e1 dise\u00f1ado para el mundo \u00e1rabe, la traducci\u00f3n del mismo debe ser adaptada al p\u00fablico meta. Por ejemplo, la cultura americana y la cultura tunecina son diametralmente opuestas. Es necesario adaptar su mensaje. Es una tarea dif\u00edcil y meticulosa, pero es inevitable si deseamos obtener un resultado positivo.<\/p>\n\n\n\n<h2 class=\"wp-block-heading\">Traducci\u00f3n de documentos de marketing de \u00e1rabe<\/h2>\n\n\n\n<p>Sea cual sea el tipo de <a href=\"https:\/\/culturesconnection.com\/es\/traduccion-marketing\/\">documento de marketing<\/a> que desee traducir, contamos con muchos a\u00f1os de experiencia y, por lo tanto, podemos traducir muchos tipos de documentos, como:<\/p>\n\n\n\n<ul class=\"wp-block-list\"><li>Folletos<\/li><li>Material publicitario<\/li><li>Boletines informativos<\/li><li>P\u00e1ginas web de comercio electr\u00f3nico<\/li><li>Panfletos<\/li><li>Campa\u00f1as de marketing<\/li><li>Anuncios<\/li><li>P\u00e1ginas web<\/li><li>Esl\u00f3ganes<\/li><li>Logotipos<\/li><li>Presentaciones<\/li><li>Lanzamientos de productos<\/li><li>Comunicados de prensa<\/li><li>Libros electr\u00f3nicos<\/li><\/ul>\n","protected":false},"excerpt":{"rendered":"<p>Especialistas en traducci\u00f3n de marketing espa\u00f1ol-\u00e1rabe Los tecnicismos y las dificultades de la traducci\u00f3n de marketing de \u00e1rabe requieren los conocimientos de un profesional experimentado. [&#8230;]<\/p>\n<p><a class=\"btn btn-secondary understrap-read-more-link\" href=\"https:\/\/culturesconnection.com\/es\/servicios-de-traduccion-al-arabe\/traduccion-de-marketing-de-arabe\/\">Leer m\u00e1s&#8230;<span class=\"screen-reader-text\"> from Traducci\u00f3n de marketing de \u00e1rabe<\/span><\/a><\/p>\n","protected":false},"author":22,"featured_media":24337,"parent":11061,"menu_order":0,"comment_status":"closed","ping_status":"closed","template":"","meta":{"_acf_changed":false,"_editorskit_title_hidden":false,"_editorskit_reading_time":0,"_editorskit_is_block_options_detached":false,"_editorskit_block_options_position":"{}","footnotes":""},"class_list":["post-11056","page","type-page","status-publish","has-post-thumbnail","hentry"],"acf":[],"_links":{"self":[{"href":"https:\/\/culturesconnection.com\/es\/wp-json\/wp\/v2\/pages\/11056","targetHints":{"allow":["GET"]}}],"collection":[{"href":"https:\/\/culturesconnection.com\/es\/wp-json\/wp\/v2\/pages"}],"about":[{"href":"https:\/\/culturesconnection.com\/es\/wp-json\/wp\/v2\/types\/page"}],"author":[{"embeddable":true,"href":"https:\/\/culturesconnection.com\/es\/wp-json\/wp\/v2\/users\/22"}],"replies":[{"embeddable":true,"href":"https:\/\/culturesconnection.com\/es\/wp-json\/wp\/v2\/comments?post=11056"}],"version-history":[{"count":0,"href":"https:\/\/culturesconnection.com\/es\/wp-json\/wp\/v2\/pages\/11056\/revisions"}],"up":[{"embeddable":true,"href":"https:\/\/culturesconnection.com\/es\/wp-json\/wp\/v2\/pages\/11061"}],"wp:featuredmedia":[{"embeddable":true,"href":"https:\/\/culturesconnection.com\/es\/wp-json\/wp\/v2\/media\/24337"}],"wp:attachment":[{"href":"https:\/\/culturesconnection.com\/es\/wp-json\/wp\/v2\/media?parent=11056"}],"curies":[{"name":"wp","href":"https:\/\/api.w.org\/{rel}","templated":true}]}}