{"id":11055,"date":"2018-09-19T15:16:57","date_gmt":"2018-09-19T13:16:57","guid":{"rendered":"http:\/\/culturesconnection.com\/?page_id=11055"},"modified":"2022-06-19T03:32:34","modified_gmt":"2022-06-19T01:32:34","slug":"traduccion-juridica-de-arabe","status":"publish","type":"page","link":"https:\/\/culturesconnection.com\/es\/servicios-de-traduccion-al-arabe\/traduccion-juridica-de-arabe\/","title":{"rendered":"Traducci\u00f3n jur\u00eddica de \u00e1rabe"},"content":{"rendered":"\n<h2 class=\"wp-block-heading\">La traducci\u00f3n jur\u00eddica espa\u00f1ol-\u00e1rabe: un verdadero desaf\u00edo<\/h2>\n\n\n\n<p>La traducci\u00f3n jur\u00eddica desde y hacia el \u00e1rabe representa muchos desaf\u00edos y obst\u00e1culos. Solo un traductor profesional de \u00e1rabe altamente cualificado puede encargarse. De hecho, este tipo de trabajo requiere complejas habilidades ling\u00fc\u00edsticas y profundos conocimientos en el \u00e1mbito jur\u00eddico. La terminolog\u00eda t\u00e9cnica legal necesita de una investigaci\u00f3n meticulosa y de un rigor y una precisi\u00f3n incomparables. Si est\u00e1 buscando resultados de calidad, <a href=\"https:\/\/culturesconnection.com\/es\/\">Cultures Connection<\/a> le ofrece los servicios de traductores profesionales especializados en la traducci\u00f3n jur\u00eddica de \u00e1rabe.<\/p>\n\n\n\n<h2 class=\"wp-block-heading\">Nuestra agencia de traducci\u00f3n jur\u00eddica<\/h2>\n\n\n\n<p>Nuestros clientes pueden confiar en nuestra amplia red de traductores profesionales que ofrecen muchos tipos de <a href=\"https:\/\/culturesconnection.com\/es\/servicios-de-traduccion\/\">servicios de traducci\u00f3n<\/a>. Nuestros expertos en <a href=\"https:\/\/culturesconnection.com\/es\/traduccion-juridica\/\">traducci\u00f3n jur\u00eddica<\/a> de \u00e1rabe han sido seleccionados con cautela seg\u00fan sus cualificaciones y su experiencia en el \u00e1mbito legal. Todos cumplen estrictos y rigurosos criterios y, adem\u00e1s, est\u00e1n sometidos a pruebas de traducci\u00f3n con el fin de garantizarnos que cumplen con las expectativas de nuestros clientes. Y, por supuesto, todos cuentan con muchos a\u00f1os de experiencia en la industria de la traducci\u00f3n jur\u00eddica de \u00e1rabe. Pueden ofrecer a nuestros clientes resultados dignos de sus necesidades; o, en otras palabras, ofrecen a nuestros clientes un trabajo preciso, fiel, consistente y de gran calidad.<\/p>\n\n\n\n<h2 class=\"wp-block-heading\">Traducci\u00f3n de documentos jur\u00eddicos de \u00e1rabe<\/h2>\n\n\n\n<p>Nos ocupamos de una gran variedad de traducciones jur\u00eddicas de \u00e1rabe. A continuaci\u00f3n, encontrar\u00e1 una lista no exhaustiva de los documentos con los cuales nuestra agencia de traducci\u00f3n trabaja regularmente:<\/p>\n\n\n\n<ul class=\"wp-block-list\"><li>Contratos de distribuci\u00f3n, de venta y de trabajo<\/li><li>Presentaci\u00f3n de denuncias<\/li><li>Procedimientos judiciales<\/li><li>T\u00e9rminos y condiciones<\/li><li>Informes periciales<\/li><li>Normativas<\/li><li>Documentos de tramitaci\u00f3n hereditaria<\/li><li>Demandas de divorcio<\/li><li>Cl\u00e1usulas de no competencia y acuerdos de confidencialidad<\/li><li>Cartas de intenci\u00f3n<\/li><li>Poderes<\/li><li>Levantamientos judiciales<\/li><li>Estatutos de sociedad<\/li><\/ul>\n","protected":false},"excerpt":{"rendered":"<p>La traducci\u00f3n jur\u00eddica espa\u00f1ol-\u00e1rabe: un verdadero desaf\u00edo La traducci\u00f3n jur\u00eddica desde y hacia el \u00e1rabe representa muchos desaf\u00edos y obst\u00e1culos. Solo un traductor profesional de [&#8230;]<\/p>\n<p><a class=\"btn btn-secondary understrap-read-more-link\" href=\"https:\/\/culturesconnection.com\/es\/servicios-de-traduccion-al-arabe\/traduccion-juridica-de-arabe\/\">Leer m\u00e1s&#8230;<span class=\"screen-reader-text\"> from Traducci\u00f3n jur\u00eddica de \u00e1rabe<\/span><\/a><\/p>\n","protected":false},"author":22,"featured_media":24337,"parent":11061,"menu_order":0,"comment_status":"closed","ping_status":"closed","template":"","meta":{"_acf_changed":false,"_editorskit_title_hidden":false,"_editorskit_reading_time":0,"_editorskit_is_block_options_detached":false,"_editorskit_block_options_position":"{}","footnotes":""},"class_list":["post-11055","page","type-page","status-publish","has-post-thumbnail","hentry"],"acf":[],"_links":{"self":[{"href":"https:\/\/culturesconnection.com\/es\/wp-json\/wp\/v2\/pages\/11055","targetHints":{"allow":["GET"]}}],"collection":[{"href":"https:\/\/culturesconnection.com\/es\/wp-json\/wp\/v2\/pages"}],"about":[{"href":"https:\/\/culturesconnection.com\/es\/wp-json\/wp\/v2\/types\/page"}],"author":[{"embeddable":true,"href":"https:\/\/culturesconnection.com\/es\/wp-json\/wp\/v2\/users\/22"}],"replies":[{"embeddable":true,"href":"https:\/\/culturesconnection.com\/es\/wp-json\/wp\/v2\/comments?post=11055"}],"version-history":[{"count":0,"href":"https:\/\/culturesconnection.com\/es\/wp-json\/wp\/v2\/pages\/11055\/revisions"}],"up":[{"embeddable":true,"href":"https:\/\/culturesconnection.com\/es\/wp-json\/wp\/v2\/pages\/11061"}],"wp:featuredmedia":[{"embeddable":true,"href":"https:\/\/culturesconnection.com\/es\/wp-json\/wp\/v2\/media\/24337"}],"wp:attachment":[{"href":"https:\/\/culturesconnection.com\/es\/wp-json\/wp\/v2\/media?parent=11055"}],"curies":[{"name":"wp","href":"https:\/\/api.w.org\/{rel}","templated":true}]}}