{"id":11053,"date":"2018-09-19T17:12:12","date_gmt":"2018-09-19T15:12:12","guid":{"rendered":"http:\/\/culturesconnection.com\/?page_id=11053"},"modified":"2022-06-21T22:23:04","modified_gmt":"2022-06-21T20:23:04","slug":"traduccion-comercial-al-arabe","status":"publish","type":"page","link":"https:\/\/culturesconnection.com\/es\/servicios-de-traduccion-al-arabe\/traduccion-comercial-al-arabe\/","title":{"rendered":"Traducci\u00f3n comercial de \u00e1rabe"},"content":{"rendered":"\n<h2 class=\"wp-block-heading\">La traducci\u00f3n comercial espa\u00f1ol-\u00e1rabe es la garant\u00eda del \u00e9xito de su expansi\u00f3n internacional<\/h2>\n\n\n\n<p>Hoy en d\u00eda, el comercio est\u00e1 cada vez m\u00e1s globalizado. Por ello, es fundamental superar las barreras ling\u00fc\u00edsticas y simplificar la comunicaci\u00f3n entre diferentes pa\u00edses. \u00bfNecesita enviar documentos comerciales a sus socios \u00e1rabes? No se lo piense m\u00e1s: conf\u00ede sus traducciones comerciales a traductores profesionales. La reputaci\u00f3n y la credibilidad de su empresa est\u00e1n en juego.<\/p>\n\n\n\n<h2 class=\"wp-block-heading\">Nuestra agencia de traducci\u00f3n comercial<\/h2>\n\n\n\n<p><a href=\"https:\/\/culturesconnection.com\/es\/\">Cultures Connection<\/a> ofrece los servicios de una amplia red de traductores profesionales de \u00e1rabe especializados en el \u00e1mbito comercial. Nuestros traductores espa\u00f1ol-\u00e1rabe son seleccionados seg\u00fan su experiencia, cualificaciones y habilidades. Adem\u00e1s, est\u00e1n sometidos a una serie de pruebas de traducci\u00f3n con el objetivo de evaluar sus competencias y de ofrecer a nuestros clientes <a href=\"https:\/\/culturesconnection.com\/es\/servicios-de-traduccion\/\">servicios de traducci\u00f3n<\/a> fiables. La traducci\u00f3n de sus <a href=\"https:\/\/culturesconnection.com\/es\/traduccion-comercial\/\">documentos comerciales<\/a> le permitir\u00e1 ganarse la confianza de sus socios \u00e1rabes con m\u00e1s facilidad y ser\u00e1 una verdadera ventaja para su negocio.<\/p>\n\n\n\n<h2 class=\"wp-block-heading\">Traducci\u00f3n de documentos comerciales de \u00e1rabe<\/h2>\n\n\n\n<p>Nuestra agencia de traducci\u00f3n traduce muchos tipos de documentos desde y hacia el \u00e1rabe. A continuaci\u00f3n, le presentamos una lista de ejemplos de traducciones que realizamos con regularidad:<\/p>\n\n\n\n<ul class=\"wp-block-list\"><li>Folletos<\/li><li>Panfletos<\/li><li>Tarjetas de presentaci\u00f3n<\/li><li>Comunicados<\/li><li>Campa\u00f1as<\/li><li>P\u00e1ginas web<\/li><li>Cat\u00e1logos<\/li><li>Presentaciones<\/li><li>Material publicitario<\/li><li>Estudios de mercado<\/li><li>Cartas comerciales<\/li><li>Libros blancos<\/li><li>Publicidad<\/li><\/ul>\n","protected":false},"excerpt":{"rendered":"<p>La traducci\u00f3n comercial espa\u00f1ol-\u00e1rabe es la garant\u00eda del \u00e9xito de su expansi\u00f3n internacional Hoy en d\u00eda, el comercio est\u00e1 cada vez m\u00e1s globalizado. Por ello, [&#8230;]<\/p>\n<p><a class=\"btn btn-secondary understrap-read-more-link\" href=\"https:\/\/culturesconnection.com\/es\/servicios-de-traduccion-al-arabe\/traduccion-comercial-al-arabe\/\">Leer m\u00e1s&#8230;<span class=\"screen-reader-text\"> from Traducci\u00f3n comercial de \u00e1rabe<\/span><\/a><\/p>\n","protected":false},"author":22,"featured_media":24337,"parent":11061,"menu_order":0,"comment_status":"closed","ping_status":"closed","template":"","meta":{"_acf_changed":false,"_editorskit_title_hidden":false,"_editorskit_reading_time":0,"_editorskit_is_block_options_detached":false,"_editorskit_block_options_position":"{}","footnotes":""},"class_list":["post-11053","page","type-page","status-publish","has-post-thumbnail","hentry"],"acf":[],"_links":{"self":[{"href":"https:\/\/culturesconnection.com\/es\/wp-json\/wp\/v2\/pages\/11053","targetHints":{"allow":["GET"]}}],"collection":[{"href":"https:\/\/culturesconnection.com\/es\/wp-json\/wp\/v2\/pages"}],"about":[{"href":"https:\/\/culturesconnection.com\/es\/wp-json\/wp\/v2\/types\/page"}],"author":[{"embeddable":true,"href":"https:\/\/culturesconnection.com\/es\/wp-json\/wp\/v2\/users\/22"}],"replies":[{"embeddable":true,"href":"https:\/\/culturesconnection.com\/es\/wp-json\/wp\/v2\/comments?post=11053"}],"version-history":[{"count":0,"href":"https:\/\/culturesconnection.com\/es\/wp-json\/wp\/v2\/pages\/11053\/revisions"}],"up":[{"embeddable":true,"href":"https:\/\/culturesconnection.com\/es\/wp-json\/wp\/v2\/pages\/11061"}],"wp:featuredmedia":[{"embeddable":true,"href":"https:\/\/culturesconnection.com\/es\/wp-json\/wp\/v2\/media\/24337"}],"wp:attachment":[{"href":"https:\/\/culturesconnection.com\/es\/wp-json\/wp\/v2\/media?parent=11053"}],"curies":[{"name":"wp","href":"https:\/\/api.w.org\/{rel}","templated":true}]}}