{"id":10982,"date":"2018-09-18T14:38:46","date_gmt":"2018-09-18T13:38:46","guid":{"rendered":"http:\/\/culturesconnection.com\/?page_id=10982"},"modified":"2022-06-14T18:40:43","modified_gmt":"2022-06-14T16:40:43","slug":"servicios-de-traduccion-de-noruego","status":"publish","type":"page","link":"https:\/\/culturesconnection.com\/es\/servicios-de-traduccion-de-noruego\/","title":{"rendered":"Traducci\u00f3n de Noruego"},"content":{"rendered":"\n<h2 class=\"wp-block-heading\">Servicios de traducci\u00f3n de noruego<\/h2>\n\n\n\n<p>Noruega es uno de los pa\u00edses m\u00e1s ricos del mundo; gracias a esto, su poblaci\u00f3n de 5 millones de habitantes goza de un alto nivel de vida. Por lo tanto, es un pa\u00eds con mucho potencial para cualquier compa\u00f1\u00eda cuya actividad principal sea B2C. El mercado agr\u00edcola est\u00e1 en contante crecimiento. Adem\u00e1s, las industrias del petr\u00f3leo, el gas y el sector servicios est\u00e1n pasando por un buen momento y han permitido a Noruega superar la crisis con m\u00e1s facilidad que el resto de Escandinavia.<\/p>\n\n\n\n<h2 class=\"wp-block-heading\">\u00bfEst\u00e1 buscando un traductor de noruego?<\/h2>\n\n\n\n<p>Para obtener resultados de calidad, recurra a un traductor de noruego profesional. Nuestra <a href=\"https:\/\/culturesconnection.com\/es\/\">agencia de traducci\u00f3n<\/a> cuenta con una red de m\u00e1s de 740 traductores que nos permite contar siempre con el traductor profesional m\u00e1s adecuado para su proyecto. Nuestros traductores de noruego traducen siempre hacia su lengua materna. Conocen perfectamente la <a href=\"https:\/\/culturesconnection.com\/es\/traductor-profesional\/\">lengua<\/a> noruega y su cultura, lo que les permite adaptar su contenido al mercado meta a la perfecci\u00f3n. Nuestra agencia de traducci\u00f3n selecciona minuciosamente a los traductores con los que colabora bas\u00e1ndose en su experiencia en el sector de la traducci\u00f3n.<\/p>\n\n\n\n<h2 class=\"wp-block-heading\">Nuestra agencia de traducci\u00f3n profesional<\/h2>\n\n\n\n<p>Durante casi 10 a\u00f1os, nuestros clientes nos han confiado todo tipo de proyectos, de los cuales siempre nos ocupamos con cuidado y profesionalidad. La confianza que depositan en nosotros es prueba de la profesionalidad de nuestra agencia de traducci\u00f3n. Recibimos muchos proyectos a diario, como, por ejemplo:<\/p>\n\n\n\n<ul class=\"wp-block-list\"><li>Servicios de traducci\u00f3n financiera de noruego<\/li><li>Servicios de traducci\u00f3n comercial de noruego<\/li><li>Servicios de traducci\u00f3n cient\u00edfica de noruego<\/li><li>Servicios de traducci\u00f3n m\u00e9dica de noruego<\/li><li>Servicios de traducci\u00f3n t\u00e9cnica de noruego<\/li><li>Servicios de traducci\u00f3n jur\u00eddica de noruego<\/li><li>Servicios de traducci\u00f3n de marketing de noruego<\/li><li>Servicios de traducci\u00f3n de p\u00e1ginas web de noruego<\/li><li>Servicios de subtitulaci\u00f3n de noruego<\/li><li>Servicios de traducci\u00f3n de videojuegos de noruego<\/li><\/ul>\n","protected":false},"excerpt":{"rendered":"<p>Servicios de traducci\u00f3n de noruego Noruega es uno de los pa\u00edses m\u00e1s ricos del mundo; gracias a esto, su poblaci\u00f3n de 5 millones de habitantes [&#8230;]<\/p>\n<p><a class=\"btn btn-secondary understrap-read-more-link\" href=\"https:\/\/culturesconnection.com\/es\/servicios-de-traduccion-de-noruego\/\">Leer m\u00e1s&#8230;<span class=\"screen-reader-text\"> from Traducci\u00f3n de Noruego<\/span><\/a><\/p>\n","protected":false},"author":22,"featured_media":23259,"parent":0,"menu_order":0,"comment_status":"closed","ping_status":"closed","template":"","meta":{"_acf_changed":false,"_editorskit_title_hidden":false,"_editorskit_reading_time":0,"_editorskit_is_block_options_detached":false,"_editorskit_block_options_position":"{}","footnotes":""},"class_list":["post-10982","page","type-page","status-publish","has-post-thumbnail","hentry"],"acf":[],"_links":{"self":[{"href":"https:\/\/culturesconnection.com\/es\/wp-json\/wp\/v2\/pages\/10982","targetHints":{"allow":["GET"]}}],"collection":[{"href":"https:\/\/culturesconnection.com\/es\/wp-json\/wp\/v2\/pages"}],"about":[{"href":"https:\/\/culturesconnection.com\/es\/wp-json\/wp\/v2\/types\/page"}],"author":[{"embeddable":true,"href":"https:\/\/culturesconnection.com\/es\/wp-json\/wp\/v2\/users\/22"}],"replies":[{"embeddable":true,"href":"https:\/\/culturesconnection.com\/es\/wp-json\/wp\/v2\/comments?post=10982"}],"version-history":[{"count":0,"href":"https:\/\/culturesconnection.com\/es\/wp-json\/wp\/v2\/pages\/10982\/revisions"}],"wp:featuredmedia":[{"embeddable":true,"href":"https:\/\/culturesconnection.com\/es\/wp-json\/wp\/v2\/media\/23259"}],"wp:attachment":[{"href":"https:\/\/culturesconnection.com\/es\/wp-json\/wp\/v2\/media?parent=10982"}],"curies":[{"name":"wp","href":"https:\/\/api.w.org\/{rel}","templated":true}]}}