{"id":10979,"date":"2018-09-18T14:59:47","date_gmt":"2018-09-18T13:59:47","guid":{"rendered":"http:\/\/culturesconnection.com\/?page_id=10979"},"modified":"2022-12-02T14:38:52","modified_gmt":"2022-12-02T13:38:52","slug":"servicios-de-traduccion-de-griego","status":"publish","type":"page","link":"https:\/\/culturesconnection.com\/es\/servicios-de-traduccion-de-griego\/","title":{"rendered":"Traducci\u00f3n de Griego"},"content":{"rendered":"\n<h2 class=\"wp-block-heading\">Servicios de traducci\u00f3n profesional de griego<\/h2>\n\n\n\n<p>A pesar de la disminuci\u00f3n de los intercambios comerciales durante la crisis, Espa\u00f1a sigue siendo un socio importante para Grecia. Teniendo en cuenta la barrera ling\u00fc\u00edstica que existe entre estos dos pa\u00edses, muchas empresas espa\u00f1olas recurren a servicios de traducci\u00f3n e interpretaci\u00f3n de griego.<\/p>\n\n\n\n<p>En Cultures Connection, ofrecemos servicios de traducci\u00f3n profesional en muchos sectores de actividad, como el jur\u00eddico o el de marketing. Sea cual sea el tipo de documento, nos ocupamos de su proyecto con profesionalidad y nos comprometemos a cumplir con los plazos establecidos previamente. Los servicios de traducci\u00f3n de griego representan un volumen importante dentro de nuestro negocio. Nuestra <a href=\"https:\/\/culturesconnection.com\/es\/\">agencia de traducci\u00f3n<\/a> tambi\u00e9n ofrece servicios de revisi\u00f3n y de edici\u00f3n desde y hacia el griego.<\/p>\n\n\n\n<h2 class=\"wp-block-heading\">\u00bfEst\u00e1 buscando un traductor de griego?<\/h2>\n\n\n\n<p>Traducir desde o hacia el griego es un proceso complejo, y encontrar al traductor m\u00e1s cualificado para ello puede consumirle mucho tiempo. El equipo de Cultures Connection le gu\u00eda durante el proceso y hace todo lo posible por encontrar al traductor profesional m\u00e1s adecuado para su proyecto. Todos <a href=\"https:\/\/culturesconnection.com\/es\/traductor-profesional\/\">nuestros proveedores de servicios<\/a> son seleccionados seg\u00fan sus cualificaciones y experiencia. Por otra parte, todos ellos est\u00e1n especializados en un sector que dominan a la perfecci\u00f3n y solamente traducen hacia su lengua materna.<\/p>\n\n\n\n<h2 class=\"wp-block-heading\">Nuestra agencia de traducci\u00f3n<\/h2>\n\n\n\n<p>Cultures Connection trabaja con numerosos clientes de Espa\u00f1a y del mundo, pertenecientes a todos los sectores (industria, servicios, organizaciones internacionales, etc.). Nuestra agencia de traducci\u00f3n profesional ofrece muchos <a href=\"https:\/\/culturesconnection.com\/es\/servicios-de-traduccion\/\">servicios de traducci\u00f3n<\/a>, como, por ejemplo:<\/p>\n","protected":false},"excerpt":{"rendered":"<p>Servicios de traducci\u00f3n profesional de griego A pesar de la disminuci\u00f3n de los intercambios comerciales durante la crisis, Espa\u00f1a sigue siendo un socio importante para [&#8230;]<\/p>\n<p><a class=\"btn btn-secondary understrap-read-more-link\" href=\"https:\/\/culturesconnection.com\/es\/servicios-de-traduccion-de-griego\/\">Leer m\u00e1s&#8230;<span class=\"screen-reader-text\"> from Traducci\u00f3n de Griego<\/span><\/a><\/p>\n","protected":false},"author":22,"featured_media":23259,"parent":0,"menu_order":0,"comment_status":"closed","ping_status":"closed","template":"","meta":{"_acf_changed":false,"_editorskit_title_hidden":false,"_editorskit_reading_time":1,"_editorskit_is_block_options_detached":false,"_editorskit_block_options_position":"{}","footnotes":""},"class_list":["post-10979","page","type-page","status-publish","has-post-thumbnail","hentry"],"acf":[],"_links":{"self":[{"href":"https:\/\/culturesconnection.com\/es\/wp-json\/wp\/v2\/pages\/10979","targetHints":{"allow":["GET"]}}],"collection":[{"href":"https:\/\/culturesconnection.com\/es\/wp-json\/wp\/v2\/pages"}],"about":[{"href":"https:\/\/culturesconnection.com\/es\/wp-json\/wp\/v2\/types\/page"}],"author":[{"embeddable":true,"href":"https:\/\/culturesconnection.com\/es\/wp-json\/wp\/v2\/users\/22"}],"replies":[{"embeddable":true,"href":"https:\/\/culturesconnection.com\/es\/wp-json\/wp\/v2\/comments?post=10979"}],"version-history":[{"count":0,"href":"https:\/\/culturesconnection.com\/es\/wp-json\/wp\/v2\/pages\/10979\/revisions"}],"wp:featuredmedia":[{"embeddable":true,"href":"https:\/\/culturesconnection.com\/es\/wp-json\/wp\/v2\/media\/23259"}],"wp:attachment":[{"href":"https:\/\/culturesconnection.com\/es\/wp-json\/wp\/v2\/media?parent=10979"}],"curies":[{"name":"wp","href":"https:\/\/api.w.org\/{rel}","templated":true}]}}