{"id":10915,"date":"2018-09-14T15:24:28","date_gmt":"2018-09-14T14:24:28","guid":{"rendered":"http:\/\/culturesconnection.com\/?page_id=10915"},"modified":"2022-06-14T18:13:20","modified_gmt":"2022-06-14T16:13:20","slug":"servicios-de-traduccion-de-danes","status":"publish","type":"page","link":"https:\/\/culturesconnection.com\/es\/servicios-de-traduccion-de-danes\/","title":{"rendered":"Traducci\u00f3n de Dan\u00e9s"},"content":{"rendered":"\n<h2 class=\"wp-block-heading\">Nuestros servicios de traducci\u00f3n de dan\u00e9s<\/h2>\n\n\n\n<p>Las relaciones econ\u00f3micas entre Espa\u00f1a y Dinamarca est\u00e1n en constante progreso: desde el a\u00f1o 2015, las exportaciones a Dinamarca no cesan de crecer. Espa\u00f1a es actualmente el decimocuarto proveedor de Dinamarca. Los principales sectores de actividad son el sector automovil\u00edstico, el mec\u00e1nico y la industria qu\u00edmica. Para tener \u00e9xito en los negocios con Dinamarca, el primer paso consiste en traducir profesionalmente sus documentos hacia el dan\u00e9s. En Cultures Connection nos ocupamos de sus necesidades ling\u00fc\u00edsticas desde el principio hasta el final. Nuestros jefes de proyecto encontrar\u00e1n al traductor que mejor se adapte a su sector de actividad y siempre le entregar\u00e1 sus traducciones dentro del plazo establecido. Tambi\u00e9n nos ocupamos de la correcci\u00f3n y edici\u00f3n de textos, as\u00ed como de servicios de interpretaci\u00f3n desde y hacia el dan\u00e9s.<\/p>\n\n\n\n<h2 class=\"wp-block-heading\">\u00bfEst\u00e1 buscando un traductor de dan\u00e9s?<\/h2>\n\n\n\n<p>La traducci\u00f3n de documentos desde y hacia el dan\u00e9s es una tarea compleja que requiere habilidades tanto ling\u00fc\u00edsticas como culturales. A lo largo de los a\u00f1os, nuestra <a href=\"https:\/\/culturesconnection.com\/es\/\">agencia de traducci\u00f3n<\/a> ha formado una <a href=\"https:\/\/culturesconnection.com\/es\/traductor-profesional\/\">amplia red de traductores profesionales<\/a>. Estos traductores son seleccionados seg\u00fan sus cualificaciones y experiencia, y solamente traducen a su&nbsp;lengua&nbsp;materna. Adem\u00e1s, son sometidos con regularidad a pruebas de traducci\u00f3n con el fin de garantizar a nuestros clientes traducciones coherentes y de calidad. Todos y cada uno de nuestros traductores est\u00e1n especializados en un \u00e1rea espec\u00edfica: jur\u00eddica, m\u00e9dica, cient\u00edfica, marketing&#8230; y en muchas m\u00e1s. Seg\u00fan sus necesidades y su sector, nuestro jefe de proyectos encontrar\u00e1 al traductor que mejor se adapte a su proyecto.<\/p>\n\n\n\n<h2 class=\"wp-block-heading\">Nuestra agencia de traducci\u00f3n<\/h2>\n\n\n\n<p>Creada en 2007, Cultures Connection se sit\u00faa en Francia y en Argentina, lo que permite a nuestros equipos estar disponibles durante m\u00e1s de 18 horas al d\u00eda. Realizamos <a href=\"https:\/\/culturesconnection.com\/es\/servicios-de-traduccion\/\">traducciones profesionales<\/a> en numerosas \u00e1reas, en particular:<\/p>\n\n\n\n<ul class=\"wp-block-list\"><li>Servicios de traducci\u00f3n financiera de dan\u00e9s<\/li><li>Servicios de traducci\u00f3n comercial de dan\u00e9s<\/li><li>Servicios de traducci\u00f3n cient\u00edfica de dan\u00e9s<\/li><li>Servicios de traducci\u00f3n m\u00e9dica de dan\u00e9s<\/li><li>Servicios de traducci\u00f3n t\u00e9cnica de dan\u00e9s<\/li><li>Servicios de traducci\u00f3n jur\u00eddica de dan\u00e9s<\/li><li>Servicios de traducci\u00f3n de marketing de dan\u00e9s<\/li><li>Servicios de traducci\u00f3n de p\u00e1ginas web de dan\u00e9s<\/li><li>Servicios de subtitulaci\u00f3n de dan\u00e9s<\/li><li>Servicios de traducci\u00f3n de videojuegos de dan\u00e9s<\/li><li>Servicios de traducci\u00f3n urgente de dan\u00e9s<\/li><\/ul>\n","protected":false},"excerpt":{"rendered":"<p>Nuestros servicios de traducci\u00f3n de dan\u00e9s Las relaciones econ\u00f3micas entre Espa\u00f1a y Dinamarca est\u00e1n en constante progreso: desde el a\u00f1o 2015, las exportaciones a Dinamarca [&#8230;]<\/p>\n<p><a class=\"btn btn-secondary understrap-read-more-link\" href=\"https:\/\/culturesconnection.com\/es\/servicios-de-traduccion-de-danes\/\">Leer m\u00e1s&#8230;<span class=\"screen-reader-text\"> from Traducci\u00f3n de Dan\u00e9s<\/span><\/a><\/p>\n","protected":false},"author":22,"featured_media":23259,"parent":0,"menu_order":0,"comment_status":"closed","ping_status":"closed","template":"","meta":{"_acf_changed":false,"_editorskit_title_hidden":false,"_editorskit_reading_time":0,"_editorskit_is_block_options_detached":false,"_editorskit_block_options_position":"{}","footnotes":""},"class_list":["post-10915","page","type-page","status-publish","has-post-thumbnail","hentry"],"acf":[],"yoast_head":"<!-- This site is optimized with the Yoast SEO Premium plugin v23.4 (Yoast SEO v27.3) - https:\/\/yoast.com\/product\/yoast-seo-premium-wordpress\/ -->\n<title>Servicios de traducci\u00f3n de dan\u00e9s<\/title>\n<meta name=\"description\" content=\"Cultures Connection le proporciona los servicios de traducci\u00f3n de dan\u00e9s que necesita. \u00a1Nos ocupamos de todo tipo de proyecto por usted!\" \/>\n<meta name=\"robots\" content=\"index, follow, max-snippet:-1, max-image-preview:large, max-video-preview:-1\" \/>\n<link rel=\"canonical\" href=\"https:\/\/culturesconnection.com\/es\/servicios-de-traduccion-de-danes\/\" \/>\n<meta property=\"og:locale\" content=\"es_ES\" \/>\n<meta property=\"og:type\" content=\"article\" \/>\n<meta property=\"og:title\" content=\"Traducci\u00f3n de Dan\u00e9s\" \/>\n<meta property=\"og:description\" content=\"Cultures Connection le proporciona los servicios de traducci\u00f3n de dan\u00e9s que necesita. \u00a1Nos ocupamos de todo tipo de proyecto por usted!\" \/>\n<meta property=\"og:url\" content=\"https:\/\/culturesconnection.com\/es\/servicios-de-traduccion-de-danes\/\" \/>\n<meta property=\"og:site_name\" content=\"Cultures Connection\" \/>\n<meta property=\"article:publisher\" content=\"https:\/\/www.facebook.com\/CulturesConnection\" \/>\n<meta property=\"article:modified_time\" content=\"2022-06-14T16:13:20+00:00\" \/>\n<meta property=\"og:image\" content=\"https:\/\/culturesconnection.com\/wp-content\/uploads\/2020\/09\/P\u00e4gina_Servicios_de_traducci\u00f3n_por_idioma.png\" \/>\n\t<meta property=\"og:image:width\" content=\"1417\" \/>\n\t<meta property=\"og:image:height\" content=\"561\" \/>\n\t<meta property=\"og:image:type\" content=\"image\/png\" \/>\n<meta name=\"twitter:card\" content=\"summary_large_image\" \/>\n<meta name=\"twitter:site\" content=\"@CulturesCo_\" \/>\n<meta name=\"twitter:label1\" content=\"Tiempo de lectura\" \/>\n\t<meta name=\"twitter:data1\" content=\"2 minutos\" \/>\n<script type=\"application\/ld+json\" class=\"yoast-schema-graph\">{\"@context\":\"https:\\\/\\\/schema.org\",\"@graph\":[{\"@type\":\"WebPage\",\"@id\":\"https:\\\/\\\/culturesconnection.com\\\/es\\\/servicios-de-traduccion-de-danes\\\/\",\"url\":\"https:\\\/\\\/culturesconnection.com\\\/es\\\/servicios-de-traduccion-de-danes\\\/\",\"name\":\"Servicios de traducci\u00f3n de dan\u00e9s\",\"isPartOf\":{\"@id\":\"https:\\\/\\\/culturesconnection.com\\\/fr\\\/#website\"},\"primaryImageOfPage\":{\"@id\":\"https:\\\/\\\/culturesconnection.com\\\/es\\\/servicios-de-traduccion-de-danes\\\/#primaryimage\"},\"image\":{\"@id\":\"https:\\\/\\\/culturesconnection.com\\\/es\\\/servicios-de-traduccion-de-danes\\\/#primaryimage\"},\"thumbnailUrl\":\"https:\\\/\\\/culturesconnection.com\\\/wp-content\\\/uploads\\\/2020\\\/09\\\/P\u00e4gina_Servicios_de_traducci\u00f3n_por_idioma.png\",\"datePublished\":\"2018-09-14T14:24:28+00:00\",\"dateModified\":\"2022-06-14T16:13:20+00:00\",\"description\":\"Cultures Connection le proporciona los servicios de traducci\u00f3n de dan\u00e9s que necesita. \u00a1Nos ocupamos de todo tipo de proyecto por usted!\",\"breadcrumb\":{\"@id\":\"https:\\\/\\\/culturesconnection.com\\\/es\\\/servicios-de-traduccion-de-danes\\\/#breadcrumb\"},\"inLanguage\":\"es\",\"potentialAction\":[{\"@type\":\"ReadAction\",\"target\":[\"https:\\\/\\\/culturesconnection.com\\\/es\\\/servicios-de-traduccion-de-danes\\\/\"]}]},{\"@type\":\"ImageObject\",\"inLanguage\":\"es\",\"@id\":\"https:\\\/\\\/culturesconnection.com\\\/es\\\/servicios-de-traduccion-de-danes\\\/#primaryimage\",\"url\":\"https:\\\/\\\/culturesconnection.com\\\/wp-content\\\/uploads\\\/2020\\\/09\\\/P\u00e4gina_Servicios_de_traducci\u00f3n_por_idioma.png\",\"contentUrl\":\"https:\\\/\\\/culturesconnection.com\\\/wp-content\\\/uploads\\\/2020\\\/09\\\/P\u00e4gina_Servicios_de_traducci\u00f3n_por_idioma.png\",\"width\":1417,\"height\":561},{\"@type\":\"BreadcrumbList\",\"@id\":\"https:\\\/\\\/culturesconnection.com\\\/es\\\/servicios-de-traduccion-de-danes\\\/#breadcrumb\",\"itemListElement\":[{\"@type\":\"ListItem\",\"position\":1,\"name\":\"Home\",\"item\":\"https:\\\/\\\/culturesconnection.com\\\/es\\\/\"},{\"@type\":\"ListItem\",\"position\":2,\"name\":\"Traducci\u00f3n de Dan\u00e9s\"}]},{\"@type\":\"WebSite\",\"@id\":\"https:\\\/\\\/culturesconnection.com\\\/fr\\\/#website\",\"url\":\"https:\\\/\\\/culturesconnection.com\\\/fr\\\/\",\"name\":\"Cultures Connection\",\"description\":\"Cultures Connection is a translation agency dedicated to the success of its international clients.\",\"publisher\":{\"@id\":\"https:\\\/\\\/culturesconnection.com\\\/fr\\\/#organization\"},\"potentialAction\":[{\"@type\":\"SearchAction\",\"target\":{\"@type\":\"EntryPoint\",\"urlTemplate\":\"https:\\\/\\\/culturesconnection.com\\\/fr\\\/?s={search_term_string}\"},\"query-input\":{\"@type\":\"PropertyValueSpecification\",\"valueRequired\":true,\"valueName\":\"search_term_string\"}}],\"inLanguage\":\"es\"},{\"@type\":\"Organization\",\"@id\":\"https:\\\/\\\/culturesconnection.com\\\/fr\\\/#organization\",\"name\":\"Cultures Connection\",\"url\":\"https:\\\/\\\/culturesconnection.com\\\/fr\\\/\",\"logo\":{\"@type\":\"ImageObject\",\"inLanguage\":\"es\",\"@id\":\"https:\\\/\\\/culturesconnection.com\\\/fr\\\/#\\\/schema\\\/logo\\\/image\\\/\",\"url\":\"https:\\\/\\\/culturesconnection.com\\\/wp-content\\\/uploads\\\/2022\\\/06\\\/cropped-favicon512x512.png\",\"contentUrl\":\"https:\\\/\\\/culturesconnection.com\\\/wp-content\\\/uploads\\\/2022\\\/06\\\/cropped-favicon512x512.png\",\"width\":512,\"height\":512,\"caption\":\"Cultures Connection\"},\"image\":{\"@id\":\"https:\\\/\\\/culturesconnection.com\\\/fr\\\/#\\\/schema\\\/logo\\\/image\\\/\"},\"sameAs\":[\"https:\\\/\\\/www.facebook.com\\\/CulturesConnection\",\"https:\\\/\\\/x.com\\\/CulturesCo_\"]}]}<\/script>\n<!-- \/ Yoast SEO Premium plugin. -->","yoast_head_json":{"title":"Servicios de traducci\u00f3n de dan\u00e9s","description":"Cultures Connection le proporciona los servicios de traducci\u00f3n de dan\u00e9s que necesita. \u00a1Nos ocupamos de todo tipo de proyecto por usted!","robots":{"index":"index","follow":"follow","max-snippet":"max-snippet:-1","max-image-preview":"max-image-preview:large","max-video-preview":"max-video-preview:-1"},"canonical":"https:\/\/culturesconnection.com\/es\/servicios-de-traduccion-de-danes\/","og_locale":"es_ES","og_type":"article","og_title":"Traducci\u00f3n de Dan\u00e9s","og_description":"Cultures Connection le proporciona los servicios de traducci\u00f3n de dan\u00e9s que necesita. \u00a1Nos ocupamos de todo tipo de proyecto por usted!","og_url":"https:\/\/culturesconnection.com\/es\/servicios-de-traduccion-de-danes\/","og_site_name":"Cultures Connection","article_publisher":"https:\/\/www.facebook.com\/CulturesConnection","article_modified_time":"2022-06-14T16:13:20+00:00","og_image":[{"width":1417,"height":561,"url":"https:\/\/culturesconnection.com\/wp-content\/uploads\/2020\/09\/P\u00e4gina_Servicios_de_traducci\u00f3n_por_idioma.png","type":"image\/png"}],"twitter_card":"summary_large_image","twitter_site":"@CulturesCo_","twitter_misc":{"Tiempo de lectura":"2 minutos"},"schema":{"@context":"https:\/\/schema.org","@graph":[{"@type":"WebPage","@id":"https:\/\/culturesconnection.com\/es\/servicios-de-traduccion-de-danes\/","url":"https:\/\/culturesconnection.com\/es\/servicios-de-traduccion-de-danes\/","name":"Servicios de traducci\u00f3n de dan\u00e9s","isPartOf":{"@id":"https:\/\/culturesconnection.com\/fr\/#website"},"primaryImageOfPage":{"@id":"https:\/\/culturesconnection.com\/es\/servicios-de-traduccion-de-danes\/#primaryimage"},"image":{"@id":"https:\/\/culturesconnection.com\/es\/servicios-de-traduccion-de-danes\/#primaryimage"},"thumbnailUrl":"https:\/\/culturesconnection.com\/wp-content\/uploads\/2020\/09\/P\u00e4gina_Servicios_de_traducci\u00f3n_por_idioma.png","datePublished":"2018-09-14T14:24:28+00:00","dateModified":"2022-06-14T16:13:20+00:00","description":"Cultures Connection le proporciona los servicios de traducci\u00f3n de dan\u00e9s que necesita. \u00a1Nos ocupamos de todo tipo de proyecto por usted!","breadcrumb":{"@id":"https:\/\/culturesconnection.com\/es\/servicios-de-traduccion-de-danes\/#breadcrumb"},"inLanguage":"es","potentialAction":[{"@type":"ReadAction","target":["https:\/\/culturesconnection.com\/es\/servicios-de-traduccion-de-danes\/"]}]},{"@type":"ImageObject","inLanguage":"es","@id":"https:\/\/culturesconnection.com\/es\/servicios-de-traduccion-de-danes\/#primaryimage","url":"https:\/\/culturesconnection.com\/wp-content\/uploads\/2020\/09\/P\u00e4gina_Servicios_de_traducci\u00f3n_por_idioma.png","contentUrl":"https:\/\/culturesconnection.com\/wp-content\/uploads\/2020\/09\/P\u00e4gina_Servicios_de_traducci\u00f3n_por_idioma.png","width":1417,"height":561},{"@type":"BreadcrumbList","@id":"https:\/\/culturesconnection.com\/es\/servicios-de-traduccion-de-danes\/#breadcrumb","itemListElement":[{"@type":"ListItem","position":1,"name":"Home","item":"https:\/\/culturesconnection.com\/es\/"},{"@type":"ListItem","position":2,"name":"Traducci\u00f3n de Dan\u00e9s"}]},{"@type":"WebSite","@id":"https:\/\/culturesconnection.com\/fr\/#website","url":"https:\/\/culturesconnection.com\/fr\/","name":"Cultures Connection","description":"Cultures Connection is a translation agency dedicated to the success of its international clients.","publisher":{"@id":"https:\/\/culturesconnection.com\/fr\/#organization"},"potentialAction":[{"@type":"SearchAction","target":{"@type":"EntryPoint","urlTemplate":"https:\/\/culturesconnection.com\/fr\/?s={search_term_string}"},"query-input":{"@type":"PropertyValueSpecification","valueRequired":true,"valueName":"search_term_string"}}],"inLanguage":"es"},{"@type":"Organization","@id":"https:\/\/culturesconnection.com\/fr\/#organization","name":"Cultures Connection","url":"https:\/\/culturesconnection.com\/fr\/","logo":{"@type":"ImageObject","inLanguage":"es","@id":"https:\/\/culturesconnection.com\/fr\/#\/schema\/logo\/image\/","url":"https:\/\/culturesconnection.com\/wp-content\/uploads\/2022\/06\/cropped-favicon512x512.png","contentUrl":"https:\/\/culturesconnection.com\/wp-content\/uploads\/2022\/06\/cropped-favicon512x512.png","width":512,"height":512,"caption":"Cultures Connection"},"image":{"@id":"https:\/\/culturesconnection.com\/fr\/#\/schema\/logo\/image\/"},"sameAs":["https:\/\/www.facebook.com\/CulturesConnection","https:\/\/x.com\/CulturesCo_"]}]}},"_links":{"self":[{"href":"https:\/\/culturesconnection.com\/es\/wp-json\/wp\/v2\/pages\/10915","targetHints":{"allow":["GET"]}}],"collection":[{"href":"https:\/\/culturesconnection.com\/es\/wp-json\/wp\/v2\/pages"}],"about":[{"href":"https:\/\/culturesconnection.com\/es\/wp-json\/wp\/v2\/types\/page"}],"author":[{"embeddable":true,"href":"https:\/\/culturesconnection.com\/es\/wp-json\/wp\/v2\/users\/22"}],"replies":[{"embeddable":true,"href":"https:\/\/culturesconnection.com\/es\/wp-json\/wp\/v2\/comments?post=10915"}],"version-history":[{"count":0,"href":"https:\/\/culturesconnection.com\/es\/wp-json\/wp\/v2\/pages\/10915\/revisions"}],"wp:featuredmedia":[{"embeddable":true,"href":"https:\/\/culturesconnection.com\/es\/wp-json\/wp\/v2\/media\/23259"}],"wp:attachment":[{"href":"https:\/\/culturesconnection.com\/es\/wp-json\/wp\/v2\/media?parent=10915"}],"curies":[{"name":"wp","href":"https:\/\/api.w.org\/{rel}","templated":true}]}}