{"id":10912,"date":"2018-09-14T14:48:42","date_gmt":"2018-09-14T12:48:42","guid":{"rendered":"http:\/\/culturesconnection.com\/?page_id=10912"},"modified":"2022-06-22T22:59:32","modified_gmt":"2022-06-22T20:59:32","slug":"servicios-de-traduccion-de-videojuegos-al-chino","status":"publish","type":"page","link":"https:\/\/culturesconnection.com\/es\/nuestros-servicios-de-traduccion-de-chino\/servicios-de-traduccion-de-videojuegos-al-chino\/","title":{"rendered":"Traducci\u00f3n de videojuegos de chino"},"content":{"rendered":"\n<h2 class=\"wp-block-heading\">Servicios de traducci\u00f3n de videojuegos de chino: proporcione la mejor experiencia a sus jugadores<\/h2>\n\n\n\n<p>Los jugadores chinos podr\u00edan estar interesados en su videojuego: \u00a1esto le permitir\u00eda distribuirlo por todo el mundo! Pero para averiguarlo y comenzar a aumentar sus ventas, tendr\u00e1 que pasar por la etapa de traducci\u00f3n y localizaci\u00f3n. Para ello, todo lo que necesita hacer es confiar todo su contenido a una <a href=\"https:\/\/culturesconnection.com\/es\/\">agencia de traducci\u00f3n<\/a> como la nuestra, que le asignar\u00e1 el proyecto a un traductor profesional chino especializado en traducci\u00f3n de videojuegos. Los especialistas con los que trabajamos son seleccionados seg\u00fan su formaci\u00f3n, su experiencia y sus cualificaciones en el campo de traducci\u00f3n en cuesti\u00f3n. Siempre encontramos al traductor profesional m\u00e1s adecuado para su proyecto y que m\u00e1s se adapta a sus necesidades.<\/p>\n\n\n\n<h2 class=\"wp-block-heading\">Nuestra agencia de traducci\u00f3n y localizaci\u00f3n de videojuegos<\/h2>\n\n\n\n<p>En Cultures Connection, nuestro objetivo es obtener resultados de calidad, independientemente del tipo de <a href=\"https:\/\/culturesconnection.com\/es\/servicios-de-traduccion\/\">servicio de traducci\u00f3n<\/a> proporcionado. En internet abundan dudosas <a href=\"https:\/\/culturesconnection.com\/es\/traduccion-localizacion-videojuegos\/\">traducciones de videojuegos<\/a> que son objeto de burla. Nosotros trabajamos para evitar este tipo de situaciones embarazosas y para garantizar el mayor grado de credibilidad a todos los desarrolladores de videojuegos que escogen nuestros servicios de traducci\u00f3n. Por esta raz\u00f3n, nuestros traductores de chino a espa\u00f1ol y de espa\u00f1ol a chino tambi\u00e9n se preocupan por localizar el contenido de su videojuego. En otras palabras, lo adaptan a la cultura meta con el fin de evitar malentendidos. Puede confiar en nosotros: nuestra experiencia demostrada en estos campos nos permite ser fiables, r\u00e1pidos y receptivos.<\/p>\n\n\n\n<h2 class=\"wp-block-heading\">Nuestros servicios de traducci\u00f3n de videojuegos de chino<\/h2>\n\n\n\n<p>Cultures Connection le propone una gran variedad de servicios de traducci\u00f3n de videojuegos al chino adaptados a sus necesidades y expectativas:<\/p>\n\n\n\n<ul class=\"wp-block-list\"><li>Traducci\u00f3n de videojuegos<\/li><li>Localizaci\u00f3n de videojuegos<\/li><li>Gesti\u00f3n de proyectos<\/li><li>Subtitulaci\u00f3n<\/li><li>Grabaci\u00f3n y doblaje<\/li><li>Control de calidad<\/li><\/ul>\n","protected":false},"excerpt":{"rendered":"<p>Servicios de traducci\u00f3n de videojuegos de chino: proporcione la mejor experiencia a sus jugadores Los jugadores chinos podr\u00edan estar interesados en su videojuego: \u00a1esto le [&#8230;]<\/p>\n<p><a class=\"btn btn-secondary understrap-read-more-link\" href=\"https:\/\/culturesconnection.com\/es\/nuestros-servicios-de-traduccion-de-chino\/servicios-de-traduccion-de-videojuegos-al-chino\/\">Leer m\u00e1s&#8230;<span class=\"screen-reader-text\"> from Traducci\u00f3n de videojuegos de chino<\/span><\/a><\/p>\n","protected":false},"author":22,"featured_media":24337,"parent":11111,"menu_order":0,"comment_status":"closed","ping_status":"closed","template":"","meta":{"_acf_changed":false,"_editorskit_title_hidden":false,"_editorskit_reading_time":0,"_editorskit_is_block_options_detached":false,"_editorskit_block_options_position":"{}","footnotes":""},"class_list":["post-10912","page","type-page","status-publish","has-post-thumbnail","hentry"],"acf":[],"_links":{"self":[{"href":"https:\/\/culturesconnection.com\/es\/wp-json\/wp\/v2\/pages\/10912","targetHints":{"allow":["GET"]}}],"collection":[{"href":"https:\/\/culturesconnection.com\/es\/wp-json\/wp\/v2\/pages"}],"about":[{"href":"https:\/\/culturesconnection.com\/es\/wp-json\/wp\/v2\/types\/page"}],"author":[{"embeddable":true,"href":"https:\/\/culturesconnection.com\/es\/wp-json\/wp\/v2\/users\/22"}],"replies":[{"embeddable":true,"href":"https:\/\/culturesconnection.com\/es\/wp-json\/wp\/v2\/comments?post=10912"}],"version-history":[{"count":0,"href":"https:\/\/culturesconnection.com\/es\/wp-json\/wp\/v2\/pages\/10912\/revisions"}],"up":[{"embeddable":true,"href":"https:\/\/culturesconnection.com\/es\/wp-json\/wp\/v2\/pages\/11111"}],"wp:featuredmedia":[{"embeddable":true,"href":"https:\/\/culturesconnection.com\/es\/wp-json\/wp\/v2\/media\/24337"}],"wp:attachment":[{"href":"https:\/\/culturesconnection.com\/es\/wp-json\/wp\/v2\/media?parent=10912"}],"curies":[{"name":"wp","href":"https:\/\/api.w.org\/{rel}","templated":true}]}}