{"id":10910,"date":"2018-09-14T14:38:11","date_gmt":"2018-09-14T13:38:11","guid":{"rendered":"http:\/\/culturesconnection.com\/?page_id=10910"},"modified":"2022-06-14T20:22:26","modified_gmt":"2022-06-14T18:22:26","slug":"servicios-de-traduccion-de-bulgaro","status":"publish","type":"page","link":"https:\/\/culturesconnection.com\/es\/servicios-de-traduccion-de-bulgaro\/","title":{"rendered":"Traducci\u00f3n de B\u00falgaro"},"content":{"rendered":"\n<h2 class=\"wp-block-heading\">Servicios de traducci\u00f3n profesional de b\u00falgaro<\/h2>\n\n\n\n<p>Si desea exportar su negocio a Bulgaria, nuestra <a href=\"https:\/\/culturesconnection.com\/es\/\">agencia de traducci\u00f3n<\/a> le puede guiar durante todo el proceso, ya que puede resultar un verdadero quebradero de cabeza si no conoce el mundo de la traducci\u00f3n. En Cultures Connection, nuestros jefes de proyecto se encargar\u00e1n de todos sus documentos y le entregar\u00e1n todo el trabajo a tiempo a un precio competitivo. Gracias a nuestros cuatro niveles de <a href=\"https:\/\/culturesconnection.com\/es\/servicios-de-traduccion\/\">servicios de traducci\u00f3n<\/a> (B\u00e1sico, Est\u00e1ndar, Profesional y Premium), nos adaptamos a su presupuesto, a sus necesidades y a su fecha l\u00edmite. Tambi\u00e9n ofrecemos servicios de traducci\u00f3n urgente de b\u00falgaro, siempre que nos sea posible.<\/p>\n\n\n\n<h2 class=\"wp-block-heading\">Nuestros traductores profesionales de b\u00falgaro<\/h2>\n\n\n\n<p>El b\u00falgaro es una lengua eslava meridional hablada por 10 millones de hablantes en Bulgaria, as\u00ed como en Ucrania, Moldavia y Ruman\u00eda. El empleo del alfabeto cir\u00edlico convierte el ejercicio de la traducci\u00f3n en un trabajo particularmente complejo. Por ello, en Cultures Connection nos ocupamos de seleccionar a los <a href=\"https:\/\/culturesconnection.com\/es\/traductor-profesional\/\">traductores m\u00e1s competentes y experimentados<\/a>. Adem\u00e1s de poner a prueba sus capacidades con regularidad, siempre comprobamos sus diplomas y experiencia antes de a\u00f1adirlos a nuestra base de datos. El esfuerzo que hacemos por vigilar y controlar el perfil de nuestros traductores nos asegura un resultado de gran calidad. Adem\u00e1s, todos los traductores profesionales con los que colaboramos son nativos de la lengua a la que traducen y conocen a la perfecci\u00f3n la cultura b\u00falgara.<\/p>\n\n\n\n<h2 class=\"wp-block-heading\">Nuestra agencia de traducci\u00f3n<\/h2>\n\n\n\n<p>Nuestra agencia se cre\u00f3 en 2007 y ya ha colaborado con clientes de todo el mundo y de todas las especialidades (industria, organizaciones internacionales, textil, energ\u00eda, etc.). Cultures Connection le propone diferentes servicios de traducci\u00f3n, por ejemplo:<\/p>\n\n\n\n<ul class=\"wp-block-list\"><li>Servicios de traducci\u00f3n financiera de b\u00falgaro<\/li><li>Servicios de traducci\u00f3n comercial de b\u00falgaro<\/li><li>Servicios de traducci\u00f3n cient\u00edfica de b\u00falgaro<\/li><li>Servicios de traducci\u00f3n m\u00e9dica de b\u00falgaro<\/li><li>Servicios de traducci\u00f3n t\u00e9cnica de b\u00falgaro<\/li><li>Servicios de traducci\u00f3n jur\u00eddica de b\u00falgaro<\/li><li>Servicios de traducci\u00f3n de marketing de b\u00falgaro<\/li><li>Servicios de traducci\u00f3n de p\u00e1ginas web de b\u00falgaro<\/li><li>Servicios de subtitulaci\u00f3n de b\u00falgaro<\/li><li>Servicios de traducci\u00f3n de videojuegos de b\u00falgaro<\/li><li>Servicios de traducci\u00f3n urgente de b\u00falgaro<\/li><\/ul>\n","protected":false},"excerpt":{"rendered":"<p>Servicios de traducci\u00f3n profesional de b\u00falgaro Si desea exportar su negocio a Bulgaria, nuestra agencia de traducci\u00f3n le puede guiar durante todo el proceso, ya [&#8230;]<\/p>\n<p><a class=\"btn btn-secondary understrap-read-more-link\" href=\"https:\/\/culturesconnection.com\/es\/servicios-de-traduccion-de-bulgaro\/\">Leer m\u00e1s&#8230;<span class=\"screen-reader-text\"> from Traducci\u00f3n de B\u00falgaro<\/span><\/a><\/p>\n","protected":false},"author":22,"featured_media":23259,"parent":0,"menu_order":0,"comment_status":"closed","ping_status":"closed","template":"","meta":{"_acf_changed":false,"_editorskit_title_hidden":false,"_editorskit_reading_time":0,"_editorskit_is_block_options_detached":false,"_editorskit_block_options_position":"{}","footnotes":""},"class_list":["post-10910","page","type-page","status-publish","has-post-thumbnail","hentry"],"acf":[],"_links":{"self":[{"href":"https:\/\/culturesconnection.com\/es\/wp-json\/wp\/v2\/pages\/10910","targetHints":{"allow":["GET"]}}],"collection":[{"href":"https:\/\/culturesconnection.com\/es\/wp-json\/wp\/v2\/pages"}],"about":[{"href":"https:\/\/culturesconnection.com\/es\/wp-json\/wp\/v2\/types\/page"}],"author":[{"embeddable":true,"href":"https:\/\/culturesconnection.com\/es\/wp-json\/wp\/v2\/users\/22"}],"replies":[{"embeddable":true,"href":"https:\/\/culturesconnection.com\/es\/wp-json\/wp\/v2\/comments?post=10910"}],"version-history":[{"count":0,"href":"https:\/\/culturesconnection.com\/es\/wp-json\/wp\/v2\/pages\/10910\/revisions"}],"wp:featuredmedia":[{"embeddable":true,"href":"https:\/\/culturesconnection.com\/es\/wp-json\/wp\/v2\/media\/23259"}],"wp:attachment":[{"href":"https:\/\/culturesconnection.com\/es\/wp-json\/wp\/v2\/media?parent=10910"}],"curies":[{"name":"wp","href":"https:\/\/api.w.org\/{rel}","templated":true}]}}