{"id":10903,"date":"2018-09-13T11:57:15","date_gmt":"2018-09-13T09:57:15","guid":{"rendered":"http:\/\/culturesconnection.com\/?page_id=10903"},"modified":"2022-06-22T22:51:41","modified_gmt":"2022-06-22T20:51:41","slug":"traduccion-de-videojuegos-al-arabe","status":"publish","type":"page","link":"https:\/\/culturesconnection.com\/es\/servicios-de-traduccion-al-arabe\/traduccion-de-videojuegos-al-arabe\/","title":{"rendered":"Traducci\u00f3n de videojuegos de \u00e1rabe"},"content":{"rendered":"\n<h2 class=\"wp-block-heading\">Traducci\u00f3n de videojuegos de \u00e1rabe: mejore la experiencia de sus jugadores<\/h2>\n\n\n\n<p>\u00bfLe gustar\u00eda que su videojuego fuera accesible a personas arab\u00f3fonas? \u00a1Ofr\u00e9zcales la oportunidad de jugar en su lengua materna! Nuestra <a href=\"https:\/\/culturesconnection.com\/es\/\">agencia de traducci\u00f3n<\/a> est\u00e1 especializada en la traducci\u00f3n y localizaci\u00f3n de videojuegos de \u00e1rabe, de esta manera nuestros clientes pueden distribuir sus productos por todo el mundo y aumentar sus ventas. Conf\u00ede en nuestra reconocida experiencia para expandir su mensaje con una calidad inigualable. Nosotros somos su mejor aliado para gestionar su proyecto y para realizar su traducci\u00f3n y su adaptaci\u00f3n cultural.<\/p>\n\n\n\n<h2 class=\"wp-block-heading\">Nuestra agencia de traducci\u00f3n localiza todos sus videojuegos<\/h2>\n\n\n\n<p>Para obtener los mejores resultados, Cultures Connection cuenta con los <a href=\"https:\/\/culturesconnection.com\/es\/servicios-de-traduccion\/\">servicios<\/a> de traductores del \u00e1rabe al espa\u00f1ol y del espa\u00f1ol al \u00e1rabe. Todos son nativos de la lengua a la que traducen y, por ello, pueden proporcionarle la mejor adaptaci\u00f3n cultural de su contenido. Adem\u00e1s de estar cualificados ling\u00fc\u00edsticamente, cuentan con una experiencia acreditada en el campo de la <a href=\"https:\/\/culturesconnection.com\/es\/traduccion-localizacion-videojuegos\/\">traducci\u00f3n de videojuegos<\/a>. Al escoger nuestros servicios de traducci\u00f3n, escoge calidad y fiabilidad. Traducimos y localizamos sus videojuegos para consolidar la credibilidad de su empresa.<\/p>\n\n\n\n<h2 class=\"wp-block-heading\">Nuestros servicios de traducci\u00f3n de \u00e1rabe<\/h2>\n\n\n\n<p>Cultures Connection le acompa\u00f1a durante el proyecto de internacionalizaci\u00f3n de su empresa ofreci\u00e9ndole diferentes servicios:<\/p>\n\n\n\n<ul class=\"wp-block-list\"><li>Traducci\u00f3n de videojuegos<\/li><li>Localizaci\u00f3n de videojuegos<\/li><li>Gesti\u00f3n de proyectos<\/li><li>Subtitulaci\u00f3n<\/li><li>Grabaci\u00f3n y doblaje<\/li><li>Control de calidad<\/li><\/ul>\n","protected":false},"excerpt":{"rendered":"<p>Traducci\u00f3n de videojuegos de \u00e1rabe: mejore la experiencia de sus jugadores \u00bfLe gustar\u00eda que su videojuego fuera accesible a personas arab\u00f3fonas? \u00a1Ofr\u00e9zcales la oportunidad de [&#8230;]<\/p>\n<p><a class=\"btn btn-secondary understrap-read-more-link\" href=\"https:\/\/culturesconnection.com\/es\/servicios-de-traduccion-al-arabe\/traduccion-de-videojuegos-al-arabe\/\">Leer m\u00e1s&#8230;<span class=\"screen-reader-text\"> from Traducci\u00f3n de videojuegos de \u00e1rabe<\/span><\/a><\/p>\n","protected":false},"author":22,"featured_media":24337,"parent":11061,"menu_order":0,"comment_status":"closed","ping_status":"closed","template":"","meta":{"_acf_changed":false,"_editorskit_title_hidden":false,"_editorskit_reading_time":0,"_editorskit_is_block_options_detached":false,"_editorskit_block_options_position":"{}","footnotes":""},"class_list":["post-10903","page","type-page","status-publish","has-post-thumbnail","hentry"],"acf":[],"_links":{"self":[{"href":"https:\/\/culturesconnection.com\/es\/wp-json\/wp\/v2\/pages\/10903","targetHints":{"allow":["GET"]}}],"collection":[{"href":"https:\/\/culturesconnection.com\/es\/wp-json\/wp\/v2\/pages"}],"about":[{"href":"https:\/\/culturesconnection.com\/es\/wp-json\/wp\/v2\/types\/page"}],"author":[{"embeddable":true,"href":"https:\/\/culturesconnection.com\/es\/wp-json\/wp\/v2\/users\/22"}],"replies":[{"embeddable":true,"href":"https:\/\/culturesconnection.com\/es\/wp-json\/wp\/v2\/comments?post=10903"}],"version-history":[{"count":0,"href":"https:\/\/culturesconnection.com\/es\/wp-json\/wp\/v2\/pages\/10903\/revisions"}],"up":[{"embeddable":true,"href":"https:\/\/culturesconnection.com\/es\/wp-json\/wp\/v2\/pages\/11061"}],"wp:featuredmedia":[{"embeddable":true,"href":"https:\/\/culturesconnection.com\/es\/wp-json\/wp\/v2\/media\/24337"}],"wp:attachment":[{"href":"https:\/\/culturesconnection.com\/es\/wp-json\/wp\/v2\/media?parent=10903"}],"curies":[{"name":"wp","href":"https:\/\/api.w.org\/{rel}","templated":true}]}}