{"id":104761,"date":"2024-04-24T11:41:55","date_gmt":"2024-04-24T09:41:55","guid":{"rendered":"https:\/\/culturesconnection.com\/?page_id=104761"},"modified":"2024-04-24T11:51:07","modified_gmt":"2024-04-24T09:51:07","slug":"nuestros-servicios-de-traduccion-sobre-medio-ambiente-y-energia","status":"publish","type":"page","link":"https:\/\/culturesconnection.com\/es\/nuestros-servicios-de-traduccion-sobre-medio-ambiente-y-energia\/","title":{"rendered":"Nuestros servicios de traducci\u00f3n sobre medio ambiente y energ\u00eda"},"content":{"rendered":"\n<p><\/p>\n\n\n\n<h2 class=\"wp-block-heading\" id=\"h-agencia-de-traduccion-de-medio-ambiente-y-energia\">Agencia de traducci\u00f3n de medio ambiente y energ\u00eda<\/h2>\n\n\n\n<p>\u00bfBusca servicios de traducci\u00f3n de calidad en el sector del medio ambiente y la energ\u00eda? Cultures Connection es la <a href=\"https:\/\/culturesconnection.com\/es\/\" class=\"ek-link\">agencia de traducci\u00f3n<\/a> que puede encargarse de la <strong>traducci\u00f3n multiling\u00fce de todos sus proyectos en el sector del medio ambiente y la energ\u00eda<\/strong>. De hecho, nuestra agencia de traducci\u00f3n apoya los proyectos de comunicaci\u00f3n multiling\u00fce de instituciones y empresas comprometidas, por ejemplo, con el desarrollo sostenible y la energ\u00eda limpia. El medio ambiente es un tema clave en todos los continentes, y se est\u00e1 produciendo un gran movimiento para encontrar soluciones globales y eficaces.<\/p>\n\n\n\n<p>Las traducciones de documentos relacionados con el medio ambiente, la energ\u00eda y la econom\u00eda ecol\u00f3gica son cada vez m\u00e1s demandadas. En los \u00faltimos a\u00f1os se ha acelerado la creaci\u00f3n de nuevos servicios y nuevas profesiones conocidas como profesiones verdes, el desarrollo de nuevas normas medioambientales, nueva legislaci\u00f3n, fuentes de energ\u00eda menos contaminantes, proyectos de transporte sostenible, exposiciones sobre biodiversidad y arte ecol\u00f3gico. Las cuestiones ecol\u00f3gicas afectan a un amplio abanico de sectores y tipos de proyectos, por lo que los expertos ling\u00fc\u00edsticos que ofrecen sus servicios deben ser vers\u00e1tiles. Las traducciones medioambientales abarcan una amplia gama de campos: agricultura, energ\u00eda, transporte, sanidad, telecomunicaciones, derecho, bioqu\u00edmica, construcci\u00f3n e ingenier\u00eda. Las innovaciones, los planteamientos de protecci\u00f3n, la legislaci\u00f3n y las normas medioambientales var\u00edan de un pa\u00eds a otro (o de un estado a otro en el caso de Estados Unidos), al igual que la aplicaci\u00f3n de las pol\u00edticas medioambientales. Por todo ello, necesita profesionales del sector para sus proyectos.<\/p>\n\n\n\n<p>\u00bfNecesita una traducci\u00f3n en el \u00e1mbito del medio ambiente? \u00bfEnerg\u00eda renovable? \u00bfResponsabilidad social? Recurra a nuestro equipo de traductores especializados en medio ambiente y energ\u00eda franc\u00e9s-ingl\u00e9s para sus proyectos. Si su empresa necesita una traducci\u00f3n a otro idioma de destino, tambi\u00e9n tenemos la soluci\u00f3n. Nuestra agencia de traducci\u00f3n ha reunido a un equipo multiling\u00fce de traductores formados en traducci\u00f3n y ciencias.<\/p>\n\n\n\n<p><\/p>\n\n\n\n<h2 class=\"wp-block-heading\" id=\"h-necesita-traductores-especializados-en-medio-ambiente\">\u00bfNecesita traductores especializados en medio ambiente?<\/h2>\n\n\n\n<p>Nuestros <strong>traductores especializados en medio ambiente y energ\u00eda<\/strong> poseen todos los conocimientos t\u00e9cnicos, jur\u00eddicos y literarios necesarios para realizar un trabajo de calidad, sea cual sea su proyecto. Nuestro equipo profesional ha desarrollado nuevas competencias y sigue actualizando sus conocimientos sobre las innovaciones en cada campo. Se necesita una verdadera comprensi\u00f3n de las cuestiones medioambientales y energ\u00e9ticas. Tambi\u00e9n es necesario dominar la terminolog\u00eda utilizada en estos \u00e1mbitos, incluido el vocabulario utilizado por el p\u00fablico en general, el vocabulario t\u00e9cnico utilizado por las empresas y el vocabulario cient\u00edfico utilizado por los investigadores. El contenido puede dirigirse a distintos p\u00fablicos y tratar multitud de temas. Los documentos a traducir pueden centrarse en aspectos positivos y prometedores del medio ambiente, como la energ\u00eda geot\u00e9rmica marina y la energ\u00eda de las olas, las innovaciones en reciclaje con gesti\u00f3n optimizada de residuos, la agricultura ecol\u00f3gica o la agricultura sostenible. A veces, los textos o contenidos audiovisuales se centran en problemas ecol\u00f3gicos, como el continente de pl\u00e1stico que dejan a la deriva los residuos flotantes y los micropl\u00e1sticos, la erosi\u00f3n del suelo, la fauna en peligro de extinci\u00f3n, los pesticidas y las epidemias.<\/p>\n\n\n\n<p>Existen numerosos recursos \u00fatiles para mantener bien informados a traductores y editores: asociaciones profesionales de traductores que ofrecen cursos de formaci\u00f3n espec\u00edficos (como \u00abTraducir el desarrollo sostenible\u00bb), as\u00ed como sitios web y portales p\u00fablicos de instituciones p\u00fablicas, centros e institutos de investigaci\u00f3n cient\u00edfica, ONG y asociaciones. Nuestro equipo de traductores puede traducir sus textos sobre descarbonizaci\u00f3n de la econom\u00eda, crecimiento ecol\u00f3gico, planificaci\u00f3n energ\u00e9tica y protecci\u00f3n del patrimonio natural.<\/p>\n\n\n\n<h2 class=\"wp-block-heading\" id=\"h-nuestra-experiencia-en-medio-ambiente-y-energia\">Nuestra experiencia en medio ambiente y energ\u00eda<\/h2>\n\n\n\n<p>Nuestra agencia de traducci\u00f3n ofrece experiencia en los sectores del medio ambiente y la energ\u00eda, con servicios profesionales para cada proyecto, adaptados a su mercado. Nuestro equipo puede traducir sus documentos del franc\u00e9s al ingl\u00e9s y a los idiomas de la Uni\u00f3n Europea y las principales lenguas del resto del mundo. Prestar servicios de traducci\u00f3n de folletos, cat\u00e1logos, prospectos y sitios web a nuestros clientes comprometidos con el desarrollo sostenible es tambi\u00e9n para nosotros una forma de contribuir a un c\u00edrculo virtuoso. Y al difundir informaci\u00f3n y soluciones medioambientales y energ\u00e9ticas al mayor n\u00famero posible de personas, estamos contribuyendo a la transici\u00f3n ecol\u00f3gica y fomentando las mejores pr\u00e1cticas.<\/p>\n\n\n\n<p>Nuestros clientes nos conf\u00edan proyectos de traducci\u00f3n porque saben que nuestra agencia de traducci\u00f3n ofrece servicios de calidad. Organizaciones internacionales, ministerios, autoridades locales, empresas, asociaciones no gubernamentales y universidades conf\u00edan en nosotros para traducir el contenido de sus proyectos. Entre ellos, la FAO (Organizaci\u00f3n de las Naciones Unidas para la Agricultura y la Alimentaci\u00f3n), el grupo V20 con el Foro sobre Vulnerabilidad Clim\u00e1tica, una empresa estadounidense dedicada a acelerar la transici\u00f3n energ\u00e9tica, una ONG que trabaja en energ\u00eda solar sin conexi\u00f3n a la red y una asociaci\u00f3n dedicada a la protecci\u00f3n de los oc\u00e9anos. Nuestra agencia tambi\u00e9n traduce proyectos y trabajos de destacadas universidades y laboratorios a la vanguardia de la investigaci\u00f3n sobre la contaminaci\u00f3n (y su limpieza).<\/p>\n\n\n\n<p>\u00bfQuiere saber m\u00e1s sobre nuestra experiencia en el sector? Cada proyecto de traducci\u00f3n es \u00fanico y requiere unos conocimientos t\u00e9cnicos inigualables, independientemente del tama\u00f1o del proyecto, la lengua de origen o el mercado de destino. Obtenga m\u00e1s informaci\u00f3n sobre los proyectos que hemos realizado para nuestros clientes en la secci\u00f3n de recursos de nuestro sitio web.<\/p>\n\n\n\n<h2 class=\"wp-block-heading\" id=\"h-traduccion-de-calidad-de-sus-documentos\">Traducci\u00f3n de calidad de sus documentos<\/h2>\n\n\n\n<p>El equipo de Cultures Connection se complace en contribuir a la difusi\u00f3n de los conocimientos en el sector del medio ambiente y la energ\u00eda. Cada a\u00f1o, nuestra agencia de traducci\u00f3n realiza traducciones en una amplia gama de idiomas (ingl\u00e9s, franc\u00e9s y otros idiomas, desde los m\u00e1s comunes a los m\u00e1s raros) para sus documentos en los \u00e1mbitos del medio ambiente y la energ\u00eda. He aqu\u00ed algunos ejemplos de traducciones en su sector:<\/p>\n\n\n\n<p>&#8211; estudios de impacto ambiental e informes de estudios, dict\u00e1menes t\u00e9cnicos ;<\/p>\n\n\n\n<p>&#8211; cartas \u00e9ticas y normas medioambientales, gu\u00edas de buenas pr\u00e1cticas, documentos de planificaci\u00f3n medioambiental ;<\/p>\n\n\n\n<p>&#8211; recomendaciones, estrategias y planes de acci\u00f3n de la comisi\u00f3n ;<\/p>\n\n\n\n<p>&#8211; formularios, documentos de licitaci\u00f3n, presentaciones, anuncios ;<\/p>\n\n\n\n<p>&#8211; cat\u00e1logos y fichas de productos ecol\u00f3gicos, bases de datos, fichas informativas ;<\/p>\n\n\n\n<p>&#8211; comunicados de prensa, discursos, noticias, boletines ;<\/p>\n\n\n\n<p>&#8211; contratos, asociaciones, convenios, medidas, expedientes de financiaci\u00f3n de proyectos energ\u00e9ticos y medioambientales ;<\/p>\n\n\n\n<p>&#8211; traducci\u00f3n y localizaci\u00f3n de sitios web, aplicaciones y plataformas ;<\/p>\n\n\n\n<p>&#8211; subtitulaci\u00f3n de documentales, cursos y formaci\u00f3n, entrevistas, v\u00eddeos de marketing, campa\u00f1as de comunicaci\u00f3n ;<\/p>\n\n\n\n<p>&#8211; propiedad intelectual: patentes, descripciones, res\u00famenes.<\/p>\n","protected":false},"excerpt":{"rendered":"<p>Agencia de traducci\u00f3n de medio ambiente y energ\u00eda \u00bfBusca servicios de traducci\u00f3n de calidad en el sector del medio ambiente y la energ\u00eda? Cultures Connection [&#8230;]<\/p>\n<p><a class=\"btn btn-secondary understrap-read-more-link\" href=\"https:\/\/culturesconnection.com\/es\/nuestros-servicios-de-traduccion-sobre-medio-ambiente-y-energia\/\">Leer m\u00e1s&#8230;<span class=\"screen-reader-text\"> from Nuestros servicios de traducci\u00f3n sobre medio ambiente y energ\u00eda<\/span><\/a><\/p>\n","protected":false},"author":77,"featured_media":0,"parent":0,"menu_order":0,"comment_status":"closed","ping_status":"closed","template":"","meta":{"_acf_changed":false,"_editorskit_title_hidden":false,"_editorskit_reading_time":0,"_editorskit_is_block_options_detached":false,"_editorskit_block_options_position":"{}","footnotes":""},"class_list":["post-104761","page","type-page","status-publish","hentry"],"acf":[],"_links":{"self":[{"href":"https:\/\/culturesconnection.com\/es\/wp-json\/wp\/v2\/pages\/104761","targetHints":{"allow":["GET"]}}],"collection":[{"href":"https:\/\/culturesconnection.com\/es\/wp-json\/wp\/v2\/pages"}],"about":[{"href":"https:\/\/culturesconnection.com\/es\/wp-json\/wp\/v2\/types\/page"}],"author":[{"embeddable":true,"href":"https:\/\/culturesconnection.com\/es\/wp-json\/wp\/v2\/users\/77"}],"replies":[{"embeddable":true,"href":"https:\/\/culturesconnection.com\/es\/wp-json\/wp\/v2\/comments?post=104761"}],"version-history":[{"count":0,"href":"https:\/\/culturesconnection.com\/es\/wp-json\/wp\/v2\/pages\/104761\/revisions"}],"wp:attachment":[{"href":"https:\/\/culturesconnection.com\/es\/wp-json\/wp\/v2\/media?parent=104761"}],"curies":[{"name":"wp","href":"https:\/\/api.w.org\/{rel}","templated":true}]}}