{"id":104238,"date":"2024-03-19T00:50:16","date_gmt":"2024-03-18T23:50:16","guid":{"rendered":"https:\/\/culturesconnection.com\/?page_id=104238"},"modified":"2024-03-19T00:50:19","modified_gmt":"2024-03-18T23:50:19","slug":"presupuesto-gratuito-de-servicios-de-interpretacion","status":"publish","type":"page","link":"https:\/\/culturesconnection.com\/es\/presupuesto-gratuito-de-servicios-de-interpretacion\/","title":{"rendered":"Nuestro presupuesto gratuito de servicios de interpretaci\u00f3n"},"content":{"rendered":"\n<h2 class=\"wp-block-heading\" id=\"h-que-es-un-presupuesto-gratuito-de-servicios-de-interpretacion\"><strong>\u00bfQu\u00e9 es un presupuesto gratuito de servicios de interpretaci\u00f3n?<\/strong><\/h2>\n\n\n\n<p><a href=\"https:\/\/culturesconnection.com\/es\/\" class=\"ek-link\">Cultures Connection<\/a> es un proveedor de servicios ling\u00fc\u00edsticos con sede en Francia, Estados Unidos y Argentina. Ofrecemos una amplia gama de servicios de interpretaci\u00f3n profesional. Tanto si necesita interpretaci\u00f3n consecutiva, simult\u00e1nea o de enlace, in situ o a distancia, nuestro equipo puede ayudarle. Solo necesita ponerse en contacto con nosotros a trav\u00e9s de un presupuesto gratuito de servicios de interpretaci\u00f3n.<\/p>\n\n\n\n<p>En Cultures Connection, el presupuesto es gratuito y lo preparamos lo m\u00e1s pronto posible. Si tiene una solicitud urgente, llame a nuestras oficinas y hable con un gestor de proyectos.<\/p>\n\n\n\n<p>Nuestro equipo realiza numerosos presupuestos para una gran variedad de proyectos de interpretaci\u00f3n, ya sea in situ o a distancia. Ofrecemos respuestas claras a las preguntas de los clientes que necesitan m\u00e1s informaci\u00f3n sobre precios y servicios.<\/p>\n\n\n\n<h2 class=\"wp-block-heading\" id=\"h-entender-un-presupuesto-de-interpretacion-es-facil\">Entender un presupuesto de interpretaci\u00f3n es f\u00e1cil<\/h2>\n\n\n\n<p>Para elaborar un presupuesto de <a href=\"https:\/\/culturesconnection.com\/es\/interpretacion\/\" class=\"ek-link\">servicios de interpretaci\u00f3n<\/a>, nuestro equipo tiene en cuenta varios datos clave sobre el evento, la reuni\u00f3n o la formaci\u00f3n para la que necesita int\u00e9rpretes. El precio del servicio variar\u00e1 en funci\u00f3n de los siguientes criterios:<\/p>\n\n\n\n<p>&#8211; <strong>El tipo de servicio de interpretaci\u00f3n<\/strong>: De acuerdo a la din\u00e1mica del encuentro, le ofreceremos un servicio de interpretaci\u00f3n de conferencias -tambi\u00e9n conocida como interpretaci\u00f3n simult\u00e1nea-, interpretaci\u00f3n consecutiva, interpretaci\u00f3n de enlace o interpretaci\u00f3n susurrada;<\/p>\n\n\n\n<p>&#8211; <strong>El n\u00famero de int\u00e9rpretes que necesita<\/strong>: La cantidad de profesionales a contratar var\u00eda en funci\u00f3n del tipo de servicio de interpretaci\u00f3n (ya que, por ejemplo, para cumplir con los est\u00e1ndares de calidad de trabajo, se requiere un m\u00ednimo de dos int\u00e9rpretes para la interpretaci\u00f3n simult\u00e1nea), la duraci\u00f3n del evento y el n\u00famero de idiomas a traducir oralmente;<\/p>\n\n\n\n<p>&#8211; <strong>Su sector de actividad<\/strong>: Algunos campos implican un mayor nivel de especializaci\u00f3n y tecnicidad que otros;<\/p>\n\n\n\n<p>&#8211; <strong>El equipo de interpretaci\u00f3n necesario<\/strong>: Teniendo en cuenta el tipo de servicio de interpretaci\u00f3n, el n\u00famero de oradores y de participantes, le recomendaremos el alquiler de determinado <a href=\"https:\/\/culturesconnection.com\/es\/material-de-interpretacion\/\" class=\"ek-link\">material de interpretaci\u00f3n<\/a>, como micr\u00f3fonos, equipos port\u00e1tiles, consolas de audio o cabinas;<\/p>\n\n\n\n<p>&#8211; <strong>Los gastos adicionales<\/strong>: Viaje, comida, alojamiento, seguro, grabaci\u00f3n de v\u00eddeo o audio.<\/p>\n","protected":false},"excerpt":{"rendered":"<p>\u00bfQu\u00e9 es un presupuesto gratuito de servicios de interpretaci\u00f3n? Cultures Connection es un proveedor de servicios ling\u00fc\u00edsticos con sede en Francia, Estados Unidos y Argentina. [&#8230;]<\/p>\n<p><a class=\"btn btn-secondary understrap-read-more-link\" href=\"https:\/\/culturesconnection.com\/es\/presupuesto-gratuito-de-servicios-de-interpretacion\/\">Leer m\u00e1s&#8230;<span class=\"screen-reader-text\"> from Nuestro presupuesto gratuito de servicios de interpretaci\u00f3n<\/span><\/a><\/p>\n","protected":false},"author":52,"featured_media":19570,"parent":0,"menu_order":0,"comment_status":"closed","ping_status":"closed","template":"","meta":{"_acf_changed":false,"_editorskit_title_hidden":false,"_editorskit_reading_time":0,"_editorskit_is_block_options_detached":false,"_editorskit_block_options_position":"{}","footnotes":""},"class_list":["post-104238","page","type-page","status-publish","has-post-thumbnail","hentry"],"acf":[],"_links":{"self":[{"href":"https:\/\/culturesconnection.com\/es\/wp-json\/wp\/v2\/pages\/104238","targetHints":{"allow":["GET"]}}],"collection":[{"href":"https:\/\/culturesconnection.com\/es\/wp-json\/wp\/v2\/pages"}],"about":[{"href":"https:\/\/culturesconnection.com\/es\/wp-json\/wp\/v2\/types\/page"}],"author":[{"embeddable":true,"href":"https:\/\/culturesconnection.com\/es\/wp-json\/wp\/v2\/users\/52"}],"replies":[{"embeddable":true,"href":"https:\/\/culturesconnection.com\/es\/wp-json\/wp\/v2\/comments?post=104238"}],"version-history":[{"count":0,"href":"https:\/\/culturesconnection.com\/es\/wp-json\/wp\/v2\/pages\/104238\/revisions"}],"wp:featuredmedia":[{"embeddable":true,"href":"https:\/\/culturesconnection.com\/es\/wp-json\/wp\/v2\/media\/19570"}],"wp:attachment":[{"href":"https:\/\/culturesconnection.com\/es\/wp-json\/wp\/v2\/media?parent=104238"}],"curies":[{"name":"wp","href":"https:\/\/api.w.org\/{rel}","templated":true}]}}