{"id":99002,"date":"2023-02-14T13:43:43","date_gmt":"2023-02-14T12:43:43","guid":{"rendered":"https:\/\/culturesconnection.com\/?page_id=99002"},"modified":"2023-02-14T13:43:45","modified_gmt":"2023-02-14T12:43:45","slug":"unser-kostenvoranschlag-fuer-dolmetscherdienstleistungen","status":"publish","type":"page","link":"https:\/\/culturesconnection.com\/de\/unser-kostenvoranschlag-fuer-dolmetscherdienstleistungen\/","title":{"rendered":"Unser Kostenvoranschlag f\u00fcr Dolmetscherdienstleistungen"},"content":{"rendered":"\n<h2 class=\"wp-block-heading\">Kostenvoranschlag f\u00fcr Dolmetscherdienstleistungen<\/h2>\n\n\n\n<p><a href=\"https:\/\/culturesconnection.com\/de\/\">Cultures Connection<\/a> ist ein Sprachdienstleister mit Standorten in Frankreich, den Vereinigten Staaten und Argentinien. Wir bieten u.a. professionelle <a href=\"https:\/\/culturesconnection.com\/de\/dolmetscherdienste\/\">Dolmetscherdienste<\/a> an. Ob Sie nun einen Konsekutiv-, Simultan- oder Verhandlungsdolmetscher ben\u00f6tigen, ob vor Ort oder aus der Ferne, unser Team kann Ihnen helfen.<\/p>\n\n\n\n<p>Bei Cultures Connection erhalten Sie schnellstm\u00f6glich einen kostenlosen Kostenvoranschlag. Sollten Sie eine dringende Anfrage haben, rufen Sie bitte in unserem B\u00fcro an und sprechen Sie mit einem unserer Projektmanager!<\/p>\n\n\n\n<p>Unser Team erstellt zahlreiche Kostenvoranschl\u00e4ge f\u00fcr eine Vielzahl von Dolmetschprojekten, entweder vor Ort oder aus der Ferne. Wir beantworten Kundenfragen zu Preisen und Dienstleistungen klar und deutlich.<\/p>\n\n\n\n<h2 class=\"wp-block-heading\">Wie liest man einen Kostenvoranschlag f\u00fcr eine Dolmetscherleistung?<\/h2>\n\n\n\n<p>Bei der Erstellung eines Kostenvoranschlags ber\u00fccksichtigt unser Team mehrere wichtige Informationen zu der Veranstaltung, Konferenz oder Schulung f\u00fcr die ein Dolmetscher ben\u00f6tigt wird. Der Preis f\u00fcr die Dienstleistung richtet sich nach den folgenden Kriterien:<\/p>\n\n\n\n<p>&#8211; <strong>Art des Dolmetscherdienstes:<\/strong> Konferenzdolmetschen &#8211; auch bekannt als Simultandolmetschen -, Konsekutivdolmetschen oder Verhandlungsdolmetschen und Fl\u00fcsterdolmetschen;<\/p>\n\n\n\n<p><strong>&#8211; Anzahl der ben\u00f6tigten Dolmetscher: <\/strong>Diese Zahl richtet sich nach der Art des Dolmetschens, wobei f\u00fcr das Simultandolmetschen mindestens zwei Dolmetscher erforderlich sind; der Dauer der Veranstaltung und der Anzahl der m\u00fcndlich zu \u00fcbersetzenden Sprachen;<\/p>\n\n\n\n<p><strong>&#8211; Branche oder T\u00e4tigkeitsbereich: <\/strong>Einige Bereiche sind spezialisierter und technischer als andere, z. B. die Gesundheitsbranche;<\/p>\n\n\n\n<p><strong>&#8211; Erforderliche Dolmetscherausr\u00fcstung: <\/strong>Ob Sie Mikrofone, Headsets, Audiokonsolen oder \u00dcbersetzerkabinen ben\u00f6tigen, h\u00e4ngt von der Anzahl der Redner und Teilnehmer ab;<\/p>\n\n\n\n<p><strong>&#8211; Zusatzkosten: <\/strong>Reise, Verpflegung, Unterkunft, Versicherung, Video- oder Audioaufnahmen.<\/p>\n","protected":false},"excerpt":{"rendered":"<p>Kostenvoranschlag f\u00fcr Dolmetscherdienstleistungen Cultures Connection ist ein Sprachdienstleister mit Standorten in Frankreich, den Vereinigten Staaten und Argentinien. Wir bieten u.a. professionelle Dolmetscherdienste an. Ob Sie [&#8230;]<\/p>\n<p><a class=\"btn btn-secondary understrap-read-more-link\" href=\"https:\/\/culturesconnection.com\/de\/unser-kostenvoranschlag-fuer-dolmetscherdienstleistungen\/\">Weiterlesen&#8230;<span class=\"screen-reader-text\"> from Unser Kostenvoranschlag f\u00fcr Dolmetscherdienstleistungen<\/span><\/a><\/p>\n","protected":false},"author":73,"featured_media":19574,"parent":0,"menu_order":0,"comment_status":"closed","ping_status":"closed","template":"","meta":{"_acf_changed":false,"_editorskit_title_hidden":false,"_editorskit_reading_time":1,"_editorskit_is_block_options_detached":false,"_editorskit_block_options_position":"{}","footnotes":""},"class_list":["post-99002","page","type-page","status-publish","has-post-thumbnail","hentry"],"acf":[],"_links":{"self":[{"href":"https:\/\/culturesconnection.com\/de\/wp-json\/wp\/v2\/pages\/99002","targetHints":{"allow":["GET"]}}],"collection":[{"href":"https:\/\/culturesconnection.com\/de\/wp-json\/wp\/v2\/pages"}],"about":[{"href":"https:\/\/culturesconnection.com\/de\/wp-json\/wp\/v2\/types\/page"}],"author":[{"embeddable":true,"href":"https:\/\/culturesconnection.com\/de\/wp-json\/wp\/v2\/users\/73"}],"replies":[{"embeddable":true,"href":"https:\/\/culturesconnection.com\/de\/wp-json\/wp\/v2\/comments?post=99002"}],"version-history":[{"count":0,"href":"https:\/\/culturesconnection.com\/de\/wp-json\/wp\/v2\/pages\/99002\/revisions"}],"wp:featuredmedia":[{"embeddable":true,"href":"https:\/\/culturesconnection.com\/de\/wp-json\/wp\/v2\/media\/19574"}],"wp:attachment":[{"href":"https:\/\/culturesconnection.com\/de\/wp-json\/wp\/v2\/media?parent=99002"}],"curies":[{"name":"wp","href":"https:\/\/api.w.org\/{rel}","templated":true}]}}