{"id":19731,"date":"2020-03-16T10:19:56","date_gmt":"2020-03-16T09:19:56","guid":{"rendered":"http:\/\/culturesconnection.com\/?page_id=19731"},"modified":"2022-06-08T22:25:32","modified_gmt":"2022-06-08T20:25:32","slug":"dolmetschermaterial","status":"publish","type":"page","link":"https:\/\/culturesconnection.com\/de\/dolmetschermaterial\/","title":{"rendered":"Unser Dolmetschermaterial"},"content":{"rendered":"\n<h2 class=\"wp-block-heading\">Technische Ausr\u00fcstung f\u00fcr Qualit\u00e4tsdolmetschungen<\/h2>\n\n\n\n<p>Die Einstellung von Dolmetschern ist m\u00f6glicherweise nicht der einzige Schritt, den ein Unternehmen umsetzen muss, um eine mehrsprachige Veranstaltung erfolgreich zu organisieren. Kongresse mit einer gro\u00dfen Anzahl von Teilnehmern ben\u00f6tigen schalldichte Kabinen, Tonkonsolen, Headsets und Mikrofone, damit die Fachleute gleichzeitig mit den Rednern dolmetschen k\u00f6nnen und die Zuh\u00f6rer sie ohne Probleme in ihrer Muttersprache h\u00f6ren k\u00f6nnen. Bei Museumsbesuchen mit F\u00fchrung kann die Verwendung von Infoport-Ausr\u00fcstung f\u00fcr ein Publikum erforderlich sein, das vom Dolmetscher entfernt ist. F\u00fcr eine Pressekonferenz k\u00f6nnen zumindest Mikrofone und ein Audiosystem f\u00fcr eine ordnungsgem\u00e4\u00dfe \u00dcbertragung erforderlich sein.<\/p>\n\n\n\n<p>Das Mieten von Ausr\u00fcstung und das Einstellen eines Servicetechnikers f\u00fcr einen <a href=\"https:\/\/culturesconnection.com\/de\/dolmetscherdienste\">Dolmetscherdienst<\/a> kann zu Kopfschmerzen f\u00fchren, wenn man die Branche nicht kennt. Aus diesem Grund bietet <a href=\"https:\/\/culturesconnection.com\/de\/\">Cultures Connection<\/a> einen Mietservice f\u00fcr Dolmetschanlagen f\u00fcr internationale Meetings an, der an das Budget des Kunden und die Anforderungen der Veranstaltung angepasst ist. Wir bieten einen umfassenden Dolmetscher- und Technikverleihservice, um Ihre Bed\u00fcrfnisse mit h\u00f6chster Qualit\u00e4t, ohne Zeitverlust und zum besten Preis zu erf\u00fcllen.<\/p>\n\n\n\n<h2 class=\"wp-block-heading\">Feste Ausr\u00fcstung<\/h2>\n\n\n\n<p><strong>Feste Kabinen<\/strong><br>\nWenn der Veranstaltungsort der Aktivit\u00e4t \u00fcber feste Kabinen verf\u00fcgt, um Simultandolmetscherdienste anzubieten, stellen wir sicher, dass die Dolmetscher \u00fcber eine vollst\u00e4ndige Ausr\u00fcstung verf\u00fcgen, die den ISO-Normen entspricht. Die Kabine muss schallisoliert sein und gesunde Arbeitsbedingungen f\u00fcr die Dolmetscher bieten, was Bel\u00fcftung, Beleuchtung und Raumangebot betrifft. Es werden ein Rednerpult und Einzelbefehle pro Dolmetscher mit Kopfh\u00f6rern, Mikrofonen und Leselampen ben\u00f6tigt. Die Installation der Ausr\u00fcstung wird von einem technischen Team durchgef\u00fchrt.<\/p>\n\n\n\n<figure class=\"wp-block-table\"><table><tbody><tr><td>\n<div class=\"mceTemp\"><\/div>\n<figure><a href=\"https:\/\/culturesconnection.com\/wp-content\/uploads\/2020\/03\/Pupitres-04.jpg\"><img loading=\"lazy\" decoding=\"async\" class=\"wp-image-19684 aligncenter\" src=\"https:\/\/culturesconnection.com\/wp-content\/uploads\/2020\/03\/Pupitres-04.jpg\" alt=\"Cabinas fijas\" width=\"253\" height=\"210\" srcset=\"https:\/\/culturesconnection.com\/wp-content\/uploads\/2020\/03\/Pupitres-04.jpg 610w, https:\/\/culturesconnection.com\/wp-content\/uploads\/2020\/03\/Pupitres-04-300x248.jpg 300w\" sizes=\"auto, (max-width: 253px) 100vw, 253px\" \/><\/a><\/figure><p><\/p><\/td><td>&#8211; Feste Sender mit bis zu 32 Kan\u00e4len.<br>\n&#8211; Taschensender mit bis zu 32 Kan\u00e4len.<br>\n&#8211; 4 bis 32-Kanal-Tischmikrofone.<br>\n&#8211; Handmikrofone mit bis zu 32 Kan\u00e4len.<br>\n&#8211; Empf\u00e4ngt bis zu 32 Kan\u00e4le.<br>\n&#8211; Headset-Empf\u00e4nger mit bis zu 6 Kan\u00e4len.<\/td><\/tr><\/tbody><\/table><\/figure>\n\n\n\n<h2 class=\"wp-block-heading\">Tragbare Ger\u00e4te<\/h2>\n\n\n\n<p><strong>Tragbare Kabinen<\/strong><br>\nWir arbeiten mit tragbaren Kabinen f\u00fcr die R\u00e4ume, in denen sie nicht eingebaut sind. Diese Arbeitskammern haben \u00e4hnliche Eigenschaften wie die festen Kabinen. In diesen F\u00e4llen achten wir darauf, mit Qualit\u00e4tsmaterial zu arbeiten, das den ISO-Normen entspricht: Die Kabinen m\u00fcssen \u00fcber eine gute Beleuchtung und Bel\u00fcftung verf\u00fcgen und ausreichend Platz f\u00fcr den Komfort von zwei bis vier Dolmetschern bieten, wobei die Anzahl der Dolmetscher von den Sprachen und dem Thema der T\u00e4tigkeit abh\u00e4ngt. Dar\u00fcber hinaus sorgt unser technischer Dienst daf\u00fcr, dass sie an dem Ort installiert werden, an dem die beste Sicht auf den Raum, die Redner und den Pr\u00e4sentationsschirm gegeben ist. Diese Kabinen werden f\u00fcr Aktivit\u00e4ten mit einer gro\u00dfen Anzahl von Teilnehmern verwendet, die eine Simultan\u00fcbersetzung erfordern.<\/p>\n\n\n\n<figure class=\"wp-block-table\"><table><tbody><tr><td><a href=\"https:\/\/culturesconnection.com\/wp-content\/uploads\/2020\/03\/Cabina-port\u00e1til.jpg\"><img loading=\"lazy\" decoding=\"async\" class=\" wp-image-19693\" src=\"https:\/\/culturesconnection.com\/wp-content\/uploads\/2020\/03\/Cabina-port\u00e1til.jpg\" alt=\"Cabina port\u00e1til\" width=\"268\" height=\"268\" srcset=\"https:\/\/culturesconnection.com\/wp-content\/uploads\/2020\/03\/Cabina-port\u00e1til.jpg 800w, https:\/\/culturesconnection.com\/wp-content\/uploads\/2020\/03\/Cabina-port\u00e1til-300x300.jpg 300w, https:\/\/culturesconnection.com\/wp-content\/uploads\/2020\/03\/Cabina-port\u00e1til-150x150.jpg 150w, https:\/\/culturesconnection.com\/wp-content\/uploads\/2020\/03\/Cabina-port\u00e1til-768x768.jpg 768w\" sizes=\"auto, (max-width: 268px) 100vw, 268px\" \/><\/a><\/td><td>&nbsp;<p><\/p>\n<p style=\"text-align: left;\">&#8211; ISO-Normen.<br>\n&#8211; Einheit 1,60 m. x 1,60 m. x 2 m.<br>\n&#8211; Kameras f\u00fcr einen oder zwei Dolmetscher.<br>\n&#8211; Vergr\u00f6\u00dferung f\u00fcr drei oder vier Dolmetscher.<br>\n&#8211; Schallged\u00e4mmte Kameras.<br>\n&#8211; Integrierte Bel\u00fcftung.<\/p>\n<\/td><\/tr><\/tbody><\/table><\/figure>\n\n\n\n<figure class=\"wp-block-table\"><table><tbody><tr><td><a href=\"https:\/\/culturesconnection.com\/wp-content\/uploads\/2020\/03\/Cabina-sobre-mesa-02.jpg\"><img loading=\"lazy\" decoding=\"async\" class=\" wp-image-19702\" src=\"https:\/\/culturesconnection.com\/wp-content\/uploads\/2020\/03\/Cabina-sobre-mesa-02.jpg\" alt=\"Cabina sobre mesa\" width=\"281\" height=\"281\" srcset=\"https:\/\/culturesconnection.com\/wp-content\/uploads\/2020\/03\/Cabina-sobre-mesa-02.jpg 1280w, https:\/\/culturesconnection.com\/wp-content\/uploads\/2020\/03\/Cabina-sobre-mesa-02-300x300.jpg 300w, https:\/\/culturesconnection.com\/wp-content\/uploads\/2020\/03\/Cabina-sobre-mesa-02-1024x1024.jpg 1024w, https:\/\/culturesconnection.com\/wp-content\/uploads\/2020\/03\/Cabina-sobre-mesa-02-150x150.jpg 150w, https:\/\/culturesconnection.com\/wp-content\/uploads\/2020\/03\/Cabina-sobre-mesa-02-768x768.jpg 768w\" sizes=\"auto, (max-width: 281px) 100vw, 281px\" \/><\/a><\/td><td>&nbsp;<p><\/p>\n<p style=\"text-align: left;\">&#8211; Einheit 69,5 cm x 69,5 cm x 25,6 cm<br>\n&#8211; Kameras f\u00fcr einen oder zwei Dolmetscher.<br>\n&#8211; Akustizierte L\u00e4rmschutzw\u00e4nde.<br>\n&#8211; Keine Montagewerkzeuge.<br>\n&#8211; Kein Montagetechniker.<br>\n&#8211; Niedrige Betriebskosten.<\/p>\n<\/td><\/tr><\/tbody><\/table><\/figure>\n\n\n\n<p><strong>Koffer-Infoport<\/strong><br>\nDie Ausr\u00fcstung des Infoports besteht aus einem Koffer mit einem Mikrofon zur Ansprache des Publikums und Empf\u00e4ngern f\u00fcr die Zuh\u00f6rer. Sie ben\u00f6tigen keine Verkabelung, da sie mit einem Infrarotsystem arbeiten, so dass ihr Einsatz keine technische Unterst\u00fctzung ben\u00f6tigt und sie leicht zu tragen und zu benutzen ist. Diese Ausr\u00fcstung wird f\u00fcr Aktivit\u00e4ten mit kleinen Gruppen oder an kleinen Orten verwendet, die eine Simultan\u00fcbersetzung erfordern.<\/p>\n\n\n\n<figure class=\"wp-block-table\"><table><tbody><tr><td><a href=\"https:\/\/culturesconnection.com\/wp-content\/uploads\/2020\/03\/Infoport.jpg\"><img loading=\"lazy\" decoding=\"async\" class=\" wp-image-19711\" src=\"https:\/\/culturesconnection.com\/wp-content\/uploads\/2020\/03\/Infoport.jpg\" alt=\"Infoport\" width=\"294\" height=\"289\" srcset=\"https:\/\/culturesconnection.com\/wp-content\/uploads\/2020\/03\/Infoport.jpg 512w, https:\/\/culturesconnection.com\/wp-content\/uploads\/2020\/03\/Infoport-300x295.jpg 300w\" sizes=\"auto, (max-width: 294px) 100vw, 294px\" \/><\/a><\/td><td>&nbsp;<p><\/p>\n<p>&nbsp;<\/p>\n<p>&#8211; 1 Infrarotsignal-Audiosteuereinheit.<br>\n&#8211; 1 Mikrofon.<br>\n&#8211; 20 Empfangs-Headsets.<br>\n&#8211; Kein Montagetechniker.<\/p><\/td><\/tr><\/tbody><\/table><\/figure>\n\n\n\n<h2 class=\"wp-block-heading\">Audio-Systeme<\/h2>\n\n\n\n<p>Die Audiosysteme, die wir f\u00fcr unsere Simultan- und Konsekutivdolmetschdienste verwenden, sind auf dem neuesten Stand der Technik. Die Tonregler, Mikrofone, Lautsprecher und Kopfh\u00f6rer f\u00fcr die Redner und das Publikum werden unter Ber\u00fccksichtigung der Art der Veranstaltung, der Gesamtteilnehmerzahl und der Raumaufteilung erfasst. Mit den Tonreglern k\u00f6nnen bis zu 32 Audioeing\u00e4nge vom Lautsprecher zu den Zuh\u00f6rern digital \u00fcber Infrarot von den Sendern zu den Kopfh\u00f6rern geleitet werden. Was bedeutet das? Dass wir mit bis zu 32 Sprachen gleichzeitig arbeiten k\u00f6nnen!<\/p>\n\n\n\n<figure class=\"wp-block-table\"><table><tbody><tr><td><a href=\"https:\/\/culturesconnection.com\/wp-content\/uploads\/2020\/03\/Equipo-de-sonido.png\"><img loading=\"lazy\" decoding=\"async\" class=\"alignnone wp-image-19720\" src=\"https:\/\/culturesconnection.com\/wp-content\/uploads\/2020\/03\/Equipo-de-sonido.png\" alt=\"Equipo de sonido\" width=\"213\" height=\"231\" srcset=\"https:\/\/culturesconnection.com\/wp-content\/uploads\/2020\/03\/Equipo-de-sonido.png 768w, https:\/\/culturesconnection.com\/wp-content\/uploads\/2020\/03\/Equipo-de-sonido-277x300.png 277w\" sizes=\"auto, (max-width: 213px) 100vw, 213px\" \/><\/a><\/td><td>&nbsp;<p><\/p>\n<p>&nbsp;<\/p>\n<p>&#8211; Steuer- und Leistungseinheit.<br>\n&#8211; Leistungsverst\u00e4rker.<br>\n&#8211; Infrarot-Empfangssystem.<\/p><\/td><\/tr><\/tbody><\/table><\/figure>\n\n\n\n<h2 class=\"wp-block-heading\" id=\"anchor\">Unsere neuesten Dolmetschveranstaltungen<\/h2>\n\n\n\n<p><a href=\"https:\/\/culturesconnection.com\/fr\/liste-de-projets\/\"><\/a> <a href=\"https:\/\/culturesconnection.com\/de\/category\/service-de\/dolmetschdienstleistungen\/\">Dolmetscher-Veranstaltungen<\/a><\/p>\n","protected":false},"excerpt":{"rendered":"<p>Technische Ausr\u00fcstung f\u00fcr Qualit\u00e4tsdolmetschungen Die Einstellung von Dolmetschern ist m\u00f6glicherweise nicht der einzige Schritt, den ein Unternehmen umsetzen muss, um eine mehrsprachige Veranstaltung erfolgreich zu [&#8230;]<\/p>\n<p><a class=\"btn btn-secondary understrap-read-more-link\" href=\"https:\/\/culturesconnection.com\/de\/dolmetschermaterial\/\">Weiterlesen&#8230;<span class=\"screen-reader-text\"> from Unser Dolmetschermaterial<\/span><\/a><\/p>\n","protected":false},"author":52,"featured_media":0,"parent":0,"menu_order":0,"comment_status":"closed","ping_status":"closed","template":"","meta":{"_acf_changed":false,"_editorskit_title_hidden":false,"_editorskit_reading_time":0,"_editorskit_is_block_options_detached":false,"_editorskit_block_options_position":"{}","footnotes":""},"class_list":["post-19731","page","type-page","status-publish","hentry"],"acf":[],"_links":{"self":[{"href":"https:\/\/culturesconnection.com\/de\/wp-json\/wp\/v2\/pages\/19731","targetHints":{"allow":["GET"]}}],"collection":[{"href":"https:\/\/culturesconnection.com\/de\/wp-json\/wp\/v2\/pages"}],"about":[{"href":"https:\/\/culturesconnection.com\/de\/wp-json\/wp\/v2\/types\/page"}],"author":[{"embeddable":true,"href":"https:\/\/culturesconnection.com\/de\/wp-json\/wp\/v2\/users\/52"}],"replies":[{"embeddable":true,"href":"https:\/\/culturesconnection.com\/de\/wp-json\/wp\/v2\/comments?post=19731"}],"version-history":[{"count":0,"href":"https:\/\/culturesconnection.com\/de\/wp-json\/wp\/v2\/pages\/19731\/revisions"}],"wp:attachment":[{"href":"https:\/\/culturesconnection.com\/de\/wp-json\/wp\/v2\/media?parent=19731"}],"curies":[{"name":"wp","href":"https:\/\/api.w.org\/{rel}","templated":true}]}}