{"id":16014,"date":"2019-10-16T10:28:52","date_gmt":"2019-10-16T08:28:52","guid":{"rendered":"http:\/\/culturesconnection.com\/?page_id=16014"},"modified":"2022-12-08T10:49:29","modified_gmt":"2022-12-08T09:49:29","slug":"tuerkischer-uebersetzungsservice","status":"publish","type":"page","link":"https:\/\/culturesconnection.com\/de\/tuerkischer-uebersetzungsservice\/","title":{"rendered":"Unser t\u00fcrkischer \u00dcbersetzungsservice"},"content":{"rendered":"\n<h2 class=\"wp-block-heading\">Professionelle t\u00fcrkische \u00dcbersetzungsdienste<\/h2>\n\n\n\n<p>Denken Sie dar\u00fcber nach, Ihre Dokumente ins T\u00fcrkische \u00fcbersetzen zu lassen? Sehr gute Idee! Die St\u00e4rke der t\u00fcrkischen Wirtschaft ist die Gr\u00f6\u00dfe des Inlandsmarkts (75 Millionen Verbraucher) und die Menge an bedeutenden Investitionen. Der t\u00fcrkische Markt hat gro\u00dfes Potential und stellt somit eine echte Chance f\u00fcr Ihr Unternehmen dar, insbesondere da die t\u00fcrkische Wirtschaft sehr zug\u00e4nglich ist und der Au\u00dfenhandel 48 % des BIP ausmacht.<\/p>\n\n\n\n<p>Wussten Sie, dass die Europ\u00e4ische Union der gr\u00f6\u00dfte Handelspartner der T\u00fcrkei ist? Wenn Ihr Unternehmen in einem deutschsprachigen europ\u00e4ischen Land seinen Hauptsitz hat, k\u00f6nnte es sehr sinnvoll sein diese besonderen Handelsbeziehungen zu nutzen indem Sie Ihre Dokumente ins T\u00fcrkische \u00fcbersetzen lassen!<\/p>\n\n\n\n<p>M\u00f6chte Ihr Unternehmen auf dem t\u00fcrkischen Markt wachsen?<\/p>\n\n\n\n<p>Die \u00dcbersetzung Ihrer Dokumente oder Ihrer Webseite ins T\u00fcrkische kann sich als idealer Wettbewerbsvorteil erweisen. Cultures Connection bietet <a href=\"https:\/\/culturesconnection.com\/de\/uebersetzungsdienst\">\u00dcbersetzungsdienstleistungen<\/a> vom oder ins T\u00fcrkische, ganz unabh\u00e4ngig von der Art Ihres Projekts oder dem Gesch\u00e4ftsbereich Ihres Unternehmens.<\/p>\n\n\n\n<h2 class=\"wp-block-heading\">Sind Sie auf der Suchen nach einem t\u00fcrkischen \u00dcbersetzer?<\/h2>\n\n\n\n<p>Ben\u00f6tigen Sie einen deutsch-t\u00fcrkischen \u00dcbersetzer? Ein \u00dcbersetzer t\u00fcrkisch-deutsch? Ganz gleich, ob Sie eine gro\u00dfe Gruppe oder ein KMU sind, Cultures Connection ist der Dienstleister, den Sie kontaktieren sollten.<\/p>\n\n\n\n<p>Unser <a href=\"https:\/\/culturesconnection.com\/de\/\">\u00dcbersetzungsb\u00fcro<\/a> arbeitet mit vielen t\u00fcrkischen \u00dcbersetzern zusammen und sucht gezielt nach den <a href=\"https:\/\/culturesconnection.com\/de\/professioneller-uebersetzer\">qualifiziertesten Sprachexperten<\/a> f\u00fcr Ihr Projekt. Unser umfangreiches Netzwerk an Spezialisten erm\u00f6glicht uns, \u00dcbersetzungsanfragen in sehr unterschiedlichen Gesch\u00e4ftsbereichen schnell zu bearbeiten.<\/p>\n\n\n\n<p>Zus\u00e4tzlich zu ihren Sprachkenntnissen sind unsere \u00dcbersetzer herausragende Experten auf ihrem Gebiet.<\/p>\n\n\n\n<p>Wenn Sie eine Business-\u00dcbersetzung ins T\u00fcrkische ben\u00f6tigen, wird Ihnen unser \u00dcbersetzungsunternehmen einen Experten vermitteln mit nachgewiesener Erfahrung im Vertrieb und\/oder Marketing. Alle unsere franz\u00f6sischsprachigen \u00dcbersetzer verf\u00fcgen \u00fcber einen Studienabschluss und mindestens f\u00fcnf Jahre professionelle Erfahrung. In \u00dcbereinstimmung mit den geltenden europ\u00e4ischen Vorschriften \u00fcbersetzen diese nur in ihre eigene Muttersprache.<\/p>\n\n\n\n<h2 class=\"wp-block-heading\">Unsere t\u00fcrkischen \u00dcbersetzungsdienstleistungen<\/h2>\n\n\n\n<ul class=\"wp-block-list\">\n<li>T\u00fcrkische Finanz\u00fcbersetzungsdienste<\/li>\n\n\n\n<li>T\u00fcrkische Business \u00dcbersetzungsdienste<\/li>\n\n\n\n<li>T\u00fcrkische wissenschaftliche \u00dcbersetzungsdienste<\/li>\n\n\n\n<li>T\u00fcrkische medizinische \u00dcbersetzungsdienste<\/li>\n\n\n\n<li>T\u00fcrkische technische \u00dcbersetzungsdienste<\/li>\n\n\n\n<li>T\u00fcrkische Rechts\u00fcbersetzungsdienste<\/li>\n\n\n\n<li>T\u00fcrkische Marketing-\u00dcbersetzungsdienste<\/li>\n\n\n\n<li>T\u00fcrkische Webseiten-\u00dcbersetzungsdienste<\/li>\n\n\n\n<li>T\u00fcrkische Untertitelungsdienste<\/li>\n\n\n\n<li>T\u00fcrkische \u00dcbersetzungsdienste f\u00fcr Videospiele<\/li>\n\n\n\n<li>Schnelle \u00dcbersetzungsdienste ins T\u00fcrkische<\/li>\n<\/ul>\n","protected":false},"excerpt":{"rendered":"<p>Professionelle t\u00fcrkische \u00dcbersetzungsdienste Denken Sie dar\u00fcber nach, Ihre Dokumente ins T\u00fcrkische \u00fcbersetzen zu lassen? Sehr gute Idee! Die St\u00e4rke der t\u00fcrkischen Wirtschaft ist die Gr\u00f6\u00dfe [&#8230;]<\/p>\n<p><a class=\"btn btn-secondary understrap-read-more-link\" href=\"https:\/\/culturesconnection.com\/de\/tuerkischer-uebersetzungsservice\/\">Weiterlesen&#8230;<span class=\"screen-reader-text\"> from Unser t\u00fcrkischer \u00dcbersetzungsservice<\/span><\/a><\/p>\n","protected":false},"author":22,"featured_media":23254,"parent":0,"menu_order":0,"comment_status":"closed","ping_status":"closed","template":"","meta":{"_acf_changed":false,"_editorskit_title_hidden":false,"_editorskit_reading_time":0,"_editorskit_is_block_options_detached":false,"_editorskit_block_options_position":"{}","footnotes":""},"class_list":["post-16014","page","type-page","status-publish","has-post-thumbnail","hentry"],"acf":[],"_links":{"self":[{"href":"https:\/\/culturesconnection.com\/de\/wp-json\/wp\/v2\/pages\/16014","targetHints":{"allow":["GET"]}}],"collection":[{"href":"https:\/\/culturesconnection.com\/de\/wp-json\/wp\/v2\/pages"}],"about":[{"href":"https:\/\/culturesconnection.com\/de\/wp-json\/wp\/v2\/types\/page"}],"author":[{"embeddable":true,"href":"https:\/\/culturesconnection.com\/de\/wp-json\/wp\/v2\/users\/22"}],"replies":[{"embeddable":true,"href":"https:\/\/culturesconnection.com\/de\/wp-json\/wp\/v2\/comments?post=16014"}],"version-history":[{"count":0,"href":"https:\/\/culturesconnection.com\/de\/wp-json\/wp\/v2\/pages\/16014\/revisions"}],"wp:featuredmedia":[{"embeddable":true,"href":"https:\/\/culturesconnection.com\/de\/wp-json\/wp\/v2\/media\/23254"}],"wp:attachment":[{"href":"https:\/\/culturesconnection.com\/de\/wp-json\/wp\/v2\/media?parent=16014"}],"curies":[{"name":"wp","href":"https:\/\/api.w.org\/{rel}","templated":true}]}}