{"id":15866,"date":"2019-10-15T17:15:41","date_gmt":"2019-10-15T15:15:41","guid":{"rendered":"http:\/\/culturesconnection.com\/?page_id=15866"},"modified":"2022-06-14T23:06:07","modified_gmt":"2022-06-14T21:06:07","slug":"japanischer-uebersetzungsservice","status":"publish","type":"page","link":"https:\/\/culturesconnection.com\/de\/japanischer-uebersetzungsservice\/","title":{"rendered":"Unser japanischer \u00dcbersetzungsservice"},"content":{"rendered":"\n<h2 class=\"wp-block-heading\">Professionelle japanische \u00dcbersetzungsdienste<\/h2>\n\n\n\n<p>Als dritte Weltwirtschaftsmacht ist Japan ein idealer Wirtschaftspartner.<\/p>\n\n\n\n<p>Angesichts der Sprachbarriere nutzen immer mehr deutschsprachige Unternehmen, gro\u00dfe Unternehmen und KMUs japanische \u00dcbersetzungsdienste. Unternehmen, die deutsch-japanische oder japanisch-deutsche \u00dcbersetzungen bei <a href=\"https:\/\/culturesconnection.com\/de\/\">Cultures Connection<\/a> anfordern, kommen meistens aus wertsch\u00f6pfungsstarken Branchen wie z.B. Nuklear, Luftfahrt, Automobil, Elektronik, Lebensmittel, Pharmazie und sogar Kleidung.<\/p>\n\n\n\n<h2 class=\"wp-block-heading\">Sind Sie auf der Suche nach einem chinesischen \u00dcbersetzer?<\/h2>\n\n\n\n<p>Japanisch ist eine besonders komplexe Sprache und nur <a href=\"https:\/\/culturesconnection.com\/de\/professioneller-uebersetzer\">erfahrene \u00dcbersetzer<\/a> werden in der Lage sein, ihre kulturellen und typografischen Feinheiten zu in einer \u00dcbersetzung umzusetzen.<\/p>\n\n\n\n<p>Damit Sie von <a href=\"https:\/\/culturesconnection.com\/de\/uebersetzungsdienst\">qualitativ hochwertigen \u00dcbersetzungen<\/a> profitieren k\u00f6nnen, w\u00e4hlen unsere Projektmanager ausschlie\u00dflich \u00dcbersetzer japanischer Nationalit\u00e4t aus, die flie\u00dfend Deutsch sprechen. Wir rekrutieren nur \u00dcbersetzer mit einem Abschluss, der von den offiziellen Beh\u00f6rden ihres Landes anerkannten ist und die mindestens f\u00fcnf Jahre Berufserfahrung in der professionellen \u00dcbersetzung mitbringen. Um unserem \u00dcbersetzungsb\u00fcro beizutreten m\u00fcssen sie eine Reihe von \u00dcbersetzungs- und Sprachtests bestehen.<\/p>\n\n\n\n<p>Cultures Connection garantiert Ihnen das beste Preis-Leistungs-Verh\u00e4ltnis dank unserer vier \u00dcbersetzungsstufen (Basic, Standard, Professional und Premium) aus denen Sie w\u00e4hlen k\u00f6nnen. Das Cultures Connection Team passt sich Ihren Anforderungen an und garantiert eine schnelle Lieferung Ihrer \u00dcbersetzungen vom und ins Japanische und dies auch bei eiligen \u00dcbersetzungen.<\/p>\n\n\n\n<h2 class=\"wp-block-heading\">Unsere verschiedenen japanischen \u00dcbersetzungsdienstleistungen<\/h2>\n\n\n\n<ul class=\"wp-block-list\"><li>Japanische Finanz\u00fcbersetzungsdienstleistungen<\/li><li>Japanische Business \u00dcbersetzungsdienste<\/li><li>Japanische wissenschaftliche \u00dcbersetzungsdienste<\/li><li>Japanische medizinische \u00dcbersetzungsdienste<\/li><li>Japanische \u00dcbersetzungsdienstleistungen f\u00fcr China<\/li><li>Japanische Rechts\u00fcbersetzungsdienste<\/li><li>Japanische Marketing-\u00dcbersetzungsdienste<\/li><li>Japanische Webseiten-\u00dcbersetzungsdienste<\/li><li>Japanische Untertitelungsdienste<\/li><li>Japanische \u00dcbersetzungsdienste f\u00fcr Videospiele<\/li><li>Schnelle \u00dcbersetzungsdienste ins Japanische<\/li><\/ul>\n","protected":false},"excerpt":{"rendered":"<p>Professionelle japanische \u00dcbersetzungsdienste Als dritte Weltwirtschaftsmacht ist Japan ein idealer Wirtschaftspartner. Angesichts der Sprachbarriere nutzen immer mehr deutschsprachige Unternehmen, gro\u00dfe Unternehmen und KMUs japanische \u00dcbersetzungsdienste. [&#8230;]<\/p>\n<p><a class=\"btn btn-secondary understrap-read-more-link\" href=\"https:\/\/culturesconnection.com\/de\/japanischer-uebersetzungsservice\/\">Weiterlesen&#8230;<span class=\"screen-reader-text\"> from Unser japanischer \u00dcbersetzungsservice<\/span><\/a><\/p>\n","protected":false},"author":22,"featured_media":23254,"parent":0,"menu_order":0,"comment_status":"closed","ping_status":"closed","template":"","meta":{"_acf_changed":false,"_editorskit_title_hidden":false,"_editorskit_reading_time":0,"_editorskit_is_block_options_detached":false,"_editorskit_block_options_position":"{}","footnotes":""},"class_list":["post-15866","page","type-page","status-publish","has-post-thumbnail","hentry"],"acf":[],"_links":{"self":[{"href":"https:\/\/culturesconnection.com\/de\/wp-json\/wp\/v2\/pages\/15866","targetHints":{"allow":["GET"]}}],"collection":[{"href":"https:\/\/culturesconnection.com\/de\/wp-json\/wp\/v2\/pages"}],"about":[{"href":"https:\/\/culturesconnection.com\/de\/wp-json\/wp\/v2\/types\/page"}],"author":[{"embeddable":true,"href":"https:\/\/culturesconnection.com\/de\/wp-json\/wp\/v2\/users\/22"}],"replies":[{"embeddable":true,"href":"https:\/\/culturesconnection.com\/de\/wp-json\/wp\/v2\/comments?post=15866"}],"version-history":[{"count":0,"href":"https:\/\/culturesconnection.com\/de\/wp-json\/wp\/v2\/pages\/15866\/revisions"}],"wp:featuredmedia":[{"embeddable":true,"href":"https:\/\/culturesconnection.com\/de\/wp-json\/wp\/v2\/media\/23254"}],"wp:attachment":[{"href":"https:\/\/culturesconnection.com\/de\/wp-json\/wp\/v2\/media?parent=15866"}],"curies":[{"name":"wp","href":"https:\/\/api.w.org\/{rel}","templated":true}]}}