{"id":15864,"date":"2019-10-16T09:29:18","date_gmt":"2019-10-16T07:29:18","guid":{"rendered":"http:\/\/culturesconnection.com\/?page_id=15864"},"modified":"2022-06-14T23:38:23","modified_gmt":"2022-06-14T21:38:23","slug":"koreanischer-uebersetzungsservice","status":"publish","type":"page","link":"https:\/\/culturesconnection.com\/de\/koreanischer-uebersetzungsservice\/","title":{"rendered":"Unser koreanischer \u00dcbersetzungsservice"},"content":{"rendered":"\n<h2 class=\"wp-block-heading\">Professionelle koreanische \u00dcbersetzungsdienste<\/h2>\n\n\n\n<p>Mit einer florierenden Wirtschaft ist S\u00fcdkorea Gro\u00dfbritanniens viertgr\u00f6\u00dfter asiatischer Kunde. Wenn Sie ein britisches Unternehmen sind, das Ihre Aktivit\u00e4ten nach Korea exportieren m\u00f6chte, so ist die professionelle \u00dcbersetzung Ihrer Dokumente ein wichtiger Schritt, um den Dialog mit Ihren koreanischen Kontakten zu vereinfachen und Ihren Mitbewerbern einen Schritt voraus zu sein.<\/p>\n\n\n\n<p>Um dieses Ziel zu erreichen, bietet unser Unternehmen qualitativ hochwertige \u00dcbersetzungs- und Dolmetschdienstleistungen zu attraktiven Preisen an. Was auch immer Ihre Budgetvorstellung ist, unser Unternehmen kann Ihnen eine Servicel\u00f6sung anbieten, die Ihrem Bedarf angepasst ist, dank unserer vier Dienstleistungsstufen (Basic, Standard, Professional und Premium). Unser \u00dcbersetzungsunternehmen bietet Ihnen seine Dienstleistungen unabh\u00e4ngig von der Art des Projekts Ihres Unternehmens oder dem T\u00e4tigkeitsbereich in <a href=\"https:\/\/culturesconnection.com\/de\/professioneller-uebersetzer\">mehr als 80 Sprachkombinationen<\/a>.<\/p>\n\n\n\n<h2 class=\"wp-block-heading\">Sind Sie auf der Suche nach einem koreanischen \u00dcbersetzer?<\/h2>\n\n\n\n<p>Unser <a href=\"https:\/\/culturesconnection.com\/de\/\">\u00dcbersetzungsb\u00fcro<\/a> w\u00e4hlt die \u00dcbersetzer sorgf\u00e4ltig aus, mit denen wir zusammenarbeiten. Alle unsere Sprachexperten sind koreanische Muttersprachler und engagieren sich f\u00fcr Ihren Erfolg.<\/p>\n\n\n\n<p>Um unserem Team beitreten zu k\u00f6nnen, m\u00fcssen \u00dcbersetzer \u00fcber ein \u00dcbersetzungsdiplom verf\u00fcgen und mindestens 5 Jahre Berufserfahrung in ihrem Fachgebiet vorweisen k\u00f6nnen. Sie m\u00fcssen auch eine Reihe von Tests bestehen, um ihre Sprachkenntnisse unter Beweis zu stellen.<\/p>\n\n\n\n<p>Das Cultures Connection Team setzt sich f\u00fcr Ihr koreanisches Projekt ein und garantiert die rechtzeitige Zustellung Ihrer Dokumente, auch im Falle einer dringenden \u00dcbersetzung.<br>Dank unseres pers\u00f6nlichen Services werden Sie einem pers\u00f6nlichen Ansprechpartner unseres Teams zugeteilt.<\/p>\n\n\n\n<h2 class=\"wp-block-heading\">Alle unsere koreanischen \u00dcbersetzungsdienste<\/h2>\n\n\n\n<p>Cultures Connection ist ein professionelles \u00dcbersetzungsb\u00fcro mit Sitz in Frankreich und Argentinien. Dank unserer Filialen auf zwei Kontinenten stehen Ihnen unsere Teams 18 Stunden am Tag, 7 Tage die Woche zur Verf\u00fcgung.<\/p>\n\n\n\n<p>Zu unseren koreanischen <a href=\"https:\/\/culturesconnection.com\/de\/uebersetzungsdienst\">\u00dcbersetzungsdienstleistungen<\/a> geh\u00f6ren:<\/p>\n\n\n\n<ul class=\"wp-block-list\"><li>Koreanische Finanz\u00fcbersetzungsdienstleistungen<\/li><li>Koreanische Business-\u00dcbersetzungsdienste<\/li><li>Koreanische wissenschaftliche \u00dcbersetzungsdienste<\/li><li>Koreanische medizinische \u00dcbersetzungsdienste<\/li><li>Koreanische technische \u00dcbersetzungsdienste<\/li><li>Koreanische Rechts\u00fcbersetzungsdienste<\/li><li>Koreanische Marketing-\u00dcbersetzungsdienste<\/li><li>Koreanische Webseiten-\u00dcbersetzungsdienste<\/li><li>Koreanische Untertitelungsdienste<\/li><li>Koreanische \u00dcbersetzungsdienste f\u00fcr Videospiele<\/li><li>Schnelle \u00dcbersetzungsdienstleistungen auf Koreanisch<\/li><\/ul>\n","protected":false},"excerpt":{"rendered":"<p>Professionelle koreanische \u00dcbersetzungsdienste Mit einer florierenden Wirtschaft ist S\u00fcdkorea Gro\u00dfbritanniens viertgr\u00f6\u00dfter asiatischer Kunde. Wenn Sie ein britisches Unternehmen sind, das Ihre Aktivit\u00e4ten nach Korea exportieren [&#8230;]<\/p>\n<p><a class=\"btn btn-secondary understrap-read-more-link\" href=\"https:\/\/culturesconnection.com\/de\/koreanischer-uebersetzungsservice\/\">Weiterlesen&#8230;<span class=\"screen-reader-text\"> from Unser koreanischer \u00dcbersetzungsservice<\/span><\/a><\/p>\n","protected":false},"author":22,"featured_media":23254,"parent":0,"menu_order":0,"comment_status":"closed","ping_status":"closed","template":"","meta":{"_acf_changed":false,"_editorskit_title_hidden":false,"_editorskit_reading_time":0,"_editorskit_is_block_options_detached":false,"_editorskit_block_options_position":"{}","footnotes":""},"class_list":["post-15864","page","type-page","status-publish","has-post-thumbnail","hentry"],"acf":[],"_links":{"self":[{"href":"https:\/\/culturesconnection.com\/de\/wp-json\/wp\/v2\/pages\/15864","targetHints":{"allow":["GET"]}}],"collection":[{"href":"https:\/\/culturesconnection.com\/de\/wp-json\/wp\/v2\/pages"}],"about":[{"href":"https:\/\/culturesconnection.com\/de\/wp-json\/wp\/v2\/types\/page"}],"author":[{"embeddable":true,"href":"https:\/\/culturesconnection.com\/de\/wp-json\/wp\/v2\/users\/22"}],"replies":[{"embeddable":true,"href":"https:\/\/culturesconnection.com\/de\/wp-json\/wp\/v2\/comments?post=15864"}],"version-history":[{"count":0,"href":"https:\/\/culturesconnection.com\/de\/wp-json\/wp\/v2\/pages\/15864\/revisions"}],"wp:featuredmedia":[{"embeddable":true,"href":"https:\/\/culturesconnection.com\/de\/wp-json\/wp\/v2\/media\/23254"}],"wp:attachment":[{"href":"https:\/\/culturesconnection.com\/de\/wp-json\/wp\/v2\/media?parent=15864"}],"curies":[{"name":"wp","href":"https:\/\/api.w.org\/{rel}","templated":true}]}}