{"id":15862,"date":"2019-10-16T09:46:04","date_gmt":"2019-10-16T07:46:04","guid":{"rendered":"http:\/\/culturesconnection.com\/?page_id=15862"},"modified":"2022-06-15T01:43:40","modified_gmt":"2022-06-14T23:43:40","slug":"griechischer-uebersetzungsservice","status":"publish","type":"page","link":"https:\/\/culturesconnection.com\/de\/griechischer-uebersetzungsservice\/","title":{"rendered":"Unser griechischer \u00dcbersetzungsservice"},"content":{"rendered":"\n<h2 class=\"wp-block-heading\">Professionelle griechische \u00dcbersetzungsdienste<\/h2>\n\n\n\n<p>Trotz eines Handelsr\u00fcckgangs bleibt Deutschland ein wichtiger Handelspartner f\u00fcr Griechenland. Angesichts der Sprachbarriere zwischen diesen beiden Sprachen wenden sich viele deutsche Unternehmen an \u00dcbersetzungs- und Dolmetschdienste.<\/p>\n\n\n\n<p>Bei Cultures Connection bieten wir professionelle \u00dcbersetzungsdienstleistungen in vielen T\u00e4tigkeitsbereichen wie beispielsweise im Recht und Marketing an.<br>Unabh\u00e4ngig von der Art des Dokuments werden wir professionell mit Ihrem Projekt umgehen und verpflichten uns dazu, die vereinbarten Fristen einzuhalten.<br>Griechische \u00dcbersetzungsdienstleistungen nehmen einen erheblichen Teil unseres Gesch\u00e4ftsumsatzes ein. Unser <a href=\"https:\/\/culturesconnection.com\/de\/\">\u00dcbersetzungsb\u00fcro<\/a> bietet auch Redaktions- und Korrekturlesedienste aus und ins Griechische an.<\/p>\n\n\n\n<h2 class=\"wp-block-heading\">Sind Sie auf der Suche nach einem griechischen \u00dcbersetzer?<\/h2>\n\n\n\n<p>Das Erstellen einer \u00dcbersetzung aus dem Griechischen oder ins Griechische ist ein komplexer Prozess und die Suche nach einem qualifizierten fachlichen \u00dcbersetzer kann zeitaufw\u00e4ndig sein. Das Team von Cultures Connection begleitet Sie durch den Prozess und tut alles daf\u00fcr, um einen professionellen \u00dcbersetzer zu finden, der Ihren Anforderung am besten entspricht.<br>Alle unsere \u00dcbersetzer werden aufgrund ihrer Qualifikationen und Erfahrungen ausgew\u00e4hlt. Dar\u00fcber hinaus spezialisieren sich unsere \u00dcbersetzer alle auf einen Sektor, in welchen sie sich perfekt auskennen und \u00fcbersetzen ausschlie\u00dflich in ihre <a href=\"https:\/\/culturesconnection.com\/de\/professioneller-uebersetzer\">eigene Muttersprache<\/a>.<\/p>\n\n\n\n<h2 class=\"wp-block-heading\">Unser \u00dcbersetzungsb\u00fcro<\/h2>\n\n\n\n<p>Cultures Connection arbeitet mit zahlreichen Kunden in Deutschland und im Ausland zusammen, aus allen Branchen (Industrie, Dienstleistungen, internationale Organisationen, etc&#8230;). Unser professionelles \u00dcbersetzungsb\u00fcro bietet viele <a href=\"https:\/\/culturesconnection.com\/de\/uebersetzungsdienst\">\u00dcbersetzungsdienstleistungen<\/a> an, darunter:<\/p>\n\n\n\n<ul class=\"wp-block-list\"><li>Griechische Finanz\u00fcbersetzungsdienste<\/li><li>Griechische Business \u00dcbersetzungsdienste<\/li><li>Griechische wissenschaftliche \u00dcbersetzungsdienste<\/li><li>Griechische medizinische \u00dcbersetzungsdienste<\/li><li>Griechische technische \u00dcbersetzungsdienste<\/li><li>Griechische Rechts\u00fcbersetzungsdienste<\/li><li>Griechische Marketing-\u00dcbersetzungsdienste<\/li><li>Griechische Webseiten-\u00dcbersetzungsdienste<\/li><li>Griechische Untertitelungsdienste<\/li><li>Griechische \u00dcbersetzungsdienste f\u00fcr Videospiele<\/li><li>Schneller griechischer \u00dcbersetzungsdienst<\/li><\/ul>\n","protected":false},"excerpt":{"rendered":"<p>Professionelle griechische \u00dcbersetzungsdienste Trotz eines Handelsr\u00fcckgangs bleibt Deutschland ein wichtiger Handelspartner f\u00fcr Griechenland. Angesichts der Sprachbarriere zwischen diesen beiden Sprachen wenden sich viele deutsche Unternehmen [&#8230;]<\/p>\n<p><a class=\"btn btn-secondary understrap-read-more-link\" href=\"https:\/\/culturesconnection.com\/de\/griechischer-uebersetzungsservice\/\">Weiterlesen&#8230;<span class=\"screen-reader-text\"> from Unser griechischer \u00dcbersetzungsservice<\/span><\/a><\/p>\n","protected":false},"author":22,"featured_media":23254,"parent":0,"menu_order":0,"comment_status":"closed","ping_status":"closed","template":"","meta":{"_acf_changed":false,"_editorskit_title_hidden":false,"_editorskit_reading_time":0,"_editorskit_is_block_options_detached":false,"_editorskit_block_options_position":"{}","footnotes":""},"class_list":["post-15862","page","type-page","status-publish","has-post-thumbnail","hentry"],"acf":[],"_links":{"self":[{"href":"https:\/\/culturesconnection.com\/de\/wp-json\/wp\/v2\/pages\/15862","targetHints":{"allow":["GET"]}}],"collection":[{"href":"https:\/\/culturesconnection.com\/de\/wp-json\/wp\/v2\/pages"}],"about":[{"href":"https:\/\/culturesconnection.com\/de\/wp-json\/wp\/v2\/types\/page"}],"author":[{"embeddable":true,"href":"https:\/\/culturesconnection.com\/de\/wp-json\/wp\/v2\/users\/22"}],"replies":[{"embeddable":true,"href":"https:\/\/culturesconnection.com\/de\/wp-json\/wp\/v2\/comments?post=15862"}],"version-history":[{"count":0,"href":"https:\/\/culturesconnection.com\/de\/wp-json\/wp\/v2\/pages\/15862\/revisions"}],"wp:featuredmedia":[{"embeddable":true,"href":"https:\/\/culturesconnection.com\/de\/wp-json\/wp\/v2\/media\/23254"}],"wp:attachment":[{"href":"https:\/\/culturesconnection.com\/de\/wp-json\/wp\/v2\/media?parent=15862"}],"curies":[{"name":"wp","href":"https:\/\/api.w.org\/{rel}","templated":true}]}}