{"id":15861,"date":"2019-10-16T09:49:55","date_gmt":"2019-10-16T07:49:55","guid":{"rendered":"http:\/\/culturesconnection.com\/?page_id=15861"},"modified":"2022-06-15T01:06:01","modified_gmt":"2022-06-14T23:06:01","slug":"finnischer-uebersetzungsservice","status":"publish","type":"page","link":"https:\/\/culturesconnection.com\/de\/finnischer-uebersetzungsservice\/","title":{"rendered":"Unser finnischer \u00dcbersetzungsservice"},"content":{"rendered":"\n<h2 class=\"wp-block-heading\">Professioneller finnischer \u00dcbersetzungsservice<\/h2>\n\n\n\n<p>Sie finden den finnische Markt attraktiv? K\u00f6nnte dieser Ihnen erm\u00f6glichen, Ihre Aktivit\u00e4ten erheblich auszuweiten? Hierf\u00fcr w\u00e4re es dann notwendig Ihre Inhalte ins Finnische \u00fcbersetzen lassen.<\/p>\n\n\n\n<p>Finnisch wird auch in Russland und in der autonomen Republik Kareliens gesprochen und hat insgesamt 5 Millionen Sprecher. F\u00fcr potenzielle Kunden ist die \u00dcbersetzung Ihrer Webseite und Dokumente ins Finnische ein absoluter Bonus.<\/p>\n\n\n\n<p>Es ist ebenso wichtig zu wissen, dass Finnland verschiedene wichtige Wirtschaftssektoren beherbergt, wie den des Metalls, Maschinenbaus, Holz, der Telekommunikation und Elektronikindustrie.<br>Erobern Sie Nordeuropa, die innovativste Region des Kontinents!<\/p>\n\n\n\n<h2 class=\"wp-block-heading\">Sind Sie auf der Suche nach einem finnischen \u00dcbersetzer?<\/h2>\n\n\n\n<p>Unser <a href=\"https:\/\/culturesconnection.com\/de\/\">\u00dcbersetzungsb\u00fcro<\/a> arbeitet mit vielen finnischen \u00dcbersetzern zusammen, die alle auf einen bestimmten Bereich spezialisiert sind. Ganz gleich, ob Sie uns die \u00dcbersetzung eines recht allgemeinen oder sehr spezialisierten Text anvertrauen &#8211; <a href=\"https:\/\/culturesconnection.com\/de\/uebersetzungsdienst\">unsere \u00dcbersetzer<\/a> \u00fcbersetzen ihn mit gr\u00f6\u00dfter Professionalit\u00e4t.<\/p>\n\n\n\n<p>Um die Qualit\u00e4t derer Dienstleistungen zu gew\u00e4hrleisten, w\u00e4hlen wir sie nach strengen Kriterien aus.<\/p>\n\n\n\n<p>Mit einer vorbildlichen Erfolgsbilanz und Erfahrung sind sie gleichauf mit unseren Schl\u00fcsselwerten: Transparenz, Professionalit\u00e4t, Genauigkeit und Qualit\u00e4t. Sie k\u00f6nnen uns Ihre Inhalte mit geschlossenen Augen anvertrauen und wir werden Ihnen garantiert die Ergebnisse zu liefern, die Ihren Erwartungen entsprechen. Wir \u00fcbersetzen aus und in viele <a href=\"https:\/\/culturesconnection.com\/de\/professioneller-uebersetzer\">Sprachen<\/a>.<\/p>\n\n\n\n<h2 class=\"wp-block-heading\">Unser \u00dcbersetzungsb\u00fcro<\/h2>\n\n\n\n<p>Unsere Erfahrung im \u00dcbersetzungsbereich hat sich bew\u00e4hrt.<\/p>\n\n\n\n<p>Die Loyalit\u00e4t unserer Kunden zeugt von der Ernsthaftigkeit unseres \u00dcbersetzungsunternehmens.<\/p>\n\n\n\n<p>Nachfolgend finden Sie eine nicht ersch\u00f6pfende Liste der Projekte, mit denen wir oft zu tun haben:<\/p>\n\n\n\n<ul class=\"wp-block-list\"><li>Finnische Finanz\u00fcbersetzungsdienste<\/li><li>Finnische Business \u00dcbersetzungsdienste<\/li><li>Finnische wissenschaftliche \u00dcbersetzungsdienste<\/li><li>Finnische medizinische \u00dcbersetzungsdienste<\/li><li>Finnische technische \u00dcbersetzungsdienste<\/li><li>Finnische Rechts\u00fcbersetzungsdienste<\/li><li>Finnische Marketing-\u00dcbersetzungsdienste<\/li><li>Finnische Webseiten-\u00dcbersetzungsdienste<\/li><li>Finnische Untertitelungsdienste<\/li><li>Finnische \u00dcbersetzungsdienste f\u00fcr Videospiele<\/li><li>Schneller finnischer \u00dcbersetzungsdienst<\/li><\/ul>\n","protected":false},"excerpt":{"rendered":"<p>Professioneller finnischer \u00dcbersetzungsservice Sie finden den finnische Markt attraktiv? K\u00f6nnte dieser Ihnen erm\u00f6glichen, Ihre Aktivit\u00e4ten erheblich auszuweiten? Hierf\u00fcr w\u00e4re es dann notwendig Ihre Inhalte ins [&#8230;]<\/p>\n<p><a class=\"btn btn-secondary understrap-read-more-link\" href=\"https:\/\/culturesconnection.com\/de\/finnischer-uebersetzungsservice\/\">Weiterlesen&#8230;<span class=\"screen-reader-text\"> from Unser finnischer \u00dcbersetzungsservice<\/span><\/a><\/p>\n","protected":false},"author":22,"featured_media":23254,"parent":0,"menu_order":0,"comment_status":"closed","ping_status":"closed","template":"","meta":{"_acf_changed":false,"_editorskit_title_hidden":false,"_editorskit_reading_time":0,"_editorskit_is_block_options_detached":false,"_editorskit_block_options_position":"{}","footnotes":""},"class_list":["post-15861","page","type-page","status-publish","has-post-thumbnail","hentry"],"acf":[],"_links":{"self":[{"href":"https:\/\/culturesconnection.com\/de\/wp-json\/wp\/v2\/pages\/15861","targetHints":{"allow":["GET"]}}],"collection":[{"href":"https:\/\/culturesconnection.com\/de\/wp-json\/wp\/v2\/pages"}],"about":[{"href":"https:\/\/culturesconnection.com\/de\/wp-json\/wp\/v2\/types\/page"}],"author":[{"embeddable":true,"href":"https:\/\/culturesconnection.com\/de\/wp-json\/wp\/v2\/users\/22"}],"replies":[{"embeddable":true,"href":"https:\/\/culturesconnection.com\/de\/wp-json\/wp\/v2\/comments?post=15861"}],"version-history":[{"count":0,"href":"https:\/\/culturesconnection.com\/de\/wp-json\/wp\/v2\/pages\/15861\/revisions"}],"wp:featuredmedia":[{"embeddable":true,"href":"https:\/\/culturesconnection.com\/de\/wp-json\/wp\/v2\/media\/23254"}],"wp:attachment":[{"href":"https:\/\/culturesconnection.com\/de\/wp-json\/wp\/v2\/media?parent=15861"}],"curies":[{"name":"wp","href":"https:\/\/api.w.org\/{rel}","templated":true}]}}