{"id":15860,"date":"2019-10-16T09:53:54","date_gmt":"2019-10-16T07:53:54","guid":{"rendered":"http:\/\/culturesconnection.com\/?page_id=15860"},"modified":"2022-07-27T15:13:42","modified_gmt":"2022-07-27T13:13:42","slug":"arabischer-uebersetzungsservice","status":"publish","type":"page","link":"https:\/\/culturesconnection.com\/de\/arabischer-uebersetzungsservice\/","title":{"rendered":"Unser arabischer \u00dcbersetzungsservice"},"content":{"rendered":"\n<h2 class=\"wp-block-heading\">Unsere professionellen arabischen \u00dcbersetzungsdienste<\/h2>\n\n\n\n<p>Da rund 270 Millionen Arabisch sprechen (darunter etwa 220 Muttersprachler) ist Arabisch eine \u00e4u\u00dferst n\u00fctzliche und strategische Sprache f\u00fcr den heutigen Business-Kontext.<br>Die \u00dcbersetzung Ihrer Dokumente ins Arabische k\u00f6nnte der Schl\u00fcssel f\u00fcr den Ausbau ihres Unternehmens im Nahen Osten sein, wo viele potenzielle Wirtschaftspartner auf Sie warten.<\/p>\n\n\n\n<p>Im Angesicht dieser Tatsache sind \u00dcbersetzungen ins Arabische ein wesentliches und strategisches Werkzeug f\u00fcr Unternehmen, die arabische M\u00e4rkte erobern wollen.<\/p>\n\n\n\n<p>\u00dcbersetzungen vom Deutschen ins Arabische, sowie arabisch-deutsche \u00dcbersetzungen geh\u00f6ren ebenfalls zu unseren am <a href=\"https:\/\/culturesconnection.com\/de\/uebersetzungsdienst\">meist nachgefragtesten Dienstleistungen<\/a>.<\/p>\n\n\n\n<h2 class=\"wp-block-heading\">Ben\u00f6tigen Sie einen arabischen \u00dcbersetzer?<\/h2>\n\n\n\n<p>Die Suche nach einem <a href=\"https:\/\/culturesconnection.com\/de\/professioneller-uebersetzer\">qualifizierten \u00dcbersetzer<\/a> f\u00fcr eine Sprache die so spezifisch ist wie Arabisch und zudem noch mit einer Spezialisierung in einem bestimmten Fachgebiet, kann eine wahre Herausforderung darstellen. Sind Sie auf der Suche nach einem professionellen arabischen \u00dcbersetzer? Sie k\u00f6nnen sich auf das <a href=\"https:\/\/culturesconnection.com\/de\/\">Cultures Connection<\/a> Team verlassen.<\/p>\n\n\n\n<p>Dank jahrelanger Erfahrung in der Erbringung von \u00dcbersetzungsdiensten hat unsere Agentur ein Netzwerk zuverl\u00e4ssiger, strenger und kompetenter arabisch-englischer und englisch-arabisch-arabischer \u00dcbersetzer entwickelt.<\/p>\n\n\n\n<p>Sie m\u00fcssen eine Reihe von Tests bestehen, bevor sie in unserer Datenbank registriert werden k\u00f6nnen. Vom Eingang der Dokumente bis zur Lieferung ist Ihr \u00dcbersetzungsprojekt in guten H\u00e4nden. Zus\u00e4tzlich zu den \u00dcbersetzungen bieten wir auch Korrektur-, Bearbeitungs- und Korrekturlesedienste an.<\/p>\n\n\n\n<h2 class=\"wp-block-heading\">Alle unsere arabischen \u00dcbersetzungsdienste<\/h2>\n\n\n\n<ul class=\"wp-block-list\"><li>Arabische&nbsp;Finanz\u00fcbersetzungsdienste<\/li><li>Arabische Business \u00dcbersetzungsdienste<\/li><li>Arabische wissenschaftliche \u00dcbersetzungsdienste<\/li><li>Arabische medizinische \u00dcbersetzungsdienste<\/li><li>Arabische technische \u00dcbersetzungsdienste<\/li><li>Arabische Rechts\u00fcbersetzungsdienste<\/li><li>Arabische Marketing-\u00dcbersetzungsdienste<\/li><li>Arabische Webseiten-\u00dcbersetzungsdienste<\/li><li>Arabische Untertitelungsdienste<\/li><li>Arabische \u00dcbersetzungsdienste f\u00fcr Videospiele<\/li><li>Schnelle \u00dcbersetzungsdienste ins Arabische<\/li><\/ul>\n","protected":false},"excerpt":{"rendered":"<p>Unsere professionellen arabischen \u00dcbersetzungsdienste Da rund 270 Millionen Arabisch sprechen (darunter etwa 220 Muttersprachler) ist Arabisch eine \u00e4u\u00dferst n\u00fctzliche und strategische Sprache f\u00fcr den heutigen [&#8230;]<\/p>\n<p><a class=\"btn btn-secondary understrap-read-more-link\" href=\"https:\/\/culturesconnection.com\/de\/arabischer-uebersetzungsservice\/\">Weiterlesen&#8230;<span class=\"screen-reader-text\"> from Unser arabischer \u00dcbersetzungsservice<\/span><\/a><\/p>\n","protected":false},"author":22,"featured_media":23254,"parent":0,"menu_order":0,"comment_status":"closed","ping_status":"closed","template":"","meta":{"_acf_changed":false,"_editorskit_title_hidden":false,"_editorskit_reading_time":1,"_editorskit_is_block_options_detached":false,"_editorskit_block_options_position":"{}","footnotes":""},"class_list":["post-15860","page","type-page","status-publish","has-post-thumbnail","hentry"],"acf":[],"yoast_head":"<!-- This site is optimized with the Yoast SEO Premium plugin v23.4 (Yoast SEO v27.3) - https:\/\/yoast.com\/product\/yoast-seo-premium-wordpress\/ -->\n<title>Arabischer \u00dcbersetzungsservice | Arabische \u00dcbersetzung<\/title>\n<meta name=\"description\" content=\"\u00dcbersetzungsservice f\u00fcr Dokumente und Webseiten vom und ins Arabische, z.B. Arabisch-Deutsch oder Deutsch-Arabisch. Kostenloses Angebot hier.\" \/>\n<meta name=\"robots\" content=\"index, follow, max-snippet:-1, max-image-preview:large, max-video-preview:-1\" \/>\n<link rel=\"canonical\" href=\"https:\/\/culturesconnection.com\/de\/arabischer-uebersetzungsservice\/\" \/>\n<meta property=\"og:locale\" content=\"de_DE\" \/>\n<meta property=\"og:type\" content=\"article\" \/>\n<meta property=\"og:title\" content=\"Unser arabischer \u00dcbersetzungsservice\" \/>\n<meta property=\"og:description\" content=\"\u00dcbersetzungsservice f\u00fcr Dokumente und Webseiten vom und ins Arabische, z.B. Arabisch-Deutsch oder Deutsch-Arabisch. Kostenloses Angebot hier.\" \/>\n<meta property=\"og:url\" content=\"https:\/\/culturesconnection.com\/de\/arabischer-uebersetzungsservice\/\" \/>\n<meta property=\"og:site_name\" content=\"Cultures Connection\" \/>\n<meta property=\"article:publisher\" content=\"https:\/\/www.facebook.com\/CulturesConnection\" \/>\n<meta property=\"article:modified_time\" content=\"2022-07-27T13:13:42+00:00\" \/>\n<meta property=\"og:image\" content=\"https:\/\/culturesconnection.com\/wp-content\/uploads\/2020\/09\/P\u00e4gina_Servicios_de_traducci\u00f3n_por_idioma.png\" \/>\n\t<meta property=\"og:image:width\" content=\"1417\" \/>\n\t<meta property=\"og:image:height\" content=\"561\" \/>\n\t<meta property=\"og:image:type\" content=\"image\/png\" \/>\n<meta name=\"twitter:card\" content=\"summary_large_image\" \/>\n<meta name=\"twitter:site\" content=\"@CulturesCo_\" \/>\n<meta name=\"twitter:label1\" content=\"Gesch\u00e4tzte Lesezeit\" \/>\n\t<meta name=\"twitter:data1\" content=\"1 Minute\" \/>\n<script type=\"application\/ld+json\" class=\"yoast-schema-graph\">{\"@context\":\"https:\\\/\\\/schema.org\",\"@graph\":[{\"@type\":\"WebPage\",\"@id\":\"https:\\\/\\\/culturesconnection.com\\\/de\\\/arabischer-uebersetzungsservice\\\/\",\"url\":\"https:\\\/\\\/culturesconnection.com\\\/de\\\/arabischer-uebersetzungsservice\\\/\",\"name\":\"Arabischer \u00dcbersetzungsservice | Arabische \u00dcbersetzung\",\"isPartOf\":{\"@id\":\"https:\\\/\\\/culturesconnection.com\\\/fr\\\/#website\"},\"primaryImageOfPage\":{\"@id\":\"https:\\\/\\\/culturesconnection.com\\\/de\\\/arabischer-uebersetzungsservice\\\/#primaryimage\"},\"image\":{\"@id\":\"https:\\\/\\\/culturesconnection.com\\\/de\\\/arabischer-uebersetzungsservice\\\/#primaryimage\"},\"thumbnailUrl\":\"https:\\\/\\\/culturesconnection.com\\\/wp-content\\\/uploads\\\/2020\\\/09\\\/P\u00e4gina_Servicios_de_traducci\u00f3n_por_idioma.png\",\"datePublished\":\"2019-10-16T07:53:54+00:00\",\"dateModified\":\"2022-07-27T13:13:42+00:00\",\"description\":\"\u00dcbersetzungsservice f\u00fcr Dokumente und Webseiten vom und ins Arabische, z.B. Arabisch-Deutsch oder Deutsch-Arabisch. Kostenloses Angebot hier.\",\"breadcrumb\":{\"@id\":\"https:\\\/\\\/culturesconnection.com\\\/de\\\/arabischer-uebersetzungsservice\\\/#breadcrumb\"},\"inLanguage\":\"de-DE\",\"potentialAction\":[{\"@type\":\"ReadAction\",\"target\":[\"https:\\\/\\\/culturesconnection.com\\\/de\\\/arabischer-uebersetzungsservice\\\/\"]}]},{\"@type\":\"ImageObject\",\"inLanguage\":\"de-DE\",\"@id\":\"https:\\\/\\\/culturesconnection.com\\\/de\\\/arabischer-uebersetzungsservice\\\/#primaryimage\",\"url\":\"https:\\\/\\\/culturesconnection.com\\\/wp-content\\\/uploads\\\/2020\\\/09\\\/P\u00e4gina_Servicios_de_traducci\u00f3n_por_idioma.png\",\"contentUrl\":\"https:\\\/\\\/culturesconnection.com\\\/wp-content\\\/uploads\\\/2020\\\/09\\\/P\u00e4gina_Servicios_de_traducci\u00f3n_por_idioma.png\",\"width\":1417,\"height\":561},{\"@type\":\"BreadcrumbList\",\"@id\":\"https:\\\/\\\/culturesconnection.com\\\/de\\\/arabischer-uebersetzungsservice\\\/#breadcrumb\",\"itemListElement\":[{\"@type\":\"ListItem\",\"position\":1,\"name\":\"Home\",\"item\":\"https:\\\/\\\/culturesconnection.com\\\/de\\\/\"},{\"@type\":\"ListItem\",\"position\":2,\"name\":\"Unser arabischer \u00dcbersetzungsservice\"}]},{\"@type\":\"WebSite\",\"@id\":\"https:\\\/\\\/culturesconnection.com\\\/fr\\\/#website\",\"url\":\"https:\\\/\\\/culturesconnection.com\\\/fr\\\/\",\"name\":\"Cultures Connection\",\"description\":\"Cultures Connection is a translation agency dedicated to the success of its international clients.\",\"publisher\":{\"@id\":\"https:\\\/\\\/culturesconnection.com\\\/fr\\\/#organization\"},\"potentialAction\":[{\"@type\":\"SearchAction\",\"target\":{\"@type\":\"EntryPoint\",\"urlTemplate\":\"https:\\\/\\\/culturesconnection.com\\\/fr\\\/?s={search_term_string}\"},\"query-input\":{\"@type\":\"PropertyValueSpecification\",\"valueRequired\":true,\"valueName\":\"search_term_string\"}}],\"inLanguage\":\"de-DE\"},{\"@type\":\"Organization\",\"@id\":\"https:\\\/\\\/culturesconnection.com\\\/fr\\\/#organization\",\"name\":\"Cultures Connection\",\"url\":\"https:\\\/\\\/culturesconnection.com\\\/fr\\\/\",\"logo\":{\"@type\":\"ImageObject\",\"inLanguage\":\"de-DE\",\"@id\":\"https:\\\/\\\/culturesconnection.com\\\/fr\\\/#\\\/schema\\\/logo\\\/image\\\/\",\"url\":\"https:\\\/\\\/culturesconnection.com\\\/wp-content\\\/uploads\\\/2022\\\/06\\\/cropped-favicon512x512.png\",\"contentUrl\":\"https:\\\/\\\/culturesconnection.com\\\/wp-content\\\/uploads\\\/2022\\\/06\\\/cropped-favicon512x512.png\",\"width\":512,\"height\":512,\"caption\":\"Cultures Connection\"},\"image\":{\"@id\":\"https:\\\/\\\/culturesconnection.com\\\/fr\\\/#\\\/schema\\\/logo\\\/image\\\/\"},\"sameAs\":[\"https:\\\/\\\/www.facebook.com\\\/CulturesConnection\",\"https:\\\/\\\/x.com\\\/CulturesCo_\"]}]}<\/script>\n<!-- \/ Yoast SEO Premium plugin. -->","yoast_head_json":{"title":"Arabischer \u00dcbersetzungsservice | Arabische \u00dcbersetzung","description":"\u00dcbersetzungsservice f\u00fcr Dokumente und Webseiten vom und ins Arabische, z.B. Arabisch-Deutsch oder Deutsch-Arabisch. Kostenloses Angebot hier.","robots":{"index":"index","follow":"follow","max-snippet":"max-snippet:-1","max-image-preview":"max-image-preview:large","max-video-preview":"max-video-preview:-1"},"canonical":"https:\/\/culturesconnection.com\/de\/arabischer-uebersetzungsservice\/","og_locale":"de_DE","og_type":"article","og_title":"Unser arabischer \u00dcbersetzungsservice","og_description":"\u00dcbersetzungsservice f\u00fcr Dokumente und Webseiten vom und ins Arabische, z.B. Arabisch-Deutsch oder Deutsch-Arabisch. Kostenloses Angebot hier.","og_url":"https:\/\/culturesconnection.com\/de\/arabischer-uebersetzungsservice\/","og_site_name":"Cultures Connection","article_publisher":"https:\/\/www.facebook.com\/CulturesConnection","article_modified_time":"2022-07-27T13:13:42+00:00","og_image":[{"width":1417,"height":561,"url":"https:\/\/culturesconnection.com\/wp-content\/uploads\/2020\/09\/P\u00e4gina_Servicios_de_traducci\u00f3n_por_idioma.png","type":"image\/png"}],"twitter_card":"summary_large_image","twitter_site":"@CulturesCo_","twitter_misc":{"Gesch\u00e4tzte Lesezeit":"1 Minute"},"schema":{"@context":"https:\/\/schema.org","@graph":[{"@type":"WebPage","@id":"https:\/\/culturesconnection.com\/de\/arabischer-uebersetzungsservice\/","url":"https:\/\/culturesconnection.com\/de\/arabischer-uebersetzungsservice\/","name":"Arabischer \u00dcbersetzungsservice | Arabische \u00dcbersetzung","isPartOf":{"@id":"https:\/\/culturesconnection.com\/fr\/#website"},"primaryImageOfPage":{"@id":"https:\/\/culturesconnection.com\/de\/arabischer-uebersetzungsservice\/#primaryimage"},"image":{"@id":"https:\/\/culturesconnection.com\/de\/arabischer-uebersetzungsservice\/#primaryimage"},"thumbnailUrl":"https:\/\/culturesconnection.com\/wp-content\/uploads\/2020\/09\/P\u00e4gina_Servicios_de_traducci\u00f3n_por_idioma.png","datePublished":"2019-10-16T07:53:54+00:00","dateModified":"2022-07-27T13:13:42+00:00","description":"\u00dcbersetzungsservice f\u00fcr Dokumente und Webseiten vom und ins Arabische, z.B. Arabisch-Deutsch oder Deutsch-Arabisch. Kostenloses Angebot hier.","breadcrumb":{"@id":"https:\/\/culturesconnection.com\/de\/arabischer-uebersetzungsservice\/#breadcrumb"},"inLanguage":"de-DE","potentialAction":[{"@type":"ReadAction","target":["https:\/\/culturesconnection.com\/de\/arabischer-uebersetzungsservice\/"]}]},{"@type":"ImageObject","inLanguage":"de-DE","@id":"https:\/\/culturesconnection.com\/de\/arabischer-uebersetzungsservice\/#primaryimage","url":"https:\/\/culturesconnection.com\/wp-content\/uploads\/2020\/09\/P\u00e4gina_Servicios_de_traducci\u00f3n_por_idioma.png","contentUrl":"https:\/\/culturesconnection.com\/wp-content\/uploads\/2020\/09\/P\u00e4gina_Servicios_de_traducci\u00f3n_por_idioma.png","width":1417,"height":561},{"@type":"BreadcrumbList","@id":"https:\/\/culturesconnection.com\/de\/arabischer-uebersetzungsservice\/#breadcrumb","itemListElement":[{"@type":"ListItem","position":1,"name":"Home","item":"https:\/\/culturesconnection.com\/de\/"},{"@type":"ListItem","position":2,"name":"Unser arabischer \u00dcbersetzungsservice"}]},{"@type":"WebSite","@id":"https:\/\/culturesconnection.com\/fr\/#website","url":"https:\/\/culturesconnection.com\/fr\/","name":"Cultures Connection","description":"Cultures Connection is a translation agency dedicated to the success of its international clients.","publisher":{"@id":"https:\/\/culturesconnection.com\/fr\/#organization"},"potentialAction":[{"@type":"SearchAction","target":{"@type":"EntryPoint","urlTemplate":"https:\/\/culturesconnection.com\/fr\/?s={search_term_string}"},"query-input":{"@type":"PropertyValueSpecification","valueRequired":true,"valueName":"search_term_string"}}],"inLanguage":"de-DE"},{"@type":"Organization","@id":"https:\/\/culturesconnection.com\/fr\/#organization","name":"Cultures Connection","url":"https:\/\/culturesconnection.com\/fr\/","logo":{"@type":"ImageObject","inLanguage":"de-DE","@id":"https:\/\/culturesconnection.com\/fr\/#\/schema\/logo\/image\/","url":"https:\/\/culturesconnection.com\/wp-content\/uploads\/2022\/06\/cropped-favicon512x512.png","contentUrl":"https:\/\/culturesconnection.com\/wp-content\/uploads\/2022\/06\/cropped-favicon512x512.png","width":512,"height":512,"caption":"Cultures Connection"},"image":{"@id":"https:\/\/culturesconnection.com\/fr\/#\/schema\/logo\/image\/"},"sameAs":["https:\/\/www.facebook.com\/CulturesConnection","https:\/\/x.com\/CulturesCo_"]}]}},"_links":{"self":[{"href":"https:\/\/culturesconnection.com\/de\/wp-json\/wp\/v2\/pages\/15860","targetHints":{"allow":["GET"]}}],"collection":[{"href":"https:\/\/culturesconnection.com\/de\/wp-json\/wp\/v2\/pages"}],"about":[{"href":"https:\/\/culturesconnection.com\/de\/wp-json\/wp\/v2\/types\/page"}],"author":[{"embeddable":true,"href":"https:\/\/culturesconnection.com\/de\/wp-json\/wp\/v2\/users\/22"}],"replies":[{"embeddable":true,"href":"https:\/\/culturesconnection.com\/de\/wp-json\/wp\/v2\/comments?post=15860"}],"version-history":[{"count":0,"href":"https:\/\/culturesconnection.com\/de\/wp-json\/wp\/v2\/pages\/15860\/revisions"}],"wp:featuredmedia":[{"embeddable":true,"href":"https:\/\/culturesconnection.com\/de\/wp-json\/wp\/v2\/media\/23254"}],"wp:attachment":[{"href":"https:\/\/culturesconnection.com\/de\/wp-json\/wp\/v2\/media?parent=15860"}],"curies":[{"name":"wp","href":"https:\/\/api.w.org\/{rel}","templated":true}]}}