{"id":15858,"date":"2019-10-16T10:05:43","date_gmt":"2019-10-16T08:05:43","guid":{"rendered":"http:\/\/culturesconnection.com\/?page_id=15858"},"modified":"2022-06-14T21:48:37","modified_gmt":"2022-06-14T19:48:37","slug":"polnischer-uebersetzungsservice","status":"publish","type":"page","link":"https:\/\/culturesconnection.com\/de\/polnischer-uebersetzungsservice\/","title":{"rendered":"Unser polnischer \u00dcbersetzungsservice"},"content":{"rendered":"\n<h2 class=\"wp-block-heading\">Unsere polnischen \u00dcbersetzungsdienstleistungen<\/h2>\n\n\n\n<p>Deutschland ist ein wichtiger Importeur polnischer Waren und Dienstleistungen. Viele Sektoren sind betroffen, wie die Elektrotechnik, die Automobilindustrie und die Lebensmittelindustrie. In den letzten 100 Jahren sind viel Polen nach Deutschland eingewandert, um zu arbeiten und zu leben. Lassen Sie Ihre Dokumente \u00fcbersetzen, um Ihre Gesch\u00e4ftst\u00e4tigkeiten zu exportieren und Ihren Mitbewerbern einen Schritt voraus zu sein. Ihre potenziellen Kunden werden Ihr Unternehmen besser verstehen und viel eher Gesch\u00e4fte mit Ihnen t\u00e4tige wollen. Bei <a href=\"https:\/\/culturesconnection.com\/de\/\">Cultures Connection<\/a> \u00fcbernehmen wir Ihr \u00dcbersetzungsprojekt, unabh\u00e4ngig von Ihrer Frist, Ihrem Budget oder Ihrem T\u00e4tigkeitsbereich.<\/p>\n\n\n\n<h2 class=\"wp-block-heading\">Sind Sie auf der Suche nach einem polnischen \u00dcbersetzer?<\/h2>\n\n\n\n<p>Unser \u00dcbersetzungsb\u00fcro w\u00e4hlt die \u00dcbersetzer sorgf\u00e4ltig aus, mit denen wir zusammenarbeiten. Um dem Team von Cultures Connection beitreten zu k\u00f6nnen, m\u00fcssen diese \u00fcber ein \u00dcbersetzungsdiplom verf\u00fcgen und mindestens 5 Jahre Berufserfahrung in ihrem Fachgebiet. Dar\u00fcber hinaus werden unsere professionellen \u00dcbersetzer regelm\u00e4\u00dfig einer Reihe von Tests unterzogen, um ihre Sprachkenntnisse zu best\u00e4tigen. Sie alle \u00fcbersetzen nur in ihre <a href=\"https:\/\/culturesconnection.com\/de\/professioneller-uebersetzer\">Muttersprache<\/a>.&nbsp; Auch bei dringenden \u00dcbersetzungen garantiert unser \u00dcbersetzungsb\u00fcro, dass Ihre \u00fcbersetzten Dokumente rechtzeitig und im Rahmen des vereinbarten Qualit\u00e4tsniveaus geliefert werden.<\/p>\n\n\n\n<h2 class=\"wp-block-heading\">Unser \u00dcbersetzungsb\u00fcro<\/h2>\n\n\n\n<p>Unser \u00dcbersetzungsb\u00fcro, das auf zwei Kontinenten t\u00e4tig ist, bietet qualitativ hochwertige <a href=\"https:\/\/culturesconnection.com\/de\/uebersetzungsdienst\">\u00dcbersetzungsdienstleistungen<\/a> in zahlreichen Branchen an, zum Beispiel:<\/p>\n\n\n\n<ul class=\"wp-block-list\"><li>Polnische Finanz\u00fcbersetzungsdienste<\/li><li>Polnische Business \u00dcbersetzungsdienste<\/li><li>Polnische wissenschaftliche \u00dcbersetzungsdienste<\/li><li>Polnische medizinische \u00dcbersetzungsdienste<\/li><li>Polnische technische \u00dcbersetzungsdienste<\/li><li>Polnische Rechts\u00fcbersetzungsdienste<\/li><li>Polnische Marketing-\u00dcbersetzungsdienste<\/li><li>Polnische Webseiten-\u00dcbersetzungsdienste<\/li><li>Polnische Untertitelungsdienste<\/li><li>Polnische \u00dcbersetzungsdienste f\u00fcr Videospiele<\/li><li>Schnelle \u00dcbersetzungsdienste ins Polnische<\/li><\/ul>\n","protected":false},"excerpt":{"rendered":"<p>Unsere polnischen \u00dcbersetzungsdienstleistungen Deutschland ist ein wichtiger Importeur polnischer Waren und Dienstleistungen. Viele Sektoren sind betroffen, wie die Elektrotechnik, die Automobilindustrie und die Lebensmittelindustrie. In [&#8230;]<\/p>\n<p><a class=\"btn btn-secondary understrap-read-more-link\" href=\"https:\/\/culturesconnection.com\/de\/polnischer-uebersetzungsservice\/\">Weiterlesen&#8230;<span class=\"screen-reader-text\"> from Unser polnischer \u00dcbersetzungsservice<\/span><\/a><\/p>\n","protected":false},"author":22,"featured_media":23254,"parent":0,"menu_order":0,"comment_status":"closed","ping_status":"closed","template":"","meta":{"_acf_changed":false,"_editorskit_title_hidden":false,"_editorskit_reading_time":0,"_editorskit_is_block_options_detached":false,"_editorskit_block_options_position":"{}","footnotes":""},"class_list":["post-15858","page","type-page","status-publish","has-post-thumbnail","hentry"],"acf":[],"_links":{"self":[{"href":"https:\/\/culturesconnection.com\/de\/wp-json\/wp\/v2\/pages\/15858","targetHints":{"allow":["GET"]}}],"collection":[{"href":"https:\/\/culturesconnection.com\/de\/wp-json\/wp\/v2\/pages"}],"about":[{"href":"https:\/\/culturesconnection.com\/de\/wp-json\/wp\/v2\/types\/page"}],"author":[{"embeddable":true,"href":"https:\/\/culturesconnection.com\/de\/wp-json\/wp\/v2\/users\/22"}],"replies":[{"embeddable":true,"href":"https:\/\/culturesconnection.com\/de\/wp-json\/wp\/v2\/comments?post=15858"}],"version-history":[{"count":0,"href":"https:\/\/culturesconnection.com\/de\/wp-json\/wp\/v2\/pages\/15858\/revisions"}],"wp:featuredmedia":[{"embeddable":true,"href":"https:\/\/culturesconnection.com\/de\/wp-json\/wp\/v2\/media\/23254"}],"wp:attachment":[{"href":"https:\/\/culturesconnection.com\/de\/wp-json\/wp\/v2\/media?parent=15858"}],"curies":[{"name":"wp","href":"https:\/\/api.w.org\/{rel}","templated":true}]}}