{"id":15857,"date":"2019-10-16T10:08:59","date_gmt":"2019-10-16T08:08:59","guid":{"rendered":"http:\/\/culturesconnection.com\/?page_id=15857"},"modified":"2022-06-14T21:25:57","modified_gmt":"2022-06-14T19:25:57","slug":"kroatischer-uebersetzungsservice","status":"publish","type":"page","link":"https:\/\/culturesconnection.com\/de\/kroatischer-uebersetzungsservice\/","title":{"rendered":"Unser kroatischer \u00dcbersetzungsservice"},"content":{"rendered":"\n<h2 class=\"wp-block-heading\">Unsere kroatischen \u00dcbersetzungsdienste<\/h2>\n\n\n\n<p>Seit dem Beitritt Kroatiens zur Europ\u00e4ischen Union nimmt der Handel mit europ\u00e4ischen L\u00e4ndern von Jahr zu Jahr weiter zu. Sektoren wie die Verkehrsinfrastruktur und die Abfallbehandlung profitieren insbesondere von dieser Entwicklung. Wenn Ihr Unternehmen in diesem Land seine Produkte oder Dienstleistungen exportieren m\u00f6chte, so ist die \u00dcbersetzung Ihrer Dokumente eine unvermeidbare Etappe. In der Tat werden Ihre potentiellen Kunden mehr Interesse daran haben mit Ihnen Gesch\u00e4fte zu machen, wenn Ihre Dokumente in ihrer Muttersprache erh\u00e4ltlich sind. \u00dcbersetzung ist ein wichtiges Element f\u00fcr Ihren Erfolg und wird von Unternehmen leider oft untersch\u00e4tzt. Jedoch sollte eine gute Kommunikation in der Sprache Ihres Zielmarktes eine Priorit\u00e4t sein, wenn Sie dort Ihre Gesch\u00e4ftst\u00e4tigkeiten ausweiten wollen.&nbsp;Bei <a href=\"https:\/\/culturesconnection.com\/de\/\">Cultures Connection<\/a> \u00fcbernehmen wir Ihr \u00dcbersetzungsprojekt, unabh\u00e4ngig vom Bereich und der Sprachkombination und wir passen uns an Ihre Frist und Ihr Budget an.<\/p>\n\n\n\n<h2 class=\"wp-block-heading\">Sind Sie auf der Suche nach einem kroatischen \u00dcbersetzer?<\/h2>\n\n\n\n<p>Unser \u00dcbersetzungsb\u00fcro arbeitet ausschlie\u00dflich mit professionellen \u00dcbersetzern zusammen, die von uns ausgew\u00e4hlt wurden. Um unserem Team beitreten zu k\u00f6nnen, m\u00fcssen diese \u00fcber ein \u00dcbersetzungsdiplom verf\u00fcgen und mindestens 5 Jahre Berufserfahrung in ihrem Fachgebiet verf\u00fcgen. Um uns von Ihren F\u00e4higkeiten zu \u00fcberzeugen, \u00fcberpr\u00fcfen wir Sie immer wieder anhand von Tests. Dar\u00fcber hinaus \u00fcbersetzen unsere \u00dcbersetzer nur in ihre <a href=\"https:\/\/culturesconnection.com\/de\/professioneller-uebersetzer\">Muttersprache<\/a>.<\/p>\n\n\n\n<h2 class=\"wp-block-heading\">Unser \u00dcbersetzungsb\u00fcro<\/h2>\n\n\n\n<p>Seit fast 10 Jahren bietet unser professionelles \u00dcbersetzungsb\u00fcro viele <a href=\"https:\/\/culturesconnection.com\/de\/uebersetzungsdienst\">\u00dcbersetzungsdienstleistungen<\/a> in verschiedenen T\u00e4tigkeitsbereichen an, wie z.B.:<\/p>\n\n\n\n<ul class=\"wp-block-list\"><li>Kroatische Finanz\u00fcbersetzungsdienstleistungen<\/li><li>Kroatische Business-\u00dcbersetzungsdienste<\/li><li>Kroatische wissenschaftliche \u00dcbersetzungsdienste<\/li><li>Kroatische medizinische \u00dcbersetzungsdienste<\/li><li>Kroatische technische \u00dcbersetzungsdienste<\/li><li>Kroatische Rechts\u00fcbersetzungsdienste<\/li><li>Kroatische Marketing-\u00dcbersetzungsdienste<\/li><li>Kroatische Webseiten-\u00dcbersetzungsdienste<\/li><li>Kroatische Untertitelungsdienste<\/li><li>Kroatische \u00dcbersetzungsdienste f\u00fcr Videospiele<\/li><li>Schnelle \u00dcbersetzungsdienste ins Kroatische<\/li><\/ul>\n","protected":false},"excerpt":{"rendered":"<p>Unsere kroatischen \u00dcbersetzungsdienste Seit dem Beitritt Kroatiens zur Europ\u00e4ischen Union nimmt der Handel mit europ\u00e4ischen L\u00e4ndern von Jahr zu Jahr weiter zu. Sektoren wie die [&#8230;]<\/p>\n<p><a class=\"btn btn-secondary understrap-read-more-link\" href=\"https:\/\/culturesconnection.com\/de\/kroatischer-uebersetzungsservice\/\">Weiterlesen&#8230;<span class=\"screen-reader-text\"> from Unser kroatischer \u00dcbersetzungsservice<\/span><\/a><\/p>\n","protected":false},"author":22,"featured_media":23254,"parent":0,"menu_order":0,"comment_status":"closed","ping_status":"closed","template":"","meta":{"_acf_changed":false,"_editorskit_title_hidden":false,"_editorskit_reading_time":0,"_editorskit_is_block_options_detached":false,"_editorskit_block_options_position":"{}","footnotes":""},"class_list":["post-15857","page","type-page","status-publish","has-post-thumbnail","hentry"],"acf":[],"_links":{"self":[{"href":"https:\/\/culturesconnection.com\/de\/wp-json\/wp\/v2\/pages\/15857","targetHints":{"allow":["GET"]}}],"collection":[{"href":"https:\/\/culturesconnection.com\/de\/wp-json\/wp\/v2\/pages"}],"about":[{"href":"https:\/\/culturesconnection.com\/de\/wp-json\/wp\/v2\/types\/page"}],"author":[{"embeddable":true,"href":"https:\/\/culturesconnection.com\/de\/wp-json\/wp\/v2\/users\/22"}],"replies":[{"embeddable":true,"href":"https:\/\/culturesconnection.com\/de\/wp-json\/wp\/v2\/comments?post=15857"}],"version-history":[{"count":0,"href":"https:\/\/culturesconnection.com\/de\/wp-json\/wp\/v2\/pages\/15857\/revisions"}],"wp:featuredmedia":[{"embeddable":true,"href":"https:\/\/culturesconnection.com\/de\/wp-json\/wp\/v2\/media\/23254"}],"wp:attachment":[{"href":"https:\/\/culturesconnection.com\/de\/wp-json\/wp\/v2\/media?parent=15857"}],"curies":[{"name":"wp","href":"https:\/\/api.w.org\/{rel}","templated":true}]}}