{"id":15856,"date":"2019-10-16T10:12:03","date_gmt":"2019-10-16T08:12:03","guid":{"rendered":"http:\/\/culturesconnection.com\/?page_id=15856"},"modified":"2022-06-14T21:38:07","modified_gmt":"2022-06-14T19:38:07","slug":"tschechischer-uebersetzungsservice","status":"publish","type":"page","link":"https:\/\/culturesconnection.com\/de\/tschechischer-uebersetzungsservice\/","title":{"rendered":"Unser tschechischer \u00dcbersetzungsservice"},"content":{"rendered":"\n<h2 class=\"wp-block-heading\">Unsere professionellen tschechischen \u00dcbersetzungsdienste<\/h2>\n\n\n\n<p>Tschechisch wird haupts\u00e4chlich in der Tschechischen Republik gesprochen, einem Land mit rund 11 Millionen Einwohnern. Seit 2007 verzeichnet die Tschechische Republik ein starkes Wachstum. Die wichtigsten florierenden Sektoren sind die Produktion, die Automobilindustrie, die Textilindustrie und der Tourismus. Sie erleben derzeit einen echten Boom, vor allem in Prag, einer Stadt, die bei Touristen sehr beliebt ist. Die Wirtschaft der Tschechischen Republik ist eine der am weitesten entwickelten Volkswirtschaften in Ost- und Mitteleuropa. Wenn Sie an diesem Land interessiert sind, ist die \u00dcbersetzung Ihrer Brosch\u00fcren und Handelsdokumente unerl\u00e4sslich. Z\u00f6gern Sie nicht, einen Sprachexperten wie Cultures Connection daf\u00fcr zu verwenden.<\/p>\n\n\n\n<h2 class=\"wp-block-heading\">Unsere professionellen \u00dcbersetzer<\/h2>\n\n\n\n<p>Tschechisch ist eine besonders schwer zu erlernende Sprache, und das liegt daran, dass ihre Komplexit\u00e4t auf einer vielf\u00e4ltigen Morphologie und komplizierten Satzbau aufbaut. Es ist daher immer ratsam, Ihre \u00dcbersetzungsprojekte geschulten und erfahrenen Muttersprachlern anzuvertrauen. Unser <a href=\"https:\/\/culturesconnection.com\/de\/\">\u00dcbersetzungsb\u00fcro<\/a> verwendet nur Experten, die auf einen bestimmten Bereich spezialisiert sind: Recht, Wirtschaft, Medizin, wissenschaftliche, technische \u00dcbersetzung &#8230; Dank unseres umfangreichen <a href=\"https:\/\/culturesconnection.com\/de\/professioneller-uebersetzer\">Netzwerks professioneller \u00dcbersetzer<\/a> \u00fcbernehmen wir alle Arten von Projekten.<\/p>\n\n\n\n<h2 class=\"wp-block-heading\">Unser \u00dcbersetzungsb\u00fcro<\/h2>\n\n\n\n<p>Unsere B\u00fcros befinden sich in Frankreich und Argentinien, was uns eine optimale Reaktionszeit erm\u00f6glicht \u00fcber 18 Stunden pro Tag. Wir behandeln t\u00e4glich eine Vielzahl an <a href=\"https:\/\/culturesconnection.com\/de\/uebersetzungsdienst\">unterschiedlichen Projekten<\/a> in vielen Sprachen, unten werden Sie ein paar Beispiele finden:<\/p>\n\n\n\n<ul class=\"wp-block-list\"><li>Tschechische Finanz\u00fcbersetzungsdienste<\/li><li>Tschechische Business \u00dcbersetzungsdienste<\/li><li>Tschechische wissenschaftliche \u00dcbersetzungsdienste<\/li><li>Tschechische medizinische \u00dcbersetzungsdienste<\/li><li>Tschechische technische \u00dcbersetzungsdienste<\/li><li>Tschechische Rechts\u00fcbersetzungsdienste<\/li><li>Tschechische Marketing-\u00dcbersetzungsdienste<\/li><li>Tschechische Webseiten-\u00dcbersetzungsdienste<\/li><li>Tschechische Untertitelungsdienste<\/li><li>Tschechische \u00dcbersetzungsdienste f\u00fcr Videospiele<\/li><li>Schnelle \u00dcbersetzungsdienste ins Tschechische<\/li><\/ul>\n","protected":false},"excerpt":{"rendered":"<p>Unsere professionellen tschechischen \u00dcbersetzungsdienste Tschechisch wird haupts\u00e4chlich in der Tschechischen Republik gesprochen, einem Land mit rund 11 Millionen Einwohnern. Seit 2007 verzeichnet die Tschechische Republik [&#8230;]<\/p>\n<p><a class=\"btn btn-secondary understrap-read-more-link\" href=\"https:\/\/culturesconnection.com\/de\/tschechischer-uebersetzungsservice\/\">Weiterlesen&#8230;<span class=\"screen-reader-text\"> from Unser tschechischer \u00dcbersetzungsservice<\/span><\/a><\/p>\n","protected":false},"author":22,"featured_media":23254,"parent":0,"menu_order":0,"comment_status":"closed","ping_status":"closed","template":"","meta":{"_acf_changed":false,"_editorskit_title_hidden":false,"_editorskit_reading_time":0,"_editorskit_is_block_options_detached":false,"_editorskit_block_options_position":"{}","footnotes":""},"class_list":["post-15856","page","type-page","status-publish","has-post-thumbnail","hentry"],"acf":[],"_links":{"self":[{"href":"https:\/\/culturesconnection.com\/de\/wp-json\/wp\/v2\/pages\/15856","targetHints":{"allow":["GET"]}}],"collection":[{"href":"https:\/\/culturesconnection.com\/de\/wp-json\/wp\/v2\/pages"}],"about":[{"href":"https:\/\/culturesconnection.com\/de\/wp-json\/wp\/v2\/types\/page"}],"author":[{"embeddable":true,"href":"https:\/\/culturesconnection.com\/de\/wp-json\/wp\/v2\/users\/22"}],"replies":[{"embeddable":true,"href":"https:\/\/culturesconnection.com\/de\/wp-json\/wp\/v2\/comments?post=15856"}],"version-history":[{"count":0,"href":"https:\/\/culturesconnection.com\/de\/wp-json\/wp\/v2\/pages\/15856\/revisions"}],"wp:featuredmedia":[{"embeddable":true,"href":"https:\/\/culturesconnection.com\/de\/wp-json\/wp\/v2\/media\/23254"}],"wp:attachment":[{"href":"https:\/\/culturesconnection.com\/de\/wp-json\/wp\/v2\/media?parent=15856"}],"curies":[{"name":"wp","href":"https:\/\/api.w.org\/{rel}","templated":true}]}}