{"id":15625,"date":"2019-09-12T15:11:40","date_gmt":"2019-09-12T13:11:40","guid":{"rendered":"http:\/\/culturesconnection.com\/?page_id=15625"},"modified":"2022-06-14T19:02:59","modified_gmt":"2022-06-14T17:02:59","slug":"bosnischer-uebersetzungsservice","status":"publish","type":"page","link":"https:\/\/culturesconnection.com\/de\/bosnischer-uebersetzungsservice\/","title":{"rendered":"Unser bosnischer \u00dcbersetzungsservice"},"content":{"rendered":"\n<h2 class=\"wp-block-heading\">Professionelle bosnische \u00dcbersetzungsdienste<\/h2>\n\n\n\n<p>Bei <a href=\"https:\/\/culturesconnection.com\/de\/\">Cultures Connection<\/a> steht Ihnen w\u00e4hrend des gesamten \u00dcbersetzungsprozesses Ihrer Dokumente ein Projektmanager zur Verf\u00fcgung. Wir \u00fcbernehmen jede Art von Projekt. Was auch immer Ihre Budgetvorstellung ist, unser Unternehmen kann Ihnen eine Servicel\u00f6sung anbieten, die Ihrem Bedarf angepasst ist, dank unserer vier Dienstleistungsstufen (Basic, Standard, Professional und Premium).<\/p>\n\n\n\n<p>Alle \u00dcbersetzungen werden von einem Projektmanager betreut, der den reibungslosen Ablauf der Dienstleistung sicherstellt. Bei dringenden Projekten ist deren Einsatz besonders wichtig, da Zeitfristen eine einwandfreie Organisation erfordern.<\/p>\n\n\n\n<h2 class=\"wp-block-heading\">Unsere bosnischen \u00dcbersetzer<\/h2>\n\n\n\n<p>F\u00fcr ein hochqualitatives Ergebnis ist es wichtig, dass Sie den Dienst eines professionellen bosnischen \u00dcbersetzers nutzen.&nbsp;Unser \u00dcbersetzungsb\u00fcro greift auf ein Netzwerk von \u00fcber 740 \u00dcbersetzern zur\u00fcck, so, dass wir immer Zugriff auf den kompetentesten Fachmann f\u00fcr Ihr Projekt haben. Unsere bosnischen \u00dcbersetzer \u00fcbersetzen immer in ihre Muttersprache. Sie haben perfekte Kenntnisse der bosnischen Sprache und Kultur, was ein bedeutender Vorteil ist, um Ihren Content so gut wie m\u00f6glich an Ihren Zielmarkt anzupassen.<\/p>\n\n\n\n<p>Unsere Teams setzen auf Fachleute, die auf einen bestimmten Sektor spezialisiert sind und auf Grundlage ihrer Diplome und Erfahrung rekrutiert werden. Unser \u00dcbersetzungsb\u00fcro w\u00e4hlt f\u00fcr eine Zusammenarbeit sorgf\u00e4ltig \u00dcbersetzer aus auf der Basis ihrer Erfahrung in der \u00dcbersetzungsbranche. In der Tat werden sie nach strengen Kriterien ausgew\u00e4hlt (Diplome, Ausbildung, mindestens 5 Jahre Erfahrung in ihrem Fachgebiet), um qualitativ hochwertige \u00dcbersetzungen liefern zu k\u00f6nnen.<\/p>\n\n\n\n<p>Grammatik, Phonetik, Satzstruktur&#8230; Es gibt so viele Besonderheiten, die die bosnische Sprache zu einer besonders komplexen und schwierigen Sprache machen, insbesondere f\u00fcr Personen, die keine andere slawische Sprache sprechen. Deshalb \u00fcbersetzen alle unsere <a href=\"https:\/\/culturesconnection.com\/de\/professioneller-uebersetzer\">professionellen \u00dcbersetzer in ihre Muttersprache<\/a>, so dass diese sprachlichen und kulturellen Feinheiten stets ber\u00fccksichtigt werden.<\/p>\n\n\n\n<h2 class=\"wp-block-heading\">Unser \u00dcbersetzungsb\u00fcro<\/h2>\n\n\n\n<p>Cultures Connection ist ein <a href=\"https:\/\/culturesconnection.com\/de\/uebersetzungsdienst\">professionelles \u00dcbersetzungsb\u00fcro<\/a> mit Sitz in Frankreich und Argentinien. Das erlaubt unseren Teams Ihnen 18 Stunden t\u00e4glich, 7 Tage in der Woche zur Verf\u00fcgung zu stehen. Wir arbeiten in vielen Branchen wie zum Beispiel:<\/p>\n\n\n\n<ul class=\"wp-block-list\"><li>Bosnische Finanz\u00fcbersetzungsdienste<\/li><li>Bosnische Business-\u00dcbersetzungsdienste<\/li><li>Bosnische wissenschaftliche \u00dcbersetzungsdienste<\/li><li>Bosnische medizinische \u00dcbersetzungsdienste<\/li><li>Bosnische technische \u00dcbersetzungsdienste<\/li><li>Bosnische Rechts\u00fcbersetzungsdienste<\/li><li>Bosnische Marketing-\u00dcbersetzungsdienste<\/li><li>Bosnische Webseiten-\u00dcbersetzungsdienste<\/li><li>Bosnische Untertitelungsdienste<\/li><li>Bosnische \u00dcbersetzungsdienste f\u00fcr Videospiele<\/li><li>Schnelle \u00dcbersetzungsdienste ins Bosnische<\/li><\/ul>\n","protected":false},"excerpt":{"rendered":"<p>Professionelle bosnische \u00dcbersetzungsdienste Bei Cultures Connection steht Ihnen w\u00e4hrend des gesamten \u00dcbersetzungsprozesses Ihrer Dokumente ein Projektmanager zur Verf\u00fcgung. Wir \u00fcbernehmen jede Art von Projekt. Was [&#8230;]<\/p>\n<p><a class=\"btn btn-secondary understrap-read-more-link\" href=\"https:\/\/culturesconnection.com\/de\/bosnischer-uebersetzungsservice\/\">Weiterlesen&#8230;<span class=\"screen-reader-text\"> from Unser bosnischer \u00dcbersetzungsservice<\/span><\/a><\/p>\n","protected":false},"author":22,"featured_media":23254,"parent":0,"menu_order":0,"comment_status":"closed","ping_status":"closed","template":"","meta":{"_acf_changed":false,"_editorskit_title_hidden":false,"_editorskit_reading_time":0,"_editorskit_is_block_options_detached":false,"_editorskit_block_options_position":"{}","footnotes":""},"class_list":["post-15625","page","type-page","status-publish","has-post-thumbnail","hentry"],"acf":[],"_links":{"self":[{"href":"https:\/\/culturesconnection.com\/de\/wp-json\/wp\/v2\/pages\/15625","targetHints":{"allow":["GET"]}}],"collection":[{"href":"https:\/\/culturesconnection.com\/de\/wp-json\/wp\/v2\/pages"}],"about":[{"href":"https:\/\/culturesconnection.com\/de\/wp-json\/wp\/v2\/types\/page"}],"author":[{"embeddable":true,"href":"https:\/\/culturesconnection.com\/de\/wp-json\/wp\/v2\/users\/22"}],"replies":[{"embeddable":true,"href":"https:\/\/culturesconnection.com\/de\/wp-json\/wp\/v2\/comments?post=15625"}],"version-history":[{"count":0,"href":"https:\/\/culturesconnection.com\/de\/wp-json\/wp\/v2\/pages\/15625\/revisions"}],"wp:featuredmedia":[{"embeddable":true,"href":"https:\/\/culturesconnection.com\/de\/wp-json\/wp\/v2\/media\/23254"}],"wp:attachment":[{"href":"https:\/\/culturesconnection.com\/de\/wp-json\/wp\/v2\/media?parent=15625"}],"curies":[{"name":"wp","href":"https:\/\/api.w.org\/{rel}","templated":true}]}}