{"id":15623,"date":"2019-09-12T15:41:41","date_gmt":"2019-09-12T13:41:41","guid":{"rendered":"http:\/\/culturesconnection.com\/?page_id=15623"},"modified":"2022-06-14T18:38:30","modified_gmt":"2022-06-14T16:38:30","slug":"norwegischer-uebersetzungsservice","status":"publish","type":"page","link":"https:\/\/culturesconnection.com\/de\/norwegischer-uebersetzungsservice\/","title":{"rendered":"Unser norwegischer \u00dcbersetzungsservice"},"content":{"rendered":"\n<h2 class=\"wp-block-heading\">Norwegische \u00dcbersetzungsdienste<\/h2>\n\n\n\n<p>Norwegen ist eines der reichsten L\u00e4nder der Welt und seine Bev\u00f6lkerung von 5 Millionen Menschen genie\u00dft einen hohen Lebensstandard. Daher gibt es dort insbesondere Potenzial f\u00fcr Unternehmen, die direkt mit Verbrauchern zusammenarbeiten. Der Weinmarkt ist erfolgreich und w\u00e4chst stetig. Dar\u00fcber hinaus schneiden die \u00d6l-, Gas- und Dienstleistungssektoren sehr gut ab und gemeinsam haben sie es Norwegen erm\u00f6glicht, die Wirtschaftskrise besser zu \u00fcberstehen, als der Rest Skandinaviens.<\/p>\n\n\n\n<h2 class=\"wp-block-heading\">Sind Sie auf der Suche nach einem norwegischen \u00dcbersetzer?<\/h2>\n\n\n\n<p>F\u00fcr hochqualitative Ergebnisse ist es wichtig, dass Sie einen professionellen norwegischen \u00dcbersetzer verwenden. Unser <a href=\"https:\/\/culturesconnection.com\/de\/\">\u00dcbersetzungsb\u00fcro<\/a> greift auf ein Netzwerk von \u00fcber 740 \u00dcbersetzern zur\u00fcck, so, dass wir immer Zugriff auf den kompetentesten Fachmann f\u00fcr Ihr Projekt haben. Unsere norwegischen \u00dcbersetzer \u00fcbersetzen immer in ihre eigene Muttersprache. Sie beherrschen die Norwegische Sprache und Kultur perfekt, was Ihnen dabei hilft Ihren Content so gut wie m\u00f6glich an Ihren Zielmarkt anzupassen. Unser \u00dcbersetzungsb\u00fcro w\u00e4hlt die \u00dcbersetzer mit denen wir zusammenarbeiten sorgf\u00e4ltig aus und auf der Basis ihrer Erfahrung in der <a href=\"https:\/\/culturesconnection.com\/de\/professioneller-uebersetzer\">\u00dcbersetzungsbranche<\/a>.<\/p>\n\n\n\n<h2 class=\"wp-block-heading\">Unser professionelles \u00dcbersetzungsb\u00fcro<\/h2>\n\n\n\n<p>Seit fast 10 Jahren vertrauen uns unsere Kunden eine Vielzahl an unterschiedlicher Projekte an, die wir mit Sorgfalt und Professionalit\u00e4t bearbeiten.<\/p>\n\n\n\n<p>Das Vertrauen, das sie in uns setzen, zeugt von der Seriosit\u00e4t unseres \u00dcbersetzungsb\u00fcros. Wir erhalten t\u00e4glich <a href=\"https:\/\/culturesconnection.com\/de\/uebersetzungsdienst\">zahlreiche Projekte<\/a>, unter anderem:<\/p>\n\n\n\n<ul class=\"wp-block-list\"><li>Norwegische Finanz\u00fcbersetzungsdienste<\/li><li>Norwegische Business-\u00dcbersetzungsdienste<\/li><li>Norwegische wissenschaftliche \u00dcbersetzungsdienste<\/li><li>Norwegische medizinische \u00dcbersetzungsdienste<\/li><li>Norwegische technische \u00dcbersetzungsdienste<\/li><li>Norwegische Rechts\u00fcbersetzungsdienste<\/li><li>Norwegische Marketing-\u00dcbersetzungsdienste<\/li><li>Norwegische Webseiten-\u00dcbersetzungsdienste<\/li><li>Norwegische Untertitelungsdienste<\/li><li>Norwegische \u00dcbersetzungsdienste f\u00fcr Videospiele<\/li><li>Schneller norwegischer \u00dcbersetzungsdienst<\/li><\/ul>\n","protected":false},"excerpt":{"rendered":"<p>Norwegische \u00dcbersetzungsdienste Norwegen ist eines der reichsten L\u00e4nder der Welt und seine Bev\u00f6lkerung von 5 Millionen Menschen genie\u00dft einen hohen Lebensstandard. Daher gibt es dort [&#8230;]<\/p>\n<p><a class=\"btn btn-secondary understrap-read-more-link\" href=\"https:\/\/culturesconnection.com\/de\/norwegischer-uebersetzungsservice\/\">Weiterlesen&#8230;<span class=\"screen-reader-text\"> from Unser norwegischer \u00dcbersetzungsservice<\/span><\/a><\/p>\n","protected":false},"author":22,"featured_media":23254,"parent":0,"menu_order":0,"comment_status":"closed","ping_status":"closed","template":"","meta":{"_acf_changed":false,"_editorskit_title_hidden":false,"_editorskit_reading_time":0,"_editorskit_is_block_options_detached":false,"_editorskit_block_options_position":"{}","footnotes":""},"class_list":["post-15623","page","type-page","status-publish","has-post-thumbnail","hentry"],"acf":[],"_links":{"self":[{"href":"https:\/\/culturesconnection.com\/de\/wp-json\/wp\/v2\/pages\/15623","targetHints":{"allow":["GET"]}}],"collection":[{"href":"https:\/\/culturesconnection.com\/de\/wp-json\/wp\/v2\/pages"}],"about":[{"href":"https:\/\/culturesconnection.com\/de\/wp-json\/wp\/v2\/types\/page"}],"author":[{"embeddable":true,"href":"https:\/\/culturesconnection.com\/de\/wp-json\/wp\/v2\/users\/22"}],"replies":[{"embeddable":true,"href":"https:\/\/culturesconnection.com\/de\/wp-json\/wp\/v2\/comments?post=15623"}],"version-history":[{"count":0,"href":"https:\/\/culturesconnection.com\/de\/wp-json\/wp\/v2\/pages\/15623\/revisions"}],"wp:featuredmedia":[{"embeddable":true,"href":"https:\/\/culturesconnection.com\/de\/wp-json\/wp\/v2\/media\/23254"}],"wp:attachment":[{"href":"https:\/\/culturesconnection.com\/de\/wp-json\/wp\/v2\/media?parent=15623"}],"curies":[{"name":"wp","href":"https:\/\/api.w.org\/{rel}","templated":true}]}}