{"id":15621,"date":"2019-09-12T15:16:22","date_gmt":"2019-09-12T13:16:22","guid":{"rendered":"http:\/\/culturesconnection.com\/?page_id=15621"},"modified":"2022-07-27T15:17:04","modified_gmt":"2022-07-27T13:17:04","slug":"englischer-uebersetzungsservice","status":"publish","type":"page","link":"https:\/\/culturesconnection.com\/de\/englischer-uebersetzungsservice\/","title":{"rendered":"Unser englischer \u00dcbersetzungsservice"},"content":{"rendered":"\n<h2 class=\"wp-block-heading\">Professionelle englische \u00dcbersetzungsdienste<\/h2>\n\n\n\n<p>Mit \u00fcber 850 Millionen Menschen, die Englisch sprechen, ist Englisch heutzutage die absolute Weltsprache f\u00fcr Business und Diplomatie. Es ist inzwischen eine Notwendigkeit seine Dokumente ins Englische zu \u00fcbersetzen, insbesondere f\u00fcr Unternehmen, die sich im Ausland etablieren m\u00f6chten. Englische Dokumente sind ein wesentlicher Vorteil, wenn es um Handelsverhandlungen und den Informationsaustausch geht. Ihre englischsprachigen Partner werden Ihre Bem\u00fchungen sicherlich zu sch\u00e4tzen wissen. Um die gew\u00fcnschte Wirkung zu erzielen ist es dennoch entscheidend, dass Ihre \u00dcbersetzungen vom Deutschen ins Englische von tadelloser Qualit\u00e4t sind. Cultures Connection bearbeitet viele \u00dcbersetzungsprojekte in Fachbereichen, in welchen Englisch die verwendete Arbeitssprache ist, wie beispielsweise in den Bereichen des Business, der Wissenschaft, Forschung, Innovation, Tourismus, neue Technologien, usw. Dar\u00fcber hinaus haben zahlreiche US-Unternehmen Tochtergesellschaften in Deutschland, weshalb deutsch-englische \u00dcbersetzungen zu einer unserer am st\u00e4rksten nachgefragtesten Dienstleistungen geh\u00f6ren.<\/p>\n\n\n\n<h2 class=\"wp-block-heading\">Sind Sie auf der Suche nach einem englischen \u00dcbersetzer?<\/h2>\n\n\n\n<p>Ben\u00f6tigen Sie einen \u00dcbersetzer vom Deutschen ins Englische? Einen Englisch-Deutsch \u00dcbersetzer? Kontaktieren Sie gerne unser \u00dcbersetzungsb\u00fcro! <a href=\"https:\/\/culturesconnection.com\/de\/\">Cultures Connection<\/a> arbeitet mit Experten zusammen im Bereich der \u00dcbersetzung vom und ins Englische, die in unterschiedlichen Branchen spezialisiert sind wie in Finanzen, Marketing, Medizin, Luftfahrt, Informationstechnologie und Internet. Sie werden auf der Grundlage ihrer <a href=\"https:\/\/culturesconnection.com\/de\/professioneller-uebersetzer\">Sprachkenntnisse<\/a> und ihrer formalen Ausbildung ausgew\u00e4hlt; Sie verf\u00fcgen nachweislich \u00fcber mindestens f\u00fcnf Jahre Erfahrung und werden regelm\u00e4\u00dfig getestet.<\/p>\n\n\n\n<p>Um Ihnen das beste Preis-Leistungs-Verh\u00e4ltnis zu garantieren, k\u00f6nnen Sie bei der Auswahl unserer <a href=\"https:\/\/culturesconnection.com\/de\/uebersetzungsdienst\">\u00dcbersetzungsdienstleistungen<\/a> zwischen vier Leistungsstufen w\u00e4hlen (Basic, Standard, Professional und Premium). Das Cultures Connection Team passt sich Ihren Anforderungen an und garantiert eine schnelle Lieferung Ihrer \u00dcbersetzungen vom und ins Deutsche, auch bei eiligen \u00dcbersetzungen.<\/p>\n\n\n\n<h2 class=\"wp-block-heading\">Alle unsere englischen \u00dcbersetzungsdienste<\/h2>\n\n\n\n<ul class=\"wp-block-list\"><li>Englische Finanz\u00fcbersetzungsdienstleistungen<\/li><li>Englische Business \u00dcbersetzungsdienste<\/li><li>Englische wissenschaftliche \u00dcbersetzungsdienste<\/li><li>Englische medizinische \u00dcbersetzungsdienste<\/li><li>Englische technische \u00dcbersetzungsdienste<\/li><li>Englische Rechts\u00fcbersetzungsdienste<\/li><li>Englische Marketing-\u00dcbersetzungsdienste<\/li><li>Englische Webseiten-\u00dcbersetzungsdienste<\/li><li>Englische Untertitlungsdienste<\/li><li>Englische \u00dcbersetzungsdienste f\u00fcr Videospiele<\/li><li>Schneller deutscher \u00dcbersetzungsdienst<\/li><\/ul>\n","protected":false},"excerpt":{"rendered":"<p>Professionelle englische \u00dcbersetzungsdienste Mit \u00fcber 850 Millionen Menschen, die Englisch sprechen, ist Englisch heutzutage die absolute Weltsprache f\u00fcr Business und Diplomatie. Es ist inzwischen eine [&#8230;]<\/p>\n<p><a class=\"btn btn-secondary understrap-read-more-link\" href=\"https:\/\/culturesconnection.com\/de\/englischer-uebersetzungsservice\/\">Weiterlesen&#8230;<span class=\"screen-reader-text\"> from Unser englischer \u00dcbersetzungsservice<\/span><\/a><\/p>\n","protected":false},"author":22,"featured_media":23254,"parent":0,"menu_order":0,"comment_status":"closed","ping_status":"closed","template":"","meta":{"_acf_changed":false,"_editorskit_title_hidden":false,"_editorskit_reading_time":1,"_editorskit_is_block_options_detached":false,"_editorskit_block_options_position":"{}","footnotes":""},"class_list":["post-15621","page","type-page","status-publish","has-post-thumbnail","hentry"],"acf":[],"yoast_head":"<!-- This site is optimized with the Yoast SEO Premium plugin v23.4 (Yoast SEO v27.3) - https:\/\/yoast.com\/product\/yoast-seo-premium-wordpress\/ -->\n<title>Englischer \u00dcbersetzungsservice | Englische \u00dcbersetzung<\/title>\n<meta name=\"description\" content=\"\u00dcbersetzungsservice f\u00fcr Dokumente und Webseiten vom und ins Englische, z.B. Deutsch-Englisch oder Englisch-Deutsch. Kostenloses Angebot hier.\" \/>\n<meta name=\"robots\" content=\"index, follow, max-snippet:-1, max-image-preview:large, max-video-preview:-1\" \/>\n<link rel=\"canonical\" href=\"https:\/\/culturesconnection.com\/de\/englischer-uebersetzungsservice\/\" \/>\n<meta property=\"og:locale\" content=\"de_DE\" \/>\n<meta property=\"og:type\" content=\"article\" \/>\n<meta property=\"og:title\" content=\"Unser englischer \u00dcbersetzungsservice\" \/>\n<meta property=\"og:description\" content=\"\u00dcbersetzungsservice f\u00fcr Dokumente und Webseiten vom und ins Englische, z.B. Deutsch-Englisch oder Englisch-Deutsch. Kostenloses Angebot hier.\" \/>\n<meta property=\"og:url\" content=\"https:\/\/culturesconnection.com\/de\/englischer-uebersetzungsservice\/\" \/>\n<meta property=\"og:site_name\" content=\"Cultures Connection\" \/>\n<meta property=\"article:publisher\" content=\"https:\/\/www.facebook.com\/CulturesConnection\" \/>\n<meta property=\"article:modified_time\" content=\"2022-07-27T13:17:04+00:00\" \/>\n<meta property=\"og:image\" content=\"https:\/\/culturesconnection.com\/wp-content\/uploads\/2020\/09\/P\u00e4gina_Servicios_de_traducci\u00f3n_por_idioma.png\" \/>\n\t<meta property=\"og:image:width\" content=\"1417\" \/>\n\t<meta property=\"og:image:height\" content=\"561\" \/>\n\t<meta property=\"og:image:type\" content=\"image\/png\" \/>\n<meta name=\"twitter:card\" content=\"summary_large_image\" \/>\n<meta name=\"twitter:site\" content=\"@CulturesCo_\" \/>\n<meta name=\"twitter:label1\" content=\"Gesch\u00e4tzte Lesezeit\" \/>\n\t<meta name=\"twitter:data1\" content=\"2 Minuten\" \/>\n<script type=\"application\/ld+json\" class=\"yoast-schema-graph\">{\"@context\":\"https:\\\/\\\/schema.org\",\"@graph\":[{\"@type\":\"WebPage\",\"@id\":\"https:\\\/\\\/culturesconnection.com\\\/de\\\/englischer-uebersetzungsservice\\\/\",\"url\":\"https:\\\/\\\/culturesconnection.com\\\/de\\\/englischer-uebersetzungsservice\\\/\",\"name\":\"Englischer \u00dcbersetzungsservice | Englische \u00dcbersetzung\",\"isPartOf\":{\"@id\":\"https:\\\/\\\/culturesconnection.com\\\/fr\\\/#website\"},\"primaryImageOfPage\":{\"@id\":\"https:\\\/\\\/culturesconnection.com\\\/de\\\/englischer-uebersetzungsservice\\\/#primaryimage\"},\"image\":{\"@id\":\"https:\\\/\\\/culturesconnection.com\\\/de\\\/englischer-uebersetzungsservice\\\/#primaryimage\"},\"thumbnailUrl\":\"https:\\\/\\\/culturesconnection.com\\\/wp-content\\\/uploads\\\/2020\\\/09\\\/P\u00e4gina_Servicios_de_traducci\u00f3n_por_idioma.png\",\"datePublished\":\"2019-09-12T13:16:22+00:00\",\"dateModified\":\"2022-07-27T13:17:04+00:00\",\"description\":\"\u00dcbersetzungsservice f\u00fcr Dokumente und Webseiten vom und ins Englische, z.B. Deutsch-Englisch oder Englisch-Deutsch. Kostenloses Angebot hier.\",\"breadcrumb\":{\"@id\":\"https:\\\/\\\/culturesconnection.com\\\/de\\\/englischer-uebersetzungsservice\\\/#breadcrumb\"},\"inLanguage\":\"de-DE\",\"potentialAction\":[{\"@type\":\"ReadAction\",\"target\":[\"https:\\\/\\\/culturesconnection.com\\\/de\\\/englischer-uebersetzungsservice\\\/\"]}]},{\"@type\":\"ImageObject\",\"inLanguage\":\"de-DE\",\"@id\":\"https:\\\/\\\/culturesconnection.com\\\/de\\\/englischer-uebersetzungsservice\\\/#primaryimage\",\"url\":\"https:\\\/\\\/culturesconnection.com\\\/wp-content\\\/uploads\\\/2020\\\/09\\\/P\u00e4gina_Servicios_de_traducci\u00f3n_por_idioma.png\",\"contentUrl\":\"https:\\\/\\\/culturesconnection.com\\\/wp-content\\\/uploads\\\/2020\\\/09\\\/P\u00e4gina_Servicios_de_traducci\u00f3n_por_idioma.png\",\"width\":1417,\"height\":561},{\"@type\":\"BreadcrumbList\",\"@id\":\"https:\\\/\\\/culturesconnection.com\\\/de\\\/englischer-uebersetzungsservice\\\/#breadcrumb\",\"itemListElement\":[{\"@type\":\"ListItem\",\"position\":1,\"name\":\"Home\",\"item\":\"https:\\\/\\\/culturesconnection.com\\\/de\\\/\"},{\"@type\":\"ListItem\",\"position\":2,\"name\":\"Unser englischer \u00dcbersetzungsservice\"}]},{\"@type\":\"WebSite\",\"@id\":\"https:\\\/\\\/culturesconnection.com\\\/fr\\\/#website\",\"url\":\"https:\\\/\\\/culturesconnection.com\\\/fr\\\/\",\"name\":\"Cultures Connection\",\"description\":\"Cultures Connection is a translation agency dedicated to the success of its international clients.\",\"publisher\":{\"@id\":\"https:\\\/\\\/culturesconnection.com\\\/fr\\\/#organization\"},\"potentialAction\":[{\"@type\":\"SearchAction\",\"target\":{\"@type\":\"EntryPoint\",\"urlTemplate\":\"https:\\\/\\\/culturesconnection.com\\\/fr\\\/?s={search_term_string}\"},\"query-input\":{\"@type\":\"PropertyValueSpecification\",\"valueRequired\":true,\"valueName\":\"search_term_string\"}}],\"inLanguage\":\"de-DE\"},{\"@type\":\"Organization\",\"@id\":\"https:\\\/\\\/culturesconnection.com\\\/fr\\\/#organization\",\"name\":\"Cultures Connection\",\"url\":\"https:\\\/\\\/culturesconnection.com\\\/fr\\\/\",\"logo\":{\"@type\":\"ImageObject\",\"inLanguage\":\"de-DE\",\"@id\":\"https:\\\/\\\/culturesconnection.com\\\/fr\\\/#\\\/schema\\\/logo\\\/image\\\/\",\"url\":\"https:\\\/\\\/culturesconnection.com\\\/wp-content\\\/uploads\\\/2022\\\/06\\\/cropped-favicon512x512.png\",\"contentUrl\":\"https:\\\/\\\/culturesconnection.com\\\/wp-content\\\/uploads\\\/2022\\\/06\\\/cropped-favicon512x512.png\",\"width\":512,\"height\":512,\"caption\":\"Cultures Connection\"},\"image\":{\"@id\":\"https:\\\/\\\/culturesconnection.com\\\/fr\\\/#\\\/schema\\\/logo\\\/image\\\/\"},\"sameAs\":[\"https:\\\/\\\/www.facebook.com\\\/CulturesConnection\",\"https:\\\/\\\/x.com\\\/CulturesCo_\"]}]}<\/script>\n<!-- \/ Yoast SEO Premium plugin. -->","yoast_head_json":{"title":"Englischer \u00dcbersetzungsservice | Englische \u00dcbersetzung","description":"\u00dcbersetzungsservice f\u00fcr Dokumente und Webseiten vom und ins Englische, z.B. Deutsch-Englisch oder Englisch-Deutsch. Kostenloses Angebot hier.","robots":{"index":"index","follow":"follow","max-snippet":"max-snippet:-1","max-image-preview":"max-image-preview:large","max-video-preview":"max-video-preview:-1"},"canonical":"https:\/\/culturesconnection.com\/de\/englischer-uebersetzungsservice\/","og_locale":"de_DE","og_type":"article","og_title":"Unser englischer \u00dcbersetzungsservice","og_description":"\u00dcbersetzungsservice f\u00fcr Dokumente und Webseiten vom und ins Englische, z.B. Deutsch-Englisch oder Englisch-Deutsch. Kostenloses Angebot hier.","og_url":"https:\/\/culturesconnection.com\/de\/englischer-uebersetzungsservice\/","og_site_name":"Cultures Connection","article_publisher":"https:\/\/www.facebook.com\/CulturesConnection","article_modified_time":"2022-07-27T13:17:04+00:00","og_image":[{"width":1417,"height":561,"url":"https:\/\/culturesconnection.com\/wp-content\/uploads\/2020\/09\/P\u00e4gina_Servicios_de_traducci\u00f3n_por_idioma.png","type":"image\/png"}],"twitter_card":"summary_large_image","twitter_site":"@CulturesCo_","twitter_misc":{"Gesch\u00e4tzte Lesezeit":"2 Minuten"},"schema":{"@context":"https:\/\/schema.org","@graph":[{"@type":"WebPage","@id":"https:\/\/culturesconnection.com\/de\/englischer-uebersetzungsservice\/","url":"https:\/\/culturesconnection.com\/de\/englischer-uebersetzungsservice\/","name":"Englischer \u00dcbersetzungsservice | Englische \u00dcbersetzung","isPartOf":{"@id":"https:\/\/culturesconnection.com\/fr\/#website"},"primaryImageOfPage":{"@id":"https:\/\/culturesconnection.com\/de\/englischer-uebersetzungsservice\/#primaryimage"},"image":{"@id":"https:\/\/culturesconnection.com\/de\/englischer-uebersetzungsservice\/#primaryimage"},"thumbnailUrl":"https:\/\/culturesconnection.com\/wp-content\/uploads\/2020\/09\/P\u00e4gina_Servicios_de_traducci\u00f3n_por_idioma.png","datePublished":"2019-09-12T13:16:22+00:00","dateModified":"2022-07-27T13:17:04+00:00","description":"\u00dcbersetzungsservice f\u00fcr Dokumente und Webseiten vom und ins Englische, z.B. Deutsch-Englisch oder Englisch-Deutsch. Kostenloses Angebot hier.","breadcrumb":{"@id":"https:\/\/culturesconnection.com\/de\/englischer-uebersetzungsservice\/#breadcrumb"},"inLanguage":"de-DE","potentialAction":[{"@type":"ReadAction","target":["https:\/\/culturesconnection.com\/de\/englischer-uebersetzungsservice\/"]}]},{"@type":"ImageObject","inLanguage":"de-DE","@id":"https:\/\/culturesconnection.com\/de\/englischer-uebersetzungsservice\/#primaryimage","url":"https:\/\/culturesconnection.com\/wp-content\/uploads\/2020\/09\/P\u00e4gina_Servicios_de_traducci\u00f3n_por_idioma.png","contentUrl":"https:\/\/culturesconnection.com\/wp-content\/uploads\/2020\/09\/P\u00e4gina_Servicios_de_traducci\u00f3n_por_idioma.png","width":1417,"height":561},{"@type":"BreadcrumbList","@id":"https:\/\/culturesconnection.com\/de\/englischer-uebersetzungsservice\/#breadcrumb","itemListElement":[{"@type":"ListItem","position":1,"name":"Home","item":"https:\/\/culturesconnection.com\/de\/"},{"@type":"ListItem","position":2,"name":"Unser englischer \u00dcbersetzungsservice"}]},{"@type":"WebSite","@id":"https:\/\/culturesconnection.com\/fr\/#website","url":"https:\/\/culturesconnection.com\/fr\/","name":"Cultures Connection","description":"Cultures Connection is a translation agency dedicated to the success of its international clients.","publisher":{"@id":"https:\/\/culturesconnection.com\/fr\/#organization"},"potentialAction":[{"@type":"SearchAction","target":{"@type":"EntryPoint","urlTemplate":"https:\/\/culturesconnection.com\/fr\/?s={search_term_string}"},"query-input":{"@type":"PropertyValueSpecification","valueRequired":true,"valueName":"search_term_string"}}],"inLanguage":"de-DE"},{"@type":"Organization","@id":"https:\/\/culturesconnection.com\/fr\/#organization","name":"Cultures Connection","url":"https:\/\/culturesconnection.com\/fr\/","logo":{"@type":"ImageObject","inLanguage":"de-DE","@id":"https:\/\/culturesconnection.com\/fr\/#\/schema\/logo\/image\/","url":"https:\/\/culturesconnection.com\/wp-content\/uploads\/2022\/06\/cropped-favicon512x512.png","contentUrl":"https:\/\/culturesconnection.com\/wp-content\/uploads\/2022\/06\/cropped-favicon512x512.png","width":512,"height":512,"caption":"Cultures Connection"},"image":{"@id":"https:\/\/culturesconnection.com\/fr\/#\/schema\/logo\/image\/"},"sameAs":["https:\/\/www.facebook.com\/CulturesConnection","https:\/\/x.com\/CulturesCo_"]}]}},"_links":{"self":[{"href":"https:\/\/culturesconnection.com\/de\/wp-json\/wp\/v2\/pages\/15621","targetHints":{"allow":["GET"]}}],"collection":[{"href":"https:\/\/culturesconnection.com\/de\/wp-json\/wp\/v2\/pages"}],"about":[{"href":"https:\/\/culturesconnection.com\/de\/wp-json\/wp\/v2\/types\/page"}],"author":[{"embeddable":true,"href":"https:\/\/culturesconnection.com\/de\/wp-json\/wp\/v2\/users\/22"}],"replies":[{"embeddable":true,"href":"https:\/\/culturesconnection.com\/de\/wp-json\/wp\/v2\/comments?post=15621"}],"version-history":[{"count":0,"href":"https:\/\/culturesconnection.com\/de\/wp-json\/wp\/v2\/pages\/15621\/revisions"}],"wp:featuredmedia":[{"embeddable":true,"href":"https:\/\/culturesconnection.com\/de\/wp-json\/wp\/v2\/media\/23254"}],"wp:attachment":[{"href":"https:\/\/culturesconnection.com\/de\/wp-json\/wp\/v2\/media?parent=15621"}],"curies":[{"name":"wp","href":"https:\/\/api.w.org\/{rel}","templated":true}]}}