{"id":15620,"date":"2019-09-12T15:40:15","date_gmt":"2019-09-12T13:40:15","guid":{"rendered":"http:\/\/culturesconnection.com\/?page_id=15620"},"modified":"2022-06-14T01:04:04","modified_gmt":"2022-06-13T23:04:04","slug":"niederlaendischer-uebersetzungsservice","status":"publish","type":"page","link":"https:\/\/culturesconnection.com\/de\/niederlaendischer-uebersetzungsservice\/","title":{"rendered":"Unser niederl\u00e4ndischer \u00dcbersetzungsservice"},"content":{"rendered":"\n<h2 class=\"wp-block-heading\">Professioneller niederl\u00e4ndischer \u00dcbersetzungsservice<\/h2>\n\n\n\n<p>Durch die \u00dcbersetzung Ihrer Dokumente ins Niederl\u00e4ndische k\u00f6nnten Sie weitere 28 Millionen Menschen erreichen, deren Muttersprache Niederl\u00e4ndisch ist. Die meisten Niederl\u00e4nder werden es Ihnen hoch anrechnen, wenn Sie Ihr Content in deren Muttersprache anbieten. Wenn man bedenkt, dass Deutschland ein wichtiger Handelspartnern der Niederlande ist, ist die Nachfrage nach Deutsch-Niederl\u00e4ndischen \u00dcbersetzungen dementsprechend hoch. Ganz davon zu schweigen, dass die Niederlande der gr\u00f6\u00dfte Seefrachtanbieter in Europa ist.<\/p>\n\n\n\n<p>Die \u00dcbersetzung Ihrer Dokumente ins Niederl\u00e4ndische ist notwendig, um Verhandlungen, Informationsaustausch und Dialoge mit Ihren niederl\u00e4ndischen Kontakten zu erleichtern. <a href=\"https:\/\/culturesconnection.com\/de\/\">Cultures Connection<\/a> bietet <a href=\"https:\/\/culturesconnection.com\/de\/uebersetzungsdienst\">\u00dcbersetzungsservice<\/a> vom oder ins Niederl\u00e4ndische f\u00fcr alle Arten von Projekten und alle Branche in denen Ihr Unternehmen t\u00e4tig ist.<\/p>\n\n\n\n<h2 class=\"wp-block-heading\">Sind Sie auf der Suche nach einem niederl\u00e4ndischen \u00dcbersetzer?<\/h2>\n\n\n\n<p>Cultures Connection k\u00fcmmert sich um Ihre niederl\u00e4ndische \u00dcbersetzungsprojekte, vom Erhalt der Dokumente bis zur Lieferung der \u00dcbersetzung. Durch langj\u00e4hrige Erfahrung in der \u00dcbersetzungsbranche hat unsere Agentur ein breites Netzwerk an niederl\u00e4ndischen \u00dcbersetzern aufgebaut. Ganz gleich ob Sie eine \u00dcbersetzung vom Deutschen ins Niederl\u00e4ndische oder andersrum ben\u00f6tigen, einer unserer Projektmanager wird f\u00fcr Sie einen Experten ausfindig machen, der Ihre Anforderungen und Fristen erf\u00fcllen kann.<\/p>\n\n\n\n<p>Da wir wissen was eine schlechte \u00dcbersetzung anrichten kann, sucht Cultures Connection seine \u00dcbersetzer auf der Basis derer <a href=\"https:\/\/culturesconnection.com\/de\/professioneller-uebersetzer\">Sprachkenntnisse<\/a> und Hochschulausbildung aus. Sie m\u00fcssen \u00fcber mindestens f\u00fcnf Jahre erfolgreiche Erfahrung verf\u00fcgen und regelm\u00e4\u00dfig Tests bestehen, um weiterhin in unserer Datenbank bleiben zu k\u00f6nnen.<\/p>\n\n\n\n<h2 class=\"wp-block-heading\">Unsere niederl\u00e4ndischen \u00dcbersetzungsdienstleistungen<\/h2>\n\n\n\n<ul class=\"wp-block-list\"><li>Niederl\u00e4ndische Finanz\u00fcbersetzungsdienste<\/li><li>Niederl\u00e4ndische Business \u00dcbersetzungsdienste<\/li><li>Niederl\u00e4ndische wissenschaftliche \u00dcbersetzungsdienste<\/li><li>Niederl\u00e4ndische medizinische \u00dcbersetzungsdienste<\/li><li>Niederl\u00e4ndische technische \u00dcbersetzungsdienste<\/li><li>Niederl\u00e4ndische Rechts\u00fcbersetzungsdienste<\/li><li>Niederl\u00e4ndische Marketing-\u00dcbersetzungsdienste<\/li><li>Niederl\u00e4ndische Webseiten-\u00dcbersetzungsdienste<\/li><li>Niederl\u00e4ndische Untertitelungsdienste<\/li><li>Niederl\u00e4ndische \u00dcbersetzungsdienste f\u00fcr Videospiele<\/li><li>Schneller niederl\u00e4ndischer \u00dcbersetzungsdienst<\/li><\/ul>\n","protected":false},"excerpt":{"rendered":"<p>Professioneller niederl\u00e4ndischer \u00dcbersetzungsservice Durch die \u00dcbersetzung Ihrer Dokumente ins Niederl\u00e4ndische k\u00f6nnten Sie weitere 28 Millionen Menschen erreichen, deren Muttersprache Niederl\u00e4ndisch ist. Die meisten Niederl\u00e4nder werden [&#8230;]<\/p>\n<p><a class=\"btn btn-secondary understrap-read-more-link\" href=\"https:\/\/culturesconnection.com\/de\/niederlaendischer-uebersetzungsservice\/\">Weiterlesen&#8230;<span class=\"screen-reader-text\"> from Unser niederl\u00e4ndischer \u00dcbersetzungsservice<\/span><\/a><\/p>\n","protected":false},"author":22,"featured_media":23254,"parent":0,"menu_order":0,"comment_status":"closed","ping_status":"closed","template":"","meta":{"_acf_changed":false,"_editorskit_title_hidden":false,"_editorskit_reading_time":0,"_editorskit_is_block_options_detached":false,"_editorskit_block_options_position":"{}","footnotes":""},"class_list":["post-15620","page","type-page","status-publish","has-post-thumbnail","hentry"],"acf":[],"_links":{"self":[{"href":"https:\/\/culturesconnection.com\/de\/wp-json\/wp\/v2\/pages\/15620","targetHints":{"allow":["GET"]}}],"collection":[{"href":"https:\/\/culturesconnection.com\/de\/wp-json\/wp\/v2\/pages"}],"about":[{"href":"https:\/\/culturesconnection.com\/de\/wp-json\/wp\/v2\/types\/page"}],"author":[{"embeddable":true,"href":"https:\/\/culturesconnection.com\/de\/wp-json\/wp\/v2\/users\/22"}],"replies":[{"embeddable":true,"href":"https:\/\/culturesconnection.com\/de\/wp-json\/wp\/v2\/comments?post=15620"}],"version-history":[{"count":0,"href":"https:\/\/culturesconnection.com\/de\/wp-json\/wp\/v2\/pages\/15620\/revisions"}],"wp:featuredmedia":[{"embeddable":true,"href":"https:\/\/culturesconnection.com\/de\/wp-json\/wp\/v2\/media\/23254"}],"wp:attachment":[{"href":"https:\/\/culturesconnection.com\/de\/wp-json\/wp\/v2\/media?parent=15620"}],"curies":[{"name":"wp","href":"https:\/\/api.w.org\/{rel}","templated":true}]}}