{"id":15619,"date":"2019-09-12T15:34:01","date_gmt":"2019-09-12T13:34:01","guid":{"rendered":"http:\/\/culturesconnection.com\/?page_id=15619"},"modified":"2022-06-14T00:31:20","modified_gmt":"2022-06-13T22:31:20","slug":"spanischer-uebersetzungsservice","status":"publish","type":"page","link":"https:\/\/culturesconnection.com\/de\/spanischer-uebersetzungsservice\/","title":{"rendered":"Unser spanischer \u00dcbersetzungsservice"},"content":{"rendered":"\n<h2 class=\"wp-block-heading\">Professioneller spanischer \u00dcbersetzungsservice<\/h2>\n\n\n\n<p>Spanisch wird von fast 500 Millionen Menschen gesprochen und ist nach Englisch und Mandarin auf Platz drei der Weltsprachen. Trotz der Wirtschaftskrise, die die Iberische Halbinsel geschw\u00e4cht hat, ist Spanien auch heute noch ein idealer Wirtschaftspartner. In Lateinamerika sorgt der Export von \u00d6l und Mineralien in einigen L\u00e4ndern f\u00fcr wirtschaftlichen Aufschwung. Eine Zusammenarbeit mit diesen L\u00e4ndern kann vorteilhaft und strategisch sein.<\/p>\n\n\n\n<p>Spanisch wird f\u00e4lschlicherweise oft als \u201eeinfache\u201c Sprache eingesch\u00e4tzt. Jedoch wird nur ein professioneller \u00dcbersetzer kulturelle Feinheiten und dialektale Formen vollst\u00e4ndig verstehen. Beispielsweise kann das gleiche Wort zwei ganz unterschiedliche Bedeutungen haben, je nachdem, ob Sie sich in Spanien oder Lateinamerika befinden. Cultures Connection arbeitet mit vielen Unternehmen in den Bereichen Luft- und Raumfahrt, Energie, Handel, Kleidung und Tourismus zusammen, in welchen der Gebrauch von Spanisch eine t\u00e4gliche Realit\u00e4t ist. Die <a href=\"https:\/\/culturesconnection.com\/de\/uebersetzungsdienst\">\u00dcbersetzung von Dokumenten<\/a> ins Spanische nimmt einen erheblichen Teil unseres Gesch\u00e4fts ein.<\/p>\n\n\n\n<h2 class=\"wp-block-heading\">Sind Sie auf der Suche nach einem spanischen \u00dcbersetzer?<\/h2>\n\n\n\n<p>Ben\u00f6tigen Sie einen \u00dcbersetzer vom Deutschen ins Spanische? Einen \u00dcbersetzer vom Spanischen ins Deutsche? Cultures Connection bietet kundenspezifische, hochqualitative und wettbewerbsf\u00e4hige spanische \u00dcbersetzungsl\u00f6sungen. Die Standorte unserer \u00dcbersetzungsagenturen, insbesondere unser B\u00fcro in Argentinien, haben es uns erm\u00f6glicht, enge Beziehungen zu qualifizierten spanischen \u00dcbersetzern aufzubauen. Wir bieten spanische \u00dcbersetzungen (Kastilisch, Katalanisch, usw.), die an Ihre Bed\u00fcrfnisse angepasst sind.<\/p>\n\n\n\n<p>Unser <a href=\"https:\/\/culturesconnection.com\/de\/\">\u00dcbersetzungsunternehmen<\/a> arbeitet mit Ureinwohnern Aus Spanien, Mittelamerika und Lateinamerika mit den unterschiedlichsten Spezialisierungen zusammen. <a href=\"https:\/\/culturesconnection.com\/de\/professioneller-uebersetzer\">Unsere Sprachexperten<\/a> m\u00fcssen spezielle \u00dcbersetzungstests bestehen, bevor sie in unserer Datenbank registriert werden k\u00f6nnen. Sie arbeiten gem\u00e4\u00df der geltenden Vorschriften nur in ihre Muttersprache.<\/p>\n\n\n\n<h2 class=\"wp-block-heading\">Alle unsere spanischen \u00dcbersetzungsdienste<\/h2>\n\n\n\n<ul class=\"wp-block-list\"><li>Spanische Finanz\u00fcbersetzungsdienste<\/li><li>Spanische Business \u00dcbersetzungsdienste<\/li><li>Spanische wissenschaftliche \u00dcbersetzungsdienste<\/li><li>Spanische medizinische \u00dcbersetzungsdienste<\/li><li>Spanische technische \u00dcbersetzungsdienste<\/li><li>Spanische Rechts\u00fcbersetzungsdienste<\/li><li>Spanische Marketing-\u00dcbersetzungsdienste<\/li><li>Spanische Webseiten-\u00dcbersetzungsdienste<\/li><li>Spanische Untertitelungsdienste<\/li><li>Spanische \u00dcbersetzungsdienste f\u00fcr Videospiele<\/li><li>Schnelle \u00dcbersetzungsdienste in Spanische<\/li><\/ul>\n","protected":false},"excerpt":{"rendered":"<p>Professioneller spanischer \u00dcbersetzungsservice Spanisch wird von fast 500 Millionen Menschen gesprochen und ist nach Englisch und Mandarin auf Platz drei der Weltsprachen. Trotz der Wirtschaftskrise, [&#8230;]<\/p>\n<p><a class=\"btn btn-secondary understrap-read-more-link\" href=\"https:\/\/culturesconnection.com\/de\/spanischer-uebersetzungsservice\/\">Weiterlesen&#8230;<span class=\"screen-reader-text\"> from Unser spanischer \u00dcbersetzungsservice<\/span><\/a><\/p>\n","protected":false},"author":22,"featured_media":23254,"parent":0,"menu_order":0,"comment_status":"closed","ping_status":"closed","template":"","meta":{"_acf_changed":false,"_editorskit_title_hidden":false,"_editorskit_reading_time":0,"_editorskit_is_block_options_detached":false,"_editorskit_block_options_position":"{}","footnotes":""},"class_list":["post-15619","page","type-page","status-publish","has-post-thumbnail","hentry"],"acf":[],"_links":{"self":[{"href":"https:\/\/culturesconnection.com\/de\/wp-json\/wp\/v2\/pages\/15619","targetHints":{"allow":["GET"]}}],"collection":[{"href":"https:\/\/culturesconnection.com\/de\/wp-json\/wp\/v2\/pages"}],"about":[{"href":"https:\/\/culturesconnection.com\/de\/wp-json\/wp\/v2\/types\/page"}],"author":[{"embeddable":true,"href":"https:\/\/culturesconnection.com\/de\/wp-json\/wp\/v2\/users\/22"}],"replies":[{"embeddable":true,"href":"https:\/\/culturesconnection.com\/de\/wp-json\/wp\/v2\/comments?post=15619"}],"version-history":[{"count":0,"href":"https:\/\/culturesconnection.com\/de\/wp-json\/wp\/v2\/pages\/15619\/revisions"}],"wp:featuredmedia":[{"embeddable":true,"href":"https:\/\/culturesconnection.com\/de\/wp-json\/wp\/v2\/media\/23254"}],"wp:attachment":[{"href":"https:\/\/culturesconnection.com\/de\/wp-json\/wp\/v2\/media?parent=15619"}],"curies":[{"name":"wp","href":"https:\/\/api.w.org\/{rel}","templated":true}]}}