{"id":15618,"date":"2019-09-12T15:30:38","date_gmt":"2019-09-12T13:30:38","guid":{"rendered":"http:\/\/culturesconnection.com\/?page_id=15618"},"modified":"2022-06-13T22:07:55","modified_gmt":"2022-06-13T20:07:55","slug":"rumaenischer-uebersetzungsservice","status":"publish","type":"page","link":"https:\/\/culturesconnection.com\/de\/rumaenischer-uebersetzungsservice\/","title":{"rendered":"Unser rum\u00e4nischer \u00dcbersetzungsservice"},"content":{"rendered":"\n<h2 class=\"wp-block-heading\">Unsere rum\u00e4nischen \u00dcbersetzungsdienstleistungen<\/h2>\n\n\n\n<p>Die Wirtschaftsbeziehungen zwischen Deutschland und Rum\u00e4nien wachsen rasant. Deutschland ist ein wichtiger Handelspartner f\u00fcr Deutschland. Wenn Sie Ihre Aktivit\u00e4ten in dieses Land exportieren m\u00f6chten, wird Cultures Connection Ihr \u00dcbersetzungsprojekt \u00fcbernehmen unabh\u00e4ngig von der Frist, der Branche und von Ihrem Budget. Wir bieten vier unterschiedliche Service-Stufen an (Basic, Standard, Professional und Premium), um Ihre Erwartungen hinsichtlich Budget und Qualit\u00e4t so gut wie m\u00f6glich zu erf\u00fcllen.<\/p>\n\n\n\n<h2 class=\"wp-block-heading\">Sind Sie auf der Suche nach einem rum\u00e4nischen \u00dcbersetzer?<\/h2>\n\n\n\n<p>Unser professionelles <a href=\"https:\/\/culturesconnection.com\/de\/\">\u00dcbersetzungsb\u00fcro<\/a> w\u00e4hlt seine \u00dcbersetzer nach strengen Kriterien aus. Sie werden entsprechend ihrer Qualifikationen und F\u00e4higkeiten rekrutiert. Wir erwarten mindestens 5 Jahre Erfahrung auf diesem Gebiet, damit wir stets qualitativ hochwertige \u00dcbersetzungen liefern k\u00f6nnen. Rum\u00e4nisch ist eine besonders komplexe Sprache, was bedeutet, dass solide sprachliche und kulturelle Fertigkeiten erforderlich sind, um \u00dcbersetzungen von oder ins Rum\u00e4nische zu erstellen. <a href=\"https:\/\/culturesconnection.com\/de\/professioneller-uebersetzer\">Unsere Sprachexperten<\/a> beherrschen alle Feinheiten dieser Sprache und \u00fcbersetzen ausschlie\u00dflich in ihre eigene Muttersprache.<\/p>\n\n\n\n<h2 class=\"wp-block-heading\">Unser \u00dcbersetzungsb\u00fcro<\/h2>\n\n\n\n<p>Seit fast 10 Jahren bietet Cultures Connection vielen Kunden in Frankreich und im Ausland professionelle <a href=\"https:\/\/culturesconnection.com\/de\/uebersetzungsdienst\">\u00dcbersetzungsdienstleistungen<\/a> an. Unsere Teams begleiten Sie w\u00e4hrend des \u00dcbersetzungsprozesses Ihrer Inhalte, unabh\u00e4ngig vom Fachbereich, der Ihren zu \u00fcbersetzenden Dokumenten behandelt wird. Wir arbeiten zum Beispiel in folgenden Bereichen:<\/p>\n\n\n\n<ul class=\"wp-block-list\"><li>Rum\u00e4nische Finanz\u00fcbersetzungsdienste<\/li><li>Rum\u00e4nische Business-\u00dcbersetzungsdienste<\/li><li>Rum\u00e4nische wissenschaftliche \u00dcbersetzungsdienste<\/li><li>Rum\u00e4nische medizinische \u00dcbersetzungsdienste<\/li><li>Rum\u00e4nische technische \u00dcbersetzungsdienste<\/li><li>Rum\u00e4nische Rechts\u00fcbersetzungsdienste<\/li><li>Rum\u00e4nische Marketing-\u00dcbersetzungsdienste<\/li><li>Rum\u00e4nische Webseiten-\u00dcbersetzungsdienste<\/li><li>Rum\u00e4nische Untertitelungsdienste<\/li><li>Rum\u00e4nische \u00dcbersetzungsdienste f\u00fcr Videospiele<\/li><li>Schnelle \u00dcbersetzungsdienste ins Rum\u00e4nische<\/li><\/ul>\n","protected":false},"excerpt":{"rendered":"<p>Unsere rum\u00e4nischen \u00dcbersetzungsdienstleistungen Die Wirtschaftsbeziehungen zwischen Deutschland und Rum\u00e4nien wachsen rasant. Deutschland ist ein wichtiger Handelspartner f\u00fcr Deutschland. Wenn Sie Ihre Aktivit\u00e4ten in dieses Land [&#8230;]<\/p>\n<p><a class=\"btn btn-secondary understrap-read-more-link\" href=\"https:\/\/culturesconnection.com\/de\/rumaenischer-uebersetzungsservice\/\">Weiterlesen&#8230;<span class=\"screen-reader-text\"> from Unser rum\u00e4nischer \u00dcbersetzungsservice<\/span><\/a><\/p>\n","protected":false},"author":22,"featured_media":23254,"parent":0,"menu_order":0,"comment_status":"closed","ping_status":"closed","template":"","meta":{"_acf_changed":false,"_editorskit_title_hidden":false,"_editorskit_reading_time":0,"_editorskit_is_block_options_detached":false,"_editorskit_block_options_position":"{}","footnotes":""},"class_list":["post-15618","page","type-page","status-publish","has-post-thumbnail","hentry"],"acf":[],"_links":{"self":[{"href":"https:\/\/culturesconnection.com\/de\/wp-json\/wp\/v2\/pages\/15618","targetHints":{"allow":["GET"]}}],"collection":[{"href":"https:\/\/culturesconnection.com\/de\/wp-json\/wp\/v2\/pages"}],"about":[{"href":"https:\/\/culturesconnection.com\/de\/wp-json\/wp\/v2\/types\/page"}],"author":[{"embeddable":true,"href":"https:\/\/culturesconnection.com\/de\/wp-json\/wp\/v2\/users\/22"}],"replies":[{"embeddable":true,"href":"https:\/\/culturesconnection.com\/de\/wp-json\/wp\/v2\/comments?post=15618"}],"version-history":[{"count":0,"href":"https:\/\/culturesconnection.com\/de\/wp-json\/wp\/v2\/pages\/15618\/revisions"}],"wp:featuredmedia":[{"embeddable":true,"href":"https:\/\/culturesconnection.com\/de\/wp-json\/wp\/v2\/media\/23254"}],"wp:attachment":[{"href":"https:\/\/culturesconnection.com\/de\/wp-json\/wp\/v2\/media?parent=15618"}],"curies":[{"name":"wp","href":"https:\/\/api.w.org\/{rel}","templated":true}]}}