{"id":15617,"date":"2019-09-12T15:23:09","date_gmt":"2019-09-12T13:23:09","guid":{"rendered":"http:\/\/culturesconnection.com\/?page_id=15617"},"modified":"2022-06-14T00:16:25","modified_gmt":"2022-06-13T22:16:25","slug":"portugiesischer-uebersetzungsservice","status":"publish","type":"page","link":"https:\/\/culturesconnection.com\/de\/portugiesischer-uebersetzungsservice\/","title":{"rendered":"Professionelle portugiesische \u00dcbersetzungsdienste"},"content":{"rendered":"\n<h2 class=\"wp-block-heading\">Professionelle portugiesische \u00dcbersetzungsdienste<\/h2>\n\n\n\n<p>Portugiesisch ist auf Platz 7 der meistgesprochenen Sprachen. Da Portugiesisch von fast 230 Millionen Menschen gesprochen wird, werden Sie nicht daran vorbeikommen Ihre Dokumente ins Portugiesische zu \u00fcbersetzen um portugiesische und brasilianische M\u00e4rkte zu erobern. Gem\u00e4\u00df des Internationalen W\u00e4hrungsfonds ist Brasilien die siebte Weltwirtschaftsmacht und bietet daher viele M\u00f6glichkeiten f\u00fcr wirtschaftliche Partnerschaft.<\/p>\n\n\n\n<p>Man muss ebenso beachten, dass das in Portugal gesprochene Portugiesisch sich sehr vom in Brasilien gesprochene Portugiesisch unterscheidet hinsichtlich des Akzents, der Grammatik und des Vokabulars. Manche W\u00f6rter sind in den zwei Sprachen ganz unterschiedlich und nur professionelle \u00dcbersetzer werden in der Lage sein diese Feinheiten und dialektischen Unterschiede zu verstehen.<\/p>\n\n\n\n<p><a href=\"https:\/\/culturesconnection.com\/de\/\">Cultures Connection<\/a> arbeitet mit vielen Unternehmen zusammen aus den Fachbereichen der Elektronik, Umwelt, Chemie, Kraftfahrzeugausr\u00fcstung, Agrar- und Ern\u00e4hrungswirtschaft, Versicherungsbranche sowie des Tourismus, Einzelhandels und Bankwesens, in welchen die <a href=\"https:\/\/culturesconnection.com\/de\/uebersetzungsdienst\">\u00dcbersetzung von Dokumenten<\/a> ins Portugiesische ein strategisches Anliegen darstellt.<\/p>\n\n\n\n<h2 class=\"wp-block-heading\">Ben\u00f6tigen Sie einen portugiesischen \u00dcbersetzer?<\/h2>\n\n\n\n<p>Suchen Sie einen \u00dcbersetzer vom Deutschen ins Portugiesische? Ein \u00dcbersetzer vom Portugiesischen ins Deutsche? Cultures Connection bietet kundenspezifische, hochqualitative und wettbewerbsf\u00e4hige portugiesisch \u00dcbersetzungsl\u00f6sungen. Der Standort unserer Filialen, besonders unsere Niederlassung in Lateinamerika (siehe unter Unser \u00dcbersetzungsb\u00fcro in Buenos Aires) erlaubt uns langfristige Beziehungen zu unseren qualifizierten portugiesischen \u00dcbersetzern aufzubauen. Wir bieten portugiesische \u00dcbersetzungen (europ\u00e4isches Portugiesisch, brasilianisches Portugiesisch) die an Ihre Bed\u00fcrfnisse, Ihren Zeitplan und Budget angepasst sind.<\/p>\n\n\n\n<p>Unser \u00dcbersetzungsb\u00fcro arbeitet mit Muttersprachlern aus Portugal und Brasilien zusammen, sowie in Angola, Kap Verde und Mosambik. <a href=\"https:\/\/culturesconnection.com\/de\/professioneller-uebersetzer\">Unsere Sprachexperten<\/a> m\u00fcssen eine spezialisierte \u00dcbersetzungspr\u00fcfung bestehen, bevor Sie unserer Datenbank hinzugef\u00fcgt werden k\u00f6nnen. Wir erwarten mindestens f\u00fcnf Jahre professionelle Arbeitserfahrung und verlangen von unseren \u00dcbersetzern, dass sie ausschlie\u00dflich in ihre eigene Muttersprache \u00fcbersetzen, gem\u00e4\u00df der geltenden europ\u00e4ischen Normen.<\/p>\n\n\n\n<h2 class=\"wp-block-heading\">Unsere verschiedenen portugiesischen \u00dcbersetzungsdienstleistungen<\/h2>\n\n\n\n<ul class=\"wp-block-list\"><li>Portugiesische Finanz\u00fcbersetzungsdienstleistungen<\/li><li>Portugiesische Business \u00dcbersetzungsdiente<\/li><li>Portugiesische wissenschaftliche \u00dcbersetzungsdienste<\/li><li>Portugiesische medizinische \u00dcbersetzungsdienste<\/li><li>Portugiesische technische \u00dcbersetzungsdienste<\/li><li>Portugiesische Rechts\u00fcbersetzungsdienste<\/li><li>Portugiesische Marketing-\u00dcbersetzungsdienste<\/li><li>Portugiesische Webseiten-\u00dcbersetzungsdienste<\/li><li>Portugiesische Untertitelungsdienste<\/li><li>Portugiesische \u00dcbersetzungsdienste f\u00fcr Videospiele<\/li><li>Schnelle \u00dcbersetzungsdienste in Portugiesische<\/li><\/ul>\n","protected":false},"excerpt":{"rendered":"<p>Professionelle portugiesische \u00dcbersetzungsdienste Portugiesisch ist auf Platz 7 der meistgesprochenen Sprachen. Da Portugiesisch von fast 230 Millionen Menschen gesprochen wird, werden Sie nicht daran vorbeikommen [&#8230;]<\/p>\n<p><a class=\"btn btn-secondary understrap-read-more-link\" href=\"https:\/\/culturesconnection.com\/de\/portugiesischer-uebersetzungsservice\/\">Weiterlesen&#8230;<span class=\"screen-reader-text\"> from Professionelle portugiesische \u00dcbersetzungsdienste<\/span><\/a><\/p>\n","protected":false},"author":22,"featured_media":23254,"parent":0,"menu_order":0,"comment_status":"closed","ping_status":"closed","template":"","meta":{"_acf_changed":false,"_editorskit_title_hidden":false,"_editorskit_reading_time":0,"_editorskit_is_block_options_detached":false,"_editorskit_block_options_position":"{}","footnotes":""},"class_list":["post-15617","page","type-page","status-publish","has-post-thumbnail","hentry"],"acf":[],"_links":{"self":[{"href":"https:\/\/culturesconnection.com\/de\/wp-json\/wp\/v2\/pages\/15617","targetHints":{"allow":["GET"]}}],"collection":[{"href":"https:\/\/culturesconnection.com\/de\/wp-json\/wp\/v2\/pages"}],"about":[{"href":"https:\/\/culturesconnection.com\/de\/wp-json\/wp\/v2\/types\/page"}],"author":[{"embeddable":true,"href":"https:\/\/culturesconnection.com\/de\/wp-json\/wp\/v2\/users\/22"}],"replies":[{"embeddable":true,"href":"https:\/\/culturesconnection.com\/de\/wp-json\/wp\/v2\/comments?post=15617"}],"version-history":[{"count":0,"href":"https:\/\/culturesconnection.com\/de\/wp-json\/wp\/v2\/pages\/15617\/revisions"}],"wp:featuredmedia":[{"embeddable":true,"href":"https:\/\/culturesconnection.com\/de\/wp-json\/wp\/v2\/media\/23254"}],"wp:attachment":[{"href":"https:\/\/culturesconnection.com\/de\/wp-json\/wp\/v2\/media?parent=15617"}],"curies":[{"name":"wp","href":"https:\/\/api.w.org\/{rel}","templated":true}]}}