{"id":15616,"date":"2019-09-12T15:21:59","date_gmt":"2019-09-12T13:21:59","guid":{"rendered":"http:\/\/culturesconnection.com\/?page_id=15616"},"modified":"2022-06-14T00:05:35","modified_gmt":"2022-06-13T22:05:35","slug":"italienischer-uebersetzungsservice","status":"publish","type":"page","link":"https:\/\/culturesconnection.com\/de\/italienischer-uebersetzungsservice\/","title":{"rendered":"Unser italienischer \u00dcbersetzungsservice"},"content":{"rendered":"\n<h2 class=\"wp-block-heading\">Professionelle italienische \u00dcbersetzungsdienste<\/h2>\n\n\n\n<p>Italien ist ein Industrieland mit einer diversifizierten Wirtschaft, was es zu einem idealen Ort macht um Wirtschaftspartnerschaften zu etablieren. Italien hat ebenso die h\u00f6chste Quote an kleinen und mittleren Unternehmen in Europa, welches weltweit zum Ansehen von Italiens Know-how beitr\u00e4gt.<\/p>\n\n\n\n<p>Deutsch ist nicht die am h\u00e4ufigsten verwendete Verhandlungssprache in Italien und Ihre Kontakte werden es sch\u00e4tzen, wenn Sie einen italienischen Dolmetscher verwenden oder Ihre Dokumente ins Italienische \u00fcbersetzen lassen. Cultures Connection verwaltet viele \u00dcbersetzungsprojekte in Branchen, in denen Italienisch h\u00e4ufig gesprochen wird (Einzelhandel, Energie, Transport, Luxus, Mode, Tourismus, usw.). Italienische \u00dcbersetzungsdienstleistungen stellen auch einen erheblichen Teil unseres Gesch\u00e4fts dar.<\/p>\n\n\n\n<h2 class=\"wp-block-heading\">Ben\u00f6tigen Sie einen italienischen \u00dcbersetzer?<\/h2>\n\n\n\n<p>Ob Sie nach einem \u00dcbersetzer suchen f\u00fcr \u00dcbersetzungen vom Italienischen ins Deutsche oder andersrum, unser <a href=\"https:\/\/culturesconnection.com\/de\/\">\u00dcbersetzungsb\u00fcro<\/a> stellt Ihnen unsere Expertise zur Verf\u00fcgung. Unsere Projektmanager w\u00e4hlen die besten Spezialisten f\u00fcr die \u00dcbersetzung Ihrer Dokumente, Websites, E-Commerce-Websites, Blogs oder f\u00fcr andere Texte aus. Der Gr\u00fcnder von Cultures Connection baute sich in Italien ein Netzwerk von italienischen \u00dcbersetzungsexperten auf (vom und ins Italienische), die sich auf so unterschiedliche Bereiche wie Finanzen, Marketing, Medizin, Webseiten und sogar Untertitelung spezialisiert haben.<\/p>\n\n\n\n<p>Um sprachliche und kulturelle Feinheiten genau zu vermitteln und um geltenden Vorschriften zu entsprechen arbeiten unsere professionellen \u00dcbersetzer nur in ihre <a href=\"https:\/\/culturesconnection.com\/de\/professioneller-uebersetzer\">eigene Muttersprache<\/a>. Im Bewusstsein, dass Qualit\u00e4t immer die beste Wahl ist, aber dass einige Unternehmen \u00fcber ein kleines Budget verf\u00fcgen, bietet Cultures Connection vier Stufen von <a href=\"https:\/\/culturesconnection.com\/de\/uebersetzungsdienst\">\u00dcbersetzungsdienstleistungen<\/a> (Basic, Standard, Professional und Premium).<\/p>\n\n\n\n<h2 class=\"wp-block-heading\">Unsere unterschiedlichen italienischen \u00dcbersetzungsdienstleistungen<\/h2>\n\n\n\n<ul class=\"wp-block-list\"><li>Italienische Finanz\u00fcbersetzungsdienstleistungen<\/li><li>Italienische Business \u00dcbersetzungsdienste<\/li><li>Italienische wissenschaftliche \u00dcbersetzungsdienste<\/li><li>Italienische medizinische \u00dcbersetzungsdienste<\/li><li>Italienische technische \u00dcbersetzungsdienste<\/li><li>Italienische Rechts\u00fcbersetzungsdienste<\/li><li>Italienische Marketing-\u00dcbersetzungsdienste<\/li><li>Italienische Webseiten-\u00dcbersetzungsdienste<\/li><li>Italienische Untertitlungsdienste<\/li><li>Italienische \u00dcbersetzungsdienste f\u00fcr Videospiele<\/li><li>Schnelle \u00dcbersetzungsdienste in Italienische<\/li><\/ul>\n","protected":false},"excerpt":{"rendered":"<p>Professionelle italienische \u00dcbersetzungsdienste Italien ist ein Industrieland mit einer diversifizierten Wirtschaft, was es zu einem idealen Ort macht um Wirtschaftspartnerschaften zu etablieren. Italien hat ebenso [&#8230;]<\/p>\n<p><a class=\"btn btn-secondary understrap-read-more-link\" href=\"https:\/\/culturesconnection.com\/de\/italienischer-uebersetzungsservice\/\">Weiterlesen&#8230;<span class=\"screen-reader-text\"> from Unser italienischer \u00dcbersetzungsservice<\/span><\/a><\/p>\n","protected":false},"author":22,"featured_media":23254,"parent":0,"menu_order":0,"comment_status":"closed","ping_status":"closed","template":"","meta":{"_acf_changed":false,"_editorskit_title_hidden":false,"_editorskit_reading_time":0,"_editorskit_is_block_options_detached":false,"_editorskit_block_options_position":"{}","footnotes":""},"class_list":["post-15616","page","type-page","status-publish","has-post-thumbnail","hentry"],"acf":[],"_links":{"self":[{"href":"https:\/\/culturesconnection.com\/de\/wp-json\/wp\/v2\/pages\/15616","targetHints":{"allow":["GET"]}}],"collection":[{"href":"https:\/\/culturesconnection.com\/de\/wp-json\/wp\/v2\/pages"}],"about":[{"href":"https:\/\/culturesconnection.com\/de\/wp-json\/wp\/v2\/types\/page"}],"author":[{"embeddable":true,"href":"https:\/\/culturesconnection.com\/de\/wp-json\/wp\/v2\/users\/22"}],"replies":[{"embeddable":true,"href":"https:\/\/culturesconnection.com\/de\/wp-json\/wp\/v2\/comments?post=15616"}],"version-history":[{"count":0,"href":"https:\/\/culturesconnection.com\/de\/wp-json\/wp\/v2\/pages\/15616\/revisions"}],"wp:featuredmedia":[{"embeddable":true,"href":"https:\/\/culturesconnection.com\/de\/wp-json\/wp\/v2\/media\/23254"}],"wp:attachment":[{"href":"https:\/\/culturesconnection.com\/de\/wp-json\/wp\/v2\/media?parent=15616"}],"curies":[{"name":"wp","href":"https:\/\/api.w.org\/{rel}","templated":true}]}}