{"id":15066,"date":"2019-09-12T15:08:36","date_gmt":"2019-09-12T13:08:36","guid":{"rendered":"http:\/\/culturesconnection.com\/?page_id=15066"},"modified":"2022-11-21T15:31:16","modified_gmt":"2022-11-21T14:31:16","slug":"dokumente-uebersetzung","status":"publish","type":"page","link":"https:\/\/culturesconnection.com\/de\/dokumente-uebersetzung\/","title":{"rendered":"Unser \u00dcbersetzungsservice f\u00fcr Dokumente"},"content":{"rendered":"\n<h2 class=\"wp-block-heading\">\u00dcbersetzungsservice f\u00fcr Dokumente<\/h2>\n\n\n\n<p><a href=\"https:\/\/culturesconnection.com\/de\/\">Cultures Connection<\/a> ist <strong>ein professionelles \u00dcbersetzungsb\u00fcro<\/strong> mit Sitz in Argentinien und Frankreich, das Dienstleistungen in vielen Bereichen und Sprachkombinationen anbietet. Seit 2007 besteht unsere Aufgabe darin, die f\u00fcr Ihre Bed\u00fcrfnisse am besten geeigneten \u00dcbersetzer zu w\u00e4hlen, die Ihren und unseren Qualit\u00e4tsanforderungen entsprechen.<\/p>\n\n\n\n<h2 class=\"wp-block-heading\">Spezialisierte Fach\u00fcbersetzungen<\/h2>\n\n\n\n<p>Cultures Connection \u00fcbernimmt jede Art von <a href=\"https:\/\/culturesconnection.com\/de\/uebersetzungsdienst\">\u00dcbersetzungsprojekten<\/a>, unabh\u00e4ngig vom Fachgebiet und Thema. Deshalb bieten wir Sprachdienstleistungen unter anderem in den folgenden Bereichen an:<br>&#8211; <a href=\"https:\/\/culturesconnection.com\/de\/juristische-uebersetzung\">Juristische \u00dcbersetzungen<\/a>: Vertr\u00e4ge, Gesch\u00e4ftsbedingungen, Absichtserkl\u00e4rungen, Gutachten&#8230;<br>&#8211; <a href=\"https:\/\/culturesconnection.com\/de\/marketing-uebersetzung\">Marketing-\u00dcbersetzungen<\/a>: Brosch\u00fcren, Werbematerialien, Webseiten, Produktbl\u00e4tter, Pressemitteilungen&#8230;<br>&#8211; <a href=\"https:\/\/culturesconnection.com\/de\/finanzielle-uebersetzung\/\">Finanz\u00fcbersetzungen<\/a>: Jahresberichte, Pr\u00fcfungsberichte, Fusionen und \u00dcbernahmen, Bilanzen&#8230;<br>&#8211; <a href=\"https:\/\/culturesconnection.com\/de\/uebersetzung-fuer-internationale-organisationen\/\">\u00dcbersetzung f\u00fcr internationale Organisationen<\/a>: IWF, UN\u2026<br>&#8211; <a href=\"https:\/\/culturesconnection.com\/de\/business-uebersetzung\">Kommerzielle \u00dcbersetzungen<\/a>: Brosch\u00fcren, Marktforschung, Whitepaper, Kataloge&#8230;<br>&#8211; <a href=\"https:\/\/culturesconnection.com\/de\/wissenschaftliche-uebersetzung\">Wissenschaftliche \u00dcbersetzungen<\/a> in den Bereichen der: Medizin, Umwelt, Virologie, Biotechnologie&#8230;<br>&#8211; <a href=\"https:\/\/culturesconnection.com\/de\/technische-uebersetzung\">Technische \u00dcbersetzungen<\/a>: technische Texte, Normen, Patente, technische Handb\u00fccher, Anleitungen&#8230;<br>&#8211; <a href=\"https:\/\/culturesconnection.com\/de\/medizinische-uebersetzung\">Medizinische \u00dcbersetzungen<\/a>: Zeitschriften, Konferenzberichte, Publikationen, klinische Studienergebnisse&#8230;<br>&#8211; <a href=\"https:\/\/culturesconnection.com\/de\/website-uebersetzung\">Webseiten-\u00dcbersetzungen<\/a><br>&#8211; <a href=\"https:\/\/culturesconnection.com\/de\/audiovisuelle-uebersetzung\">Audiovisuelle \u00dcbersetzungen<\/a>: Transkriptionen, Zeitz\u00e4hler-Markierungen, \u00dcbersetzung und Anpassung von Untertiteln&#8230;<\/p>\n\n\n\n<h2 class=\"wp-block-heading\">Unsere professionellen \u00dcbersetzer<\/h2>\n\n\n\n<p>Unser \u00dcbersetzungsb\u00fcro arbeitet mit mehr als <a href=\"https:\/\/culturesconnection.com\/de\/professioneller-uebersetzer\">740 professionellen \u00dcbersetzern<\/a> zusammen. Diese werden sorgf\u00e4ltig auf der Grundlage ihrer Qualifikationen und Erfahrungen ausgew\u00e4hlt. Dar\u00fcber hinaus werden sie regelm\u00e4\u00dfig in ihrem Fachgebiet getestet, um ihre Entwicklung zu verfolgen und Kontinuit\u00e4t in der Qualit\u00e4t ihrer Arbeit zu gew\u00e4hrleisten. Jeder \u00dcbersetzer ist auf einen bestimmten Bereich spezialisiert (Recht, Medizin, Marketing, Finanzen, Wirtschaft, etc.) und \u00fcbersetzt ausschlie\u00dflich in seine Muttersprache.<\/p>\n\n\n\n<h2 class=\"wp-block-heading\">Die verschiedenen Dateiformate<\/h2>\n\n\n\n<p>Jede Branche, mit der wir arbeiten, verwendet bevorzugt bestimmte Dateiformate. Wir haben Erfahrung mit verschiedenen Formaten und arbeiten regelm\u00e4\u00dfig mit den folgenden:.doc, .docx, .dot, .dotx, .docm, .dotm, .rtf, .ppt, .pptx, .pot, .potx, .pptm, .potm, .xls, .xlsx, .xlt , .xltx, .xlsm, .xltm, .htm, .html, .idml (.indd), .zip, etc.<br>Durch den Einsatz innovativer Software bieten wir einen sehr effizienten Umgang mit Ihren Dateien.<\/p>\n\n\n\n<p>Entdecken Sie die <a href=\"https:\/\/culturesconnection.com\/de\/whitepapers-und-broschueren\/\">Brosch\u00fcre von Cultures Connection<\/a>!<\/p>\n","protected":false},"excerpt":{"rendered":"<p>\u00dcbersetzungsservice f\u00fcr Dokumente Cultures Connection ist ein professionelles \u00dcbersetzungsb\u00fcro mit Sitz in Argentinien und Frankreich, das Dienstleistungen in vielen Bereichen und Sprachkombinationen anbietet. Seit 2007 [&#8230;]<\/p>\n<p><a class=\"btn btn-secondary understrap-read-more-link\" href=\"https:\/\/culturesconnection.com\/de\/dokumente-uebersetzung\/\">Weiterlesen&#8230;<span class=\"screen-reader-text\"> from Unser \u00dcbersetzungsservice f\u00fcr Dokumente<\/span><\/a><\/p>\n","protected":false},"author":22,"featured_media":26096,"parent":0,"menu_order":0,"comment_status":"closed","ping_status":"closed","template":"","meta":{"_acf_changed":false,"_editorskit_title_hidden":false,"_editorskit_reading_time":1,"_editorskit_is_block_options_detached":false,"_editorskit_block_options_position":"{}","footnotes":""},"class_list":["post-15066","page","type-page","status-publish","has-post-thumbnail","hentry"],"acf":[],"yoast_head":"<!-- This site is optimized with the Yoast SEO Premium plugin v23.4 (Yoast SEO v27.3) - https:\/\/yoast.com\/product\/yoast-seo-premium-wordpress\/ -->\n<title>Dokumente-\u00dcbersetzung | \u00dcbersetzungsservice f\u00fcr Dokumente<\/title>\n<meta name=\"description\" content=\"Bei Cultures Connection bearbeiten wir jegliche Art von Dokumenten, unabh\u00e4ngig vom Dateiformat.\" \/>\n<meta name=\"robots\" content=\"index, follow, max-snippet:-1, max-image-preview:large, max-video-preview:-1\" \/>\n<link rel=\"canonical\" href=\"https:\/\/culturesconnection.com\/de\/dokumente-uebersetzung\/\" \/>\n<meta property=\"og:locale\" content=\"de_DE\" \/>\n<meta property=\"og:type\" content=\"article\" \/>\n<meta property=\"og:title\" content=\"Unser \u00dcbersetzungsservice f\u00fcr Dokumente\" \/>\n<meta property=\"og:description\" content=\"Bei Cultures Connection bearbeiten wir jegliche Art von Dokumenten, unabh\u00e4ngig vom Dateiformat.\" \/>\n<meta property=\"og:url\" content=\"https:\/\/culturesconnection.com\/de\/dokumente-uebersetzung\/\" \/>\n<meta property=\"og:site_name\" content=\"Cultures Connection\" \/>\n<meta property=\"article:publisher\" content=\"https:\/\/www.facebook.com\/CulturesConnection\" \/>\n<meta property=\"article:modified_time\" content=\"2022-11-21T14:31:16+00:00\" \/>\n<meta property=\"og:image\" content=\"https:\/\/culturesconnection.com\/wp-content\/uploads\/2020\/10\/P\u00e1gina_document_translation_services.png\" \/>\n\t<meta property=\"og:image:width\" content=\"1417\" \/>\n\t<meta property=\"og:image:height\" content=\"561\" \/>\n\t<meta property=\"og:image:type\" content=\"image\/png\" \/>\n<meta name=\"twitter:card\" content=\"summary_large_image\" \/>\n<meta name=\"twitter:site\" content=\"@CulturesCo_\" \/>\n<meta name=\"twitter:label1\" content=\"Gesch\u00e4tzte Lesezeit\" \/>\n\t<meta name=\"twitter:data1\" content=\"2 Minuten\" \/>\n<script type=\"application\/ld+json\" class=\"yoast-schema-graph\">{\"@context\":\"https:\\\/\\\/schema.org\",\"@graph\":[{\"@type\":\"WebPage\",\"@id\":\"https:\\\/\\\/culturesconnection.com\\\/de\\\/dokumente-uebersetzung\\\/\",\"url\":\"https:\\\/\\\/culturesconnection.com\\\/de\\\/dokumente-uebersetzung\\\/\",\"name\":\"Dokumente-\u00dcbersetzung | \u00dcbersetzungsservice f\u00fcr Dokumente\",\"isPartOf\":{\"@id\":\"https:\\\/\\\/culturesconnection.com\\\/fr\\\/#website\"},\"primaryImageOfPage\":{\"@id\":\"https:\\\/\\\/culturesconnection.com\\\/de\\\/dokumente-uebersetzung\\\/#primaryimage\"},\"image\":{\"@id\":\"https:\\\/\\\/culturesconnection.com\\\/de\\\/dokumente-uebersetzung\\\/#primaryimage\"},\"thumbnailUrl\":\"https:\\\/\\\/culturesconnection.com\\\/wp-content\\\/uploads\\\/2020\\\/10\\\/P\u00e1gina_document_translation_services.png\",\"datePublished\":\"2019-09-12T13:08:36+00:00\",\"dateModified\":\"2022-11-21T14:31:16+00:00\",\"description\":\"Bei Cultures Connection bearbeiten wir jegliche Art von Dokumenten, unabh\u00e4ngig vom Dateiformat.\",\"breadcrumb\":{\"@id\":\"https:\\\/\\\/culturesconnection.com\\\/de\\\/dokumente-uebersetzung\\\/#breadcrumb\"},\"inLanguage\":\"de-DE\",\"potentialAction\":[{\"@type\":\"ReadAction\",\"target\":[\"https:\\\/\\\/culturesconnection.com\\\/de\\\/dokumente-uebersetzung\\\/\"]}]},{\"@type\":\"ImageObject\",\"inLanguage\":\"de-DE\",\"@id\":\"https:\\\/\\\/culturesconnection.com\\\/de\\\/dokumente-uebersetzung\\\/#primaryimage\",\"url\":\"https:\\\/\\\/culturesconnection.com\\\/wp-content\\\/uploads\\\/2020\\\/10\\\/P\u00e1gina_document_translation_services.png\",\"contentUrl\":\"https:\\\/\\\/culturesconnection.com\\\/wp-content\\\/uploads\\\/2020\\\/10\\\/P\u00e1gina_document_translation_services.png\",\"width\":1417,\"height\":561},{\"@type\":\"BreadcrumbList\",\"@id\":\"https:\\\/\\\/culturesconnection.com\\\/de\\\/dokumente-uebersetzung\\\/#breadcrumb\",\"itemListElement\":[{\"@type\":\"ListItem\",\"position\":1,\"name\":\"Home\",\"item\":\"https:\\\/\\\/culturesconnection.com\\\/de\\\/\"},{\"@type\":\"ListItem\",\"position\":2,\"name\":\"Unser \u00dcbersetzungsservice f\u00fcr Dokumente\"}]},{\"@type\":\"WebSite\",\"@id\":\"https:\\\/\\\/culturesconnection.com\\\/fr\\\/#website\",\"url\":\"https:\\\/\\\/culturesconnection.com\\\/fr\\\/\",\"name\":\"Cultures Connection\",\"description\":\"Cultures Connection is a translation agency dedicated to the success of its international clients.\",\"publisher\":{\"@id\":\"https:\\\/\\\/culturesconnection.com\\\/fr\\\/#organization\"},\"potentialAction\":[{\"@type\":\"SearchAction\",\"target\":{\"@type\":\"EntryPoint\",\"urlTemplate\":\"https:\\\/\\\/culturesconnection.com\\\/fr\\\/?s={search_term_string}\"},\"query-input\":{\"@type\":\"PropertyValueSpecification\",\"valueRequired\":true,\"valueName\":\"search_term_string\"}}],\"inLanguage\":\"de-DE\"},{\"@type\":\"Organization\",\"@id\":\"https:\\\/\\\/culturesconnection.com\\\/fr\\\/#organization\",\"name\":\"Cultures Connection\",\"url\":\"https:\\\/\\\/culturesconnection.com\\\/fr\\\/\",\"logo\":{\"@type\":\"ImageObject\",\"inLanguage\":\"de-DE\",\"@id\":\"https:\\\/\\\/culturesconnection.com\\\/fr\\\/#\\\/schema\\\/logo\\\/image\\\/\",\"url\":\"https:\\\/\\\/culturesconnection.com\\\/wp-content\\\/uploads\\\/2022\\\/06\\\/cropped-favicon512x512.png\",\"contentUrl\":\"https:\\\/\\\/culturesconnection.com\\\/wp-content\\\/uploads\\\/2022\\\/06\\\/cropped-favicon512x512.png\",\"width\":512,\"height\":512,\"caption\":\"Cultures Connection\"},\"image\":{\"@id\":\"https:\\\/\\\/culturesconnection.com\\\/fr\\\/#\\\/schema\\\/logo\\\/image\\\/\"},\"sameAs\":[\"https:\\\/\\\/www.facebook.com\\\/CulturesConnection\",\"https:\\\/\\\/x.com\\\/CulturesCo_\"]}]}<\/script>\n<!-- \/ Yoast SEO Premium plugin. -->","yoast_head_json":{"title":"Dokumente-\u00dcbersetzung | \u00dcbersetzungsservice f\u00fcr Dokumente","description":"Bei Cultures Connection bearbeiten wir jegliche Art von Dokumenten, unabh\u00e4ngig vom Dateiformat.","robots":{"index":"index","follow":"follow","max-snippet":"max-snippet:-1","max-image-preview":"max-image-preview:large","max-video-preview":"max-video-preview:-1"},"canonical":"https:\/\/culturesconnection.com\/de\/dokumente-uebersetzung\/","og_locale":"de_DE","og_type":"article","og_title":"Unser \u00dcbersetzungsservice f\u00fcr Dokumente","og_description":"Bei Cultures Connection bearbeiten wir jegliche Art von Dokumenten, unabh\u00e4ngig vom Dateiformat.","og_url":"https:\/\/culturesconnection.com\/de\/dokumente-uebersetzung\/","og_site_name":"Cultures Connection","article_publisher":"https:\/\/www.facebook.com\/CulturesConnection","article_modified_time":"2022-11-21T14:31:16+00:00","og_image":[{"width":1417,"height":561,"url":"https:\/\/culturesconnection.com\/wp-content\/uploads\/2020\/10\/P\u00e1gina_document_translation_services.png","type":"image\/png"}],"twitter_card":"summary_large_image","twitter_site":"@CulturesCo_","twitter_misc":{"Gesch\u00e4tzte Lesezeit":"2 Minuten"},"schema":{"@context":"https:\/\/schema.org","@graph":[{"@type":"WebPage","@id":"https:\/\/culturesconnection.com\/de\/dokumente-uebersetzung\/","url":"https:\/\/culturesconnection.com\/de\/dokumente-uebersetzung\/","name":"Dokumente-\u00dcbersetzung | \u00dcbersetzungsservice f\u00fcr Dokumente","isPartOf":{"@id":"https:\/\/culturesconnection.com\/fr\/#website"},"primaryImageOfPage":{"@id":"https:\/\/culturesconnection.com\/de\/dokumente-uebersetzung\/#primaryimage"},"image":{"@id":"https:\/\/culturesconnection.com\/de\/dokumente-uebersetzung\/#primaryimage"},"thumbnailUrl":"https:\/\/culturesconnection.com\/wp-content\/uploads\/2020\/10\/P\u00e1gina_document_translation_services.png","datePublished":"2019-09-12T13:08:36+00:00","dateModified":"2022-11-21T14:31:16+00:00","description":"Bei Cultures Connection bearbeiten wir jegliche Art von Dokumenten, unabh\u00e4ngig vom Dateiformat.","breadcrumb":{"@id":"https:\/\/culturesconnection.com\/de\/dokumente-uebersetzung\/#breadcrumb"},"inLanguage":"de-DE","potentialAction":[{"@type":"ReadAction","target":["https:\/\/culturesconnection.com\/de\/dokumente-uebersetzung\/"]}]},{"@type":"ImageObject","inLanguage":"de-DE","@id":"https:\/\/culturesconnection.com\/de\/dokumente-uebersetzung\/#primaryimage","url":"https:\/\/culturesconnection.com\/wp-content\/uploads\/2020\/10\/P\u00e1gina_document_translation_services.png","contentUrl":"https:\/\/culturesconnection.com\/wp-content\/uploads\/2020\/10\/P\u00e1gina_document_translation_services.png","width":1417,"height":561},{"@type":"BreadcrumbList","@id":"https:\/\/culturesconnection.com\/de\/dokumente-uebersetzung\/#breadcrumb","itemListElement":[{"@type":"ListItem","position":1,"name":"Home","item":"https:\/\/culturesconnection.com\/de\/"},{"@type":"ListItem","position":2,"name":"Unser \u00dcbersetzungsservice f\u00fcr Dokumente"}]},{"@type":"WebSite","@id":"https:\/\/culturesconnection.com\/fr\/#website","url":"https:\/\/culturesconnection.com\/fr\/","name":"Cultures Connection","description":"Cultures Connection is a translation agency dedicated to the success of its international clients.","publisher":{"@id":"https:\/\/culturesconnection.com\/fr\/#organization"},"potentialAction":[{"@type":"SearchAction","target":{"@type":"EntryPoint","urlTemplate":"https:\/\/culturesconnection.com\/fr\/?s={search_term_string}"},"query-input":{"@type":"PropertyValueSpecification","valueRequired":true,"valueName":"search_term_string"}}],"inLanguage":"de-DE"},{"@type":"Organization","@id":"https:\/\/culturesconnection.com\/fr\/#organization","name":"Cultures Connection","url":"https:\/\/culturesconnection.com\/fr\/","logo":{"@type":"ImageObject","inLanguage":"de-DE","@id":"https:\/\/culturesconnection.com\/fr\/#\/schema\/logo\/image\/","url":"https:\/\/culturesconnection.com\/wp-content\/uploads\/2022\/06\/cropped-favicon512x512.png","contentUrl":"https:\/\/culturesconnection.com\/wp-content\/uploads\/2022\/06\/cropped-favicon512x512.png","width":512,"height":512,"caption":"Cultures Connection"},"image":{"@id":"https:\/\/culturesconnection.com\/fr\/#\/schema\/logo\/image\/"},"sameAs":["https:\/\/www.facebook.com\/CulturesConnection","https:\/\/x.com\/CulturesCo_"]}]}},"_links":{"self":[{"href":"https:\/\/culturesconnection.com\/de\/wp-json\/wp\/v2\/pages\/15066","targetHints":{"allow":["GET"]}}],"collection":[{"href":"https:\/\/culturesconnection.com\/de\/wp-json\/wp\/v2\/pages"}],"about":[{"href":"https:\/\/culturesconnection.com\/de\/wp-json\/wp\/v2\/types\/page"}],"author":[{"embeddable":true,"href":"https:\/\/culturesconnection.com\/de\/wp-json\/wp\/v2\/users\/22"}],"replies":[{"embeddable":true,"href":"https:\/\/culturesconnection.com\/de\/wp-json\/wp\/v2\/comments?post=15066"}],"version-history":[{"count":0,"href":"https:\/\/culturesconnection.com\/de\/wp-json\/wp\/v2\/pages\/15066\/revisions"}],"wp:featuredmedia":[{"embeddable":true,"href":"https:\/\/culturesconnection.com\/de\/wp-json\/wp\/v2\/media\/26096"}],"wp:attachment":[{"href":"https:\/\/culturesconnection.com\/de\/wp-json\/wp\/v2\/media?parent=15066"}],"curies":[{"name":"wp","href":"https:\/\/api.w.org\/{rel}","templated":true}]}}