{"id":15062,"date":"2019-09-12T15:06:42","date_gmt":"2019-09-12T13:06:42","guid":{"rendered":"http:\/\/culturesconnection.com\/?page_id=15062"},"modified":"2022-10-12T11:59:56","modified_gmt":"2022-10-12T09:59:56","slug":"website-uebersetzung","status":"publish","type":"page","link":"https:\/\/culturesconnection.com\/de\/website-uebersetzung\/","title":{"rendered":"Unser Webseiten-\u00dcbersetzungsservice"},"content":{"rendered":"\n<h2 class=\"wp-block-heading\">Die \u00dcbersetzung Ihrer Webseite l\u00e4sst Ihr Unternehmen sichtbar werden auf globaler Ebene<\/h2>\n\n\n\n<p>Eine Webseite zu \u00fcbersetzen ist der beste Weg, um ausl\u00e4ndische M\u00e4rkte zu erreichen und Ihren internationalen Umsatz zu steigern.&nbsp;Selbst wenn es stimmt, dass Englisch eine \u201eglobale Sprache\u201c ist und dass Menschen in vielen Teilen der Welt Englisch verstehen und lesen k\u00f6nnen, so ist es genauso wahr, dass Internetnutzer lieber ihre Muttersprache nutzen um etwas im Internet zu suchen. Ebenso f\u00fchlen sich Ihre Kunden wohler beim Kauf Ihrer Produkte und Dienstleistungen, wenn Sie deren Sprache sprechen. Deshalb ist die \u00dcbersetzung von Webseiten ein wesentlicher erster Schritt um Ihre Aktivit\u00e4ten zu internationalisieren, insbesondere im Zusammenhang mit <strong>E-Commerce<\/strong> Aktivit\u00e4ten. Jedoch m\u00fcssen noch weitere \u00dcberlegungen stattfinden, um den Erfolg Ihrer Webseite zu garantieren.<\/p>\n\n\n\n<h2 class=\"wp-block-heading\">Kulturelle Missverst\u00e4ndnisse vermeiden mithilfe von Webseiten-Lokalisierung<\/h2>\n\n\n\n<p>Eine kompetente \u00dcbersetzung Ihrer Webseite kann somit tausende von potentiellen Kunden auf ihre Webseite aufmerksam machen. Das Internet \u00f6ffnet die T\u00fcren zum internationalen Marketing und erm\u00f6glicht es neue und entfernte M\u00e4rkte genauso einfach zu erreichen, als w\u00e4re sie nebenan. Die Gefahr dabei sind jedoch Missverst\u00e4ndnisse aufgrund von kulturellen Unterschieden, die Ihre Botschaft beeinflussen k\u00f6nnen. Deshalb ist eine pr\u00e4zise Webseiten-\u00dcbersetzung, die auf Kulturen eingeht, der Schl\u00fcssel zum Erfolg auf dem Online-Markt.<\/p>\n\n\n\n<p>Die \u00dcbersetzung einer gesamten Webseite oder einzelner Seiten setzt eine gewisse Fertigkeit voraus, die viele Unternehmen untersch\u00e4tzen. Beispiele f\u00fcr \u00dcbersetzungsfehler gibt es zahlreiche im Internet und es ist erstaunlich, dass selbst multinationale Organisationen sich in dieser Hinsicht den einen oder anderen Patzer erlauben, der sich auf den Ruf und folglich die Einnahmen des Unternehmens negativ auswirken kann.<\/p>\n\n\n\n<p>Jeder Versuch, Ihr Unternehmen auf einem neuen Markt zu etablieren, sollte Hand in Hand gehen mit einer <strong>qualitativ hochwertigen \u00dcbersetzung Ihrer Webseite<\/strong>, welche die Kultur und die Eigenheiten Ihres Zielmarkts respektiert. Vertrauen Sie <a href=\"https:\/\/culturesconnection.com\/de\/\">Cultures Connection<\/a> Ihre \u00dcbersetzungsprojekte an &#8211; wir sind der ideale Partner um Ihr Gesch\u00e4ft international und erfolgreich auszuweiten.<\/p>\n\n\n\n<h2 class=\"wp-block-heading\">Unsere \u00dcbersetzungsdienste f\u00fcr Webseiten<\/h2>\n\n\n\n<p>Unser \u00dcbersetzungsunternehmen erh\u00e4lt t\u00e4glich Anfragen von Kunden, die ihre <strong>Webseite \u00fcbersetzen lassen m\u00f6chten<\/strong>. <a href=\"https:\/\/culturesconnection.com\/de\/professioneller-uebersetzer\">Unsere \u00dcbersetzer\/Lokalisierer<\/a> k\u00f6nnen Ihre Webseite direkt in MS Word (.docx) oder im Quellcode (.htm(l), .php, .asp, .xml, java&#8230;) \u00fcbersetzen, wenn Sie die neue \u00fcbersetzte Version Ihrer Webseite so schnell wie m\u00f6glich online stellen m\u00f6chten.<\/p>\n\n\n\n<p>Wir spezialisieren uns auf die \u00dcbersetzung von Web-Content, E-Commerce-Webseiten, mobilen Anwendungen und Handelsplattformen, sowie von Produktbl\u00e4ttern in einer sehr breiten Palette von Fachbereichen, wie dem des Tourismus, der Kosmetik, des Sports, der Wirtschaft, der Finanzen, Gesundheit, Esskultur, Chemie und mehr. Neben Webseiten-\u00dcbersetzungen umfassen unsere <a href=\"https:\/\/culturesconnection.com\/de\/uebersetzungsdienst\">Dienstleistungen<\/a> auch Content-Schreibdienste f\u00fcr Webseiten (SEO-Texte), die f\u00fcr Suchmaschinen optimiert sind.<\/p>\n\n\n\n<h2 class=\"wp-block-heading\">Unsere neuesten professionellen Webseiten-\u00dcbersetzungen<\/h2>\n\n\n\n<ul class=\"wp-block-list\"><li>E-Commerce-\u00dcbersetzung vom Englischen ins Deutsche<\/li><li>\u00dcbersetzung einer Webseite vom Franz\u00f6sischen ins Englische<\/li><\/ul>\n\n\n\n<h2 class=\"wp-block-heading\">Webseiten\u00fcbersetzung in alle Sprachen<\/h2>\n\n\n\n<ul class=\"wp-block-list\"><li>Webseiten-\u00dcbersetzung ins Franz\u00f6sische<\/li><li>Webseiten-\u00dcbersetzung ins Spanische<\/li><li>Webseiten-\u00dcbersetzung ins Deutsche<\/li><li>Webseiten-\u00dcbersetzung ins Chinesische<\/li><li>Webseiten-\u00dcbersetzung ins Arabische<\/li><li>Webseiten-\u00dcbersetzung ins Portugiesische<\/li><li>Webseiten-\u00dcbersetzung ins Italienische<\/li><li>Webseiten-\u00dcbersetzung ins Niederl\u00e4ndische<\/li><li>Webseiten-\u00dcbersetzung ins T\u00fcrkische<\/li><li>Webseiten-\u00dcbersetzung ins Japanische<\/li><li>Webseiten-\u00dcbersetzung ins Russische<\/li><\/ul>\n","protected":false},"excerpt":{"rendered":"<p>Die \u00dcbersetzung Ihrer Webseite l\u00e4sst Ihr Unternehmen sichtbar werden auf globaler Ebene Eine Webseite zu \u00fcbersetzen ist der beste Weg, um ausl\u00e4ndische M\u00e4rkte zu erreichen [&#8230;]<\/p>\n<p><a class=\"btn btn-secondary understrap-read-more-link\" href=\"https:\/\/culturesconnection.com\/de\/website-uebersetzung\/\">Weiterlesen&#8230;<span class=\"screen-reader-text\"> from Unser Webseiten-\u00dcbersetzungsservice<\/span><\/a><\/p>\n","protected":false},"author":22,"featured_media":26011,"parent":0,"menu_order":0,"comment_status":"closed","ping_status":"closed","template":"","meta":{"_acf_changed":false,"_editorskit_title_hidden":false,"_editorskit_reading_time":2,"_editorskit_is_block_options_detached":false,"_editorskit_block_options_position":"{}","footnotes":""},"class_list":["post-15062","page","type-page","status-publish","has-post-thumbnail","hentry"],"acf":[],"_links":{"self":[{"href":"https:\/\/culturesconnection.com\/de\/wp-json\/wp\/v2\/pages\/15062","targetHints":{"allow":["GET"]}}],"collection":[{"href":"https:\/\/culturesconnection.com\/de\/wp-json\/wp\/v2\/pages"}],"about":[{"href":"https:\/\/culturesconnection.com\/de\/wp-json\/wp\/v2\/types\/page"}],"author":[{"embeddable":true,"href":"https:\/\/culturesconnection.com\/de\/wp-json\/wp\/v2\/users\/22"}],"replies":[{"embeddable":true,"href":"https:\/\/culturesconnection.com\/de\/wp-json\/wp\/v2\/comments?post=15062"}],"version-history":[{"count":0,"href":"https:\/\/culturesconnection.com\/de\/wp-json\/wp\/v2\/pages\/15062\/revisions"}],"wp:featuredmedia":[{"embeddable":true,"href":"https:\/\/culturesconnection.com\/de\/wp-json\/wp\/v2\/media\/26011"}],"wp:attachment":[{"href":"https:\/\/culturesconnection.com\/de\/wp-json\/wp\/v2\/media?parent=15062"}],"curies":[{"name":"wp","href":"https:\/\/api.w.org\/{rel}","templated":true}]}}