{"id":15061,"date":"2019-09-12T14:45:33","date_gmt":"2019-09-12T12:45:33","guid":{"rendered":"http:\/\/culturesconnection.com\/?page_id=15061"},"modified":"2022-11-21T15:29:42","modified_gmt":"2022-11-21T14:29:42","slug":"uebersetzung-fuer-internationale-organisationen","status":"publish","type":"page","link":"https:\/\/culturesconnection.com\/de\/uebersetzung-fuer-internationale-organisationen\/","title":{"rendered":"Unsere \u00dcbersetzungen f\u00fcr internationale Organisationen, europ\u00e4ische und internationale Institutionen"},"content":{"rendered":"\n<h2 class=\"wp-block-heading\">\u00dcbersetzung f\u00fcr internationale Organisationen: Hier z\u00e4hlt das Fachwissen<\/h2>\n\n\n\n<p>Wir spezialisieren uns auf die \u00dcbersetzung von administrativen, finanziellen und rechtlichen Dokumenten sowie Berichten f\u00fcr internationale Organisationen: Internationale Finanzinstitutionen (IWF, Weltbank), Organisationen der Vereinten Nationen (OMS, Unesco), europ\u00e4ische Institutionen, NGOs usw. Wir arbeiten mit einem <a href=\"https:\/\/culturesconnection.com\/de\/professioneller-uebersetzer\">Netzwerk von professionellen und zuverl\u00e4ssigen \u00dcbersetzern<\/a> zusammen, die auf diese Bereiche spezialisiert sind und \u00fcber umfangreiche Berufserfahrung verf\u00fcgen in der Zusammenarbeit mit internationalen Organisationen. Diese bringen fundierte Kenntnisse mit, um den Bed\u00fcrfnissen und verwendeten Arbeitsmethoden internationaler Organisationen gerecht zu werden.<\/p>\n\n\n\n<h2 class=\"wp-block-heading\">Qualit\u00e4t ist entscheidend<\/h2>\n\n\n\n<p>Internationale Organisationen sind ganz besonders besorgt um die Qualit\u00e4t ihrer \u00dcbersetzungen. Dementsprechend hat <a href=\"https:\/\/culturesconnection.com\/de\/\">unsere Agentur<\/a> spezifische Glossare f\u00fcr jede Organisation erstellt, mit der wir zusammenarbeiten (z.B. zum Thema Biodiversit\u00e4t), die regelm\u00e4\u00dfig aktualisiert und korrigiert werden.&nbsp;Wir haben ausgepr\u00e4gte Kenntnisse in allen Themen, die mit internationalen Organisationen zu tun haben und k\u00f6nnen daher schnell auf die Auftr\u00e4ge unserer Kunden reagieren und gleichzeitig hohe Qualit\u00e4tsstandards garantieren. Die Bereitstellung von <a href=\"https:\/\/culturesconnection.com\/de\/uebersetzungsdienst\">\u00dcbersetzungsdienstleistungen<\/a> f\u00fcr internationale Organisationen kann hinsichtlich der Qualit\u00e4t und Bearbeitungszeit eine Herausforderung darstellen; Deshalb ist es wichtig in diesem Bereich erfahren zu sein, um einen effizienten Service anbieten zu k\u00f6nnen.<\/p>\n\n\n\n<h2 class=\"wp-block-heading\">Wettbewerb mit Ausschreibung<\/h2>\n\n\n\n<p>Jeder Auftrag f\u00fcr internationale Organisationen wird erst nach einem Bedarfsantrag und einer Ausschreibung erteilt. Der Wettbewerb ist hoch, da viele Agenturen um diese Vertr\u00e4ge wetteifern. An diesem Wettbewerb teilzunehmen erlaubt es uns, die Qualit\u00e4t unserer Prozesse weiterzuentwickeln, sowie die unseres Teams und unsere Erwartungen an uns selbst. Unsere \u00dcbersetzungsagentur arbeitet seit 2007 f\u00fcr mehrere UN-Agenturen und stellt regelm\u00e4\u00dfig seine Fertigkeiten in der Erstellung hochqualitativer Dienstleistungen unter Beweis.<\/p>\n\n\n\n<p>Entdecken Sie die <a href=\"https:\/\/culturesconnection.com\/de\/whitepapers-und-broschueren\/\">Brosch\u00fcre von Cultures Connection<\/a>!<\/p>\n","protected":false},"excerpt":{"rendered":"<p>\u00dcbersetzung f\u00fcr internationale Organisationen: Hier z\u00e4hlt das Fachwissen Wir spezialisieren uns auf die \u00dcbersetzung von administrativen, finanziellen und rechtlichen Dokumenten sowie Berichten f\u00fcr internationale Organisationen: [&#8230;]<\/p>\n<p><a class=\"btn btn-secondary understrap-read-more-link\" href=\"https:\/\/culturesconnection.com\/de\/uebersetzung-fuer-internationale-organisationen\/\">Weiterlesen&#8230;<span class=\"screen-reader-text\"> from Unsere \u00dcbersetzungen f\u00fcr internationale Organisationen, europ\u00e4ische und internationale Institutionen<\/span><\/a><\/p>\n","protected":false},"author":22,"featured_media":26010,"parent":0,"menu_order":0,"comment_status":"closed","ping_status":"closed","template":"","meta":{"_acf_changed":false,"_editorskit_title_hidden":false,"_editorskit_reading_time":0,"_editorskit_is_block_options_detached":false,"_editorskit_block_options_position":"{}","footnotes":""},"class_list":["post-15061","page","type-page","status-publish","has-post-thumbnail","hentry"],"acf":[],"yoast_head":"<!-- This site is optimized with the Yoast SEO Premium plugin v23.4 (Yoast SEO v27.3) - https:\/\/yoast.com\/product\/yoast-seo-premium-wordpress\/ -->\n<title>\u00dcbersetzung f\u00fcr internationale Organisationen, NRO<\/title>\n<meta name=\"description\" content=\"UN Agenturen, die Weltbank und EU-Institutionen geh\u00f6ren zu den anspruchsvollsten Kunden f\u00fcr qualitative \u00dcbersetzungen. Kostenloses Angebot erhalten.\" \/>\n<meta name=\"robots\" content=\"index, follow, max-snippet:-1, max-image-preview:large, max-video-preview:-1\" \/>\n<link rel=\"canonical\" href=\"https:\/\/culturesconnection.com\/de\/uebersetzung-fuer-internationale-organisationen\/\" \/>\n<meta property=\"og:locale\" content=\"de_DE\" \/>\n<meta property=\"og:type\" content=\"article\" \/>\n<meta property=\"og:title\" content=\"Unsere \u00dcbersetzungen f\u00fcr internationale Organisationen, europ\u00e4ische und internationale Institutionen\" \/>\n<meta property=\"og:description\" content=\"UN Agenturen, die Weltbank und EU-Institutionen geh\u00f6ren zu den anspruchsvollsten Kunden f\u00fcr qualitative \u00dcbersetzungen. Kostenloses Angebot erhalten.\" \/>\n<meta property=\"og:url\" content=\"https:\/\/culturesconnection.com\/de\/uebersetzung-fuer-internationale-organisationen\/\" \/>\n<meta property=\"og:site_name\" content=\"Cultures Connection\" \/>\n<meta property=\"article:publisher\" content=\"https:\/\/www.facebook.com\/CulturesConnection\" \/>\n<meta property=\"article:modified_time\" content=\"2022-11-21T14:29:42+00:00\" \/>\n<meta property=\"og:image\" content=\"https:\/\/culturesconnection.com\/wp-content\/uploads\/2013\/06\/background_translation-for-international-organizations.png\" \/>\n\t<meta property=\"og:image:width\" content=\"1440\" \/>\n\t<meta property=\"og:image:height\" content=\"570\" \/>\n\t<meta property=\"og:image:type\" content=\"image\/png\" \/>\n<meta name=\"twitter:card\" content=\"summary_large_image\" \/>\n<meta name=\"twitter:site\" content=\"@CulturesCo_\" \/>\n<meta name=\"twitter:label1\" content=\"Gesch\u00e4tzte Lesezeit\" \/>\n\t<meta name=\"twitter:data1\" content=\"1 Minute\" \/>\n<script type=\"application\/ld+json\" class=\"yoast-schema-graph\">{\"@context\":\"https:\\\/\\\/schema.org\",\"@graph\":[{\"@type\":\"WebPage\",\"@id\":\"https:\\\/\\\/culturesconnection.com\\\/de\\\/uebersetzung-fuer-internationale-organisationen\\\/\",\"url\":\"https:\\\/\\\/culturesconnection.com\\\/de\\\/uebersetzung-fuer-internationale-organisationen\\\/\",\"name\":\"\u00dcbersetzung f\u00fcr internationale Organisationen, NRO\",\"isPartOf\":{\"@id\":\"https:\\\/\\\/culturesconnection.com\\\/fr\\\/#website\"},\"primaryImageOfPage\":{\"@id\":\"https:\\\/\\\/culturesconnection.com\\\/de\\\/uebersetzung-fuer-internationale-organisationen\\\/#primaryimage\"},\"image\":{\"@id\":\"https:\\\/\\\/culturesconnection.com\\\/de\\\/uebersetzung-fuer-internationale-organisationen\\\/#primaryimage\"},\"thumbnailUrl\":\"https:\\\/\\\/culturesconnection.com\\\/wp-content\\\/uploads\\\/2013\\\/06\\\/background_translation-for-international-organizations.png\",\"datePublished\":\"2019-09-12T12:45:33+00:00\",\"dateModified\":\"2022-11-21T14:29:42+00:00\",\"description\":\"UN Agenturen, die Weltbank und EU-Institutionen geh\u00f6ren zu den anspruchsvollsten Kunden f\u00fcr qualitative \u00dcbersetzungen. Kostenloses Angebot erhalten.\",\"breadcrumb\":{\"@id\":\"https:\\\/\\\/culturesconnection.com\\\/de\\\/uebersetzung-fuer-internationale-organisationen\\\/#breadcrumb\"},\"inLanguage\":\"de-DE\",\"potentialAction\":[{\"@type\":\"ReadAction\",\"target\":[\"https:\\\/\\\/culturesconnection.com\\\/de\\\/uebersetzung-fuer-internationale-organisationen\\\/\"]}]},{\"@type\":\"ImageObject\",\"inLanguage\":\"de-DE\",\"@id\":\"https:\\\/\\\/culturesconnection.com\\\/de\\\/uebersetzung-fuer-internationale-organisationen\\\/#primaryimage\",\"url\":\"https:\\\/\\\/culturesconnection.com\\\/wp-content\\\/uploads\\\/2013\\\/06\\\/background_translation-for-international-organizations.png\",\"contentUrl\":\"https:\\\/\\\/culturesconnection.com\\\/wp-content\\\/uploads\\\/2013\\\/06\\\/background_translation-for-international-organizations.png\",\"width\":1440,\"height\":570,\"caption\":\"background_translation-for-international-organizations\"},{\"@type\":\"BreadcrumbList\",\"@id\":\"https:\\\/\\\/culturesconnection.com\\\/de\\\/uebersetzung-fuer-internationale-organisationen\\\/#breadcrumb\",\"itemListElement\":[{\"@type\":\"ListItem\",\"position\":1,\"name\":\"Home\",\"item\":\"https:\\\/\\\/culturesconnection.com\\\/de\\\/\"},{\"@type\":\"ListItem\",\"position\":2,\"name\":\"Unsere \u00dcbersetzungen f\u00fcr internationale Organisationen, europ\u00e4ische und internationale Institutionen\"}]},{\"@type\":\"WebSite\",\"@id\":\"https:\\\/\\\/culturesconnection.com\\\/fr\\\/#website\",\"url\":\"https:\\\/\\\/culturesconnection.com\\\/fr\\\/\",\"name\":\"Cultures Connection\",\"description\":\"Cultures Connection is a translation agency dedicated to the success of its international clients.\",\"publisher\":{\"@id\":\"https:\\\/\\\/culturesconnection.com\\\/fr\\\/#organization\"},\"potentialAction\":[{\"@type\":\"SearchAction\",\"target\":{\"@type\":\"EntryPoint\",\"urlTemplate\":\"https:\\\/\\\/culturesconnection.com\\\/fr\\\/?s={search_term_string}\"},\"query-input\":{\"@type\":\"PropertyValueSpecification\",\"valueRequired\":true,\"valueName\":\"search_term_string\"}}],\"inLanguage\":\"de-DE\"},{\"@type\":\"Organization\",\"@id\":\"https:\\\/\\\/culturesconnection.com\\\/fr\\\/#organization\",\"name\":\"Cultures Connection\",\"url\":\"https:\\\/\\\/culturesconnection.com\\\/fr\\\/\",\"logo\":{\"@type\":\"ImageObject\",\"inLanguage\":\"de-DE\",\"@id\":\"https:\\\/\\\/culturesconnection.com\\\/fr\\\/#\\\/schema\\\/logo\\\/image\\\/\",\"url\":\"https:\\\/\\\/culturesconnection.com\\\/wp-content\\\/uploads\\\/2022\\\/06\\\/cropped-favicon512x512.png\",\"contentUrl\":\"https:\\\/\\\/culturesconnection.com\\\/wp-content\\\/uploads\\\/2022\\\/06\\\/cropped-favicon512x512.png\",\"width\":512,\"height\":512,\"caption\":\"Cultures Connection\"},\"image\":{\"@id\":\"https:\\\/\\\/culturesconnection.com\\\/fr\\\/#\\\/schema\\\/logo\\\/image\\\/\"},\"sameAs\":[\"https:\\\/\\\/www.facebook.com\\\/CulturesConnection\",\"https:\\\/\\\/x.com\\\/CulturesCo_\"]}]}<\/script>\n<!-- \/ Yoast SEO Premium plugin. -->","yoast_head_json":{"title":"\u00dcbersetzung f\u00fcr internationale Organisationen, NRO","description":"UN Agenturen, die Weltbank und EU-Institutionen geh\u00f6ren zu den anspruchsvollsten Kunden f\u00fcr qualitative \u00dcbersetzungen. Kostenloses Angebot erhalten.","robots":{"index":"index","follow":"follow","max-snippet":"max-snippet:-1","max-image-preview":"max-image-preview:large","max-video-preview":"max-video-preview:-1"},"canonical":"https:\/\/culturesconnection.com\/de\/uebersetzung-fuer-internationale-organisationen\/","og_locale":"de_DE","og_type":"article","og_title":"Unsere \u00dcbersetzungen f\u00fcr internationale Organisationen, europ\u00e4ische und internationale Institutionen","og_description":"UN Agenturen, die Weltbank und EU-Institutionen geh\u00f6ren zu den anspruchsvollsten Kunden f\u00fcr qualitative \u00dcbersetzungen. Kostenloses Angebot erhalten.","og_url":"https:\/\/culturesconnection.com\/de\/uebersetzung-fuer-internationale-organisationen\/","og_site_name":"Cultures Connection","article_publisher":"https:\/\/www.facebook.com\/CulturesConnection","article_modified_time":"2022-11-21T14:29:42+00:00","og_image":[{"width":1440,"height":570,"url":"https:\/\/culturesconnection.com\/wp-content\/uploads\/2013\/06\/background_translation-for-international-organizations.png","type":"image\/png"}],"twitter_card":"summary_large_image","twitter_site":"@CulturesCo_","twitter_misc":{"Gesch\u00e4tzte Lesezeit":"1 Minute"},"schema":{"@context":"https:\/\/schema.org","@graph":[{"@type":"WebPage","@id":"https:\/\/culturesconnection.com\/de\/uebersetzung-fuer-internationale-organisationen\/","url":"https:\/\/culturesconnection.com\/de\/uebersetzung-fuer-internationale-organisationen\/","name":"\u00dcbersetzung f\u00fcr internationale Organisationen, NRO","isPartOf":{"@id":"https:\/\/culturesconnection.com\/fr\/#website"},"primaryImageOfPage":{"@id":"https:\/\/culturesconnection.com\/de\/uebersetzung-fuer-internationale-organisationen\/#primaryimage"},"image":{"@id":"https:\/\/culturesconnection.com\/de\/uebersetzung-fuer-internationale-organisationen\/#primaryimage"},"thumbnailUrl":"https:\/\/culturesconnection.com\/wp-content\/uploads\/2013\/06\/background_translation-for-international-organizations.png","datePublished":"2019-09-12T12:45:33+00:00","dateModified":"2022-11-21T14:29:42+00:00","description":"UN Agenturen, die Weltbank und EU-Institutionen geh\u00f6ren zu den anspruchsvollsten Kunden f\u00fcr qualitative \u00dcbersetzungen. Kostenloses Angebot erhalten.","breadcrumb":{"@id":"https:\/\/culturesconnection.com\/de\/uebersetzung-fuer-internationale-organisationen\/#breadcrumb"},"inLanguage":"de-DE","potentialAction":[{"@type":"ReadAction","target":["https:\/\/culturesconnection.com\/de\/uebersetzung-fuer-internationale-organisationen\/"]}]},{"@type":"ImageObject","inLanguage":"de-DE","@id":"https:\/\/culturesconnection.com\/de\/uebersetzung-fuer-internationale-organisationen\/#primaryimage","url":"https:\/\/culturesconnection.com\/wp-content\/uploads\/2013\/06\/background_translation-for-international-organizations.png","contentUrl":"https:\/\/culturesconnection.com\/wp-content\/uploads\/2013\/06\/background_translation-for-international-organizations.png","width":1440,"height":570,"caption":"background_translation-for-international-organizations"},{"@type":"BreadcrumbList","@id":"https:\/\/culturesconnection.com\/de\/uebersetzung-fuer-internationale-organisationen\/#breadcrumb","itemListElement":[{"@type":"ListItem","position":1,"name":"Home","item":"https:\/\/culturesconnection.com\/de\/"},{"@type":"ListItem","position":2,"name":"Unsere \u00dcbersetzungen f\u00fcr internationale Organisationen, europ\u00e4ische und internationale Institutionen"}]},{"@type":"WebSite","@id":"https:\/\/culturesconnection.com\/fr\/#website","url":"https:\/\/culturesconnection.com\/fr\/","name":"Cultures Connection","description":"Cultures Connection is a translation agency dedicated to the success of its international clients.","publisher":{"@id":"https:\/\/culturesconnection.com\/fr\/#organization"},"potentialAction":[{"@type":"SearchAction","target":{"@type":"EntryPoint","urlTemplate":"https:\/\/culturesconnection.com\/fr\/?s={search_term_string}"},"query-input":{"@type":"PropertyValueSpecification","valueRequired":true,"valueName":"search_term_string"}}],"inLanguage":"de-DE"},{"@type":"Organization","@id":"https:\/\/culturesconnection.com\/fr\/#organization","name":"Cultures Connection","url":"https:\/\/culturesconnection.com\/fr\/","logo":{"@type":"ImageObject","inLanguage":"de-DE","@id":"https:\/\/culturesconnection.com\/fr\/#\/schema\/logo\/image\/","url":"https:\/\/culturesconnection.com\/wp-content\/uploads\/2022\/06\/cropped-favicon512x512.png","contentUrl":"https:\/\/culturesconnection.com\/wp-content\/uploads\/2022\/06\/cropped-favicon512x512.png","width":512,"height":512,"caption":"Cultures Connection"},"image":{"@id":"https:\/\/culturesconnection.com\/fr\/#\/schema\/logo\/image\/"},"sameAs":["https:\/\/www.facebook.com\/CulturesConnection","https:\/\/x.com\/CulturesCo_"]}]}},"_links":{"self":[{"href":"https:\/\/culturesconnection.com\/de\/wp-json\/wp\/v2\/pages\/15061","targetHints":{"allow":["GET"]}}],"collection":[{"href":"https:\/\/culturesconnection.com\/de\/wp-json\/wp\/v2\/pages"}],"about":[{"href":"https:\/\/culturesconnection.com\/de\/wp-json\/wp\/v2\/types\/page"}],"author":[{"embeddable":true,"href":"https:\/\/culturesconnection.com\/de\/wp-json\/wp\/v2\/users\/22"}],"replies":[{"embeddable":true,"href":"https:\/\/culturesconnection.com\/de\/wp-json\/wp\/v2\/comments?post=15061"}],"version-history":[{"count":0,"href":"https:\/\/culturesconnection.com\/de\/wp-json\/wp\/v2\/pages\/15061\/revisions"}],"wp:featuredmedia":[{"embeddable":true,"href":"https:\/\/culturesconnection.com\/de\/wp-json\/wp\/v2\/media\/26010"}],"wp:attachment":[{"href":"https:\/\/culturesconnection.com\/de\/wp-json\/wp\/v2\/media?parent=15061"}],"curies":[{"name":"wp","href":"https:\/\/api.w.org\/{rel}","templated":true}]}}