{"id":15059,"date":"2019-09-12T14:52:14","date_gmt":"2019-09-12T12:52:14","guid":{"rendered":"http:\/\/culturesconnection.com\/?page_id=15059"},"modified":"2022-11-24T19:55:36","modified_gmt":"2022-11-24T18:55:36","slug":"uebersetzungsbuero-in-new-york-city","status":"publish","type":"page","link":"https:\/\/culturesconnection.com\/de\/uebersetzungsbuero-in-new-york-city\/","title":{"rendered":"Unser \u00dcbersetzungsb\u00fcro in New York City"},"content":{"rendered":"\n<h2 class=\"wp-block-heading\">Cultures Connection, die f\u00fchrende \u00dcbersetzungsagentur in New York<\/h2>\n\n\n\n<p><span style=\"font-weight: 400;\">Wussten Sie, dass in New York City \u00fcber 700 Sprachen \u200bgesprochen werden?<\/span><\/p>\n\n\n\n<p><span style=\"font-weight: 400;\">Die Diversit\u00e4t der Stadt ist eines der vielen Elemente, die sie einzigartig macht. Sie befindet sich in dem Bundesstaat mit der h\u00f6chsten Bev\u00f6lkerungsdichte aller Bundesstaaten in den USA und hat mit fast 20 Millionen Einwohnern die viertgr\u00f6\u00dfte Bev\u00f6lkerungsgr\u00f6\u00dfe in den Vereinigten Staaten. In der Stadt sind zahlreiche Kulturen und Sprachen repr\u00e4sentiert, was unter anderem daran liegt, dass New York lange das Tor f\u00fcr historische Migrationsbewegungen war und als zentrale Ader der Weltwirtschaft seit dem sp\u00e4ten neunzehnten Jahrhundert.<\/span><\/p>\n\n\n\n<p><span style=\"font-weight: 400;\"><a href=\"https:\/\/culturesconnection.com\/de\/\">Cultures Connection<\/a> hat B\u00fcros in New York und bietet \u00dcbersetzungs- und Dolmetschdienstleistungen f\u00fcr private und \u00f6ffentliche Organisationen, dank eines Netzwerks von \u00fcber 740 Fachleuten auf der ganzen Welt. Unsere Arbeit in zahlreichen Bereichen wie z.B. der \u00dcbersetzung von Marketing-, Finanz- und medizinischen Texten, sowie der Lokalisierung von Videospielen und der Untertitelung von audiovisuellen Produkten, wird nach h\u00f6chsten Standards durchgef\u00fchrt, in k\u00fcrzester Zeit und zum besten Preis.<\/span><\/p>\n\n\n\n<p><span style=\"font-weight: 400;\">Von den Vereinigten Staaten aus bieten wir das beste Preis-Leistungs-Verh\u00e4ltnis weltweit an.<\/span><\/p>\n\n\n\n<h2 class=\"wp-block-heading\">New York City, ein Schmelztiegel der Kulturen und Sprachen<\/h2>\n\n\n\n<p><span style=\"font-weight: 400;\">New York City ist eine wahrhafte Weltstadt.<\/span><\/p>\n\n\n\n<p><span style=\"font-weight: 400;\">Internationale Beziehungen werden von hier aus gepflegt und weltweite Medien werden beeinflusst. Auch K\u00fcnstler tummeln sich in NYC auf der Suche nach Inspiration und Karrierespr\u00fcngen.<\/span><\/p>\n\n\n\n<p><span style=\"font-weight: 400;\">In den Geb\u00e4uden des Big Apples befinden sich die einflussreichsten nationalen und internationalen Unternehmen. Die Stadt beherbergt das Hauptquartier der Vereinten Nationen und die B\u00f6rse der Wall Street und der NASDAQ. Es ist der Gr\u00fcndungsort zweier der drei nationalen Zeitungen und beherbergt gro\u00dfartige Kunstr\u00e4ume, wie das Metropolitan Museum of Art, das Lincoln Center und die Theater des weltber\u00fchmten Broadway.<\/span><\/p>\n\n\n\n<p><span style=\"font-weight: 400;\">In New York City gibt es keine vorherrschende Nationalit\u00e4t. Der Verein Endangered Language Alliance geht davon aus, dass die ethnische Vielfalt der Stadt so gro\u00df ist, dass jede Nachbarschaft durch die Sprache definiert werden kann, die dort gesprochen wird, wie beispielsweise Spanisch, Italienisch oder Hindi. Dort gibt es Gesch\u00e4fte mit Arbeitern verschiedenster Hintergr\u00fcnde, Plakate auf \u00f6ffentlichen Stra\u00dfen in dutzenden von Sprachen \u200bund lebendige Musik aller Art.<\/span><\/p>\n\n\n\n<p><span style=\"font-weight: 400;\">Die Stadt hat ihr eigenes Chinatown, im welchem die Mehrheit der Einwohner asiatischer Herkunft sind. Diese sprechen nicht nur Mandarin, sondern auch Kantonesisch und verschiedene in Shanghai und Taishan gesprochenen&nbsp;Dialekte. Es gibt eine so gro\u00dfe Vielfalt, dass die \u00f6ffentliche Bibliothek in Queens eine riesige Sammlung von Werken in \u00fcber 40 Sprachen beherbergt, darunter etwa 40.000 B\u00fccher in s\u00fcdostasiatischen Sprachen wie Bengali und Urdu.<\/span><\/p>\n\n\n\n<p><span style=\"font-weight: 400;\">New York verdient den Titel als Welthauptstadt.<\/span><\/p>\n\n\n\n<h2 class=\"wp-block-heading\">\u00dcbersetzung ist unsere St\u00e4rke<\/h2>\n\n\n\n<p><span style=\"font-weight: 400;\"><a href=\"https:\/\/culturesconnection.com\/de\/uebersetzungsdienst\">\u00dcbersetzung<\/a> ist viel mehr, als lediglich das \u00dcbertragen eines Textes von einer Sprache in eine andere.<\/span><\/p>\n\n\n\n<p><span style=\"font-weight: 400;\">Ein Lokalisierungsprozess ist notwendig, in welchem sprachliche Besonderheiten, lokale Ausdrucksweisen und kulturelle Referenzen der Originalsprache identifiziert werden, damit sie auf eine authentische Art und Weise in die Sprache \u00fcbertragen werden k\u00f6nnen, die sich unser Kunde w\u00fcnscht.<\/span><\/p>\n\n\n\n<p><span style=\"font-weight: 400;\">Wir arbeiten in einem multikulturellen und mehrsprachigen Umfeld. Wir greifen auf eine Datenbank an \u00dcbersetzern zur\u00fcck mit \u00fcber <a href=\"https:\/\/culturesconnection.com\/de\/professioneller-uebersetzer\">40 Sprach-Spezialisierungen<\/a>. \u00dcbersetzer werden bei uns aufgrund ihrer Expertise in dem Fachbereich gew\u00e4hlt, den unsere Kunden ben\u00f6tigen. In der \u201eStadt, die niemals schl\u00e4ft\u201c erf\u00fcllen wir Ihre dringenden Anfragen schnell und effizient.<\/span><\/p>\n\n\n\n<p><span style=\"font-weight: 400;\">Ihre Dokumente sind bei uns in den besten H\u00e4nden.<\/span><\/p>\n\n\n\n<iframe src=\"https:\/\/www.google.com\/maps\/embed?pb=!1m18!1m12!1m3!1d3022.7301179289816!2d-73.98909418504533!3d40.74596367932826!2m3!1f0!2f0!3f0!3m2!1i1024!2i768!4f13.1!3m3!1m2!1s0x89c259a3d5d5acd1%3A0x11fa9e2895975978!2sCultures%20Connection!5e0!3m2!1sde!2sar!4v1669315393678!5m2!1sde!2sar\" width=\"100%\" height=\"400\" frameborder=\"0\" style=\"border:0;\" allowfullscreen=\"\" loading=\"lazy\" referrerpolicy=\"no-referrer-when-downgrade\"><\/iframe>\n\n\n\n<h2 class=\"wp-block-heading\">Gro\u00dfartige Dolmetscher aus der Metropole<\/h2>\n\n\n\n<p>M\u00f6chten Sie ein informelles Treffen mit Ihren internationalen Partnern oder eine Weltpressekonferenz abhalten in der Wirtschaftsstadt schlechthin?<\/p>\n\n\n\n<p>Cultures Connection bietet <a href=\"https:\/\/culturesconnection.com\/de\/dolmetscherdienste\">Dienstleistungen<\/a> im Konferenz-, Simultan- und Gespr\u00e4chsdolmetschen in mehreren Sprachen. Wir bieten hochqualifizierte Dolmetscher, die wir bewusst auf der Basis ihrer Ausbildung und Erfahrung ausw\u00e4hlen a) im wirtschaftlichen Bereich, b) in der zu interpretierenden Sprache und c) in dem, in der \u00dcbersetzung zu behandelnden Fachbereich. Ein tolles Arbeitsteam im Big Apple!<\/p>\n\n\n\n<p>Sie haben nicht die passende Ausr\u00fcstung? Wir bieten ebenso den Verleih von Kabinen und Kopfh\u00f6rern.<\/p>\n\n\n\n<p>Ihre Vortr\u00e4ge sind bei uns in den besten H\u00e4nden.<\/p>\n","protected":false},"excerpt":{"rendered":"<p>Cultures Connection, die f\u00fchrende \u00dcbersetzungsagentur in New York Wussten Sie, dass in New York City \u00fcber 700 Sprachen \u200bgesprochen werden? Die Diversit\u00e4t der Stadt ist [&#8230;]<\/p>\n<p><a class=\"btn btn-secondary understrap-read-more-link\" href=\"https:\/\/culturesconnection.com\/de\/uebersetzungsbuero-in-new-york-city\/\">Weiterlesen&#8230;<span class=\"screen-reader-text\"> from Unser \u00dcbersetzungsb\u00fcro in New York City<\/span><\/a><\/p>\n","protected":false},"author":22,"featured_media":19638,"parent":0,"menu_order":0,"comment_status":"closed","ping_status":"closed","template":"","meta":{"_acf_changed":false,"_editorskit_title_hidden":false,"_editorskit_reading_time":2,"_editorskit_is_block_options_detached":false,"_editorskit_block_options_position":"{}","footnotes":""},"class_list":["post-15059","page","type-page","status-publish","has-post-thumbnail","hentry"],"acf":[],"_links":{"self":[{"href":"https:\/\/culturesconnection.com\/de\/wp-json\/wp\/v2\/pages\/15059","targetHints":{"allow":["GET"]}}],"collection":[{"href":"https:\/\/culturesconnection.com\/de\/wp-json\/wp\/v2\/pages"}],"about":[{"href":"https:\/\/culturesconnection.com\/de\/wp-json\/wp\/v2\/types\/page"}],"author":[{"embeddable":true,"href":"https:\/\/culturesconnection.com\/de\/wp-json\/wp\/v2\/users\/22"}],"replies":[{"embeddable":true,"href":"https:\/\/culturesconnection.com\/de\/wp-json\/wp\/v2\/comments?post=15059"}],"version-history":[{"count":0,"href":"https:\/\/culturesconnection.com\/de\/wp-json\/wp\/v2\/pages\/15059\/revisions"}],"wp:featuredmedia":[{"embeddable":true,"href":"https:\/\/culturesconnection.com\/de\/wp-json\/wp\/v2\/media\/19638"}],"wp:attachment":[{"href":"https:\/\/culturesconnection.com\/de\/wp-json\/wp\/v2\/media?parent=15059"}],"curies":[{"name":"wp","href":"https:\/\/api.w.org\/{rel}","templated":true}]}}