{"id":15053,"date":"2019-09-12T16:12:08","date_gmt":"2019-09-12T14:12:08","guid":{"rendered":"http:\/\/culturesconnection.com\/?page_id=15053"},"modified":"2022-06-07T22:55:42","modified_gmt":"2022-06-07T20:55:42","slug":"videospiel-uebersetzung","status":"publish","type":"page","link":"https:\/\/culturesconnection.com\/de\/videospiel-uebersetzung\/","title":{"rendered":"Unser \u00dcbersetzungsdienst &#038; Lokalisierungsservice f\u00fcr Videospiele"},"content":{"rendered":"\n<h2 class=\"wp-block-heading\">Mehrsprachige Videospiele<br>\u00dcbersetzung und Lokalisierung<\/h2>\n\n\n\n<p>Mit Stolz k\u00f6nnen wir heute sagen, dass wir dank unserer <strong>Videospiel-Lokalisierungsdienste<\/strong>, ein unvergleichliches Nutzererlebnis bieten k\u00f6nnen f\u00fcr Spieler aus der ganzen Welt. Viele Menschen glauben f\u00e4lschlicherweise, dass die \u00dcbersetzung eines Videospiels eine simple Angelegenheit ist &#8211; dies k\u00f6nnte jedoch nicht weiter von der Wahrheit entfernt sein! W\u00e4hrend des Lokalisierungsprozesses wird das Videospiel detailgetreu an die Sprache und die kulturellen Besonderheiten eines bestimmten Marktes angepasst. Dabei wird die Botschaft, L\u00e4nge und der Kontext des Originaltextes beibehalten. In der Welt der Videospiele werden visuelle Elemente einer Oberfl\u00e4che (Dialoge, Untertitel, Men\u00fcs, Indikatoren, Inventare, Anweisungen usw.) in der Regel zeitgleich mit den Kommunikationsmaterialien (H\u00fclle, Bedienungsanleitung, Pressemitteilungen&#8230;) transkribiert und optimiert.<\/p>\n\n\n\n<p>Bei der Lokalisierung von Videospiel Content handelt es sich immer um eine akribisch genaue Arbeit, ganz gleich ob ein Actionspiel \u00fcbersetzt wird oder ein Spiel mit p\u00e4dagogischem Hintergrund. Die Aufgabe des Videospiel-\u00dcbersetzers besteht darin, sicherzustellen, dass Spieler notwendige Informationen rechtzeitig erhalten, damit diese sich im Spiel problemlos fortbewegen k\u00f6nnen. Die \u00dcbersetzung eines Videospiels unterst\u00fctzt auch die internationale Verbreitung des Produkts und erh\u00f6ht somit auch die Anzahl der Anwender.<\/p>\n\n\n\n<h2 class=\"wp-block-heading\">Unsere \u00dcbersetzungsagentur<\/h2>\n\n\n\n<p>Nach jahrelanger Erfahrung in den Bereichen der \u00dcbersetzung, des Dolmetschen und der Untertitelung hat <a href=\"https:\/\/culturesconnection.com\/de\/\">Cultures Connection<\/a> seine <a href=\"https:\/\/culturesconnection.com\/de\/uebersetzungsdienst\">Dienstleistungen<\/a> um die Videospiel-Lokalisierung erweitert. Aufgrund unserer ausgedehnten \u00d6ffnungszeiten und unserer internationalen Pr\u00e4senz durch unsere Standorte in Frankreich (Paris und Nizza) und Argentinien (Buenos Aires) greifen wir auf ein weltweites <a href=\"https:\/\/culturesconnection.com\/de\/professioneller-uebersetzer\">Netzwerk von \u00dcbersetzern<\/a> zur\u00fcck, die ein umfangreiches Know-how im Bereich der Videospiel-\u00dcbersetzung mitbringen. Wir w\u00e4hlen das \u00dcbersetzungsteam auf der Grundlage ihrer Qualifikationen und Erfahrung aus und in diesem Fall auch hinsichtlich ihrer Erfahrung mit der Anwendung von Videospielen. Sie haben alle mit f\u00fchrenden Unternehmen in der Videospielindustrie zusammengearbeitet und sind mit den neuesten \u00dcbersetzungstechniken in diesem Sektor vertraut.<\/p>\n\n\n\n<p>Als <strong>\u00dcbersetzungsagentur f\u00fcr die Lokalisierung von Videospielen<\/strong> ist es unsere Aufgabe, eine Verbindung zwischen \u00dcbersetzern und Entwicklern herzustellen. W\u00e4hrend des gesamten Prozesses beantworten unsere Projektmanager und Spieletester die Fragen von \u00dcbersetzern, was deren Arbeit erleichtert und ihnen hilft Lieferfristen einzuhalten. Sobald die Spiel-\u00dcbersetzung abgeschlossen ist, stellen wir mithilfe unserer Qualit\u00e4tskontrolle sicher, dass der finale Text mit der Originalversion \u00fcbereinstimmt.<\/p>\n\n\n\n<h2 class=\"wp-block-heading\">Professionelle Dienstleistungen in der \u00dcbersetzung von Videospielen<\/h2>\n\n\n\n<p>Cultures Connection bietet die M\u00f6glichkeit, das Nutzererlebnis von Spielern zu optimieren. Neben der Lokalisierung und \u00dcbersetzung von Videospielen bieten wir auch folgende Dienstleistungen an:<\/p>\n\n\n\n<ul class=\"wp-block-list\"><li>Projektmanagement<\/li><li>\u00dcbersetzung von Videospielen<\/li><li>Lokalisierung von Videospielen<\/li><li>Untertitelung<\/li><li>Aufnahme und Synchronisation<\/li><li>Qualit\u00e4tssicherung<\/li><\/ul>\n\n\n\n<h2 class=\"wp-block-heading\">Marketing\u00fcbersetzung in allen Sprachen<\/h2>\n\n\n\n<ul class=\"wp-block-list\"><li>Videospiel-\u00dcbersetzung ins Franz\u00f6sische<\/li><li>Videospiel-\u00dcbersetzung ins Spanische<\/li><li>Videospiel-\u00dcbersetzung ins Deutsche<\/li><li>Videospiel-\u00dcbersetzung ins Chinesische<\/li><li>Videospiel-\u00dcbersetzung ins Arabische<\/li><li>Videospiel-\u00dcbersetzung ins Portugiesische<\/li><li>Videospiel-\u00dcbersetzung ins Italienische<\/li><li>Videospiel-\u00dcbersetzung ins Niederl\u00e4ndische<\/li><li>Videospiel-\u00dcbersetzung ins T\u00fcrkische<\/li><li>Videospiel-\u00dcbersetzung ins Japanische<\/li><li>Videospiel-\u00dcbersetzung ins Russische<\/li><\/ul>\n","protected":false},"excerpt":{"rendered":"<p>Mehrsprachige Videospiele\u00dcbersetzung und Lokalisierung Mit Stolz k\u00f6nnen wir heute sagen, dass wir dank unserer Videospiel-Lokalisierungsdienste, ein unvergleichliches Nutzererlebnis bieten k\u00f6nnen f\u00fcr Spieler aus der ganzen [&#8230;]<\/p>\n<p><a class=\"btn btn-secondary understrap-read-more-link\" href=\"https:\/\/culturesconnection.com\/de\/videospiel-uebersetzung\/\">Weiterlesen&#8230;<span class=\"screen-reader-text\"> from Unser \u00dcbersetzungsdienst &#038; Lokalisierungsservice f\u00fcr Videospiele<\/span><\/a><\/p>\n","protected":false},"author":22,"featured_media":26018,"parent":0,"menu_order":0,"comment_status":"closed","ping_status":"closed","template":"","meta":{"_acf_changed":false,"_editorskit_title_hidden":false,"_editorskit_reading_time":0,"_editorskit_is_block_options_detached":false,"_editorskit_block_options_position":"{}","footnotes":""},"class_list":["post-15053","page","type-page","status-publish","has-post-thumbnail","hentry"],"acf":[],"_links":{"self":[{"href":"https:\/\/culturesconnection.com\/de\/wp-json\/wp\/v2\/pages\/15053","targetHints":{"allow":["GET"]}}],"collection":[{"href":"https:\/\/culturesconnection.com\/de\/wp-json\/wp\/v2\/pages"}],"about":[{"href":"https:\/\/culturesconnection.com\/de\/wp-json\/wp\/v2\/types\/page"}],"author":[{"embeddable":true,"href":"https:\/\/culturesconnection.com\/de\/wp-json\/wp\/v2\/users\/22"}],"replies":[{"embeddable":true,"href":"https:\/\/culturesconnection.com\/de\/wp-json\/wp\/v2\/comments?post=15053"}],"version-history":[{"count":0,"href":"https:\/\/culturesconnection.com\/de\/wp-json\/wp\/v2\/pages\/15053\/revisions"}],"wp:featuredmedia":[{"embeddable":true,"href":"https:\/\/culturesconnection.com\/de\/wp-json\/wp\/v2\/media\/26018"}],"wp:attachment":[{"href":"https:\/\/culturesconnection.com\/de\/wp-json\/wp\/v2\/media?parent=15053"}],"curies":[{"name":"wp","href":"https:\/\/api.w.org\/{rel}","templated":true}]}}