{"id":15050,"date":"2019-09-12T15:55:12","date_gmt":"2019-09-12T13:55:12","guid":{"rendered":"http:\/\/culturesconnection.com\/?page_id=15050"},"modified":"2022-11-21T15:00:27","modified_gmt":"2022-11-21T14:00:27","slug":"technische-uebersetzung","status":"publish","type":"page","link":"https:\/\/culturesconnection.com\/de\/technische-uebersetzung\/","title":{"rendered":"Unser technischer \u00dcbersetzungsservice"},"content":{"rendered":"\n<h2 class=\"wp-block-heading\">Technische \u00dcbersetzung<\/h2>\n\n\n\n<p>Bei der \u00dcbersetzung Ihrer technischen Dokumente sollten Sie sicherstellen, dass die Verwendung Ihres Produkts f\u00fcr Ihre Kunden verst\u00e4ndlich ist. Wissenschaft und Technologie sind in unserem allt\u00e4glichen Leben so pr\u00e4sent, dass <strong>technische \u00dcbersetzungen zu einem wichtigen Element geworden sind,<\/strong> mit dem sich Unternehmen auseinandersetzen m\u00fcssen. Die \u00dcbersetzung technischer Dokumente (Benutzerhandb\u00fccher, Betriebs- und Handhabungsanleitungen, Patente, Berichte, Merkbl\u00e4tter, usw.) ist f\u00fcr Unternehmen kaum mehr wegzudenken, insbesondere dann, wenn diese Ihren internationalen Marktanteil erh\u00f6hen wollen. Es ist wichtig hervorzuheben, dass eine technische \u00dcbersetzung gleichzeitig eine solide technische und sprachliche Kompetenz voraussetzt. Dies bedeutet, dass \u00dcbersetzer sich stetig auf dem Laufenden halten m\u00fcssen und diese Art von \u00dcbersetzungsdienstleistung folglich teurer ist als andere.<\/p>\n\n\n\n<h2 class=\"wp-block-heading\">Unsere Agentur f\u00fcr technische \u00dcbersetzungen<\/h2>\n\n\n\n<p>Weil Qualit\u00e4t immer an erster Stelle steht, w\u00e4hlt <a href=\"https:\/\/culturesconnection.com\/de\/\">Cultures Connection<\/a> Experten aus, die solide Sprachkenntnisse mit fundierten Kenntnissen in einem bestimmten Fachbereich vereinen.<\/p>\n\n\n\n<p>Unsere <strong>technischen \u00dcbersetzer<\/strong> sind in zahlreichen Disziplinen qualifiziert, so wie beispielsweise: Ingenieurwesen, Maschinenbau, industrielle Fertigung, grafische Softwareindustrie, Automobilindustrie, Luft- und Raumfahrt, chemische Industrie, \u00d6lindustrie, Elektronik, Informatik, Stahlindustrie, erneuerbare Energien, Solartechnologien und sogar im Bereich der fortschrittlichen digitalen Steuerungen.<\/p>\n\n\n\n<p>Die Qualit\u00e4t unserer <a href=\"https:\/\/culturesconnection.com\/de\/uebersetzungsdienst\">\u00dcbersetzungsdienstleistungen<\/a> gew\u00e4hrleisten wir, indem wir \u00dcbersetzer auf der Grundlage ihrer Qualifikationen und Berufserfahrung w\u00e4hlen. Unsere Linguisten \u00fcbersetzen immer in ihrer eigene <a href=\"https:\/\/culturesconnection.com\/de\/professioneller-uebersetzer\">Muttersprache<\/a>.<\/p>\n\n\n\n<h2 class=\"wp-block-heading\">Technische \u00dcbersetzungsdienste<\/h2>\n\n\n\n<p>Genauigkeit ist der Grundstein unserer Arbeit, da der kleinste Fehler in einer technischen \u00dcbersetzung schwerwiegende Folgen haben k\u00f6nnte. Die Welt der Technologie ist auf klare und pr\u00e4gnante technische Dokumente angewiesen. Wie h\u00e4ufig ist es uns jedoch schon passiert, dass wir technische Anweisungen f\u00fcr ein Haushaltsger\u00e4t gelesen und kein Wort davon verstanden haben? Oder noch schlimmer: Dass wir Rechtschreibfehler gefunden haben und feststellen mussten, dass bei der \u00dcbersetzung ganz sch\u00f6n gepfuscht wurde? Die \u00dcbersetzung technischer Anweisungen kann nicht einfach improvisiert werden!<\/p>\n\n\n\n<p>Insbesondere nicht, weil <strong>technische \u00dcbersetzungen eine doppelte Kompetenz erfordern<\/strong>: Eine technische und eine sprachliche. Aus diesem Grund und auch weil technische \u00dcbersetzer immer auf dem aktuellen Stand bleiben m\u00fcssen, ist diese Art von \u00dcbersetzung teurer, als bei einem einfacheren Text.<\/p>\n\n\n\n<h2 class=\"wp-block-heading\">\u00dcbersetzung von technischen Dokumenten<\/h2>\n\n\n\n<p>Im Folgenden finden Sie Beispiele f\u00fcr technische Dokumente, die wir h\u00e4ufig \u00fcbersetzen:<\/p>\n\n\n\n<ul class=\"wp-block-list\"><li>Installations-, Wartungs- und Bedienungsanleitungen<\/li><li>Sicherheitsbl\u00e4tter f\u00fcr Materialdaten (MSDS)<\/li><li>Standardbetriebsverfahren (SOPS)<\/li><li>Technische Zeichnungen<\/li><li>Prozesse<\/li><li>Patente<\/li><li>Technische Texte<\/li><li>Handb\u00fccher f\u00fcr Werkzeugmaschinen und andere Maschinen<\/li><li>Beschreibungen und technische Datenbl\u00e4tter<\/li><li>Normen<\/li><li>Patente<\/li><li>Spezifikationen<\/li><li>Angebote<\/li><li>Benutzerhandb\u00fccher<\/li><li>Technische Anweisungen<\/li><li>Lehrb\u00fccher<\/li><\/ul>\n\n\n\n<p>Entdecken Sie die <a href=\"https:\/\/culturesconnection.com\/de\/whitepapers-und-broschueren\/\">Brosch\u00fcre von Cultures Connection<\/a>!<\/p>\n\n\n\n<h2 class=\"wp-block-heading\">Unsere j\u00fcngsten technischen \u00dcbersetzungen<\/h2>\n\n\n\n<ul class=\"wp-block-list\"><li>\u00dcbersetzung eines internen Dokuments vom Franz\u00f6sischen ins Englische<\/li><li>\u00dcbersetzung einer Bedienungsanleitung f\u00fcr Luftfahrtausr\u00fcstung vom Franz\u00f6sischen ins Englische<\/li><li>\u00dcbersetzung eines technischen Handbuchs vom Franz\u00f6sischen ins Englische<\/li><\/ul>\n\n\n\n<h2 class=\"wp-block-heading\">Technische \u00dcbersetzungen in allen Sprachen<\/h2>\n\n\n\n<ul class=\"wp-block-list\"><li>Technische \u00dcbersetzung ins Franz\u00f6sische<\/li><li>Technische \u00dcbersetzung ins Spanische<\/li><li>Technische \u00dcbersetzung ins Deutsche<\/li><li>Technische \u00dcbersetzung ins Chinesische<\/li><li>Technische \u00dcbersetzung ins Arabische<\/li><li>Technische \u00dcbersetzung ins Portugiesische<\/li><li>Technische \u00dcbersetzung ins Italienische<\/li><li>Technische \u00dcbersetzung ins Niederl\u00e4ndische<\/li><li>Technische \u00dcbersetzung ins T\u00fcrkische<\/li><li>Technische \u00dcbersetzung ins Japanische<\/li><li>Technische \u00dcbersetzung ins Russische<\/li><\/ul>\n","protected":false},"excerpt":{"rendered":"<p>Technische \u00dcbersetzung Bei der \u00dcbersetzung Ihrer technischen Dokumente sollten Sie sicherstellen, dass die Verwendung Ihres Produkts f\u00fcr Ihre Kunden verst\u00e4ndlich ist. Wissenschaft und Technologie sind [&#8230;]<\/p>\n<p><a class=\"btn btn-secondary understrap-read-more-link\" href=\"https:\/\/culturesconnection.com\/de\/technische-uebersetzung\/\">Weiterlesen&#8230;<span class=\"screen-reader-text\"> from Unser technischer \u00dcbersetzungsservice<\/span><\/a><\/p>\n","protected":false},"author":22,"featured_media":14986,"parent":0,"menu_order":0,"comment_status":"closed","ping_status":"closed","template":"","meta":{"_acf_changed":false,"_editorskit_title_hidden":false,"_editorskit_reading_time":0,"_editorskit_is_block_options_detached":false,"_editorskit_block_options_position":"{}","footnotes":""},"class_list":["post-15050","page","type-page","status-publish","has-post-thumbnail","hentry"],"acf":[],"_links":{"self":[{"href":"https:\/\/culturesconnection.com\/de\/wp-json\/wp\/v2\/pages\/15050","targetHints":{"allow":["GET"]}}],"collection":[{"href":"https:\/\/culturesconnection.com\/de\/wp-json\/wp\/v2\/pages"}],"about":[{"href":"https:\/\/culturesconnection.com\/de\/wp-json\/wp\/v2\/types\/page"}],"author":[{"embeddable":true,"href":"https:\/\/culturesconnection.com\/de\/wp-json\/wp\/v2\/users\/22"}],"replies":[{"embeddable":true,"href":"https:\/\/culturesconnection.com\/de\/wp-json\/wp\/v2\/comments?post=15050"}],"version-history":[{"count":0,"href":"https:\/\/culturesconnection.com\/de\/wp-json\/wp\/v2\/pages\/15050\/revisions"}],"wp:featuredmedia":[{"embeddable":true,"href":"https:\/\/culturesconnection.com\/de\/wp-json\/wp\/v2\/media\/14986"}],"wp:attachment":[{"href":"https:\/\/culturesconnection.com\/de\/wp-json\/wp\/v2\/media?parent=15050"}],"curies":[{"name":"wp","href":"https:\/\/api.w.org\/{rel}","templated":true}]}}