{"id":15048,"date":"2019-09-12T16:07:43","date_gmt":"2019-09-12T14:07:43","guid":{"rendered":"http:\/\/culturesconnection.com\/?page_id=15048"},"modified":"2022-11-21T15:26:35","modified_gmt":"2022-11-21T14:26:35","slug":"wissenschaftliche-uebersetzung","status":"publish","type":"page","link":"https:\/\/culturesconnection.com\/de\/wissenschaftliche-uebersetzung\/","title":{"rendered":"Unser wissenschaftlicher \u00dcbersetzungsservice"},"content":{"rendered":"\n<h2 class=\"wp-block-heading\">Wissenschaftliche \u00dcbersetzung: Fachbegriffe sind das A&amp;O<\/h2>\n\n\n\n<p>Wissenschaftliche und medizinische Texten beschreiben komplexe Ideen mithilfe von Fachterminologie. Aufgrund der Vielfalt und Bandbreite an Themen in diesem Bereich w\u00e4hlt unsere \u00dcbersetzungsagentur die \u00dcbersetzer f\u00fcr jedes Projekt sorgf\u00e4ltig aus und achtet besonders auf deren Vorerfahrung und Kenntnisse im jeweiligen wissenschaftlichen Bereich. Es ist wichtig, dass die \u00dcbersetzung die Genauigkeit und den Stil eines wissenschaftlichen und medizinischen Textes wiederspiegelt.<\/p>\n\n\n\n<h2 class=\"wp-block-heading\">Wissenschaftliche und technische \u00dcbersetzung<\/h2>\n\n\n\n<p><a href=\"https:\/\/culturesconnection.com\/de\/\">Cultures Connection<\/a> verf\u00fcgt \u00fcber beachtliche Erfahrung in der \u00dcbersetzung der folgenden <strong>wissenschaftlichen und technischen Fachbereiche<\/strong>: Biotechnologie, DNA-spezifische Literatur, Biochemie, Biologie, Zoologie, Botanik, Geologie, Biodiversit\u00e4t, Umwelt, nachhaltige Entwicklung, Nahrung, Gesundheit, Virologie, Medizin, erneuerbare Energien und viele weitere.<\/p>\n\n\n\n<h2 class=\"wp-block-heading\">Professionelle wissenschaftliche \u00dcbersetzung<\/h2>\n\n\n\n<p>Bevor mit der \u00dcbersetzung eines Dokuments begonnen wird, wird als Erstes das Thema und die Fachterminologie recherchiert, so dass die passenden Begriffe f\u00fcr den jeweiligen Kontext gew\u00e4hlt werden k\u00f6nnen. In vielen F\u00e4llen sprechen wir die Fachbegriffe mit unseren Kunden ab und verwenden geeignete Unterlagen, um sicherzustellen, dass die \u00dcbersetzung den Inhalt des Originaltextes exakt wiedergibt. Im Bereich der wissenschaftlichen Technologie haben spezifische Produkte oft ihre eigene Terminologie.<\/p>\n\n\n\n<h2 class=\"wp-block-heading\">\u00dcbersetzung wissenschaftlicher Dokumente: Vielseitiger Inhalt<\/h2>\n\n\n\n<p>Wir \u00fcbersetzen eine Vielfalt an wissenschaftlichen Texten. Im Folgenden finden Sie einige Beispiele:<\/p>\n\n\n\n<ul class=\"wp-block-list\"><li>Wissenschaftliche Artikel und technische Dokumente<\/li><li>Bedienungshandbuch und Bedienungsanleitungen<\/li><li>Pharmazeutische Registrierungsunterlagen (Marktzulassungen) und Patente<\/li><li>Pr\u00fcfprotokolle, Labortests und klinische Untersuchungen<\/li><li>Materialsicherheitsdatenbl\u00e4tter (MSDS)<\/li><li>Marktforschung und Projekte auf multinationaler Ebene<\/li><li>Simulationssoftware (z.B. Biotechnologie, virtueller Patient, virtuelle Klinik)<\/li><li>Pr\u00e4sentationen und Konferenzen zu Produkteinf\u00fchrungen<\/li><li>Handelsbrosch\u00fcren und technische Dokumente<\/li><li>Glossare und wissenschaftliche Enzyklop\u00e4dien<\/li><li>Webseiten-Lokalisierung und \u00dcbersetzung<\/li><li>Multimedia- und Videopr\u00e4sentationen<\/li><\/ul>\n\n\n\n<h2 class=\"wp-block-heading\">Wissenschaftliche \u00dcbersetzung ins Franz\u00f6sische<\/h2>\n\n\n\n<p>Unsere <a href=\"https:\/\/culturesconnection.com\/de\/uebersetzungsdienst\">\u00dcbersetzungsdienstleistungen<\/a> sind in allen Sprachen verf\u00fcgbar. Zum Beispiel:<\/p>\n\n\n\n<ul class=\"wp-block-list\"><li>Wissenschaftliche \u00dcbersetzung aus dem Englischen ins Franz\u00f6sische<\/li><li>Wissenschaftliche \u00dcbersetzung aus dem Franz\u00f6sischen ins Englische<\/li><li>Wissenschaftliche \u00dcbersetzung aus dem Franz\u00f6sischen ins Arabische<\/li><\/ul>\n\n\n\n<p>Interessieren Sie sich f\u00fcr <a href=\"https:\/\/culturesconnection.com\/de\/professioneller-uebersetzer\">andere Sprachen<\/a>? Wir \u00fcbersetzen auch aus oder in die jeweiligen Sprachen: Spanisch, Deutsch, Italienisch, Urdu, Finnisch, Kroatisch, Schwedisch, Japanisch, Mandarin und mehr.<\/p>\n\n\n\n<p>Entdecken Sie die <a href=\"https:\/\/culturesconnection.com\/de\/whitepapers-und-broschueren\/\">Brosch\u00fcre von Cultures Connection<\/a>!<\/p>\n\n\n\n<h2 class=\"wp-block-heading\">Wissenschaftliche \u00dcbersetzungen in allen Sprachen<\/h2>\n\n\n\n<ul class=\"wp-block-list\"><li>Wissenschaftliche \u00dcbersetzung ins Franz\u00f6sische<\/li><li>Wissenschaftliche \u00dcbersetzung ins Spanische<\/li><li>Wissenschaftliche \u00dcbersetzung ins Deutsche<\/li><li>Wissenschaftliche \u00dcbersetzung ins Chinesische<\/li><li>Wissenschaftliche \u00dcbersetzung ins Arabische<\/li><li>Wissenschaftliche \u00dcbersetzung ins Portugiesische<\/li><li>Wissenschaftliche \u00dcbersetzung ins Italienische<\/li><li>Wissenschaftliche \u00dcbersetzung ins Niederl\u00e4ndische<\/li><li>Wissenschaftliche \u00dcbersetzung ins T\u00fcrkische<\/li><li>Wissenschaftliche \u00dcbersetzung ins Japanische<\/li><li>Wissenschaftliche \u00dcbersetzung ins Russische<\/li><\/ul>\n","protected":false},"excerpt":{"rendered":"<p>Wissenschaftliche \u00dcbersetzung: Fachbegriffe sind das A&amp;O Wissenschaftliche und medizinische Texten beschreiben komplexe Ideen mithilfe von Fachterminologie. Aufgrund der Vielfalt und Bandbreite an Themen in diesem [&#8230;]<\/p>\n<p><a class=\"btn btn-secondary understrap-read-more-link\" href=\"https:\/\/culturesconnection.com\/de\/wissenschaftliche-uebersetzung\/\">Weiterlesen&#8230;<span class=\"screen-reader-text\"> from Unser wissenschaftlicher \u00dcbersetzungsservice<\/span><\/a><\/p>\n","protected":false},"author":22,"featured_media":23189,"parent":0,"menu_order":0,"comment_status":"closed","ping_status":"closed","template":"","meta":{"_acf_changed":false,"_editorskit_title_hidden":false,"_editorskit_reading_time":0,"_editorskit_is_block_options_detached":false,"_editorskit_block_options_position":"{}","footnotes":""},"class_list":["post-15048","page","type-page","status-publish","has-post-thumbnail","hentry"],"acf":[],"_links":{"self":[{"href":"https:\/\/culturesconnection.com\/de\/wp-json\/wp\/v2\/pages\/15048","targetHints":{"allow":["GET"]}}],"collection":[{"href":"https:\/\/culturesconnection.com\/de\/wp-json\/wp\/v2\/pages"}],"about":[{"href":"https:\/\/culturesconnection.com\/de\/wp-json\/wp\/v2\/types\/page"}],"author":[{"embeddable":true,"href":"https:\/\/culturesconnection.com\/de\/wp-json\/wp\/v2\/users\/22"}],"replies":[{"embeddable":true,"href":"https:\/\/culturesconnection.com\/de\/wp-json\/wp\/v2\/comments?post=15048"}],"version-history":[{"count":0,"href":"https:\/\/culturesconnection.com\/de\/wp-json\/wp\/v2\/pages\/15048\/revisions"}],"wp:featuredmedia":[{"embeddable":true,"href":"https:\/\/culturesconnection.com\/de\/wp-json\/wp\/v2\/media\/23189"}],"wp:attachment":[{"href":"https:\/\/culturesconnection.com\/de\/wp-json\/wp\/v2\/media?parent=15048"}],"curies":[{"name":"wp","href":"https:\/\/api.w.org\/{rel}","templated":true}]}}